{"id":15125,"date":"2024-02-27T22:49:31","date_gmt":"2024-02-27T14:49:31","guid":{"rendered":"https:\/\/www.vape4wholesale.com\/?post_type=product&#038;p=15125"},"modified":"2026-01-26T13:41:29","modified_gmt":"2026-01-26T13:41:29","slug":"bang-18000-puffs-vape-descartavel-por-atacado","status":"publish","type":"product","link":"https:\/\/www.vape4wholesale.com\/pt\/product\/bang-18000-puffs-disposable-vape-wholesale","title":{"rendered":"Bang 18000 Puffs Vape Descart\u00e1vel Atacado"},"content":{"rendered":"<p>O Bang 18000 Puffs Disposable Vape tem dois modos (Regular e Pulse), cont\u00e9m 16 ml de l\u00edquido com bateria recarreg\u00e1vel de 650 mAh e vem com uma bobina de malha de 1,2 ohm.<\/p>\n<p>0\/20\/50mg de nicotina \u00e0 escolha, Encomende a granel a nossa vasta sele\u00e7\u00e3o de 12 sabores Bang 18000 Puffs pelo nosso melhor pre\u00e7o por grosso e envio r\u00e1pido!<\/p>\n<h2><strong>Bang 18000 Puffs Vape descart\u00e1vel Detalhes r\u00e1pidos<\/strong><\/h2>\n<ul>\n<li>Puffs: 18000<\/li>\n<li>Capacidade da bateria: 650mAh<\/li>\n<li>Volume do E-l\u00edquido: 16ml<\/li>\n<li>Conte\u00fado de nicotina: 0\/20\/50mg de sal de nicotina<\/li>\n<li>Embalagem: 10 pe\u00e7as em 1 caixa de exposi\u00e7\u00e3o<\/li>\n<li>Ecr\u00e3 de LED<\/li>\n<\/ul>\n<p>&nbsp;<\/p>\n<h2><strong>Sabores dispon\u00edveis<\/strong><\/h2>\n<ol>\n<li>Blue Razz Lce<\/li>\n<li>Bomba de cereja<\/li>\n<li>Gelo de uva<\/li>\n<li>Gelo de p\u00eassego sumarento<\/li>\n<li>P\u00eassego Manga<\/li>\n<li>Gelo de ma\u00e7\u00e3 azeda<\/li>\n<li>Banana com morango<\/li>\n<li>Manga com morango<\/li>\n<li>Melancia com morango<\/li>\n<li>Gelo de bagas triplo<\/li>\n<li>Frutos tropicais<\/li>\n<li>Gelo de melancia<\/li>\n<\/ol>\n<h2><strong>Conte\u00fado da embalagem:<\/strong><\/h2>\n<ul>\n<li>10 unidades \/ caixa m\u00e9dia.<\/li>\n<li>200 unidades\/caixa<\/li>\n<li>26,0 kg\/caixa<\/li>\n<\/ul>\n<figure id=\"attachment_15139\" aria-describedby=\"caption-attachment-15139\" style=\"width: 800px\" class=\"wp-caption alignnone\"><img loading=\"lazy\" decoding=\"async\" class=\"size-full wp-image-15139\" title=\"Bang 18000 Puffs Vape Descart\u00e1vel Atacado\" src=\"https:\/\/www.vape4wholesale.com\/wp-content\/uploads\/2024\/02\/Bang-18000-Puffs-Disposable-Vape-Wholesale-2.jpg\" alt=\"Bang 18000 Puffs Vape Descart\u00e1vel Atacado\" width=\"800\" height=\"800\" srcset=\"https:\/\/www.vape4wholesale.com\/wp-content\/uploads\/2024\/02\/Bang-18000-Puffs-Disposable-Vape-Wholesale-2.jpg 800w, https:\/\/www.vape4wholesale.com\/wp-content\/uploads\/2024\/02\/Bang-18000-Puffs-Disposable-Vape-Wholesale-2-247x247.jpg 247w, https:\/\/www.vape4wholesale.com\/wp-content\/uploads\/2024\/02\/Bang-18000-Puffs-Disposable-Vape-Wholesale-2-100x100.jpg 100w, https:\/\/www.vape4wholesale.com\/wp-content\/uploads\/2024\/02\/Bang-18000-Puffs-Disposable-Vape-Wholesale-2-510x510.jpg 510w, https:\/\/www.vape4wholesale.com\/wp-content\/uploads\/2024\/02\/Bang-18000-Puffs-Disposable-Vape-Wholesale-2-64x64.jpg 64w, https:\/\/www.vape4wholesale.com\/wp-content\/uploads\/2024\/02\/Bang-18000-Puffs-Disposable-Vape-Wholesale-2-300x300.jpg 300w, https:\/\/www.vape4wholesale.com\/wp-content\/uploads\/2024\/02\/Bang-18000-Puffs-Disposable-Vape-Wholesale-2-150x150.jpg 150w, https:\/\/www.vape4wholesale.com\/wp-content\/uploads\/2024\/02\/Bang-18000-Puffs-Disposable-Vape-Wholesale-2-768x768.jpg 768w\" sizes=\"auto, (max-width: 800px) 100vw, 800px\" \/><figcaption id=\"caption-attachment-15139\" class=\"wp-caption-text\">Bang 18000 Puffs Vape Descart\u00e1vel Atacado<\/figcaption><\/figure>\n<h2>PORQU\u00ca N\u00d3S?<\/h2>\r\n<ul>\r\n<li>Fonte vape real, fi\u00e1vel e profissional.<\/li>\r\n<li>100% Garantia genu\u00edna: S\u00f3 fornecemos produtos originais e genu\u00ednos, recusamos a contrafa\u00e7\u00e3o.<\/li>\r\n<li>100% Garantia de entrega: Utilizamos o melhor m\u00e9todo de envio para garantir que recebe a encomenda 100%.<\/li>\r\n<li>Ap\u00f3s o envio, fornecer-lhe-emos o n\u00famero de acompanhamento e a etiqueta de envio e acompanharemos a mercadoria at\u00e9 que a receba.<\/li>\r\n<li>Sem problemas aduaneiros, sem direitos aduaneiros<\/li>\r\n<\/ul>","protected":false},"excerpt":{"rendered":"<div class=\"wsppc_div_block woocommerce_before_add_to_cart_form\">\r\n<p><strong><span style=\"color: #00a859;\">Clear customs<\/span> before delivery &amp; 100% Delivery Guarantee, Delivery in 19~25 days around.\u00a0<\/strong><\/p>\r\n<\/div>","protected":false},"featured_media":15142,"comment_status":"open","ping_status":"closed","template":"","meta":[],"pwb-brand":[1275],"product_cat":[872],"product_tag":[22,24,249,342,719],"class_list":{"0":"post-15125","1":"product","2":"type-product","3":"status-publish","4":"has-post-thumbnail","6":"pwb-brand-bang","7":"product_cat-15k-20k-puffs","8":"product_tag-disposable","9":"product_tag-wholesale","10":"product_tag-bang","11":"product_tag-16-0ml","12":"product_tag-18000-puffs","13":"wcpa_has_options","15":"first","16":"instock","17":"shipping-taxable","18":"purchasable","19":"product-type-variable"},"aioseo_notices":[],"brands":[{"id":1275,"name":"Pancada","slug":"pancada"}],"_links":{"self":[{"href":"https:\/\/www.vape4wholesale.com\/pt\/wp-json\/wp\/v2\/product\/15125","targetHints":{"allow":["GET"]}}],"collection":[{"href":"https:\/\/www.vape4wholesale.com\/pt\/wp-json\/wp\/v2\/product"}],"about":[{"href":"https:\/\/www.vape4wholesale.com\/pt\/wp-json\/wp\/v2\/types\/product"}],"replies":[{"embeddable":true,"href":"https:\/\/www.vape4wholesale.com\/pt\/wp-json\/wp\/v2\/comments?post=15125"}],"wp:featuredmedia":[{"embeddable":true,"href":"https:\/\/www.vape4wholesale.com\/pt\/wp-json\/wp\/v2\/media\/15142"}],"wp:attachment":[{"href":"https:\/\/www.vape4wholesale.com\/pt\/wp-json\/wp\/v2\/media?parent=15125"}],"wp:term":[{"taxonomy":"pwb-brand","embeddable":true,"href":"https:\/\/www.vape4wholesale.com\/pt\/wp-json\/wp\/v2\/pwb-brand?post=15125"},{"taxonomy":"product_cat","embeddable":true,"href":"https:\/\/www.vape4wholesale.com\/pt\/wp-json\/wp\/v2\/product_cat?post=15125"},{"taxonomy":"product_tag","embeddable":true,"href":"https:\/\/www.vape4wholesale.com\/pt\/wp-json\/wp\/v2\/product_tag?post=15125"}],"curies":[{"name":"wp","href":"https:\/\/api.w.org\/{rel}","templated":true}]}}