{"id":15012,"date":"2024-01-17T14:31:05","date_gmt":"2024-01-17T06:31:05","guid":{"rendered":"https:\/\/www.vape4wholesale.com\/?post_type=product&#038;p=15012"},"modified":"2026-03-27T10:12:39","modified_gmt":"2026-03-27T02:12:39","slug":"vapme-crystal-7000-puffs-vape-descartavel-por-atacado","status":"publish","type":"product","link":"https:\/\/www.vape4wholesale.com\/pt\/product\/vapme-crystal-7000-puffs-disposable-vape-wholesale","title":{"rendered":"Vapme Crystal 7000 Puffs Vape Descart\u00e1vel Atacado"},"content":{"rendered":"<p>O Vapme Crystal 7000 \u00e9 um vape descart\u00e1vel com um design agrad\u00e1vel, vem com gr\u00e1ficos fixes e uma tampa transparente no exterior, bateria recarreg\u00e1vel de 650mah e 14ml de l\u00edquido, suporta at\u00e9 7000 Puffs.<\/p>\n<p>0%\/2%\/3%\/5% nicotina \u00e0 escolha, Encomende a granel a nossa vasta sele\u00e7\u00e3o de 18 sabores Vapme Crystal 7000 pelo nosso melhor pre\u00e7o por grosso e envio r\u00e1pido!<\/p>\n<h2><strong>Vapme Crystal 7000 Puffs Vape descart\u00e1vel Detalhes r\u00e1pidos:<\/strong><\/h2>\n<ul>\n<li>Puffs: 7000<\/li>\n<li>Capacidade da bateria: 650mAh<\/li>\n<li>Volume do E-l\u00edquido: 14ml<\/li>\n<li>Teor de nicotina: 2%\/\/5% Sal de Nicotina<\/li>\n<li>Embalagem: 10 pe\u00e7as em 1 caixa de exposi\u00e7\u00e3o<\/li>\n<\/ul>\n<h2><strong>Sabores dispon\u00edveis<\/strong><\/h2>\n<table style=\"border-collapse: collapse;width: 214.53pt\" border=\"0\" width=\"286\" cellspacing=\"0\" cellpadding=\"0\">\n<tbody>\n<tr style=\"height: 15.75pt\">\n<td class=\"et2\" style=\"height: 15.75pt;width: 214.50pt\" width=\"286\" height=\"21\">Limonada Blue Razz<\/td>\n<\/tr>\n<tr style=\"height: 15.75pt\">\n<td class=\"et2\" style=\"height: 15.75pt\" height=\"21\">Mirtilo Framboesa<\/td>\n<\/tr>\n<tr style=\"height: 15.75pt\">\n<td class=\"et2\" style=\"height: 15.75pt\" height=\"21\">Cola de cereja<\/td>\n<\/tr>\n<tr style=\"height: 15.75pt\">\n<td class=\"et2\" style=\"height: 15.75pt\" height=\"21\">Gelo de cereja<\/td>\n<\/tr>\n<tr style=\"height: 15.75pt\">\n<td class=\"et2\" style=\"height: 15.75pt\" height=\"21\">Bebida energ\u00e9tica<\/td>\n<\/tr>\n<tr style=\"height: 15.75pt\">\n<td class=\"et2\" style=\"height: 15.75pt\" height=\"21\">Baga de uva<\/td>\n<\/tr>\n<tr style=\"height: 15.75pt\">\n<td class=\"et2\" style=\"height: 15.75pt\" height=\"21\">Kiwi Maracuj\u00e1 Goiaba<\/td>\n<\/tr>\n<tr style=\"height: 15.75pt\">\n<td class=\"et2\" style=\"height: 15.75pt\" height=\"21\">Gelo de mel\u00e3o com maracuj\u00e1<\/td>\n<\/tr>\n<tr style=\"height: 15.75pt\">\n<td class=\"et2\" style=\"height: 15.75pt\" height=\"21\">Gelo de p\u00eassego<\/td>\n<\/tr>\n<tr style=\"height: 15.75pt\">\n<td class=\"et2\" style=\"height: 15.75pt\" height=\"21\">P\u00eassego Manga Anan\u00e1s<\/td>\n<\/tr>\n<tr style=\"height: 15.75pt\">\n<td class=\"et2\" style=\"height: 15.75pt\" height=\"21\">Banana com morango<\/td>\n<\/tr>\n<tr style=\"height: 15.75pt\">\n<td class=\"et2\" style=\"height: 15.75pt\" height=\"21\">Gelo de morango<\/td>\n<\/tr>\n<tr style=\"height: 15.75pt\">\n<td class=\"et2\" style=\"height: 15.75pt\" height=\"21\">Morango Kiwi<\/td>\n<\/tr>\n<tr style=\"height: 15.75pt\">\n<td class=\"et2\" style=\"height: 15.75pt\" height=\"21\">Manga com morango<\/td>\n<\/tr>\n<tr style=\"height: 15.75pt\">\n<td class=\"et2\" style=\"height: 15.75pt\" height=\"21\">Rebu\u00e7ados de morango e framboesa<\/td>\n<\/tr>\n<tr style=\"height: 15.75pt\">\n<td class=\"et2\" style=\"height: 15.75pt\" height=\"21\">Pastilha el\u00e1stica de morango e melancia<\/td>\n<\/tr>\n<tr style=\"height: 15.75pt\">\n<td class=\"et2\" style=\"height: 15.75pt\" height=\"21\">Manga tripla<\/td>\n<\/tr>\n<tr style=\"height: 15.75pt\">\n<td class=\"et2\" style=\"height: 15.75pt\" height=\"21\">Gelo de melancia<\/td>\n<\/tr>\n<\/tbody>\n<\/table>\n<h2><strong>Conte\u00fado da embalagem:<\/strong><\/h2>\n<ul>\n<li>10 unidades \/ caixa m\u00e9dia.<\/li>\n<li>200 unidades\/caixa<\/li>\n<li>17,5 kg\/caixa<\/li>\n<li>Tamanho da caixa: 36,5*36,7*31,5cm<\/li>\n<\/ul>\n<figure id=\"attachment_15026\" aria-describedby=\"caption-attachment-15026\" style=\"width: 800px\" class=\"wp-caption alignnone\"><img loading=\"lazy\" decoding=\"async\" class=\"wp-image-15026 size-full\" title=\"Vapme Crystal 7000 Puffs Vape Descart\u00e1vel Atacado (13)\" src=\"https:\/\/www.vape4wholesale.com\/wp-content\/uploads\/2024\/01\/Vapme-Crystal-7000-Puffs-Disposable-Vape-Wholesale-13.jpg\" alt=\"Vapme Crystal 7000 Puffs Vape Descart\u00e1vel Atacado (13)\" width=\"800\" height=\"800\" srcset=\"https:\/\/www.vape4wholesale.com\/wp-content\/uploads\/2024\/01\/Vapme-Crystal-7000-Puffs-Disposable-Vape-Wholesale-13.jpg 800w, https:\/\/www.vape4wholesale.com\/wp-content\/uploads\/2024\/01\/Vapme-Crystal-7000-Puffs-Disposable-Vape-Wholesale-13-247x247.jpg 247w, https:\/\/www.vape4wholesale.com\/wp-content\/uploads\/2024\/01\/Vapme-Crystal-7000-Puffs-Disposable-Vape-Wholesale-13-100x100.jpg 100w, https:\/\/www.vape4wholesale.com\/wp-content\/uploads\/2024\/01\/Vapme-Crystal-7000-Puffs-Disposable-Vape-Wholesale-13-510x510.jpg 510w, https:\/\/www.vape4wholesale.com\/wp-content\/uploads\/2024\/01\/Vapme-Crystal-7000-Puffs-Disposable-Vape-Wholesale-13-64x64.jpg 64w, https:\/\/www.vape4wholesale.com\/wp-content\/uploads\/2024\/01\/Vapme-Crystal-7000-Puffs-Disposable-Vape-Wholesale-13-300x300.jpg 300w, https:\/\/www.vape4wholesale.com\/wp-content\/uploads\/2024\/01\/Vapme-Crystal-7000-Puffs-Disposable-Vape-Wholesale-13-150x150.jpg 150w, https:\/\/www.vape4wholesale.com\/wp-content\/uploads\/2024\/01\/Vapme-Crystal-7000-Puffs-Disposable-Vape-Wholesale-13-768x768.jpg 768w\" sizes=\"auto, (max-width: 800px) 100vw, 800px\" \/><figcaption id=\"caption-attachment-15026\" class=\"wp-caption-text\">Vapme Crystal 7000 Puffs Vape Descart\u00e1vel Atacado<\/figcaption><\/figure>\n<h2>PORQU\u00ca N\u00d3S?<\/h2>\r\n<ul>\r\n<li>Fonte vape real, fi\u00e1vel e profissional.<\/li>\r\n<li>100% Garantia genu\u00edna: S\u00f3 fornecemos produtos originais e genu\u00ednos, recusamos a contrafa\u00e7\u00e3o.<\/li>\r\n<li>100% Garantia de entrega: Utilizamos o melhor m\u00e9todo de envio para garantir que recebe a encomenda 100%.<\/li>\r\n<li>Ap\u00f3s o envio, fornecer-lhe-emos o n\u00famero de acompanhamento e a etiqueta de envio e acompanharemos a mercadoria at\u00e9 que a receba.<\/li>\r\n<li>Sem problemas aduaneiros, sem direitos aduaneiros<\/li>\r\n<\/ul>","protected":false},"excerpt":{"rendered":"<div class=\"wsppc_div_block woocommerce_before_add_to_cart_form\">\r\n<p><strong><span style=\"color: #00a859;\">Clear customs<\/span> before delivery &amp; 100% Delivery Guarantee, Delivery in 19~25 days around.\u00a0<\/strong><\/p>\r\n<\/div>\n<p><span style=\"color: #ed1c24\"><strong>Este produto n\u00e3o \u00e9 vendido\/enviado para os Pa\u00edses Baixos<\/strong><\/span><\/p>","protected":false},"featured_media":15013,"comment_status":"open","ping_status":"closed","template":"","meta":[],"pwb-brand":[1290],"product_cat":[869],"product_tag":[24,177,178,696,22],"class_list":{"0":"post-15012","1":"product","2":"type-product","3":"status-publish","4":"has-post-thumbnail","6":"pwb-brand-vapme","7":"product_cat-5000-8000-puffs","8":"product_tag-wholesale","9":"product_tag-14-0ml","10":"product_tag-7000-puffs","11":"product_tag-vapme","12":"product_tag-disposable","13":"wcpa_has_options","15":"first","16":"outofstock","17":"shipping-taxable","18":"purchasable","19":"product-type-variable"},"aioseo_notices":[],"brands":[{"id":1290,"name":"Vapme","slug":"vapme"}],"_links":{"self":[{"href":"https:\/\/www.vape4wholesale.com\/pt\/wp-json\/wp\/v2\/product\/15012","targetHints":{"allow":["GET"]}}],"collection":[{"href":"https:\/\/www.vape4wholesale.com\/pt\/wp-json\/wp\/v2\/product"}],"about":[{"href":"https:\/\/www.vape4wholesale.com\/pt\/wp-json\/wp\/v2\/types\/product"}],"replies":[{"embeddable":true,"href":"https:\/\/www.vape4wholesale.com\/pt\/wp-json\/wp\/v2\/comments?post=15012"}],"wp:featuredmedia":[{"embeddable":true,"href":"https:\/\/www.vape4wholesale.com\/pt\/wp-json\/wp\/v2\/media\/15013"}],"wp:attachment":[{"href":"https:\/\/www.vape4wholesale.com\/pt\/wp-json\/wp\/v2\/media?parent=15012"}],"wp:term":[{"taxonomy":"pwb-brand","embeddable":true,"href":"https:\/\/www.vape4wholesale.com\/pt\/wp-json\/wp\/v2\/pwb-brand?post=15012"},{"taxonomy":"product_cat","embeddable":true,"href":"https:\/\/www.vape4wholesale.com\/pt\/wp-json\/wp\/v2\/product_cat?post=15012"},{"taxonomy":"product_tag","embeddable":true,"href":"https:\/\/www.vape4wholesale.com\/pt\/wp-json\/wp\/v2\/product_tag?post=15012"}],"curies":[{"name":"wp","href":"https:\/\/api.w.org\/{rel}","templated":true}]}}