{"id":14866,"date":"2024-01-05T21:39:54","date_gmt":"2024-01-05T13:39:54","guid":{"rendered":"https:\/\/www.vape4wholesale.com\/?post_type=product&#038;p=14866"},"modified":"2026-01-26T13:41:45","modified_gmt":"2026-01-26T13:41:45","slug":"vapme-shisha-hookah-15000-puffs-descartavel-vape-wholesale","status":"publish","type":"product","link":"https:\/\/www.vape4wholesale.com\/pt\/product\/vapme-shisha-hookah-15000-puffs-disposable-vape-wholesale","title":{"rendered":"Vapme Shisha Hookah 15000 Puffs Vape Descart\u00e1vel Atacado"},"content":{"rendered":"<p>a <strong>Cachimbo de \u00e1gua Vapme Shisha<\/strong> 15000 \u00e9 um dos dispositivos DTL vape que apresenta grande vapor com \u00f3timo sabor, constru\u00eddo com atomizador de 0,6\u03a9, 25ml de el\u00edquido com for\u00e7a de nicotina 2%. ele suporta at\u00e9 15000 puffs, uma vez totalmente carregado, voc\u00ea pode ter uma \u00f3tima experi\u00eancia de vaporiza\u00e7\u00e3o.<\/p>\n<p>Encomende a granel a nossa vasta sele\u00e7\u00e3o de 12 sabores de Vapme SHISHA Hookah 15000 pelo nosso melhor pre\u00e7o por grosso e envio r\u00e1pido!<\/p>\n<h2><strong>Vapeme Shisha Hookah 15000 Detalhes r\u00e1pidos:<\/strong><\/h2>\n<ul>\n<li>Puffs: 15000 Puffs<\/li>\n<li>Nicotina: 0%, 2%<\/li>\n<li>Capacidade do E-juice: 25 ML<\/li>\n<li>Bateria: 650mAh (recarreg\u00e1vel)<\/li>\n<li>Porta de carregamento: Tipo C<\/li>\n<li>Resist\u00eancia: 0.6\u03a9<\/li>\n<\/ul>\n<h2><strong>Sabores dispon\u00edveis\uff1a<\/strong><\/h2>\n<ol>\n<li>Mirtilo no gelo<\/li>\n<li>Kiwi Maracuj\u00e1 Goiaba<\/li>\n<li>Limonada Blue Razz<\/li>\n<li>Morango Kiwi<\/li>\n<li>Bagas mistas<\/li>\n<li>Melancia com morango<\/li>\n<li>Gelo de uva<\/li>\n<li>Gelo de melancia<\/li>\n<li>P\u00eassego Manga Anan\u00e1s<\/li>\n<li>Gelo de morango<\/li>\n<li>Gelo de p\u00eassego<\/li>\n<li>Manga Banana<\/li>\n<li>Baga de cereja<\/li>\n<li>Mirtilo Framboesa<\/li>\n<li>Amor 66<\/li>\n<li>Touro de melancia<\/li>\n<li>Morango Uva<\/li>\n<li>Rebu\u00e7ados de morango e framboesa<\/li>\n<li>Mamba<\/li>\n<li>Melancia Cereja<\/li>\n<li>Ma\u00e7\u00e3 congelada<\/li>\n<li>Hortel\u00e3-lim\u00e3o<\/li>\n<li>Gelo de groselha<\/li>\n<li>Batido de anan\u00e1s<\/li>\n<\/ol>\n<h2><strong>Conte\u00fado da embalagem:<\/strong><\/h2>\n<ul>\n<li>10 unidades \/ caixa m\u00e9dia.<\/li>\n<li>200 unidades\/caixa<\/li>\n<li>21 kg\/caixa<\/li>\n<li>Tamanho da caixa: 39,5*39*30,5cm<\/li>\n<\/ul>\n<figure id=\"attachment_14888\" aria-describedby=\"caption-attachment-14888\" style=\"width: 800px\" class=\"wp-caption alignnone\"><img loading=\"lazy\" decoding=\"async\" class=\"size-full wp-image-14888\" title=\"Vapme Shisha Hookah 15000 Puffs Vape Descart\u00e1vel Atacado (10)\" src=\"https:\/\/www.vape4wholesale.com\/wp-content\/uploads\/2024\/01\/Vapme-Shisha-Hookah-15000-Puffs-Disposable-Vape-Wholesale-10.jpg\" alt=\"Vapme Shisha Hookah 15000 Puffs Vape Descart\u00e1vel Atacado (10)\" width=\"800\" height=\"800\" srcset=\"https:\/\/www.vape4wholesale.com\/wp-content\/uploads\/2024\/01\/Vapme-Shisha-Hookah-15000-Puffs-Disposable-Vape-Wholesale-10.jpg 800w, https:\/\/www.vape4wholesale.com\/wp-content\/uploads\/2024\/01\/Vapme-Shisha-Hookah-15000-Puffs-Disposable-Vape-Wholesale-10-247x247.jpg 247w, https:\/\/www.vape4wholesale.com\/wp-content\/uploads\/2024\/01\/Vapme-Shisha-Hookah-15000-Puffs-Disposable-Vape-Wholesale-10-100x100.jpg 100w, https:\/\/www.vape4wholesale.com\/wp-content\/uploads\/2024\/01\/Vapme-Shisha-Hookah-15000-Puffs-Disposable-Vape-Wholesale-10-510x510.jpg 510w, https:\/\/www.vape4wholesale.com\/wp-content\/uploads\/2024\/01\/Vapme-Shisha-Hookah-15000-Puffs-Disposable-Vape-Wholesale-10-64x64.jpg 64w, https:\/\/www.vape4wholesale.com\/wp-content\/uploads\/2024\/01\/Vapme-Shisha-Hookah-15000-Puffs-Disposable-Vape-Wholesale-10-300x300.jpg 300w, https:\/\/www.vape4wholesale.com\/wp-content\/uploads\/2024\/01\/Vapme-Shisha-Hookah-15000-Puffs-Disposable-Vape-Wholesale-10-150x150.jpg 150w, https:\/\/www.vape4wholesale.com\/wp-content\/uploads\/2024\/01\/Vapme-Shisha-Hookah-15000-Puffs-Disposable-Vape-Wholesale-10-768x768.jpg 768w\" sizes=\"auto, (max-width: 800px) 100vw, 800px\" \/><figcaption id=\"caption-attachment-14888\" class=\"wp-caption-text\">Vapme Shisha Hookah 15000 Puffs Vape Descart\u00e1vel Atacado<\/figcaption><\/figure>\n<h2>PORQU\u00ca N\u00d3S?<\/h2>\r\n<ul>\r\n<li>Fonte vape real, fi\u00e1vel e profissional.<\/li>\r\n<li>100% Garantia genu\u00edna: S\u00f3 fornecemos produtos originais e genu\u00ednos, recusamos a contrafa\u00e7\u00e3o.<\/li>\r\n<li>100% Garantia de entrega: Utilizamos o melhor m\u00e9todo de envio para garantir que recebe a encomenda 100%.<\/li>\r\n<li>Ap\u00f3s o envio, fornecer-lhe-emos o n\u00famero de acompanhamento e a etiqueta de envio e acompanharemos a mercadoria at\u00e9 que a receba.<\/li>\r\n<li>Sem problemas aduaneiros, sem direitos aduaneiros<\/li>\r\n<\/ul>","protected":false},"excerpt":{"rendered":"<div class=\"wsppc_div_block woocommerce_before_add_to_cart_form\">\r\n<p><strong><span style=\"color: #00a859;\">Clear customs<\/span> before delivery &amp; 100% Delivery Guarantee, Delivery in 19~25 days around.\u00a0<\/strong><\/p>\r\n<\/div>","protected":false},"featured_media":14893,"comment_status":"open","ping_status":"closed","template":"","meta":[],"pwb-brand":[1290],"product_cat":[872],"product_tag":[22,24,684,692,696],"class_list":{"0":"post-14866","1":"product","2":"type-product","3":"status-publish","4":"has-post-thumbnail","6":"pwb-brand-vapme","7":"product_cat-15k-20k-puffs","8":"product_tag-disposable","9":"product_tag-wholesale","10":"product_tag-15000-puffs","11":"product_tag-25-0ml","12":"product_tag-vapme","13":"wcpa_has_options","15":"first","16":"outofstock","17":"shipping-taxable","18":"purchasable","19":"product-type-variable"},"aioseo_notices":[],"brands":[{"id":1290,"name":"Vapme","slug":"vapme"}],"_links":{"self":[{"href":"https:\/\/www.vape4wholesale.com\/pt\/wp-json\/wp\/v2\/product\/14866","targetHints":{"allow":["GET"]}}],"collection":[{"href":"https:\/\/www.vape4wholesale.com\/pt\/wp-json\/wp\/v2\/product"}],"about":[{"href":"https:\/\/www.vape4wholesale.com\/pt\/wp-json\/wp\/v2\/types\/product"}],"replies":[{"embeddable":true,"href":"https:\/\/www.vape4wholesale.com\/pt\/wp-json\/wp\/v2\/comments?post=14866"}],"wp:featuredmedia":[{"embeddable":true,"href":"https:\/\/www.vape4wholesale.com\/pt\/wp-json\/wp\/v2\/media\/14893"}],"wp:attachment":[{"href":"https:\/\/www.vape4wholesale.com\/pt\/wp-json\/wp\/v2\/media?parent=14866"}],"wp:term":[{"taxonomy":"pwb-brand","embeddable":true,"href":"https:\/\/www.vape4wholesale.com\/pt\/wp-json\/wp\/v2\/pwb-brand?post=14866"},{"taxonomy":"product_cat","embeddable":true,"href":"https:\/\/www.vape4wholesale.com\/pt\/wp-json\/wp\/v2\/product_cat?post=14866"},{"taxonomy":"product_tag","embeddable":true,"href":"https:\/\/www.vape4wholesale.com\/pt\/wp-json\/wp\/v2\/product_tag?post=14866"}],"curies":[{"name":"wp","href":"https:\/\/api.w.org\/{rel}","templated":true}]}}