{"id":14732,"date":"2023-12-11T07:05:30","date_gmt":"2023-12-10T23:05:30","guid":{"rendered":"https:\/\/www.vape4wholesale.com\/?post_type=product&#038;p=14732"},"modified":"2026-01-26T13:41:49","modified_gmt":"2026-01-26T13:41:49","slug":"kamry-box-15000-puffs-vape-descartavel-por-atacado","status":"publish","type":"product","link":"https:\/\/www.vape4wholesale.com\/pt\/product\/kamry-box-15000-puffs-disposable-vape-wholesale","title":{"rendered":"Kamry Box 15000 Puffs Vape Descart\u00e1vel Atacado"},"content":{"rendered":"<p>O Kamry Box 15000 \u00e9 um vape descart\u00e1vel de design agrad\u00e1vel, constru\u00eddo com bateria recarreg\u00e1vel de 600mah, 30ml de e-l\u00edquido de nicotina 2% no interior e com bobina de malha que suporta at\u00e9 15000 puffs<\/p>\n<h2><strong>Kamry Box 15000 Detalhes r\u00e1pidos:<\/strong><\/h2>\n<table border=\"0\" width=\"493\" cellspacing=\"0\" cellpadding=\"0\">\n<tbody>\n<tr>\n<td class=\"et2\" width=\"265\" height=\"19\">Modelo<\/td>\n<td class=\"et2\" width=\"228\">Kamry Box 15000<\/td>\n<\/tr>\n<tr>\n<td class=\"et2\" height=\"19\">Puffs<\/td>\n<td class=\"et2\">At\u00e9 15000<\/td>\n<\/tr>\n<tr>\n<td class=\"et2\" height=\"19\">Resist\u00eancia<\/td>\n<td class=\"et2\">Bobina de malha 1.0\u03a9<\/td>\n<\/tr>\n<tr>\n<td class=\"et2\" height=\"19\">Nicotina<\/td>\n<td class=\"et2\">2% (OEM para 3% e 5%)<\/td>\n<\/tr>\n<tr>\n<td class=\"et2\" height=\"19\">Material<\/td>\n<td class=\"et2\">PCTG +ABS+PC<\/td>\n<\/tr>\n<tr>\n<td class=\"et2\" height=\"19\">Bateria<\/td>\n<td class=\"et2\">600mAh recarreg\u00e1vel<\/td>\n<\/tr>\n<tr>\n<td class=\"et2\" height=\"19\">Tamanho do corpo<\/td>\n<td class=\"et2\">50,3*25*85,5 mm<\/td>\n<\/tr>\n<tr>\n<td class=\"et2\" height=\"19\">Peso corporal<\/td>\n<td class=\"et2\">95g<\/td>\n<\/tr>\n<\/tbody>\n<\/table>\n<p>&nbsp;<\/p>\n<h2><strong>Lista de sabores:<\/strong><\/h2>\n<ol>\n<li>\n<div>Gelo de melancia<\/div>\n<\/li>\n<li>\n<div>Uva<\/div>\n<\/li>\n<li>\n<div>Hortel\u00e3 fresca<\/div>\n<\/li>\n<li>\n<div>Bebida energ\u00e9tica<\/div>\n<\/li>\n<li>\n<div>P\u00eassego<\/div>\n<\/li>\n<li>\n<div>Gelo de mirtilo<\/div>\n<\/li>\n<li>\n<div>Melancia com morango<\/div>\n<\/li>\n<li>\n<div>Gelo de anan\u00e1s<\/div>\n<\/li>\n<li>\n<div>Manga com morango<\/div>\n<\/li>\n<li>\n<div>Banana<\/div>\n<\/li>\n<\/ol>\n<h2>Embalagem e peso<\/h2>\n<ul>\n<li>1\/ Caixa pequena, 10\/ Caixa m\u00e9dia<\/li>\n<li>200\/ Caixa, 22kg<\/li>\n<\/ul>\n<figure id=\"attachment_15454\" aria-describedby=\"caption-attachment-15454\" style=\"width: 1600px\" class=\"wp-caption aligncenter\"><img loading=\"lazy\" decoding=\"async\" class=\"wp-image-15454 size-full\" title=\"Kamry Box 15000 Puffs Vape Descart\u00e1vel Atacado\" src=\"https:\/\/www.vape4wholesale.com\/wp-content\/uploads\/2023\/12\/Kamry-Box-15000-Puffs-Disposable-Vape-Wholesale.jpg\" alt=\"Kamry Box 15000 Puffs Vape Descart\u00e1vel Atacado\" width=\"1600\" height=\"900\" srcset=\"https:\/\/www.vape4wholesale.com\/wp-content\/uploads\/2023\/12\/Kamry-Box-15000-Puffs-Disposable-Vape-Wholesale.jpg 1600w, https:\/\/www.vape4wholesale.com\/wp-content\/uploads\/2023\/12\/Kamry-Box-15000-Puffs-Disposable-Vape-Wholesale-510x287.jpg 510w, https:\/\/www.vape4wholesale.com\/wp-content\/uploads\/2023\/12\/Kamry-Box-15000-Puffs-Disposable-Vape-Wholesale-64x36.jpg 64w, https:\/\/www.vape4wholesale.com\/wp-content\/uploads\/2023\/12\/Kamry-Box-15000-Puffs-Disposable-Vape-Wholesale-300x169.jpg 300w, https:\/\/www.vape4wholesale.com\/wp-content\/uploads\/2023\/12\/Kamry-Box-15000-Puffs-Disposable-Vape-Wholesale-1024x576.jpg 1024w, https:\/\/www.vape4wholesale.com\/wp-content\/uploads\/2023\/12\/Kamry-Box-15000-Puffs-Disposable-Vape-Wholesale-768x432.jpg 768w, https:\/\/www.vape4wholesale.com\/wp-content\/uploads\/2023\/12\/Kamry-Box-15000-Puffs-Disposable-Vape-Wholesale-1536x864.jpg 1536w\" sizes=\"auto, (max-width: 1600px) 100vw, 1600px\" \/><figcaption id=\"caption-attachment-15454\" class=\"wp-caption-text\">Kamry Box 15000 Puffs Vape Descart\u00e1vel Atacado<\/figcaption><\/figure>\n<p><img loading=\"lazy\" decoding=\"async\" class=\"size-full wp-image-14733 aligncenter\" title=\"Kamry Box 15000 Puffs vis\u00e3o geral 2\" src=\"https:\/\/www.vape4wholesale.com\/wp-content\/uploads\/2023\/12\/Kamry-Box-15000-Puffs-overview_2.jpg\" alt=\"Kamry Box 15000 Puffs vis\u00e3o geral 2\" width=\"800\" height=\"1422\" srcset=\"https:\/\/www.vape4wholesale.com\/wp-content\/uploads\/2023\/12\/Kamry-Box-15000-Puffs-overview_2.jpg 800w, https:\/\/www.vape4wholesale.com\/wp-content\/uploads\/2023\/12\/Kamry-Box-15000-Puffs-overview_2-510x907.jpg 510w, https:\/\/www.vape4wholesale.com\/wp-content\/uploads\/2023\/12\/Kamry-Box-15000-Puffs-overview_2-64x114.jpg 64w, https:\/\/www.vape4wholesale.com\/wp-content\/uploads\/2023\/12\/Kamry-Box-15000-Puffs-overview_2-169x300.jpg 169w, https:\/\/www.vape4wholesale.com\/wp-content\/uploads\/2023\/12\/Kamry-Box-15000-Puffs-overview_2-576x1024.jpg 576w, https:\/\/www.vape4wholesale.com\/wp-content\/uploads\/2023\/12\/Kamry-Box-15000-Puffs-overview_2-768x1365.jpg 768w\" sizes=\"auto, (max-width: 800px) 100vw, 800px\" \/><\/p>\n<h2>PORQU\u00ca N\u00d3S?<\/h2>\r\n<ul>\r\n<li>Fonte vape real, fi\u00e1vel e profissional.<\/li>\r\n<li>100% Garantia genu\u00edna: S\u00f3 fornecemos produtos originais e genu\u00ednos, recusamos a contrafa\u00e7\u00e3o.<\/li>\r\n<li>100% Garantia de entrega: Utilizamos o melhor m\u00e9todo de envio para garantir que recebe a encomenda 100%.<\/li>\r\n<li>Ap\u00f3s o envio, fornecer-lhe-emos o n\u00famero de acompanhamento e a etiqueta de envio e acompanharemos a mercadoria at\u00e9 que a receba.<\/li>\r\n<li>Sem problemas aduaneiros, sem direitos aduaneiros<\/li>\r\n<\/ul>","protected":false},"excerpt":{"rendered":"<div class=\"wsppc_div_block woocommerce_before_add_to_cart_form\">\r\n<p><strong><span style=\"color: #00a859;\">Passar na alf\u00e2ndega<\/span> antes da entrega e% Garantia de Entrega de 100 dias, Entrega em cerca de 19 a 25 dias.\u00a0<\/strong><\/p>\r\n<\/div>","protected":false},"featured_media":14747,"comment_status":"open","ping_status":"closed","template":"","meta":[],"pwb-brand":[1281],"product_cat":[872],"product_tag":[24,30,683,684,22],"class_list":{"0":"post-14732","1":"product","2":"type-product","3":"status-publish","4":"has-post-thumbnail","6":"pwb-brand-kamry","7":"product_cat-15k-20k-puffs","8":"product_tag-wholesale","9":"product_tag-kamry","10":"product_tag-30-0ml","11":"product_tag-15000-puffs","12":"product_tag-disposable","14":"first","15":"outofstock","16":"shipping-taxable","17":"purchasable","18":"product-type-variable"},"aioseo_notices":[],"brands":[{"id":1281,"name":"Kamry","slug":"kamry"}],"_links":{"self":[{"href":"https:\/\/www.vape4wholesale.com\/pt\/wp-json\/wp\/v2\/product\/14732","targetHints":{"allow":["GET"]}}],"collection":[{"href":"https:\/\/www.vape4wholesale.com\/pt\/wp-json\/wp\/v2\/product"}],"about":[{"href":"https:\/\/www.vape4wholesale.com\/pt\/wp-json\/wp\/v2\/types\/product"}],"replies":[{"embeddable":true,"href":"https:\/\/www.vape4wholesale.com\/pt\/wp-json\/wp\/v2\/comments?post=14732"}],"wp:featuredmedia":[{"embeddable":true,"href":"https:\/\/www.vape4wholesale.com\/pt\/wp-json\/wp\/v2\/media\/14747"}],"wp:attachment":[{"href":"https:\/\/www.vape4wholesale.com\/pt\/wp-json\/wp\/v2\/media?parent=14732"}],"wp:term":[{"taxonomy":"pwb-brand","embeddable":true,"href":"https:\/\/www.vape4wholesale.com\/pt\/wp-json\/wp\/v2\/pwb-brand?post=14732"},{"taxonomy":"product_cat","embeddable":true,"href":"https:\/\/www.vape4wholesale.com\/pt\/wp-json\/wp\/v2\/product_cat?post=14732"},{"taxonomy":"product_tag","embeddable":true,"href":"https:\/\/www.vape4wholesale.com\/pt\/wp-json\/wp\/v2\/product_tag?post=14732"}],"curies":[{"name":"wp","href":"https:\/\/api.w.org\/{rel}","templated":true}]}}