{"id":14666,"date":"2023-11-16T22:35:59","date_gmt":"2023-11-16T14:35:59","guid":{"rendered":"https:\/\/www.vape4wholesale.com\/?post_type=product&#038;p=14666"},"modified":"2026-01-26T13:41:51","modified_gmt":"2026-01-26T13:41:51","slug":"elf-bar-bc10000-vape-descartavel-por-atacado","status":"publish","type":"product","link":"https:\/\/www.vape4wholesale.com\/pt\/product\/elf-bar-bc10000-disposable-vape-wholesale","title":{"rendered":"Elf Bar BC10000 Vape descart\u00e1vel Atacado"},"content":{"rendered":"<p>O ELF BAR BC10000 \u00e9 um vape potente e bem desenhado com Eliquid e fun\u00e7\u00e3o de exibi\u00e7\u00e3o de energia, vem com 18ml de e-l\u00edquido de sal de nicotina 5%, bateria recarreg\u00e1vel de 650mAh e constru\u00eddo com bobina de malha.<\/p>\n<p>\u00c9 um divisor de \u00e1guas no mundo dos vaporizadores descart\u00e1veis, oferecendo umas espantosas 10000 baforadas para uma experi\u00eancia de vaporiza\u00e7\u00e3o prolongada e satisfat\u00f3ria. Com o seu generoso volume de e-l\u00edquido de 18ML, pode deliciar-se com os seus sabores favoritos sem o inc\u00f3modo de recargas constantes. Gra\u00e7as \u00e0 sua capacidade de carregamento r\u00e1pido de 15-20 minutos, o tempo de inatividade \u00e9 reduzido ao m\u00ednimo, permitindo-lhe voltar a vaporizar num instante. Alimentado por uma robusta bateria de 620mAh.<\/p>\n<p>O BC10000 foi constru\u00eddo para durar, o que o torna uma escolha de topo para os vapers que procuram um vape descart\u00e1vel fi\u00e1vel e repleto de funcionalidades, garantindo que est\u00e1 sempre pronto para desfrutar da sua concentra\u00e7\u00e3o de nicotina preferida de 50MG. A inclus\u00e3o de uma bobina de malha de alto desempenho leva a produ\u00e7\u00e3o de sabor a um n\u00edvel totalmente novo, proporcionando um sabor rico e envolvente a cada inala\u00e7\u00e3o. O seu novo design de vanguarda \u00e9 agora mais atrativo do que antes.<\/p>\n<p>O que distingue o BC10000 \u00e9 o seu visor LED inteligente, que n\u00e3o s\u00f3 indica a carga da bateria como tamb\u00e9m detecta os n\u00edveis de e-l\u00edquido, assegurando que est\u00e1 ciente de ambos os aspectos vitais para um prazer de vaporiza\u00e7\u00e3o ininterrupto. Quer seja um vaporizador experiente ou esteja apenas a come\u00e7ar, o ELF BAR BC10000 promete uma experi\u00eancia de vaporiza\u00e7\u00e3o excecional e sem complica\u00e7\u00f5es. Eleve a sua viagem de vaporiza\u00e7\u00e3o com este not\u00e1vel dispositivo que combina inova\u00e7\u00e3o, estilo e desempenho numa embalagem compacta. Experimente o futuro dos vapores descart\u00e1veis com o ELFBAR BC10000.<\/p>\n<h2><strong>Elf Bar BC10000 Caracter\u00edsticas:<\/strong><\/h2>\n<ul>\n<li>Puffs: 10000 Puffs<\/li>\n<li>Volume do E-l\u00edquido: 18ML<\/li>\n<li>Bateria: 650mAh Recarreg\u00e1vel com Tipo C<\/li>\n<li>For\u00e7a da nicotina: 50MG<\/li>\n<li>Bobina: Bobina de malha<\/li>\n<li>Carregamento r\u00e1pido: 15-20 minutos<\/li>\n<li>Ecr\u00e3 LED para mostrar a percentagem da bateria e o l\u00edquido eletr\u00f3nico<\/li>\n<li>Marca: ELF BAR<\/li>\n<\/ul>\n<h2><strong>Sabores dispon\u00edveis:<\/strong><\/h2>\n<ol>\n<li>Uva Alo\u00e9<\/li>\n<li>Gelado de banana<\/li>\n<li>Algod\u00e3o doce azul<\/li>\n<li>Gelo de framboesa azul<\/li>\n<li>Mirtilo Hortel\u00e3<\/li>\n<li>Gelo de uva<\/li>\n<li>Ma\u00e7\u00e3 verde<\/li>\n<li>Hortel\u00e3 gelada<\/li>\n<li>Mentol<\/li>\n<li>Frutos mistos<\/li>\n<li>Melancia P\u00eassego Manga<\/li>\n<li>P\u00eassego Framboesa<\/li>\n<li>Banana Morango<\/li>\n<li>\u00a0Kiwi Morango<\/li>\n<li>manga Morango<\/li>\n<li>Melancia com morango<\/li>\n<li>Pastilha el\u00e1stica de melancia<\/li>\n<li>Gelo de melancia<\/li>\n<li>Gelo de morango<\/li>\n<li>P\u00eassego Manga<\/li>\n<li>Manga dupla<\/li>\n<\/ol>\n<h2>Embalagem e peso<\/h2>\n<p>200pcs\/ Caixa de cart\u00e3o\/ 23kg<\/p>\n<p><img loading=\"lazy\" decoding=\"async\" class=\"alignnone size-full wp-image-14690\" title=\"Elf Bar BC10000 Vape descart\u00e1vel Atacado\" src=\"https:\/\/www.vape4wholesale.com\/wp-content\/uploads\/2023\/11\/Elf-Bar-BC10000-Disposable-Vape-Wholesale.jpg\" alt=\"Elf Bar BC10000 Vape descart\u00e1vel Atacado\" width=\"800\" height=\"800\" srcset=\"https:\/\/www.vape4wholesale.com\/wp-content\/uploads\/2023\/11\/Elf-Bar-BC10000-Disposable-Vape-Wholesale.jpg 800w, https:\/\/www.vape4wholesale.com\/wp-content\/uploads\/2023\/11\/Elf-Bar-BC10000-Disposable-Vape-Wholesale-247x247.jpg 247w, https:\/\/www.vape4wholesale.com\/wp-content\/uploads\/2023\/11\/Elf-Bar-BC10000-Disposable-Vape-Wholesale-100x100.jpg 100w, https:\/\/www.vape4wholesale.com\/wp-content\/uploads\/2023\/11\/Elf-Bar-BC10000-Disposable-Vape-Wholesale-510x510.jpg 510w, https:\/\/www.vape4wholesale.com\/wp-content\/uploads\/2023\/11\/Elf-Bar-BC10000-Disposable-Vape-Wholesale-64x64.jpg 64w, https:\/\/www.vape4wholesale.com\/wp-content\/uploads\/2023\/11\/Elf-Bar-BC10000-Disposable-Vape-Wholesale-300x300.jpg 300w, https:\/\/www.vape4wholesale.com\/wp-content\/uploads\/2023\/11\/Elf-Bar-BC10000-Disposable-Vape-Wholesale-150x150.jpg 150w, https:\/\/www.vape4wholesale.com\/wp-content\/uploads\/2023\/11\/Elf-Bar-BC10000-Disposable-Vape-Wholesale-768x768.jpg 768w\" sizes=\"auto, (max-width: 800px) 100vw, 800px\" \/><\/p>","protected":false},"excerpt":{"rendered":"[scf-template id=&#8217;11434&#8242;]\n<p><strong>Due to frequent changes in Product inventory, Minimum Order Quantity and Price, please contact us before placing the order.<\/strong><\/p>\n","protected":false},"featured_media":14690,"comment_status":"open","ping_status":"closed","template":"","meta":[],"pwb-brand":[1278],"product_cat":[871],"product_tag":[24,60,244,324,22],"class_list":{"0":"post-14666","1":"product","2":"type-product","3":"status-publish","4":"has-post-thumbnail","6":"pwb-brand-elf-bar","7":"product_cat-10-15k-puffs","8":"product_tag-wholesale","9":"product_tag-elf-bar","10":"product_tag-18-0ml","11":"product_tag-10000-puffs","12":"product_tag-disposable","14":"first","15":"outofstock","16":"shipping-taxable","17":"purchasable","18":"product-type-variable"},"aioseo_notices":[],"brands":[{"id":1278,"name":"Bar dos duendes","slug":"bar-dos-elfos"}],"_links":{"self":[{"href":"https:\/\/www.vape4wholesale.com\/pt\/wp-json\/wp\/v2\/product\/14666","targetHints":{"allow":["GET"]}}],"collection":[{"href":"https:\/\/www.vape4wholesale.com\/pt\/wp-json\/wp\/v2\/product"}],"about":[{"href":"https:\/\/www.vape4wholesale.com\/pt\/wp-json\/wp\/v2\/types\/product"}],"replies":[{"embeddable":true,"href":"https:\/\/www.vape4wholesale.com\/pt\/wp-json\/wp\/v2\/comments?post=14666"}],"wp:featuredmedia":[{"embeddable":true,"href":"https:\/\/www.vape4wholesale.com\/pt\/wp-json\/wp\/v2\/media\/14690"}],"wp:attachment":[{"href":"https:\/\/www.vape4wholesale.com\/pt\/wp-json\/wp\/v2\/media?parent=14666"}],"wp:term":[{"taxonomy":"pwb-brand","embeddable":true,"href":"https:\/\/www.vape4wholesale.com\/pt\/wp-json\/wp\/v2\/pwb-brand?post=14666"},{"taxonomy":"product_cat","embeddable":true,"href":"https:\/\/www.vape4wholesale.com\/pt\/wp-json\/wp\/v2\/product_cat?post=14666"},{"taxonomy":"product_tag","embeddable":true,"href":"https:\/\/www.vape4wholesale.com\/pt\/wp-json\/wp\/v2\/product_tag?post=14666"}],"curies":[{"name":"wp","href":"https:\/\/api.w.org\/{rel}","templated":true}]}}