{"id":14625,"date":"2023-11-12T10:34:51","date_gmt":"2023-11-12T02:34:51","guid":{"rendered":"https:\/\/www.vape4wholesale.com\/?post_type=product&#038;p=14625"},"modified":"2026-01-26T13:41:53","modified_gmt":"2026-01-26T13:41:53","slug":"funky-lands-ci5000-vape-descartavel-por-atacado","status":"publish","type":"product","link":"https:\/\/www.vape4wholesale.com\/pt\/product\/funky-lands-ci5000-disposable-vape-wholesale","title":{"rendered":"Funky Lands Ci5000 Vape descart\u00e1vel por atacado"},"content":{"rendered":"<p>O Funky Lands Ci5000 Disposable Vape \u00e9 um gadget din\u00e2mico que capta o \u00e1pice das experi\u00eancias de vaporiza\u00e7\u00e3o. Este vape descart\u00e1vel foi concebido para satisfazer os seus desejos e oferecer uma experi\u00eancia de vaporiza\u00e7\u00e3o cont\u00ednua. \u00c9 alimentado pela tecnologia de bobina QUAQ e tem uma tonelada de carater\u00edsticas \u00fanicas.<br data-filtered=\"filtered\" \/><br data-filtered=\"filtered\" \/>O Funky Lands Ci5000 garante uma exposi\u00e7\u00e3o constante aos seus sabores favoritos gra\u00e7as \u00e0 sua enorme capacidade de 10 ml de e-l\u00edquido. Este gadget est\u00e1 pronto para impressionar com qualquer sabor, quer sejam nuances t\u00edpicas de tabaco, ess\u00eancias doces ou frutos azedos. A pot\u00eancia de 40 mg de nicotina atinge eficazmente um equil\u00edbrio entre um efeito satisfat\u00f3rio na garganta e uma suavidade aveludada, satisfazendo os seus gostos de nicotina. Prepare-se para uma longa viagem vaporizadora, uma vez que o Funky Republic Ci5000 d\u00e1 umas espantosas 5000 baforadas por dispositivo.<\/p>\n<h2><strong>Funky Lands Ci5000 Descart\u00e1veis Carater\u00edsticas:<\/strong><\/h2>\n<p>- M\u00e1ximo de baforadas: 5000<br data-filtered=\"filtered\" \/>- Intensidade da nicotina: 40mg (4%)<br data-filtered=\"filtered\" \/>- Capacidade pr\u00e9-cheia: 10mL<br data-filtered=\"filtered\" \/>- Capacidade da bateria: 650mAh<\/p>\n<h2><strong>Sabores dispon\u00edveis:<\/strong><\/h2>\n<ul>\n<li>Gelo de melancia<\/li>\n<li>Melancia BG<\/li>\n<li>Gelo de morango<\/li>\n<li>Carambola Verde Kiwi<\/li>\n<li>Rinbo<\/li>\n<li>Anan\u00e1s Strawnana<\/li>\n<li>Montanha de gelo<\/li>\n<li>Rosa menta<\/li>\n<li>Miami Mint<\/li>\n<li>Manga Gami<\/li>\n<li>Gelo Blue Razz<\/li>\n<li>Flor de P\u00eassego Berry<\/li>\n<li>Baga Paix\u00e3o Uva<\/li>\n<li>Mistura de bagas<\/li>\n<li>Gelo de bagas triplo<\/li>\n<\/ul>\n<p><img loading=\"lazy\" decoding=\"async\" class=\"alignnone size-full wp-image-14626\" title=\"Vape descart\u00e1vel Funky Ci5000 por atacado\" src=\"https:\/\/www.vape4wholesale.com\/wp-content\/uploads\/2023\/11\/Funky-Ci5000-Disposable-Vape-Wholesale.jpg\" alt=\"Vape descart\u00e1vel Funky Ci5000 por atacado\" width=\"480\" height=\"480\" srcset=\"https:\/\/www.vape4wholesale.com\/wp-content\/uploads\/2023\/11\/Funky-Ci5000-Disposable-Vape-Wholesale.jpg 480w, https:\/\/www.vape4wholesale.com\/wp-content\/uploads\/2023\/11\/Funky-Ci5000-Disposable-Vape-Wholesale-247x247.jpg 247w, https:\/\/www.vape4wholesale.com\/wp-content\/uploads\/2023\/11\/Funky-Ci5000-Disposable-Vape-Wholesale-100x100.jpg 100w, https:\/\/www.vape4wholesale.com\/wp-content\/uploads\/2023\/11\/Funky-Ci5000-Disposable-Vape-Wholesale-64x64.jpg 64w, https:\/\/www.vape4wholesale.com\/wp-content\/uploads\/2023\/11\/Funky-Ci5000-Disposable-Vape-Wholesale-300x300.jpg 300w, https:\/\/www.vape4wholesale.com\/wp-content\/uploads\/2023\/11\/Funky-Ci5000-Disposable-Vape-Wholesale-150x150.jpg 150w\" sizes=\"auto, (max-width: 480px) 100vw, 480px\" \/><\/p>","protected":false},"excerpt":{"rendered":"[scf-template id=&#8217;11434&#8242;]\n","protected":false},"featured_media":14626,"comment_status":"open","ping_status":"closed","template":"","meta":[],"pwb-brand":[1289],"product_cat":[869],"product_tag":[210,651,22,24,189],"class_list":{"0":"post-14625","1":"product","2":"type-product","3":"status-publish","4":"has-post-thumbnail","6":"pwb-brand-others","7":"product_cat-5000-8000-puffs","8":"product_tag-10-0ml","9":"product_tag-funky-lands","10":"product_tag-disposable","11":"product_tag-wholesale","12":"product_tag-5000-puffs","14":"first","15":"outofstock","16":"shipping-taxable","17":"purchasable","18":"product-type-variable"},"aioseo_notices":[],"brands":[{"id":1289,"name":"Outros","slug":"outros"}],"_links":{"self":[{"href":"https:\/\/www.vape4wholesale.com\/pt\/wp-json\/wp\/v2\/product\/14625","targetHints":{"allow":["GET"]}}],"collection":[{"href":"https:\/\/www.vape4wholesale.com\/pt\/wp-json\/wp\/v2\/product"}],"about":[{"href":"https:\/\/www.vape4wholesale.com\/pt\/wp-json\/wp\/v2\/types\/product"}],"replies":[{"embeddable":true,"href":"https:\/\/www.vape4wholesale.com\/pt\/wp-json\/wp\/v2\/comments?post=14625"}],"wp:featuredmedia":[{"embeddable":true,"href":"https:\/\/www.vape4wholesale.com\/pt\/wp-json\/wp\/v2\/media\/14626"}],"wp:attachment":[{"href":"https:\/\/www.vape4wholesale.com\/pt\/wp-json\/wp\/v2\/media?parent=14625"}],"wp:term":[{"taxonomy":"pwb-brand","embeddable":true,"href":"https:\/\/www.vape4wholesale.com\/pt\/wp-json\/wp\/v2\/pwb-brand?post=14625"},{"taxonomy":"product_cat","embeddable":true,"href":"https:\/\/www.vape4wholesale.com\/pt\/wp-json\/wp\/v2\/product_cat?post=14625"},{"taxonomy":"product_tag","embeddable":true,"href":"https:\/\/www.vape4wholesale.com\/pt\/wp-json\/wp\/v2\/product_tag?post=14625"}],"curies":[{"name":"wp","href":"https:\/\/api.w.org\/{rel}","templated":true}]}}