{"id":14604,"date":"2023-11-12T09:49:04","date_gmt":"2023-11-12T01:49:04","guid":{"rendered":"https:\/\/www.vape4wholesale.com\/?post_type=product&#038;p=14604"},"modified":"2026-01-26T13:41:58","modified_gmt":"2026-01-26T13:41:58","slug":"funky-lands-vi10000-vape-descartavel-por-atacado","status":"publish","type":"product","link":"https:\/\/www.vape4wholesale.com\/pt\/product\/funky-lands-vi10000-disposable-vape-wholesale","title":{"rendered":"Funky Lands Vi10000 Vape descart\u00e1vel por atacado"},"content":{"rendered":"<p>O Funky lands Vi10000 descart\u00e1vel \u00e9 um produto de uma submarca da elf bar que suporta at\u00e9 10000 baforadas, tem 16 ml de l\u00edquido com nicotina salina 5% e uma bateria recarreg\u00e1vel de 600 mAh.<\/p>\n<h2><strong>Carater\u00edsticas do Funky Lands Vi10000 Disposable Vape:<br data-filtered=\"filtered\" \/><\/strong><\/h2>\n<ul>\n<li>pr\u00e9-cheio com 16 ml de e-l\u00edquido<\/li>\n<li>5% concentra\u00e7\u00e3o de nicotina no sal<\/li>\n<li>10000 baforadas<\/li>\n<li>bobina de malha<\/li>\n<li>recarga<\/li>\n<li>ecr\u00e3 inteligente<\/li>\n<\/ul>\n<h2><strong>Sabores dispon\u00edveis<\/strong><\/h2>\n<ol>\n<li>Mistura de bagas<\/li>\n<li>Gelo de mirtilo<\/li>\n<li>Mirtilo Rosa Hortel\u00e3<\/li>\n<li>Limpo<\/li>\n<li>Lima-lim\u00e3o<\/li>\n<li>Manga mexicana<\/li>\n<li>Colada de p\u00eassego<\/li>\n<li>P&amp;B de framboesa<\/li>\n<li>Morango Kiwi<\/li>\n<li>Duo Ice de arando e uva<\/li>\n<li>Gelo de melancia<\/li>\n<li>Melancia Framboesa Duo Ice<\/li>\n<\/ol>\n<h2><strong>Vantagens do Funky Lands Vi10000<\/strong><\/h2>\n<p class=\"p1\"><strong>*Capacidade suprema**:<\/strong> Mergulhe profundamente no rico mundo da vaporiza\u00e7\u00e3o com a nossa c\u00e2mara de e-l\u00edquido pr\u00e9-cheia de 16 ml. Diga adeus \u00e0s recargas frequentes e abrace as sess\u00f5es de vaporiza\u00e7\u00e3o prolongadas que sempre desejou.<\/p>\n<p class=\"p1\"><strong>**N\u00edvel \u00f3timo de nicotina**:<\/strong> Experimenta uma batida equilibrada na garganta e satisfaz os desejos com uma concentra\u00e7\u00e3o de nicotina salgada de 5%. Concebido para quem gosta de intensidade em cada tragada, sem ser avassalador.<\/p>\n<p class=\"p1\"><strong>**Energizado para a Longevidade**:<\/strong> Com uma robusta bateria recarreg\u00e1vel de 600mAh, o Vi10000 assegura que as suas sess\u00f5es de vaporiza\u00e7\u00e3o s\u00e3o ininterruptas e agrad\u00e1veis. N\u00e3o h\u00e1 mais cortes de energia repentinos, apenas um fornecimento de energia consistente para sua conveni\u00eancia.<\/p>\n<p class=\"p1\"><strong>**Puff to Your Heart's Content**:<\/strong> Prepare-se para uma experi\u00eancia inigual\u00e1vel com at\u00e9 10.000 baforadas! Quer esteja numa longa viagem ou a relaxar em casa, o Vi10000 tem tudo o que precisa.<\/p>\n<p class=\"p1\"><strong>**Carater\u00edsticas inteligentes**:<\/strong> O nosso sistema Smart Display Dry Prevention mant\u00e9m-no informado e protege o seu vape de ficar seco. Acabaram-se os jogos de adivinha\u00e7\u00e3o; vaporize com confian\u00e7a sabendo que o seu dispositivo est\u00e1 a funcionar da melhor forma para si.<\/p>\n<p class=\"p2\">Delicie-se com a arte de vaporizar com o Funky Lands Vi10000 - onde o estilo, a longevidade e a inova\u00e7\u00e3o colidem. Prepare-se para elevar a sua experi\u00eancia de vaporiza\u00e7\u00e3o como nunca antes!<\/p>\n<p><img loading=\"lazy\" decoding=\"async\" class=\"alignnone size-full wp-image-14605\" title=\"Funky Lands Vi10000 Vape Descart\u00e1vel Atacado (1)\" src=\"https:\/\/www.vape4wholesale.com\/wp-content\/uploads\/2023\/11\/Funky-Lands-Vi10000-Disposable-Vape-Wholesale-1.jpg\" alt=\"Funky Lands Vi10000 Vape Descart\u00e1vel Atacado (1)\" width=\"1200\" height=\"1200\" srcset=\"https:\/\/www.vape4wholesale.com\/wp-content\/uploads\/2023\/11\/Funky-Lands-Vi10000-Disposable-Vape-Wholesale-1.jpg 1200w, https:\/\/www.vape4wholesale.com\/wp-content\/uploads\/2023\/11\/Funky-Lands-Vi10000-Disposable-Vape-Wholesale-1-247x247.jpg 247w, https:\/\/www.vape4wholesale.com\/wp-content\/uploads\/2023\/11\/Funky-Lands-Vi10000-Disposable-Vape-Wholesale-1-100x100.jpg 100w, https:\/\/www.vape4wholesale.com\/wp-content\/uploads\/2023\/11\/Funky-Lands-Vi10000-Disposable-Vape-Wholesale-1-510x510.jpg 510w, https:\/\/www.vape4wholesale.com\/wp-content\/uploads\/2023\/11\/Funky-Lands-Vi10000-Disposable-Vape-Wholesale-1-64x64.jpg 64w, https:\/\/www.vape4wholesale.com\/wp-content\/uploads\/2023\/11\/Funky-Lands-Vi10000-Disposable-Vape-Wholesale-1-300x300.jpg 300w, https:\/\/www.vape4wholesale.com\/wp-content\/uploads\/2023\/11\/Funky-Lands-Vi10000-Disposable-Vape-Wholesale-1-1024x1024.jpg 1024w, https:\/\/www.vape4wholesale.com\/wp-content\/uploads\/2023\/11\/Funky-Lands-Vi10000-Disposable-Vape-Wholesale-1-150x150.jpg 150w, https:\/\/www.vape4wholesale.com\/wp-content\/uploads\/2023\/11\/Funky-Lands-Vi10000-Disposable-Vape-Wholesale-1-768x768.jpg 768w\" sizes=\"auto, (max-width: 1200px) 100vw, 1200px\" \/> <img loading=\"lazy\" decoding=\"async\" class=\"alignnone size-full wp-image-14609\" title=\"Funky Lands Vi10000 Vape Descart\u00e1vel Atacado (5)\" src=\"https:\/\/www.vape4wholesale.com\/wp-content\/uploads\/2023\/11\/Funky-Lands-Vi10000-Disposable-Vape-Wholesale-5.jpg\" alt=\"Funky Lands Vi10000 Vape Descart\u00e1vel Atacado (5)\" width=\"1920\" height=\"1920\" srcset=\"https:\/\/www.vape4wholesale.com\/wp-content\/uploads\/2023\/11\/Funky-Lands-Vi10000-Disposable-Vape-Wholesale-5.jpg 1920w, https:\/\/www.vape4wholesale.com\/wp-content\/uploads\/2023\/11\/Funky-Lands-Vi10000-Disposable-Vape-Wholesale-5-247x247.jpg 247w, https:\/\/www.vape4wholesale.com\/wp-content\/uploads\/2023\/11\/Funky-Lands-Vi10000-Disposable-Vape-Wholesale-5-100x100.jpg 100w, https:\/\/www.vape4wholesale.com\/wp-content\/uploads\/2023\/11\/Funky-Lands-Vi10000-Disposable-Vape-Wholesale-5-510x510.jpg 510w, https:\/\/www.vape4wholesale.com\/wp-content\/uploads\/2023\/11\/Funky-Lands-Vi10000-Disposable-Vape-Wholesale-5-64x64.jpg 64w, https:\/\/www.vape4wholesale.com\/wp-content\/uploads\/2023\/11\/Funky-Lands-Vi10000-Disposable-Vape-Wholesale-5-300x300.jpg 300w, https:\/\/www.vape4wholesale.com\/wp-content\/uploads\/2023\/11\/Funky-Lands-Vi10000-Disposable-Vape-Wholesale-5-1024x1024.jpg 1024w, https:\/\/www.vape4wholesale.com\/wp-content\/uploads\/2023\/11\/Funky-Lands-Vi10000-Disposable-Vape-Wholesale-5-150x150.jpg 150w, https:\/\/www.vape4wholesale.com\/wp-content\/uploads\/2023\/11\/Funky-Lands-Vi10000-Disposable-Vape-Wholesale-5-768x768.jpg 768w, https:\/\/www.vape4wholesale.com\/wp-content\/uploads\/2023\/11\/Funky-Lands-Vi10000-Disposable-Vape-Wholesale-5-1536x1536.jpg 1536w\" sizes=\"auto, (max-width: 1920px) 100vw, 1920px\" \/><\/p>","protected":false},"excerpt":{"rendered":"[scf-template id=&#8217;11434&#8242;]\n","protected":false},"featured_media":14605,"comment_status":"open","ping_status":"closed","template":"","meta":[],"pwb-brand":[1289],"product_cat":[871],"product_tag":[22,24,324,342,651],"class_list":{"0":"post-14604","1":"product","2":"type-product","3":"status-publish","4":"has-post-thumbnail","6":"pwb-brand-others","7":"product_cat-10-15k-puffs","8":"product_tag-disposable","9":"product_tag-wholesale","10":"product_tag-10000-puffs","11":"product_tag-16-0ml","12":"product_tag-funky-lands","14":"first","15":"outofstock","16":"shipping-taxable","17":"purchasable","18":"product-type-variable"},"aioseo_notices":[],"brands":[{"id":1289,"name":"Outros","slug":"outros"}],"_links":{"self":[{"href":"https:\/\/www.vape4wholesale.com\/pt\/wp-json\/wp\/v2\/product\/14604","targetHints":{"allow":["GET"]}}],"collection":[{"href":"https:\/\/www.vape4wholesale.com\/pt\/wp-json\/wp\/v2\/product"}],"about":[{"href":"https:\/\/www.vape4wholesale.com\/pt\/wp-json\/wp\/v2\/types\/product"}],"replies":[{"embeddable":true,"href":"https:\/\/www.vape4wholesale.com\/pt\/wp-json\/wp\/v2\/comments?post=14604"}],"wp:featuredmedia":[{"embeddable":true,"href":"https:\/\/www.vape4wholesale.com\/pt\/wp-json\/wp\/v2\/media\/14605"}],"wp:attachment":[{"href":"https:\/\/www.vape4wholesale.com\/pt\/wp-json\/wp\/v2\/media?parent=14604"}],"wp:term":[{"taxonomy":"pwb-brand","embeddable":true,"href":"https:\/\/www.vape4wholesale.com\/pt\/wp-json\/wp\/v2\/pwb-brand?post=14604"},{"taxonomy":"product_cat","embeddable":true,"href":"https:\/\/www.vape4wholesale.com\/pt\/wp-json\/wp\/v2\/product_cat?post=14604"},{"taxonomy":"product_tag","embeddable":true,"href":"https:\/\/www.vape4wholesale.com\/pt\/wp-json\/wp\/v2\/product_tag?post=14604"}],"curies":[{"name":"wp","href":"https:\/\/api.w.org\/{rel}","templated":true}]}}