{"id":14557,"date":"2023-11-12T09:24:14","date_gmt":"2023-11-12T01:24:14","guid":{"rendered":"https:\/\/www.vape4wholesale.com\/?post_type=product&#038;p=14557"},"modified":"2026-01-26T13:42:00","modified_gmt":"2026-01-26T13:42:00","slug":"funky-lands-republic-ti7000-vape-descartavel-por-atacado","status":"publish","type":"product","link":"https:\/\/www.vape4wholesale.com\/pt\/product\/funky-lands-republic-ti7000-disposable-vape-wholesale","title":{"rendered":"Funky Lands (Rep\u00fablica) Ti7000 Vape Descart\u00e1vel Atacado"},"content":{"rendered":"<p>Funky lands (Republic) Ti7000 \u00e9 um produto da submarca elf bar que suporta at\u00e9 7000 puffs, vem com 17ml de eliquid e 5% de nicotina. com bateria recarreg\u00e1vel de 600mah.<\/p>\n<p>Revelando o Funky Lands Ti7000 da Elf Bar Disposable Vape - o auge da vaporiza\u00e7\u00e3o feito \u00e0 medida para todos os entusiastas da Elf Bar! Este dispositivo inovador funde perfeitamente a tecnologia de vanguarda com uma paleta de sabores distinta, criando uma odisseia de vaporiza\u00e7\u00e3o sem paralelo. Com umas imensas 7000 inala\u00e7\u00f5es, o Funky Lands promete horas de vaporiza\u00e7\u00e3o ininterrupta sem se preocupar com o esgotamento da bateria. O painel inteligente de visualiza\u00e7\u00e3o de energia reflecte de forma transparente o estado da bateria, assegurando que se mant\u00e9m consciente e com poder. Longe v\u00e3o os dias de quedas de energia inesperadas!<\/p>\n<p>Siga sempre o ecr\u00e3 intuitivo do estado da bateria, que permite verificar rapidamente o estado da bateria. Um medidor de E-liquid que o acompanha garante que o seu querido sumo de vapor est\u00e1 sempre presente, garantindo uma euforia de vaporiza\u00e7\u00e3o cont\u00ednua.<\/p>\n<p>Equipado com circuitos de malha Quaq Tech, o Funky Lands garante baforadas sedosas e arom\u00e1ticas, enriquecendo cada momento de vaporiza\u00e7\u00e3o. A sua pegada leve e o seu design \u00e1gil garantem mobilidade, permitindo-lhe levar o seu dispositivo para qualquer destino, pronto para uma fuga saborosa.<\/p>\n<div class=\"pf-c\">\n<div class=\"sc-eMHfQD cdieWn rid-1\" data-pf-type=\"ContentListItem\">\n<div class=\"sc-kfPuZi ihOOoE rid-2 pf-r pf-c-lm pf-r-eh\" data-pf-type=\"Row\">\n<div class=\"pf-c\">\n<div class=\"sc-fXEqDS hwCMhq rid-6\" data-pf-type=\"Column\">\n<h2 class=\"sc-gIDmLj eMdhGW rid-7\" data-pf-type=\"Paragraph3\"><strong>Funky Lands (Rep\u00fablica) Ti7000 Descart\u00e1vel Carater\u00edsticas<\/strong><\/h2>\n<p>&nbsp;<\/p>\n<ol>\n<li>M\u00e1ximo de baforadas: 7000<\/li>\n<li>Intensidade da nicotina: 50mg (5%)<\/li>\n<li>Capacidade pr\u00e9-cheia: 12,8mL<\/li>\n<li>Capacidade da bateria: 600mAh<\/li>\n<li>Porta de carregamento: USB tipo C<\/li>\n<li>Funcionamento: Ativa\u00e7\u00e3o do sorteio<\/li>\n<li>Ecr\u00e3 de visualiza\u00e7\u00e3o<\/li>\n<li>Tecnologia Quaq<\/li>\n<\/ol>\n<\/div>\n<\/div>\n<\/div>\n<\/div>\n<\/div>\n<h2><strong>Sabores dispon\u00edveis<\/strong><\/h2>\n<p>Hortel\u00e3 em flor<br \/>\nAzul Vermelho Hortel\u00e3<br \/>\nGelo Blue Razz<br \/>\nCereja da Calif\u00f3rnia<br \/>\nMel\u00e3o Ma\u00e7\u00e3<br \/>\nBeijo de manga<br \/>\nBomba de mel\u00e3o e bagas<br \/>\nFrutos mistos<br \/>\nGelo OSK<br \/>\nMaracuj\u00e1 Kiwi Lima<br \/>\nP\u00eassego Manga Melancia<br \/>\nTorta de p\u00eassego<br \/>\nGelo de anan\u00e1s e coco<br \/>\nBomba cor-de-rosa<br \/>\nPomelo Uva P\u00e9rola<br \/>\nNuvens Arco-\u00cdris<br \/>\nBanana com morango<br \/>\nMistura de bagas<br \/>\nIlha tropical<br \/>\nExplos\u00e3o de arco-\u00edris tropical<br \/>\nGelo de melancia<br \/>\nMelancia Nana Duo lce (Frozen Edition)<br \/>\nBlueberry Duo ice (Edi\u00e7\u00e3o congelada)<br \/>\nHortel\u00e3 gelada (Edi\u00e7\u00e3o congelada)<br \/>\nStrawberry Duo lce (Edi\u00e7\u00e3o congelada)<\/p>\n<p><img loading=\"lazy\" decoding=\"async\" class=\"alignnone size-full wp-image-14577\" title=\"Funky Lands TI7000 Vape descart\u00e1vel por atacado (3)\" src=\"https:\/\/www.vape4wholesale.com\/wp-content\/uploads\/2023\/11\/Funky-Lands-TI7000-Disposable-Vape-Wholesale-3.jpg\" alt=\"Funky Lands TI7000 Vape descart\u00e1vel por atacado (3)\" width=\"1280\" height=\"1280\" srcset=\"https:\/\/www.vape4wholesale.com\/wp-content\/uploads\/2023\/11\/Funky-Lands-TI7000-Disposable-Vape-Wholesale-3.jpg 1280w, https:\/\/www.vape4wholesale.com\/wp-content\/uploads\/2023\/11\/Funky-Lands-TI7000-Disposable-Vape-Wholesale-3-247x247.jpg 247w, https:\/\/www.vape4wholesale.com\/wp-content\/uploads\/2023\/11\/Funky-Lands-TI7000-Disposable-Vape-Wholesale-3-100x100.jpg 100w, https:\/\/www.vape4wholesale.com\/wp-content\/uploads\/2023\/11\/Funky-Lands-TI7000-Disposable-Vape-Wholesale-3-510x510.jpg 510w, https:\/\/www.vape4wholesale.com\/wp-content\/uploads\/2023\/11\/Funky-Lands-TI7000-Disposable-Vape-Wholesale-3-64x64.jpg 64w, https:\/\/www.vape4wholesale.com\/wp-content\/uploads\/2023\/11\/Funky-Lands-TI7000-Disposable-Vape-Wholesale-3-300x300.jpg 300w, https:\/\/www.vape4wholesale.com\/wp-content\/uploads\/2023\/11\/Funky-Lands-TI7000-Disposable-Vape-Wholesale-3-1024x1024.jpg 1024w, https:\/\/www.vape4wholesale.com\/wp-content\/uploads\/2023\/11\/Funky-Lands-TI7000-Disposable-Vape-Wholesale-3-150x150.jpg 150w, https:\/\/www.vape4wholesale.com\/wp-content\/uploads\/2023\/11\/Funky-Lands-TI7000-Disposable-Vape-Wholesale-3-768x768.jpg 768w\" sizes=\"auto, (max-width: 1280px) 100vw, 1280px\" \/><\/p>\n<p>&nbsp;<\/p>","protected":false},"excerpt":{"rendered":"[scf-template id=&#8217;11434&#8242;]\n","protected":false},"featured_media":14576,"comment_status":"open","ping_status":"closed","template":"","meta":[],"pwb-brand":[1289],"product_cat":[869],"product_tag":[22,24,178,387,651,652],"class_list":{"0":"post-14557","1":"product","2":"type-product","3":"status-publish","4":"has-post-thumbnail","6":"pwb-brand-others","7":"product_cat-5000-8000-puffs","8":"product_tag-disposable","9":"product_tag-wholesale","10":"product_tag-7000-puffs","11":"product_tag-17-0ml","12":"product_tag-funky-lands","13":"product_tag-funcy-republic","15":"first","16":"outofstock","17":"shipping-taxable","18":"purchasable","19":"product-type-variable"},"aioseo_notices":[],"brands":[{"id":1289,"name":"Outros","slug":"outros"}],"_links":{"self":[{"href":"https:\/\/www.vape4wholesale.com\/pt\/wp-json\/wp\/v2\/product\/14557","targetHints":{"allow":["GET"]}}],"collection":[{"href":"https:\/\/www.vape4wholesale.com\/pt\/wp-json\/wp\/v2\/product"}],"about":[{"href":"https:\/\/www.vape4wholesale.com\/pt\/wp-json\/wp\/v2\/types\/product"}],"replies":[{"embeddable":true,"href":"https:\/\/www.vape4wholesale.com\/pt\/wp-json\/wp\/v2\/comments?post=14557"}],"wp:featuredmedia":[{"embeddable":true,"href":"https:\/\/www.vape4wholesale.com\/pt\/wp-json\/wp\/v2\/media\/14576"}],"wp:attachment":[{"href":"https:\/\/www.vape4wholesale.com\/pt\/wp-json\/wp\/v2\/media?parent=14557"}],"wp:term":[{"taxonomy":"pwb-brand","embeddable":true,"href":"https:\/\/www.vape4wholesale.com\/pt\/wp-json\/wp\/v2\/pwb-brand?post=14557"},{"taxonomy":"product_cat","embeddable":true,"href":"https:\/\/www.vape4wholesale.com\/pt\/wp-json\/wp\/v2\/product_cat?post=14557"},{"taxonomy":"product_tag","embeddable":true,"href":"https:\/\/www.vape4wholesale.com\/pt\/wp-json\/wp\/v2\/product_tag?post=14557"}],"curies":[{"name":"wp","href":"https:\/\/api.w.org\/{rel}","templated":true}]}}