{"id":14494,"date":"2023-10-15T14:29:35","date_gmt":"2023-10-15T06:29:35","guid":{"rendered":"https:\/\/www.vape4wholesale.com\/?post_type=product&#038;p=14494"},"modified":"2026-01-26T13:42:02","modified_gmt":"2026-01-26T13:42:02","slug":"geek-bar-df8000-vape-descartavel-por-atacado","status":"publish","type":"product","link":"https:\/\/www.vape4wholesale.com\/pt\/product\/geek-bar-df8000-disposable-vape-wholesale","title":{"rendered":"Geek Bar DF8000 Vape Descart\u00e1vel Atacado"},"content":{"rendered":"<p>O Geek Bar DF8000 Disposable Vape \u00e9 um dispositivo recarreg\u00e1vel que oferece 12 sabores de fruta com uma dura\u00e7\u00e3o de at\u00e9 8000 baforadas!<\/p>\n<p>Oferece uma grande capacidade de bateria de 600mAh e uma capacidade de e-l\u00edquido de 14mL com luzes indicadoras para clarificar os n\u00edveis de bateria e e-l\u00edquido.<\/p>\n<p>Este dispositivo possui uma tecnologia de bobina de malha dupla incorporada que garante uma deliciosa distribui\u00e7\u00e3o de e-l\u00edquido.<\/p>\n<p>&nbsp;<\/p>\n<h2>Geek Bar DF8000 Disposable Vape Carater\u00edsticas:<\/h2>\n<ul>\n<li>Puffs: At\u00e9 8000 Puffs<\/li>\n<li>Bateria: 600mAh incorporada<\/li>\n<li>Porta de carregamento: Tipo C<\/li>\n<li>Capacidade do E-l\u00edquido: 14mL<\/li>\n<li>Bobina: Bobina de malha dupla - incorporada<\/li>\n<li>Indicadores: Bateria e E-l\u00edquido<\/li>\n<\/ul>\n<h2>Aromas<\/h2>\n<ol>\n<li>Algod\u00e3o doce azul<\/li>\n<li>Gelo negro<\/li>\n<li>Gelo Blue Razz<\/li>\n<li>Limonada Blue Razz<\/li>\n<li>Gelo exuberante<\/li>\n<li>Miami Mint<\/li>\n<li>Baga de p\u00eassego<\/li>\n<li>Gelo de anan\u00e1s e coco<\/li>\n<li>Uva Sakura<\/li>\n<li>Gelo de ma\u00e7\u00e3 azeda<\/li>\n<li>Morango Kiwi<\/li>\n<li>Melancia com morango<\/li>\n<li>Baga tripla lce<\/li>\n<li>Explos\u00e3o de arco-\u00edris tropical<\/li>\n<li>Pastilha el\u00e1stica de melancia<\/li>\n<\/ol>\n<p><img loading=\"lazy\" decoding=\"async\" class=\"alignnone size-full wp-image-14502\" title=\"Geek Bar DF8000 Vape descart\u00e1vel por atacado xxx\" src=\"https:\/\/www.vape4wholesale.com\/wp-content\/uploads\/2023\/10\/Geek-Bar-DF8000-Disposable-Vape-Wholesale-xxx.jpg\" alt=\"Geek Bar DF8000 Vape descart\u00e1vel por atacado xxx\" width=\"1686\" height=\"1686\" srcset=\"https:\/\/www.vape4wholesale.com\/wp-content\/uploads\/2023\/10\/Geek-Bar-DF8000-Disposable-Vape-Wholesale-xxx.jpg 1686w, https:\/\/www.vape4wholesale.com\/wp-content\/uploads\/2023\/10\/Geek-Bar-DF8000-Disposable-Vape-Wholesale-xxx-247x247.jpg 247w, https:\/\/www.vape4wholesale.com\/wp-content\/uploads\/2023\/10\/Geek-Bar-DF8000-Disposable-Vape-Wholesale-xxx-100x100.jpg 100w, https:\/\/www.vape4wholesale.com\/wp-content\/uploads\/2023\/10\/Geek-Bar-DF8000-Disposable-Vape-Wholesale-xxx-510x510.jpg 510w, https:\/\/www.vape4wholesale.com\/wp-content\/uploads\/2023\/10\/Geek-Bar-DF8000-Disposable-Vape-Wholesale-xxx-64x64.jpg 64w, https:\/\/www.vape4wholesale.com\/wp-content\/uploads\/2023\/10\/Geek-Bar-DF8000-Disposable-Vape-Wholesale-xxx-300x300.jpg 300w, https:\/\/www.vape4wholesale.com\/wp-content\/uploads\/2023\/10\/Geek-Bar-DF8000-Disposable-Vape-Wholesale-xxx-1024x1024.jpg 1024w, https:\/\/www.vape4wholesale.com\/wp-content\/uploads\/2023\/10\/Geek-Bar-DF8000-Disposable-Vape-Wholesale-xxx-150x150.jpg 150w, https:\/\/www.vape4wholesale.com\/wp-content\/uploads\/2023\/10\/Geek-Bar-DF8000-Disposable-Vape-Wholesale-xxx-768x768.jpg 768w, https:\/\/www.vape4wholesale.com\/wp-content\/uploads\/2023\/10\/Geek-Bar-DF8000-Disposable-Vape-Wholesale-xxx-1536x1536.jpg 1536w\" sizes=\"auto, (max-width: 1686px) 100vw, 1686px\" \/><\/p>","protected":false},"excerpt":{"rendered":"[scf-template id=&#8217;11434&#8242;]\n","protected":false},"featured_media":14502,"comment_status":"open","ping_status":"closed","template":"","meta":[],"pwb-brand":[1282],"product_cat":[870],"product_tag":[343,22,24,68,177],"class_list":{"0":"post-14494","1":"product","2":"type-product","3":"status-publish","4":"has-post-thumbnail","6":"pwb-brand-geekbar","7":"product_cat-8000-10000-puffs","8":"product_tag-8000-puffs","9":"product_tag-disposable","10":"product_tag-wholesale","11":"product_tag-geek-bar","12":"product_tag-14-0ml","13":"wcpa_has_options","15":"first","16":"outofstock","17":"shipping-taxable","18":"purchasable","19":"product-type-variable"},"aioseo_notices":[],"brands":[{"id":1282,"name":"Geekbar","slug":"geekbar"}],"_links":{"self":[{"href":"https:\/\/www.vape4wholesale.com\/pt\/wp-json\/wp\/v2\/product\/14494","targetHints":{"allow":["GET"]}}],"collection":[{"href":"https:\/\/www.vape4wholesale.com\/pt\/wp-json\/wp\/v2\/product"}],"about":[{"href":"https:\/\/www.vape4wholesale.com\/pt\/wp-json\/wp\/v2\/types\/product"}],"replies":[{"embeddable":true,"href":"https:\/\/www.vape4wholesale.com\/pt\/wp-json\/wp\/v2\/comments?post=14494"}],"wp:featuredmedia":[{"embeddable":true,"href":"https:\/\/www.vape4wholesale.com\/pt\/wp-json\/wp\/v2\/media\/14502"}],"wp:attachment":[{"href":"https:\/\/www.vape4wholesale.com\/pt\/wp-json\/wp\/v2\/media?parent=14494"}],"wp:term":[{"taxonomy":"pwb-brand","embeddable":true,"href":"https:\/\/www.vape4wholesale.com\/pt\/wp-json\/wp\/v2\/pwb-brand?post=14494"},{"taxonomy":"product_cat","embeddable":true,"href":"https:\/\/www.vape4wholesale.com\/pt\/wp-json\/wp\/v2\/product_cat?post=14494"},{"taxonomy":"product_tag","embeddable":true,"href":"https:\/\/www.vape4wholesale.com\/pt\/wp-json\/wp\/v2\/product_tag?post=14494"}],"curies":[{"name":"wp","href":"https:\/\/api.w.org\/{rel}","templated":true}]}}