{"id":14427,"date":"2023-10-15T12:59:45","date_gmt":"2023-10-15T04:59:45","guid":{"rendered":"https:\/\/www.vape4wholesale.com\/?post_type=product&#038;p=14427"},"modified":"2026-01-26T13:42:05","modified_gmt":"2026-01-26T13:42:05","slug":"geek-bar-meloso-max-9000-vape-descartavel-por-atacado","status":"publish","type":"product","link":"https:\/\/www.vape4wholesale.com\/pt\/product\/geek-bar-meloso-max-9000-disposable-vape-wholesale","title":{"rendered":"Geek Bar Meloso Max 9000 Vape Descart\u00e1vel Atacado"},"content":{"rendered":"<p><span style=\"font-weight: 400\">O Geek Bar Meloso Max \u00e9 um vape descart\u00e1vel de 9000 baforadas, concebido com uma bobina de malha dupla, que oferece aos utilizadores uma experi\u00eancia de vaporiza\u00e7\u00e3o suave, macia e sedosa, recarreg\u00e1vel e com uma dura\u00e7\u00e3o de at\u00e9 9000 baforadas. Na parte inferior, encontra-se uma alavanca de fluxo de ar ajust\u00e1vel e duas luzes LED que indicam a dura\u00e7\u00e3o da bateria e o n\u00edvel de e-l\u00edquido.<br \/>\n<\/span><\/p>\n<h2>Caracter\u00edsticas do Geek Bar Meloso Max 9000<\/h2>\n<ul>\n<li>5% nicotina em peso (50mg\/mL)<\/li>\n<li>9000 Puffs<\/li>\n<li>Feito com sumo eletr\u00f3nico de nicotina<\/li>\n<li>Pr\u00e9-cheio e pr\u00e9-carregado<\/li>\n<li>Fabricado na China<\/li>\n<li>Bobina de malha dupla<\/li>\n<li>Fluxo de ar ajust\u00e1vel na parte inferior<\/li>\n<li>Indicador de E-l\u00edquido: Vermelho &lt;15%, Amarelo 15-50%, Verde 50-100%<\/li>\n<li>Indicador de bateria: Vermelho &lt;20%, Azul 20-50%, Verde 50-100%<\/li>\n<\/ul>\n<h2>Flaovrs<\/h2>\n<ol>\n<li>Nascer do sol da ma\u00e7\u00e3<\/li>\n<li>Berry Trio lce<\/li>\n<li>Limpo<\/li>\n<li>Batido de coco<\/li>\n<li>Gelo de caf\u00e9 colombiano<\/li>\n<li>Hortel\u00e3 fresca<\/li>\n<li>Gelo de mel\u00e3o Fuji<\/li>\n<li>Ginger Ale<\/li>\n<li>Monstro Verde<\/li>\n<li>Meta Lua<\/li>\n<li>M\u00e9xico Manga<\/li>\n<li>Nectarina<\/li>\n<li>Gelo de p\u00eassego<\/li>\n<li>Purple Haze<\/li>\n<li>Gelo de ma\u00e7\u00e3 azeda<\/li>\n<li>Congelamento de pedras<\/li>\n<li>Gelo de morango<\/li>\n<li>Manga com morango<\/li>\n<li>Melancia com morango<\/li>\n<li>Explos\u00e3o de arco-\u00edris tropical<\/li>\n<li>Gelo de melancia<\/li>\n<\/ol>\n<p><img loading=\"lazy\" decoding=\"async\" class=\"alignnone size-full wp-image-14437\" title=\"Vis\u00e3o geral do Geek Bar Meloso Max Disposable Vape\" src=\"https:\/\/www.vape4wholesale.com\/wp-content\/uploads\/2023\/10\/Geek-Bar-Meloso-Max-Disposable-Vape-overview.jpg\" alt=\"Vis\u00e3o geral do Geek Bar Meloso Max Disposable Vape\" width=\"800\" height=\"800\" srcset=\"https:\/\/www.vape4wholesale.com\/wp-content\/uploads\/2023\/10\/Geek-Bar-Meloso-Max-Disposable-Vape-overview.jpg 800w, https:\/\/www.vape4wholesale.com\/wp-content\/uploads\/2023\/10\/Geek-Bar-Meloso-Max-Disposable-Vape-overview-247x247.jpg 247w, https:\/\/www.vape4wholesale.com\/wp-content\/uploads\/2023\/10\/Geek-Bar-Meloso-Max-Disposable-Vape-overview-100x100.jpg 100w, https:\/\/www.vape4wholesale.com\/wp-content\/uploads\/2023\/10\/Geek-Bar-Meloso-Max-Disposable-Vape-overview-510x510.jpg 510w, https:\/\/www.vape4wholesale.com\/wp-content\/uploads\/2023\/10\/Geek-Bar-Meloso-Max-Disposable-Vape-overview-64x64.jpg 64w, https:\/\/www.vape4wholesale.com\/wp-content\/uploads\/2023\/10\/Geek-Bar-Meloso-Max-Disposable-Vape-overview-300x300.jpg 300w, https:\/\/www.vape4wholesale.com\/wp-content\/uploads\/2023\/10\/Geek-Bar-Meloso-Max-Disposable-Vape-overview-150x150.jpg 150w, https:\/\/www.vape4wholesale.com\/wp-content\/uploads\/2023\/10\/Geek-Bar-Meloso-Max-Disposable-Vape-overview-768x768.jpg 768w\" sizes=\"auto, (max-width: 800px) 100vw, 800px\" \/><\/p>","protected":false},"excerpt":{"rendered":"[scf-template id=&#8217;11434&#8242;]\n","protected":false},"featured_media":14437,"comment_status":"open","ping_status":"closed","template":"","meta":[],"pwb-brand":[1282],"product_cat":[870],"product_tag":[68,177,336,22,24],"class_list":{"0":"post-14427","1":"product","2":"type-product","3":"status-publish","4":"has-post-thumbnail","6":"pwb-brand-geekbar","7":"product_cat-8000-10000-puffs","8":"product_tag-geek-bar","9":"product_tag-14-0ml","10":"product_tag-9000-puffs","11":"product_tag-disposable","12":"product_tag-wholesale","14":"first","15":"outofstock","16":"shipping-taxable","17":"purchasable","18":"product-type-variable"},"aioseo_notices":[],"brands":[{"id":1282,"name":"Geekbar","slug":"geekbar"}],"_links":{"self":[{"href":"https:\/\/www.vape4wholesale.com\/pt\/wp-json\/wp\/v2\/product\/14427","targetHints":{"allow":["GET"]}}],"collection":[{"href":"https:\/\/www.vape4wholesale.com\/pt\/wp-json\/wp\/v2\/product"}],"about":[{"href":"https:\/\/www.vape4wholesale.com\/pt\/wp-json\/wp\/v2\/types\/product"}],"replies":[{"embeddable":true,"href":"https:\/\/www.vape4wholesale.com\/pt\/wp-json\/wp\/v2\/comments?post=14427"}],"wp:featuredmedia":[{"embeddable":true,"href":"https:\/\/www.vape4wholesale.com\/pt\/wp-json\/wp\/v2\/media\/14437"}],"wp:attachment":[{"href":"https:\/\/www.vape4wholesale.com\/pt\/wp-json\/wp\/v2\/media?parent=14427"}],"wp:term":[{"taxonomy":"pwb-brand","embeddable":true,"href":"https:\/\/www.vape4wholesale.com\/pt\/wp-json\/wp\/v2\/pwb-brand?post=14427"},{"taxonomy":"product_cat","embeddable":true,"href":"https:\/\/www.vape4wholesale.com\/pt\/wp-json\/wp\/v2\/product_cat?post=14427"},{"taxonomy":"product_tag","embeddable":true,"href":"https:\/\/www.vape4wholesale.com\/pt\/wp-json\/wp\/v2\/product_tag?post=14427"}],"curies":[{"name":"wp","href":"https:\/\/api.w.org\/{rel}","templated":true}]}}