{"id":14377,"date":"2023-10-15T10:47:18","date_gmt":"2023-10-15T02:47:18","guid":{"rendered":"https:\/\/www.vape4wholesale.com\/?post_type=product&#038;p=14377"},"modified":"2026-01-26T13:42:14","modified_gmt":"2026-01-26T13:42:14","slug":"geek-bar-b5000-vape-descartavel-por-atacado","status":"publish","type":"product","link":"https:\/\/www.vape4wholesale.com\/pt\/product\/geek-bar-b5000-disposable-vape-wholesale","title":{"rendered":"Geek Bar B5000 Vape Descart\u00e1vel Atacado"},"content":{"rendered":"<p>O Geek Bar B5000 \u00e9 um vape descart\u00e1vel de design agrad\u00e1vel, constru\u00eddo com bobina de malha e com 14ml de e-l\u00edquido de nocotina 5%, tamb\u00e9m com bateria recarreg\u00e1vel de 650mah. o Geek Bar B5000 Puffs Descart\u00e1vel 10-Pack! Este novo e inovador vape descart\u00e1vel \u00e9 perfeito para os utilizadores desfrutarem em movimento com o seu design compacto, ao mesmo tempo que fornece aos utilizadores at\u00e9 5000 Puffs de nicotina 5%. O Vape descart\u00e1vel B5000 Puffs n\u00e3o s\u00f3 facilita a sua utiliza\u00e7\u00e3o em viagem. A sua bateria recarreg\u00e1vel de 650mAh e a capacidade de 14mL de E-l\u00edquido pr\u00e9-cheio permitem aos utilizadores desfrutar de uma experi\u00eancia de vaporiza\u00e7\u00e3o potente e duradoura. Experimente a variedade de sabores dispon\u00edveis para o Geek Bar B5000 Puffs Descart\u00e1vel 10-Pack ao melhor pre\u00e7o!<\/p>\n<h2><strong>Sabores do Geek Bar B5000<\/strong><\/h2>\n<p>Ma\u00e7\u00e3 Fruta do drag\u00e3o<br \/>\nMa\u00e7\u00e3 P\u00eassego<br \/>\nTrio de gelo de bagas<br \/>\nGelo Blue Razz<br \/>\nLimonada Blue Razz<br \/>\nGelo de bagas da floresta<br \/>\nGelo de mel\u00e3o Fuji<br \/>\nGeekbull Drink Ice<br \/>\nLim\u00e3o Kiwi Dourado<br \/>\nGelo de uva<br \/>\nGelo de goiaba<br \/>\nGelo de p\u00eassego sumarento<br \/>\nKiwi Maracuj\u00e1<br \/>\nCh\u00e1 gelado de lim\u00e3o<br \/>\nMamba Ice<br \/>\nHortel\u00e3<br \/>\nP\u00eassego Manga Goiaba<br \/>\nMelancia com framboesa<br \/>\nGelo de ma\u00e7\u00e3 azeda<br \/>\nGelo de morango e banana<br \/>\nGelo de morango e kiwi<br \/>\nGelo de morango e manga<br \/>\nPastilha el\u00e1stica de morango e melancia<br \/>\nTabaco<br \/>\nExplos\u00e3o de arco-\u00edris tropical<br \/>\nPastilha el\u00e1stica de melancia<br \/>\nMelancia Cereja<br \/>\nGelo de melancia<br \/>\nMelancia Morango Coco<br \/>\nGomas de gelo brancas<\/p>\n<h2><strong>Caracter\u00edsticas:<\/strong><\/h2>\n<ul>\n<li>14mL de capacidade de E-l\u00edquido pr\u00e9-cheio<\/li>\n<li>5% Nicotina<\/li>\n<li>Bateria recarreg\u00e1vel de 650mAh<\/li>\n<li>Porta de carregamento tipo C<\/li>\n<li>Bobina de malha<\/li>\n<li>Mecanismo de ativa\u00e7\u00e3o do sorteio\n<div data-content-type=\"row\" data-appearance=\"contained\" data-element=\"main\">\n<div data-enable-parallax=\"0\" data-parallax-speed=\"0.5\" data-background-images=\"{}\" data-background-type=\"image\" data-video-loop=\"true\" data-video-play-only-visible=\"true\" data-video-lazy-load=\"true\" data-video-fallback-src=\"\" data-element=\"inner\" data-pb-style=\"UQBNVED\"><\/div>\n<\/div>\n<\/li>\n<\/ul>\n<p><img loading=\"lazy\" decoding=\"async\" class=\"alignnone size-full wp-image-14380\" title=\"Geek Bar B5000 Caixa de venda por grosso de Vape descart\u00e1vel\" src=\"https:\/\/www.vape4wholesale.com\/wp-content\/uploads\/2023\/10\/Geek-Bar-B5000-Disposable-Vape-Wholesale-Box.jpg\" alt=\"Geek Bar B5000 Caixa de venda por grosso de Vape descart\u00e1vel\" width=\"600\" height=\"600\" srcset=\"https:\/\/www.vape4wholesale.com\/wp-content\/uploads\/2023\/10\/Geek-Bar-B5000-Disposable-Vape-Wholesale-Box.jpg 600w, https:\/\/www.vape4wholesale.com\/wp-content\/uploads\/2023\/10\/Geek-Bar-B5000-Disposable-Vape-Wholesale-Box-247x247.jpg 247w, https:\/\/www.vape4wholesale.com\/wp-content\/uploads\/2023\/10\/Geek-Bar-B5000-Disposable-Vape-Wholesale-Box-100x100.jpg 100w, https:\/\/www.vape4wholesale.com\/wp-content\/uploads\/2023\/10\/Geek-Bar-B5000-Disposable-Vape-Wholesale-Box-510x510.jpg 510w, https:\/\/www.vape4wholesale.com\/wp-content\/uploads\/2023\/10\/Geek-Bar-B5000-Disposable-Vape-Wholesale-Box-64x64.jpg 64w, https:\/\/www.vape4wholesale.com\/wp-content\/uploads\/2023\/10\/Geek-Bar-B5000-Disposable-Vape-Wholesale-Box-300x300.jpg 300w, https:\/\/www.vape4wholesale.com\/wp-content\/uploads\/2023\/10\/Geek-Bar-B5000-Disposable-Vape-Wholesale-Box-150x150.jpg 150w\" sizes=\"auto, (max-width: 600px) 100vw, 600px\" \/> <img loading=\"lazy\" decoding=\"async\" class=\"alignnone size-full wp-image-14381\" title=\"Geek Bar B5000 Vape descart\u00e1vel Conte\u00fado por atacado\" src=\"https:\/\/www.vape4wholesale.com\/wp-content\/uploads\/2023\/10\/Geek-Bar-B5000-Disposable-Vape-Wholesale-Contents.jpg\" alt=\"Geek Bar B5000 Vape descart\u00e1vel Conte\u00fado por atacado\" width=\"600\" height=\"600\" srcset=\"https:\/\/www.vape4wholesale.com\/wp-content\/uploads\/2023\/10\/Geek-Bar-B5000-Disposable-Vape-Wholesale-Contents.jpg 600w, https:\/\/www.vape4wholesale.com\/wp-content\/uploads\/2023\/10\/Geek-Bar-B5000-Disposable-Vape-Wholesale-Contents-247x247.jpg 247w, https:\/\/www.vape4wholesale.com\/wp-content\/uploads\/2023\/10\/Geek-Bar-B5000-Disposable-Vape-Wholesale-Contents-100x100.jpg 100w, https:\/\/www.vape4wholesale.com\/wp-content\/uploads\/2023\/10\/Geek-Bar-B5000-Disposable-Vape-Wholesale-Contents-510x510.jpg 510w, https:\/\/www.vape4wholesale.com\/wp-content\/uploads\/2023\/10\/Geek-Bar-B5000-Disposable-Vape-Wholesale-Contents-64x64.jpg 64w, https:\/\/www.vape4wholesale.com\/wp-content\/uploads\/2023\/10\/Geek-Bar-B5000-Disposable-Vape-Wholesale-Contents-300x300.jpg 300w, https:\/\/www.vape4wholesale.com\/wp-content\/uploads\/2023\/10\/Geek-Bar-B5000-Disposable-Vape-Wholesale-Contents-150x150.jpg 150w\" sizes=\"auto, (max-width: 600px) 100vw, 600px\" \/> <img loading=\"lazy\" decoding=\"async\" class=\"alignnone size-full wp-image-14379\" title=\"Geek Bar B5000 Vape descart\u00e1vel por atacado Blue Razz Lemonade\" src=\"https:\/\/www.vape4wholesale.com\/wp-content\/uploads\/2023\/10\/Geek-Bar-B5000-Disposable-Vape-Wholesale-Blue-Razz-Lemonade.jpg\" alt=\"Geek Bar B5000 Vape descart\u00e1vel por atacado Blue Razz Lemonade\" width=\"600\" height=\"600\" srcset=\"https:\/\/www.vape4wholesale.com\/wp-content\/uploads\/2023\/10\/Geek-Bar-B5000-Disposable-Vape-Wholesale-Blue-Razz-Lemonade.jpg 600w, https:\/\/www.vape4wholesale.com\/wp-content\/uploads\/2023\/10\/Geek-Bar-B5000-Disposable-Vape-Wholesale-Blue-Razz-Lemonade-247x247.jpg 247w, https:\/\/www.vape4wholesale.com\/wp-content\/uploads\/2023\/10\/Geek-Bar-B5000-Disposable-Vape-Wholesale-Blue-Razz-Lemonade-100x100.jpg 100w, https:\/\/www.vape4wholesale.com\/wp-content\/uploads\/2023\/10\/Geek-Bar-B5000-Disposable-Vape-Wholesale-Blue-Razz-Lemonade-510x510.jpg 510w, https:\/\/www.vape4wholesale.com\/wp-content\/uploads\/2023\/10\/Geek-Bar-B5000-Disposable-Vape-Wholesale-Blue-Razz-Lemonade-64x64.jpg 64w, https:\/\/www.vape4wholesale.com\/wp-content\/uploads\/2023\/10\/Geek-Bar-B5000-Disposable-Vape-Wholesale-Blue-Razz-Lemonade-300x300.jpg 300w, https:\/\/www.vape4wholesale.com\/wp-content\/uploads\/2023\/10\/Geek-Bar-B5000-Disposable-Vape-Wholesale-Blue-Razz-Lemonade-150x150.jpg 150w\" sizes=\"auto, (max-width: 600px) 100vw, 600px\" \/><\/p>","protected":false},"excerpt":{"rendered":"[scf-template id=&#8217;11434&#8242;]\n","protected":false},"featured_media":14428,"comment_status":"open","ping_status":"closed","template":"","meta":[],"pwb-brand":[1282],"product_cat":[869],"product_tag":[24,68,177,189,22],"class_list":{"0":"post-14377","1":"product","2":"type-product","3":"status-publish","4":"has-post-thumbnail","6":"pwb-brand-geekbar","7":"product_cat-5000-8000-puffs","8":"product_tag-wholesale","9":"product_tag-geek-bar","10":"product_tag-14-0ml","11":"product_tag-5000-puffs","12":"product_tag-disposable","14":"first","15":"outofstock","16":"shipping-taxable","17":"purchasable","18":"product-type-variable"},"aioseo_notices":[],"brands":[{"id":1282,"name":"Geekbar","slug":"geekbar"}],"_links":{"self":[{"href":"https:\/\/www.vape4wholesale.com\/pt\/wp-json\/wp\/v2\/product\/14377","targetHints":{"allow":["GET"]}}],"collection":[{"href":"https:\/\/www.vape4wholesale.com\/pt\/wp-json\/wp\/v2\/product"}],"about":[{"href":"https:\/\/www.vape4wholesale.com\/pt\/wp-json\/wp\/v2\/types\/product"}],"replies":[{"embeddable":true,"href":"https:\/\/www.vape4wholesale.com\/pt\/wp-json\/wp\/v2\/comments?post=14377"}],"wp:featuredmedia":[{"embeddable":true,"href":"https:\/\/www.vape4wholesale.com\/pt\/wp-json\/wp\/v2\/media\/14428"}],"wp:attachment":[{"href":"https:\/\/www.vape4wholesale.com\/pt\/wp-json\/wp\/v2\/media?parent=14377"}],"wp:term":[{"taxonomy":"pwb-brand","embeddable":true,"href":"https:\/\/www.vape4wholesale.com\/pt\/wp-json\/wp\/v2\/pwb-brand?post=14377"},{"taxonomy":"product_cat","embeddable":true,"href":"https:\/\/www.vape4wholesale.com\/pt\/wp-json\/wp\/v2\/product_cat?post=14377"},{"taxonomy":"product_tag","embeddable":true,"href":"https:\/\/www.vape4wholesale.com\/pt\/wp-json\/wp\/v2\/product_tag?post=14377"}],"curies":[{"name":"wp","href":"https:\/\/api.w.org\/{rel}","templated":true}]}}