{"id":14354,"date":"2023-10-15T09:44:41","date_gmt":"2023-10-15T01:44:41","guid":{"rendered":"https:\/\/www.vape4wholesale.com\/?post_type=product&#038;p=14354"},"modified":"2026-01-26T13:42:17","modified_gmt":"2026-01-26T13:42:17","slug":"geek-bar-c600-vape-descartavel-por-atacado","status":"publish","type":"product","link":"https:\/\/www.vape4wholesale.com\/pt\/product\/geek-bar-c600-disposable-vape-wholesale","title":{"rendered":"Geek Bar C600 Vape descart\u00e1vel Atacado"},"content":{"rendered":"<p>Geek Bar C600 \u00e9 um mini vape descart\u00e1vel com bobina de malha no interior, 2ml de nicotina 2% e bateria n\u00e3o recarreg\u00e1vel de 500mah. Vape4wholesale Entregando a mais alta qualidade Geek bar Vape descart\u00e1vel. junte-se a n\u00f3s e compre Geek bar C600 Vape descart\u00e1vel aos melhores pre\u00e7os de atacado. bobina de malha KAl de alta qualidade dentro, o que torna o vapor suave e requintado, melhor do que muitos outros. O bocal macio funde-se com o vapor suave, pode experimentar tanto a sensa\u00e7\u00e3o suave como o s\u00f3lido golpe na garganta. Agora est\u00e1 carregado com novos sabores deliciosos da barra geek, vamos prov\u00e1-lo.<\/p>\n<h2><br data-filtered=\"filtered\" \/>Sabores do Geek Bar C600<\/h2>\n<ol>\n<li>Narguil\u00e9 de Compota de Rosa de Frutos Mistos<\/li>\n<li>Leite de coco com anan\u00e1s<\/li>\n<li>Anan\u00e1s P\u00eassego Manga<\/li>\n<li>Geleia de mirtilo com queijo<\/li>\n<li>Explos\u00e3o de Skittles Tropical<\/li>\n<li>Creme de manga e p\u00eassego<\/li>\n<li>Cheesecake de laranja<\/li>\n<li>Gelo de melancia<\/li>\n<li>Cato de t\u00edlia<\/li>\n<li>Ma\u00e7\u00e3 \u00e1cida<\/li>\n<li>Laranja Baunilha<\/li>\n<li>Hortel\u00e3 gelada polar<\/li>\n<li>Refrigerante de gengibre<\/li>\n<li>Mojito vermelho<\/li>\n<li>Cola Ice<\/li>\n<\/ol>\n<h2>Par\u00e2metros<\/h2>\n<p>Bateria: 500mAh incorporada na bateria<br data-filtered=\"filtered\" \/>E-juice: 2ml pr\u00e9-cheios<br data-filtered=\"filtered\" \/>Baforadas: At\u00e9 600 baforadas Nicotina: 20mg<br data-filtered=\"filtered\" \/>Aromas: 15<\/p>\n<p><img loading=\"lazy\" decoding=\"async\" class=\"alignnone size-full wp-image-14355\" title=\"Geek Bar C600 Vape Descart\u00e1vel Atacado.webp\" src=\"https:\/\/www.vape4wholesale.com\/wp-content\/uploads\/2023\/10\/Geek-Bar-C600-Disposable-Vape-Wholesale.webp.jpg\" alt=\"Geek Bar C600 Vape Descart\u00e1vel Atacado.webp\" width=\"600\" height=\"600\" srcset=\"https:\/\/www.vape4wholesale.com\/wp-content\/uploads\/2023\/10\/Geek-Bar-C600-Disposable-Vape-Wholesale.webp.jpg 600w, https:\/\/www.vape4wholesale.com\/wp-content\/uploads\/2023\/10\/Geek-Bar-C600-Disposable-Vape-Wholesale.webp-247x247.jpg 247w, https:\/\/www.vape4wholesale.com\/wp-content\/uploads\/2023\/10\/Geek-Bar-C600-Disposable-Vape-Wholesale.webp-100x100.jpg 100w, https:\/\/www.vape4wholesale.com\/wp-content\/uploads\/2023\/10\/Geek-Bar-C600-Disposable-Vape-Wholesale.webp-510x510.jpg 510w, https:\/\/www.vape4wholesale.com\/wp-content\/uploads\/2023\/10\/Geek-Bar-C600-Disposable-Vape-Wholesale.webp-64x64.jpg 64w, https:\/\/www.vape4wholesale.com\/wp-content\/uploads\/2023\/10\/Geek-Bar-C600-Disposable-Vape-Wholesale.webp-300x300.jpg 300w, https:\/\/www.vape4wholesale.com\/wp-content\/uploads\/2023\/10\/Geek-Bar-C600-Disposable-Vape-Wholesale.webp-150x150.jpg 150w\" sizes=\"auto, (max-width: 600px) 100vw, 600px\" \/><\/p>","protected":false},"excerpt":{"rendered":"[scf-template id=&#8217;11434&#8242;]\n","protected":false},"featured_media":14355,"comment_status":"open","ping_status":"closed","template":"","meta":[],"pwb-brand":[1282],"product_cat":[48],"product_tag":[22,24,68,118,120],"class_list":{"0":"post-14354","1":"product","2":"type-product","3":"status-publish","4":"has-post-thumbnail","6":"pwb-brand-geekbar","7":"product_cat-below-2000-puffs","8":"product_tag-disposable","9":"product_tag-wholesale","10":"product_tag-geek-bar","11":"product_tag-2-0ml","12":"product_tag-600-puffs","14":"first","15":"outofstock","16":"shipping-taxable","17":"purchasable","18":"product-type-variable"},"aioseo_notices":[],"brands":[{"id":1282,"name":"Geekbar","slug":"geekbar"}],"_links":{"self":[{"href":"https:\/\/www.vape4wholesale.com\/pt\/wp-json\/wp\/v2\/product\/14354","targetHints":{"allow":["GET"]}}],"collection":[{"href":"https:\/\/www.vape4wholesale.com\/pt\/wp-json\/wp\/v2\/product"}],"about":[{"href":"https:\/\/www.vape4wholesale.com\/pt\/wp-json\/wp\/v2\/types\/product"}],"replies":[{"embeddable":true,"href":"https:\/\/www.vape4wholesale.com\/pt\/wp-json\/wp\/v2\/comments?post=14354"}],"wp:featuredmedia":[{"embeddable":true,"href":"https:\/\/www.vape4wholesale.com\/pt\/wp-json\/wp\/v2\/media\/14355"}],"wp:attachment":[{"href":"https:\/\/www.vape4wholesale.com\/pt\/wp-json\/wp\/v2\/media?parent=14354"}],"wp:term":[{"taxonomy":"pwb-brand","embeddable":true,"href":"https:\/\/www.vape4wholesale.com\/pt\/wp-json\/wp\/v2\/pwb-brand?post=14354"},{"taxonomy":"product_cat","embeddable":true,"href":"https:\/\/www.vape4wholesale.com\/pt\/wp-json\/wp\/v2\/product_cat?post=14354"},{"taxonomy":"product_tag","embeddable":true,"href":"https:\/\/www.vape4wholesale.com\/pt\/wp-json\/wp\/v2\/product_tag?post=14354"}],"curies":[{"name":"wp","href":"https:\/\/api.w.org\/{rel}","templated":true}]}}