{"id":14303,"date":"2025-07-05T09:39:15","date_gmt":"2025-07-05T09:39:15","guid":{"rendered":"https:\/\/www.vape4wholesale.com\/?post_type=product&#038;p=14303"},"modified":"2026-03-30T11:13:04","modified_gmt":"2026-03-30T03:13:04","slug":"fumot-digital-box-12000-vape-descartavel-por-atacado","status":"publish","type":"product","link":"https:\/\/www.vape4wholesale.com\/pt\/product\/fumot-digital-box-12000-disposable-vape-wholesale","title":{"rendered":"Fumot Digital Box 12000 Vape descart\u00e1vel Atacado"},"content":{"rendered":"<p>O Fumot Digital Box 12000 \u00e9 um dispositivo vape com bateria e visor de n\u00edvel de ejuice e \u00e9 recarreg\u00e1vel. Cont\u00e9m 20 ml de sumo eletr\u00f3nico com sal de nicotina 0\/2\/3\/5% e permite vaporizar at\u00e9 12000 baforadas. Existem 12 sabores para escolher. O visor da bateria e do sumo eletr\u00f3nico permite-lhe acompanhar o estado do dispositivo em tempo real e inclui uma porta Type-C recarreg\u00e1vel na parte inferior do dispositivo, o que garante que termina sempre a \u00faltima gota do sumo eletr\u00f3nico no dep\u00f3sito.<\/p>\n<p>Cada c\u00e1psula Vape descart\u00e1vel Digital Box 12000 est\u00e1 pr\u00e9-cheia com 20 ml, o que pode durar at\u00e9 12000 baforadas. Este dispositivo Vape tem uma bateria recarreg\u00e1vel de 850mAh incorporada e uma porta de carregamento Tipo C na parte inferior. Ele mostra 6 luzes RGB ao vaporizar, o que o torna t\u00e3o legal no escuro. O interrutor de controlo do fluxo de ar pode ser ligado e desligado livremente, para que possa controlar o tamanho do fumo como quiser.<\/p>\n<h2><b data-stringify-type=\"bold\">Fumot Digital Box 12000 Vape descart\u00e1vel Caracter\u00edsticas:<\/b><\/h2>\n<ul>\n<li>Marca: Fumot<\/li>\n<li>Tipo: Caixa digital<\/li>\n<li>Puffs: 12000 Puffs<\/li>\n<li>Nicotina: 0, 2%, 3%, 5%<\/li>\n<li>Ecr\u00e3: E-l\u00edquido e bateria<\/li>\n<li>Capacidade do E-juice: 20ML<\/li>\n<li>Bateria: 850mAh (recarreg\u00e1vel)<\/li>\n<li>Porta de carregamento: Tipo C<\/li>\n<\/ul>\n<h2><b data-stringify-type=\"bold\">Sabores dispon\u00edveis:<\/b><\/h2>\n<p>1 Hortel\u00e3 fresca<br \/>\n2 Gelo de melancia<br \/>\n3 Gelo de uva<br \/>\n4 Mirtilo Framboesa<br \/>\n5 Melancia com morango<br \/>\n6 Banana com morango<br \/>\n7 Lush Ice<br \/>\n8 Cereja<br \/>\n9 Gelo de morango<br \/>\n10 Ice Pop<br \/>\n11 Limonada cor-de-rosa<br \/>\n12 Manga em gelo<br \/>\n13 Bagas mistas<br \/>\n14 Donut de morango<br \/>\n15 Morango Uva<br \/>\n16 Cherry Cola<br \/>\n17 Dr. Blue<br \/>\n18 Mirtilo em gelo<br \/>\n19 Kiwi maracuj\u00e1 goiaba<br \/>\n20 Morango kiwi<br \/>\n21 P\u00eassego manga<br \/>\n22 Gelo de p\u00eassego<br \/>\n23 Gelo de ma\u00e7\u00e3 vermelha<br \/>\n24 Pastilha el\u00e1stica de mirtilo<br \/>\n25 Limonada de bagas<br \/>\n26 Limonada Blue razz<br \/>\n27 Framboesa azul<br \/>\n28 Touro vermelho de morango<br \/>\n29 Explos\u00e3o de bagas de ma\u00e7\u00e3<br \/>\n30 Pastilha el\u00e1stica de melancia<br \/>\n31 Melancia com framboesa<br \/>\n32 Gelo negro<br \/>\n33 Mirtilo cereja amora<br \/>\n34 Pompa de morango (rom\u00e3)<br \/>\n35 Vimto<br \/>\n36 Baga de cereja<br \/>\n37 Lim\u00e3o e lima<br \/>\n38 Bingo Crush<br \/>\n39 Mirtilo kiwi<br \/>\n40 Canela de ma\u00e7\u00e3<br \/>\n41 Gelo de banana<br \/>\n42 Gelo de drag\u00e3o<br \/>\n43 Fus\u00e3o de frutas<br \/>\n44 Uva Hortel\u00e3<br \/>\n45 Amor 66<br \/>\n46 Gelo de anan\u00e1s<br \/>\n47 Red Energy Ice<br \/>\n48 Duas Ma\u00e7\u00e3s<br \/>\n49 Tabaco<br \/>\n50 Cola lce<br \/>\n51 lceTea Lemon lce<br \/>\n52 lceTea Peach lce<br \/>\n53 Goma de ursinho Blue Razz<\/p>\n<h2><strong>Embalagem e peso:<\/strong><\/h2>\n<ul>\n<li>0,095 KG\/PCS, individual com embalagem pequena<\/li>\n<li>10 unidades numa caixa m\u00e9dia<\/li>\n<li>200 PCS em caixa de cart\u00e3o<\/li>\n<\/ul>\n<figure id=\"attachment_26804\" aria-describedby=\"caption-attachment-26804\" style=\"width: 800px\" class=\"wp-caption alignnone\"><img loading=\"lazy\" decoding=\"async\" class=\"size-full wp-image-26804\" title=\"Fumot Digital 12000 Vape descart\u00e1vel por atacado Ice Pop\" src=\"https:\/\/www.vape4wholesale.com\/wp-content\/uploads\/2023\/10\/Fumot-Digital-12000-Disposable-Vape-Wholesale-Ice-Pop-1.jpg\" alt=\"Fumot Digital 12000 Vape descart\u00e1vel por atacado Ice Pop\" width=\"800\" height=\"800\" srcset=\"https:\/\/www.vape4wholesale.com\/wp-content\/uploads\/2023\/10\/Fumot-Digital-12000-Disposable-Vape-Wholesale-Ice-Pop-1.jpg 800w, https:\/\/www.vape4wholesale.com\/wp-content\/uploads\/2023\/10\/Fumot-Digital-12000-Disposable-Vape-Wholesale-Ice-Pop-1-300x300.jpg 300w, https:\/\/www.vape4wholesale.com\/wp-content\/uploads\/2023\/10\/Fumot-Digital-12000-Disposable-Vape-Wholesale-Ice-Pop-1-150x150.jpg 150w, https:\/\/www.vape4wholesale.com\/wp-content\/uploads\/2023\/10\/Fumot-Digital-12000-Disposable-Vape-Wholesale-Ice-Pop-1-768x768.jpg 768w, https:\/\/www.vape4wholesale.com\/wp-content\/uploads\/2023\/10\/Fumot-Digital-12000-Disposable-Vape-Wholesale-Ice-Pop-1-12x12.jpg 12w, https:\/\/www.vape4wholesale.com\/wp-content\/uploads\/2023\/10\/Fumot-Digital-12000-Disposable-Vape-Wholesale-Ice-Pop-1-247x247.jpg 247w, https:\/\/www.vape4wholesale.com\/wp-content\/uploads\/2023\/10\/Fumot-Digital-12000-Disposable-Vape-Wholesale-Ice-Pop-1-510x510.jpg 510w, https:\/\/www.vape4wholesale.com\/wp-content\/uploads\/2023\/10\/Fumot-Digital-12000-Disposable-Vape-Wholesale-Ice-Pop-1-100x100.jpg 100w\" sizes=\"auto, (max-width: 800px) 100vw, 800px\" \/><figcaption id=\"caption-attachment-26804\" class=\"wp-caption-text\">Fumot Digital 12000 Vape descart\u00e1vel Atacado<\/figcaption><\/figure>\n<h2>PORQU\u00ca N\u00d3S?<\/h2>\r\n<ul>\r\n<li>Fonte vape real, fi\u00e1vel e profissional.<\/li>\r\n<li>100% Garantia genu\u00edna: S\u00f3 fornecemos produtos originais e genu\u00ednos, recusamos a contrafa\u00e7\u00e3o.<\/li>\r\n<li>100% Garantia de entrega: Utilizamos o melhor m\u00e9todo de envio para garantir que recebe a encomenda 100%.<\/li>\r\n<li>Ap\u00f3s o envio, fornecer-lhe-emos o n\u00famero de acompanhamento e a etiqueta de envio e acompanharemos a mercadoria at\u00e9 que a receba.<\/li>\r\n<li>Sem problemas aduaneiros, sem direitos aduaneiros<\/li>\r\n<\/ul>","protected":false},"excerpt":{"rendered":"<div class=\"wsppc_div_block woocommerce_before_add_to_cart_form\">\r\n<p><strong><span style=\"color: #00a859;\">Passar na alf\u00e2ndega<\/span> antes da entrega e% Garantia de Entrega de 100 dias, Entrega em cerca de 19 a 25 dias.\u00a0<\/strong><\/p>\r\n<\/div>","protected":false},"featured_media":26804,"comment_status":"open","ping_status":"closed","template":"","meta":[],"pwb-brand":[1269],"product_cat":[871],"product_tag":[556,592,22,24,172],"class_list":{"0":"post-14303","1":"product","2":"type-product","3":"status-publish","4":"has-post-thumbnail","6":"pwb-brand-fumot","7":"product_cat-10-15k-puffs","8":"product_tag-12000-puffs","9":"product_tag-fumot","10":"product_tag-disposable","11":"product_tag-wholesale","12":"product_tag-20-0ml","13":"wcpa_has_options","15":"first","16":"instock","17":"featured","18":"shipping-taxable","19":"purchasable","20":"product-type-variable"},"aioseo_notices":[],"brands":[{"id":1269,"name":"Fumot","slug":"fumot"}],"_links":{"self":[{"href":"https:\/\/www.vape4wholesale.com\/pt\/wp-json\/wp\/v2\/product\/14303","targetHints":{"allow":["GET"]}}],"collection":[{"href":"https:\/\/www.vape4wholesale.com\/pt\/wp-json\/wp\/v2\/product"}],"about":[{"href":"https:\/\/www.vape4wholesale.com\/pt\/wp-json\/wp\/v2\/types\/product"}],"replies":[{"embeddable":true,"href":"https:\/\/www.vape4wholesale.com\/pt\/wp-json\/wp\/v2\/comments?post=14303"}],"wp:featuredmedia":[{"embeddable":true,"href":"https:\/\/www.vape4wholesale.com\/pt\/wp-json\/wp\/v2\/media\/26804"}],"wp:attachment":[{"href":"https:\/\/www.vape4wholesale.com\/pt\/wp-json\/wp\/v2\/media?parent=14303"}],"wp:term":[{"taxonomy":"pwb-brand","embeddable":true,"href":"https:\/\/www.vape4wholesale.com\/pt\/wp-json\/wp\/v2\/pwb-brand?post=14303"},{"taxonomy":"product_cat","embeddable":true,"href":"https:\/\/www.vape4wholesale.com\/pt\/wp-json\/wp\/v2\/product_cat?post=14303"},{"taxonomy":"product_tag","embeddable":true,"href":"https:\/\/www.vape4wholesale.com\/pt\/wp-json\/wp\/v2\/product_tag?post=14303"}],"curies":[{"name":"wp","href":"https:\/\/api.w.org\/{rel}","templated":true}]}}