{"id":14157,"date":"2023-08-20T17:17:06","date_gmt":"2023-08-20T09:17:06","guid":{"rendered":"https:\/\/www.vape4wholesale.com\/?post_type=product&#038;p=14157"},"modified":"2026-01-26T13:42:24","modified_gmt":"2026-01-26T13:42:24","slug":"elf-bar-pi9000-vape-descartavel-por-atacado","status":"publish","type":"product","link":"https:\/\/www.vape4wholesale.com\/pt\/product\/elf-bar-pi9000-disposable-vape-wholesale","title":{"rendered":"Elf Bar PI9000 Vape descart\u00e1vel Atacado"},"content":{"rendered":"<p><b>Elf Bar Pi9000 Vape descart\u00e1vel<\/b>\u00a0acomoda 19ml de e-l\u00edquido pr\u00e9-cheio, o sabor \u00e9 refinado mas forte atrav\u00e9s de uma bobina de malha integrada, e um design de for\u00e7a de nicotina 4% (40mg) pode fornecer um vapor mais suave. A bateria recarreg\u00e1vel de 650mAh suporta at\u00e9 9000 sess\u00f5es de baforadas. A sua apar\u00eancia \u00e9 semelhante a uma mini almofada, e a ponta de gotejamento transl\u00facida \u00e9 ben\u00e9fica para observar a condensa\u00e7\u00e3o. Equipado com um indicador de l\u00edquido e de bateria, o Pi9000 \u00e9 ideal para verificar o estado do dispositivo, bem como para explorar sabores leves e suculentos.<\/p>\n<h2 class=\"second-title\"><strong>Elf Bar PI9000 Caracter\u00edsticas:<\/strong><\/h2>\n<ol>\n<li>19 ml de sumo Vape pr\u00e9-cheio<\/li>\n<li>4%(40mg) Sal de Nic<\/li>\n<li>Bateria recarreg\u00e1vel de 650mAh<\/li>\n<li>Porta USB-C<\/li>\n<li>Aproximadamente 9000 Puffs<\/li>\n<li>Bobina de malha<\/li>\n<li>Ativado por sorteio<\/li>\n<li>Indicadores de l\u00edquido e bateria<\/li>\n<\/ol>\n<h2><strong>Lista de aromas:<\/strong><\/h2>\n<p>Framboesa Maracuj\u00e1 Laranja<br \/>\nElfbull de framboesa<br \/>\nBaga de rom\u00e3<br \/>\nBaga Framboesa<br \/>\nGelo de melancia<br \/>\nGelado de morango<br \/>\nGelo de morango<br \/>\nLim\u00e3o Rosa<br \/>\nGelo de p\u00eassego<br \/>\nManga<br \/>\nCasa da Moeda de Lemont<br \/>\nMa\u00e7\u00e3 verde<br \/>\nUva Framboesa<br \/>\nGelo de uva<br \/>\nGelo de Elfbull<br \/>\nMa\u00e7\u00e3 dupla<br \/>\nTabaco creme<br \/>\nCola Ice<br \/>\nGelo de mirtilo<br \/>\nGelo Blue Razz<\/p>\n<p><img loading=\"lazy\" decoding=\"async\" class=\"alignnone size-full wp-image-14162\" title=\"Elf Bar PI9000 Vape descart\u00e1vel Vis\u00e3o geral\" src=\"https:\/\/www.vape4wholesale.com\/wp-content\/uploads\/2023\/08\/Elf-Bar-PI9000-Disposable-Vape-Wholesale-overview.jpg\" alt=\"Elf Bar PI9000 Vape descart\u00e1vel Vis\u00e3o geral\" width=\"800\" height=\"800\" srcset=\"https:\/\/www.vape4wholesale.com\/wp-content\/uploads\/2023\/08\/Elf-Bar-PI9000-Disposable-Vape-Wholesale-overview.jpg 800w, https:\/\/www.vape4wholesale.com\/wp-content\/uploads\/2023\/08\/Elf-Bar-PI9000-Disposable-Vape-Wholesale-overview-247x247.jpg 247w, https:\/\/www.vape4wholesale.com\/wp-content\/uploads\/2023\/08\/Elf-Bar-PI9000-Disposable-Vape-Wholesale-overview-100x100.jpg 100w, https:\/\/www.vape4wholesale.com\/wp-content\/uploads\/2023\/08\/Elf-Bar-PI9000-Disposable-Vape-Wholesale-overview-510x510.jpg 510w, https:\/\/www.vape4wholesale.com\/wp-content\/uploads\/2023\/08\/Elf-Bar-PI9000-Disposable-Vape-Wholesale-overview-64x64.jpg 64w, https:\/\/www.vape4wholesale.com\/wp-content\/uploads\/2023\/08\/Elf-Bar-PI9000-Disposable-Vape-Wholesale-overview-300x300.jpg 300w, https:\/\/www.vape4wholesale.com\/wp-content\/uploads\/2023\/08\/Elf-Bar-PI9000-Disposable-Vape-Wholesale-overview-150x150.jpg 150w, https:\/\/www.vape4wholesale.com\/wp-content\/uploads\/2023\/08\/Elf-Bar-PI9000-Disposable-Vape-Wholesale-overview-768x768.jpg 768w\" sizes=\"auto, (max-width: 800px) 100vw, 800px\" \/><\/p>","protected":false},"excerpt":{"rendered":"[scf-template id=&#8217;11434&#8242;]\n<p>100% Original Elf Bar with QR Code<\/p>\n","protected":false},"featured_media":14162,"comment_status":"open","ping_status":"closed","template":"","meta":[],"pwb-brand":[1278],"product_cat":[870],"product_tag":[336,574,22,24,60],"class_list":{"0":"post-14157","1":"product","2":"type-product","3":"status-publish","4":"has-post-thumbnail","6":"pwb-brand-elf-bar","7":"product_cat-8000-10000-puffs","8":"product_tag-9000-puffs","9":"product_tag-19-0ml","10":"product_tag-disposable","11":"product_tag-wholesale","12":"product_tag-elf-bar","14":"first","15":"outofstock","16":"shipping-taxable","17":"purchasable","18":"product-type-variable"},"aioseo_notices":[],"brands":[{"id":1278,"name":"Bar dos duendes","slug":"bar-dos-elfos"}],"_links":{"self":[{"href":"https:\/\/www.vape4wholesale.com\/pt\/wp-json\/wp\/v2\/product\/14157","targetHints":{"allow":["GET"]}}],"collection":[{"href":"https:\/\/www.vape4wholesale.com\/pt\/wp-json\/wp\/v2\/product"}],"about":[{"href":"https:\/\/www.vape4wholesale.com\/pt\/wp-json\/wp\/v2\/types\/product"}],"replies":[{"embeddable":true,"href":"https:\/\/www.vape4wholesale.com\/pt\/wp-json\/wp\/v2\/comments?post=14157"}],"wp:featuredmedia":[{"embeddable":true,"href":"https:\/\/www.vape4wholesale.com\/pt\/wp-json\/wp\/v2\/media\/14162"}],"wp:attachment":[{"href":"https:\/\/www.vape4wholesale.com\/pt\/wp-json\/wp\/v2\/media?parent=14157"}],"wp:term":[{"taxonomy":"pwb-brand","embeddable":true,"href":"https:\/\/www.vape4wholesale.com\/pt\/wp-json\/wp\/v2\/pwb-brand?post=14157"},{"taxonomy":"product_cat","embeddable":true,"href":"https:\/\/www.vape4wholesale.com\/pt\/wp-json\/wp\/v2\/product_cat?post=14157"},{"taxonomy":"product_tag","embeddable":true,"href":"https:\/\/www.vape4wholesale.com\/pt\/wp-json\/wp\/v2\/product_tag?post=14157"}],"curies":[{"name":"wp","href":"https:\/\/api.w.org\/{rel}","templated":true}]}}