{"id":14107,"date":"2023-08-13T12:32:13","date_gmt":"2023-08-13T04:32:13","guid":{"rendered":"https:\/\/www.vape4wholesale.com\/?post_type=product&#038;p=14107"},"modified":"2026-01-26T13:42:27","modified_gmt":"2026-01-26T13:42:27","slug":"bang-bc5000-caixa-vape-descartavel-por-atacado","status":"publish","type":"product","link":"https:\/\/www.vape4wholesale.com\/pt\/product\/bang-bc5000-box-disposable-vape-wholesale","title":{"rendered":"Bang BC5000 Caixa descart\u00e1vel Vape Atacado"},"content":{"rendered":"<p>O Bang BC5000 Box \u00e9 a segunda gera\u00e7\u00e3o actualizada da vers\u00e3o antiga, vem com bateria integrada de 650mah com 13ml de el\u00edquido, a for\u00e7a da nicotina \u00e9 5%, suporta no m\u00e1ximo 5000 puffs.<\/p>\n<h2>Bang BC5000 Caixa descart\u00e1vel Vape Detalhe r\u00e1pido<\/h2>\n<ol>\n<li>Puffs: 5000<\/li>\n<li>Sal de nicotina: 5%<\/li>\n<li>Capacidade do l\u00edquido: 13ML<\/li>\n<li>Resist\u00eancia: 1,2 ohm Malha<\/li>\n<li>Peso do corpo: 52g<\/li>\n<li>Tamanho da caixa: 52,3*38*28,5cm<\/li>\n<li>Peso da caixa: 16,5kg\/ 300 PCS<\/li>\n<li>Porta de carregamento: Tipo C<\/li>\n<\/ol>\n<h2>Aromas<\/h2>\n<ol>\n<li>Gelo Blue Razz<\/li>\n<li>Gelo de mirtilo<\/li>\n<li>Mirtilo Lim\u00e3o<\/li>\n<li>Cola Ice<\/li>\n<li>Energia<\/li>\n<li>Urso de goma<\/li>\n<li>Kiwi Maracuj\u00e1 Goiaba<\/li>\n<li>Hortel\u00e3-lim\u00e3o<\/li>\n<li>Manga P\u00eassego<\/li>\n<li>Sumo de laranja<\/li>\n<li>Gelo de p\u00eassego<\/li>\n<li>P\u00eassego Manga Melancia<\/li>\n<li>Anan\u00e1s de coco<\/li>\n<li>Uva Sakura<\/li>\n<li>Ma\u00e7\u00e3 \u00c1cida Framboesa<\/li>\n<li>Banana com morango<\/li>\n<li>Gelo de morango<\/li>\n<li>Morango Kiwi<\/li>\n<li>Manga com morango<\/li>\n<li>Melancia com morango<\/li>\n<li>Bagas triplas<\/li>\n<li>Explos\u00e3o de arco-\u00edris tropical<\/li>\n<li>Pastilha el\u00e1stica de melancia<\/li>\n<li>Gelo de melancia<\/li>\n<\/ol>\n<p><img loading=\"lazy\" decoding=\"async\" class=\"alignnone size-full wp-image-14134\" title=\"Bang BC5000 BOX Vape descart\u00e1vel Venda por grosso de todos os sabores\" src=\"https:\/\/www.vape4wholesale.com\/wp-content\/uploads\/2023\/08\/Bang-BC5000-BOX-Disposable-Vape-Wholesale-All-Flavors.webp\" alt=\"Bang BC5000 BOX Vape descart\u00e1vel Venda por grosso de todos os sabores\" width=\"1280\" height=\"1414\" srcset=\"https:\/\/www.vape4wholesale.com\/wp-content\/uploads\/2023\/08\/Bang-BC5000-BOX-Disposable-Vape-Wholesale-All-Flavors.webp 1280w, https:\/\/www.vape4wholesale.com\/wp-content\/uploads\/2023\/08\/Bang-BC5000-BOX-Disposable-Vape-Wholesale-All-Flavors-510x563.webp 510w, https:\/\/www.vape4wholesale.com\/wp-content\/uploads\/2023\/08\/Bang-BC5000-BOX-Disposable-Vape-Wholesale-All-Flavors-64x71.webp 64w, https:\/\/www.vape4wholesale.com\/wp-content\/uploads\/2023\/08\/Bang-BC5000-BOX-Disposable-Vape-Wholesale-All-Flavors-272x300.webp 272w, https:\/\/www.vape4wholesale.com\/wp-content\/uploads\/2023\/08\/Bang-BC5000-BOX-Disposable-Vape-Wholesale-All-Flavors-927x1024.webp 927w, https:\/\/www.vape4wholesale.com\/wp-content\/uploads\/2023\/08\/Bang-BC5000-BOX-Disposable-Vape-Wholesale-All-Flavors-768x848.webp 768w\" sizes=\"auto, (max-width: 1280px) 100vw, 1280px\" \/> <img loading=\"lazy\" decoding=\"async\" class=\"size-full wp-image-14135 aligncenter\" title=\"Bang BC5000 CAIXA DE VAPE DESCART\u00c1VEL VENDA POR GROSSO\" src=\"https:\/\/www.vape4wholesale.com\/wp-content\/uploads\/2023\/08\/Bang-BC5000-BOX-DISPOSABLE-VAPE-WHOLESALE.jpg\" alt=\"Bang BC5000 CAIXA DE VAPE DESCART\u00c1VEL VENDA POR GROSSO\" width=\"800\" height=\"800\" srcset=\"https:\/\/www.vape4wholesale.com\/wp-content\/uploads\/2023\/08\/Bang-BC5000-BOX-DISPOSABLE-VAPE-WHOLESALE.jpg 800w, https:\/\/www.vape4wholesale.com\/wp-content\/uploads\/2023\/08\/Bang-BC5000-BOX-DISPOSABLE-VAPE-WHOLESALE-247x247.jpg 247w, https:\/\/www.vape4wholesale.com\/wp-content\/uploads\/2023\/08\/Bang-BC5000-BOX-DISPOSABLE-VAPE-WHOLESALE-100x100.jpg 100w, https:\/\/www.vape4wholesale.com\/wp-content\/uploads\/2023\/08\/Bang-BC5000-BOX-DISPOSABLE-VAPE-WHOLESALE-510x510.jpg 510w, https:\/\/www.vape4wholesale.com\/wp-content\/uploads\/2023\/08\/Bang-BC5000-BOX-DISPOSABLE-VAPE-WHOLESALE-64x64.jpg 64w, https:\/\/www.vape4wholesale.com\/wp-content\/uploads\/2023\/08\/Bang-BC5000-BOX-DISPOSABLE-VAPE-WHOLESALE-300x300.jpg 300w, https:\/\/www.vape4wholesale.com\/wp-content\/uploads\/2023\/08\/Bang-BC5000-BOX-DISPOSABLE-VAPE-WHOLESALE-150x150.jpg 150w, https:\/\/www.vape4wholesale.com\/wp-content\/uploads\/2023\/08\/Bang-BC5000-BOX-DISPOSABLE-VAPE-WHOLESALE-768x768.jpg 768w\" sizes=\"auto, (max-width: 800px) 100vw, 800px\" \/> <img loading=\"lazy\" decoding=\"async\" class=\"size-full wp-image-14133 aligncenter\" title=\"Bang VAPE BC5000 BOX VAPE VENDA POR GROSSO\" src=\"https:\/\/www.vape4wholesale.com\/wp-content\/uploads\/2023\/08\/Bang-VAPE-BC5000-BOX-VAPE-WHOLESALE.jpg\" alt=\"Bang VAPE BC5000 BOX VAPE VENDA POR GROSSO\" width=\"800\" height=\"800\" srcset=\"https:\/\/www.vape4wholesale.com\/wp-content\/uploads\/2023\/08\/Bang-VAPE-BC5000-BOX-VAPE-WHOLESALE.jpg 800w, https:\/\/www.vape4wholesale.com\/wp-content\/uploads\/2023\/08\/Bang-VAPE-BC5000-BOX-VAPE-WHOLESALE-247x247.jpg 247w, https:\/\/www.vape4wholesale.com\/wp-content\/uploads\/2023\/08\/Bang-VAPE-BC5000-BOX-VAPE-WHOLESALE-100x100.jpg 100w, https:\/\/www.vape4wholesale.com\/wp-content\/uploads\/2023\/08\/Bang-VAPE-BC5000-BOX-VAPE-WHOLESALE-510x510.jpg 510w, https:\/\/www.vape4wholesale.com\/wp-content\/uploads\/2023\/08\/Bang-VAPE-BC5000-BOX-VAPE-WHOLESALE-64x64.jpg 64w, https:\/\/www.vape4wholesale.com\/wp-content\/uploads\/2023\/08\/Bang-VAPE-BC5000-BOX-VAPE-WHOLESALE-300x300.jpg 300w, https:\/\/www.vape4wholesale.com\/wp-content\/uploads\/2023\/08\/Bang-VAPE-BC5000-BOX-VAPE-WHOLESALE-150x150.jpg 150w, https:\/\/www.vape4wholesale.com\/wp-content\/uploads\/2023\/08\/Bang-VAPE-BC5000-BOX-VAPE-WHOLESALE-768x768.jpg 768w\" sizes=\"auto, (max-width: 800px) 100vw, 800px\" \/> <img loading=\"lazy\" decoding=\"async\" class=\"size-full wp-image-14132 aligncenter\" title=\"Bang BC5000 BOX VAPE Atacado\" src=\"https:\/\/www.vape4wholesale.com\/wp-content\/uploads\/2023\/08\/Bang-BC5000-BOX-VAPE-Wholesale.jpg\" alt=\"Bang BC5000 BOX VAPE Atacado\" width=\"800\" height=\"800\" srcset=\"https:\/\/www.vape4wholesale.com\/wp-content\/uploads\/2023\/08\/Bang-BC5000-BOX-VAPE-Wholesale.jpg 800w, https:\/\/www.vape4wholesale.com\/wp-content\/uploads\/2023\/08\/Bang-BC5000-BOX-VAPE-Wholesale-247x247.jpg 247w, https:\/\/www.vape4wholesale.com\/wp-content\/uploads\/2023\/08\/Bang-BC5000-BOX-VAPE-Wholesale-100x100.jpg 100w, https:\/\/www.vape4wholesale.com\/wp-content\/uploads\/2023\/08\/Bang-BC5000-BOX-VAPE-Wholesale-510x510.jpg 510w, https:\/\/www.vape4wholesale.com\/wp-content\/uploads\/2023\/08\/Bang-BC5000-BOX-VAPE-Wholesale-64x64.jpg 64w, https:\/\/www.vape4wholesale.com\/wp-content\/uploads\/2023\/08\/Bang-BC5000-BOX-VAPE-Wholesale-300x300.jpg 300w, https:\/\/www.vape4wholesale.com\/wp-content\/uploads\/2023\/08\/Bang-BC5000-BOX-VAPE-Wholesale-150x150.jpg 150w, https:\/\/www.vape4wholesale.com\/wp-content\/uploads\/2023\/08\/Bang-BC5000-BOX-VAPE-Wholesale-768x768.jpg 768w\" sizes=\"auto, (max-width: 800px) 100vw, 800px\" \/><\/p>\n<div class=\"accordion\">\n\t<div id=\"accordion-2930362439\" class=\"accordion-item\">\n\t\t<a id=\"accordion-2930362439-label\" class=\"accordion-title plain\" href=\"#accordion-item-new-flavors\" aria-expanded=\"false\" aria-controls=\"accordion-2930362439-content\">\n\t\t\t<button class=\"toggle\" aria-label=\"Alternar\"><i class=\"icon-angle-down\" aria-hidden=\"true\"><\/i><\/button>\n\t\t\t<span>Novos sabores<\/span>\n\t\t<\/a>\n\t\t<div id=\"accordion-2930362439-content\" class=\"accordion-inner\" aria-labelledby=\"accordion-2930362439-label\">\n\t\t\t\n<table width=\"295\">\n<tbody>\n<tr>\n<td width=\"295\">Drag\u00e3o negro de gelo<\/td>\n<\/tr>\n<tr>\n<td>Gelo Blue Razz<\/td>\n<\/tr>\n<tr>\n<td>Gelo de mirtilo<\/td>\n<\/tr>\n<tr>\n<td>Cola Ice<\/td>\n<\/tr>\n<tr>\n<td>Energia<\/td>\n<\/tr>\n<tr>\n<td>Urso de goma<\/td>\n<\/tr>\n<tr>\n<td>Kiwi Maracuj\u00e1 Goiaba<\/td>\n<\/tr>\n<tr>\n<td>Manga P\u00eassego<\/td>\n<\/tr>\n<tr>\n<td>Gelo de manga mexicano<\/td>\n<\/tr>\n<tr>\n<td>Miami Mint<\/td>\n<\/tr>\n<tr>\n<td>Bagas mistas<\/td>\n<\/tr>\n<tr>\n<td>Sumo de laranja<\/td>\n<\/tr>\n<tr>\n<td>Gelo de p\u00eassego<\/td>\n<\/tr>\n<tr>\n<td>Uva Sakura<\/td>\n<\/tr>\n<tr>\n<td>Ma\u00e7\u00e3 \u00c1cida Framboesa<\/td>\n<\/tr>\n<tr>\n<td>Banana com morango<\/td>\n<\/tr>\n<tr>\n<td>Gelo de morango<\/td>\n<\/tr>\n<tr>\n<td>Morango Kiwi<\/td>\n<\/tr>\n<tr>\n<td>Manga com morango<\/td>\n<\/tr>\n<tr>\n<td>Melancia com morango<\/td>\n<\/tr>\n<tr>\n<td>Gelo de bagas triplo<\/td>\n<\/tr>\n<tr>\n<td>Explos\u00e3o de arco-\u00edris tropical<\/td>\n<\/tr>\n<tr>\n<td>Pastilha el\u00e1stica de melancia<\/td>\n<\/tr>\n<tr>\n<td>Gelo de melancia<\/td>\n<\/tr>\n<\/tbody>\n<\/table>\n\t\t<\/div>\n\t<\/div>\n\t\n<\/div>","protected":false},"excerpt":{"rendered":"[scf-template id=&#8217;11434&#8242;]\n<p>This product is recently out of stock, please click the link below to order another similar product!<\/p>\n<p>https:\/\/www.vape4wholesale.com\/product\/bang-bc5000-disposable-vape-wholesale<\/p>\n","protected":false},"featured_media":14135,"comment_status":"open","ping_status":"closed","template":"","meta":[],"pwb-brand":[1275],"product_cat":[869],"product_tag":[22,24,189,249,285],"class_list":{"0":"post-14107","1":"product","2":"type-product","3":"status-publish","4":"has-post-thumbnail","6":"pwb-brand-bang","7":"product_cat-5000-8000-puffs","8":"product_tag-disposable","9":"product_tag-wholesale","10":"product_tag-5000-puffs","11":"product_tag-bang","12":"product_tag-13-0ml","13":"wcpa_has_options","15":"first","16":"outofstock","17":"shipping-taxable","18":"purchasable","19":"product-type-variable"},"aioseo_notices":[],"brands":[{"id":1275,"name":"Pancada","slug":"pancada"}],"_links":{"self":[{"href":"https:\/\/www.vape4wholesale.com\/pt\/wp-json\/wp\/v2\/product\/14107","targetHints":{"allow":["GET"]}}],"collection":[{"href":"https:\/\/www.vape4wholesale.com\/pt\/wp-json\/wp\/v2\/product"}],"about":[{"href":"https:\/\/www.vape4wholesale.com\/pt\/wp-json\/wp\/v2\/types\/product"}],"replies":[{"embeddable":true,"href":"https:\/\/www.vape4wholesale.com\/pt\/wp-json\/wp\/v2\/comments?post=14107"}],"wp:featuredmedia":[{"embeddable":true,"href":"https:\/\/www.vape4wholesale.com\/pt\/wp-json\/wp\/v2\/media\/14135"}],"wp:attachment":[{"href":"https:\/\/www.vape4wholesale.com\/pt\/wp-json\/wp\/v2\/media?parent=14107"}],"wp:term":[{"taxonomy":"pwb-brand","embeddable":true,"href":"https:\/\/www.vape4wholesale.com\/pt\/wp-json\/wp\/v2\/pwb-brand?post=14107"},{"taxonomy":"product_cat","embeddable":true,"href":"https:\/\/www.vape4wholesale.com\/pt\/wp-json\/wp\/v2\/product_cat?post=14107"},{"taxonomy":"product_tag","embeddable":true,"href":"https:\/\/www.vape4wholesale.com\/pt\/wp-json\/wp\/v2\/product_tag?post=14107"}],"curies":[{"name":"wp","href":"https:\/\/api.w.org\/{rel}","templated":true}]}}