{"id":14081,"date":"2023-08-13T11:17:36","date_gmt":"2023-08-13T03:17:36","guid":{"rendered":"https:\/\/www.vape4wholesale.com\/?post_type=product&#038;p=14081"},"modified":"2026-01-26T13:42:29","modified_gmt":"2026-01-26T13:42:29","slug":"elf-bar-cr5000-vape-descartavel-por-atacado","status":"publish","type":"product","link":"https:\/\/www.vape4wholesale.com\/pt\/product\/elf-bar-cr5000-disposable-vape-wholesale","title":{"rendered":"Elf Bar CR5000 Vape descart\u00e1vel Atacado"},"content":{"rendered":"<p>Vape descart\u00e1vel Elf Bar CR5000, alimentado por uma bateria de 650 mAh incorporada. Uma superf\u00edcie lisa numa forma elegante oferece um ajuste confort\u00e1vel na boca e uma excelente ader\u00eancia. A bobina de malha proporciona uma melhoria extrema do sabor e aumenta at\u00e9 5000 baforadas com o carregamento tipo C.<\/p>\n<h2><strong>Desempenho da Elf Bar CR5000<\/strong><\/h2>\n<p>O ELFBAR CR5000 est\u00e1 equipado com uma bateria de alta capacidade que garante sess\u00f5es de vaporiza\u00e7\u00e3o de longa dura\u00e7\u00e3o. Quer seja um vaporizador ocasional ou algu\u00e9m que gosta de vaporizar ao longo do dia, este dispositivo tem tudo o que precisa. A potente bateria tamb\u00e9m garante um desempenho consistente, proporcionando uma experi\u00eancia de vaporiza\u00e7\u00e3o suave e satisfat\u00f3ria em cada tragada.<\/p>\n<h2>A conveni\u00eancia no seu melhor<\/h2>\n<p>Uma das carater\u00edsticas de destaque do ELFBAR CR5000 \u00e9 a sua natureza descart\u00e1vel. N\u00e3o h\u00e1 necessidade de se preocupar com o reabastecimento de e-l\u00edquido ou com a substitui\u00e7\u00e3o de bobinas. Basta utilizar o dispositivo at\u00e9 que a bateria se esgote ou o e-l\u00edquido acabe, e depois elimin\u00e1-lo de forma respons\u00e1vel. Isto torna-o uma op\u00e7\u00e3o perfeita para os vapers que est\u00e3o sempre em movimento ou para aqueles que preferem uma vaporiza\u00e7\u00e3o sem complica\u00e7\u00f5es.<\/p>\n<h2>Op\u00e7\u00f5es de sabores \u00fanicos<\/h2>\n<p>O ELFBAR CR5000 oferece uma vasta gama de deliciosas op\u00e7\u00f5es de sabores para agradar a todos os paladares. Desde sabores frutados como manga e morango a op\u00e7\u00f5es cl\u00e1ssicas de tabaco e mentol, h\u00e1 algo para todos. Cada sabor \u00e9 cuidadosamente elaborado para proporcionar uma experi\u00eancia de vaporiza\u00e7\u00e3o aut\u00eantica e agrad\u00e1vel.<\/p>\n<h2>Design compacto e elegante<\/h2>\n<p>O ELFBAR CR5000 possui um design fino e compacto, tornando-o f\u00e1cil de transportar no bolso ou na mala. O seu aspeto elegante e moderno d\u00e1 um toque de estilo \u00e0 sua experi\u00eancia de vaporiza\u00e7\u00e3o. Quer esteja a sair com os amigos ou a viajar, este dispositivo \u00e9 pr\u00e1tico e est\u00e1 na moda.<\/p>\n<h2>Conclus\u00e3o<\/h2>\n<p>Se procura um vape descart\u00e1vel potente, pr\u00e1tico e com estilo, o ELFBAR CR5000 \u00e9 a escolha perfeita. Com uma bateria de longa dura\u00e7\u00e3o, uma vasta gama de sabores e um design elegante, oferece tudo o que \u00e9 necess\u00e1rio para uma experi\u00eancia de vaporiza\u00e7\u00e3o agrad\u00e1vel. Experimente o ELFBAR CR5000 hoje mesmo e descubra um novo n\u00edvel de satisfa\u00e7\u00e3o ao vaporizar.<\/p>\n<p>&nbsp;<\/p>\n<h2><strong>Elf Bar CR5000 Carater\u00edsticas:<\/strong><\/h2>\n<ul>\n<li><strong>Capacidade de E-l\u00edquido:<\/strong>\u00a013,5 ml pr\u00e9-cheios<\/li>\n<li><strong>Concentra\u00e7\u00e3o de nicotina<\/strong>: 5%<\/li>\n<li><strong>Contagem de baforadas:<\/strong>\u00a0Aproximadamente 5000 Puffs<\/li>\n<li>Recarreg\u00e1vel<\/li>\n<li><strong>Capacidade da casa de banho:<\/strong>\u00a0650mah<\/li>\n<li><strong>Tipo Usb:<\/strong>\u00a0Tipo-c<\/li>\n<li><strong>Elemento de aquecimento:<\/strong>\u00a0Bobina de malha<\/li>\n<li>Design cristalino<\/li>\n<\/ul>\n<h2><strong>Elf Bar CR5000 Sabores:<\/strong><\/h2>\n<ul>\n<li>Melancia<\/li>\n<li>Manga com morango<\/li>\n<li>Gelado de morango<\/li>\n<li>Melancia com framboesa<\/li>\n<li>P\u00eassego Morango Melancia<\/li>\n<li>Gelo de p\u00eassego<\/li>\n<li>Gelo de manga<\/li>\n<li>Kiwi Maracuj\u00e1 Goiaba<\/li>\n<li>Arando Uva<\/li>\n<li>Lim\u00e3o-cereja<\/li>\n<li>Mirtilo Framboesa Rom\u00e3<\/li>\n<li>Limonada Blue Razz<\/li>\n<\/ul>","protected":false},"excerpt":{"rendered":"[scf-template id=&#8217;11434&#8242;]\n","protected":false},"featured_media":14095,"comment_status":"open","ping_status":"closed","template":"","meta":[],"pwb-brand":[1278],"product_cat":[869],"product_tag":[189,515,22,24,60],"class_list":{"0":"post-14081","1":"product","2":"type-product","3":"status-publish","4":"has-post-thumbnail","6":"pwb-brand-elf-bar","7":"product_cat-5000-8000-puffs","8":"product_tag-5000-puffs","9":"product_tag-13-5ml","10":"product_tag-disposable","11":"product_tag-wholesale","12":"product_tag-elf-bar","14":"first","15":"outofstock","16":"shipping-taxable","17":"purchasable","18":"product-type-variable"},"aioseo_notices":[],"brands":[{"id":1278,"name":"Bar dos duendes","slug":"bar-dos-elfos"}],"_links":{"self":[{"href":"https:\/\/www.vape4wholesale.com\/pt\/wp-json\/wp\/v2\/product\/14081","targetHints":{"allow":["GET"]}}],"collection":[{"href":"https:\/\/www.vape4wholesale.com\/pt\/wp-json\/wp\/v2\/product"}],"about":[{"href":"https:\/\/www.vape4wholesale.com\/pt\/wp-json\/wp\/v2\/types\/product"}],"replies":[{"embeddable":true,"href":"https:\/\/www.vape4wholesale.com\/pt\/wp-json\/wp\/v2\/comments?post=14081"}],"wp:featuredmedia":[{"embeddable":true,"href":"https:\/\/www.vape4wholesale.com\/pt\/wp-json\/wp\/v2\/media\/14095"}],"wp:attachment":[{"href":"https:\/\/www.vape4wholesale.com\/pt\/wp-json\/wp\/v2\/media?parent=14081"}],"wp:term":[{"taxonomy":"pwb-brand","embeddable":true,"href":"https:\/\/www.vape4wholesale.com\/pt\/wp-json\/wp\/v2\/pwb-brand?post=14081"},{"taxonomy":"product_cat","embeddable":true,"href":"https:\/\/www.vape4wholesale.com\/pt\/wp-json\/wp\/v2\/product_cat?post=14081"},{"taxonomy":"product_tag","embeddable":true,"href":"https:\/\/www.vape4wholesale.com\/pt\/wp-json\/wp\/v2\/product_tag?post=14081"}],"curies":[{"name":"wp","href":"https:\/\/api.w.org\/{rel}","templated":true}]}}