{"id":13984,"date":"2023-07-06T00:00:58","date_gmt":"2023-07-05T16:00:58","guid":{"rendered":"https:\/\/www.vape4wholesale.com\/?post_type=product&#038;p=13984"},"modified":"2026-01-26T13:42:31","modified_gmt":"2026-01-26T13:42:31","slug":"bang-king-12000-puffs-vape-descartavel-por-atacado","status":"publish","type":"product","link":"https:\/\/www.vape4wholesale.com\/pt\/product\/bang-king-12000-puffs-disposable-vape-wholesale","title":{"rendered":"Bang King 12000 Puffs Vape Descart\u00e1vel Atacado"},"content":{"rendered":"<p>O Bang King 12000 \u00e9 um vape descart\u00e1vel s\u00f3lido&amp; enorme, que ganhou popularidade pela sua extraordin\u00e1ria capacidade, desempenho gustativo e uma vasta sele\u00e7\u00e3o de sentidos. Muitos f\u00e3s consideram que a marca Bang Vape oferece alguns dos melhores sentidos do mercado.<\/p>\n<p>O Bang King 12000 oferece uma variedade de 10 sabores, dispon\u00edveis nas op\u00e7\u00f5es 5%, 3% e 0%. O Bang King 12000 tem uma incr\u00edvel capacidade de e-l\u00edquido de 23 ml e at\u00e9 12000 baforadas. Este dispositivo \u00e9 alimentado por uma bateria recicl\u00e1vel de 650 mAh, que acciona um sistema de bobina de malha de alto desempenho.<\/p>\n<h2><strong>Bang King 12000 Puffs Vape descart\u00e1vel Especifica\u00e7\u00e3o<\/strong><\/h2>\n<ul>\n<li>Puffs: At\u00e9 12000<\/li>\n<li>L\u00edquido: 23ml<\/li>\n<li>Nicotina: 0%\/ 3%\/ 5%<\/li>\n<li>Bateria: 650mAh Tipo C<\/li>\n<li>Tipos:Descart\u00e1vel<\/li>\n<li>Peso: 110g\/pe\u00e7a<\/li>\n<li>Caixa de embalagem: 10 unidades\/caixa<\/li>\n<\/ul>\n<p>&nbsp;<\/p>\n<div>\n<div class=\"wmkc-template-12\">\n<h2 class=\"wmkc-white\"><strong>Produtos Aromas<\/strong><\/h2>\n<\/div>\n<ol>\n<li>Gelo de anan\u00e1s e coco<\/li>\n<li>Pastilha el\u00e1stica de melancia<\/li>\n<li>Gelo triplo de bagas<\/li>\n<li>Gelo de p\u00eassego<\/li>\n<li>Rom\u00e3<\/li>\n<li>Gelo azul<\/li>\n<li>Melancia com morango<\/li>\n<li>Mel\u00e3o Menta<\/li>\n<li>Sorvete arco-\u00edris<\/li>\n<li>manga com morango<\/li>\n<\/ol>\n<h2><strong>Detalhes da embalagem<\/strong><\/h2>\n<ul>\n<li>10 PCS\/ Caixa de exposi\u00e7\u00e3o<\/li>\n<li>200 PCS\/ Caixa de cart\u00e3o principal\/ 24kg<\/li>\n<\/ul>\n<p><img loading=\"lazy\" decoding=\"async\" class=\"alignnone size-full wp-image-13993\" title=\"Bang King 12000 Puffs Vape descart\u00e1vel\" src=\"https:\/\/www.vape4wholesale.com\/wp-content\/uploads\/2023\/07\/Bang-King-12000-Puffs-Disposable-Vape.jpg\" alt=\"Bang King 12000 Puffs Vape descart\u00e1vel\" width=\"1707\" height=\"1280\" srcset=\"https:\/\/www.vape4wholesale.com\/wp-content\/uploads\/2023\/07\/Bang-King-12000-Puffs-Disposable-Vape.jpg 1707w, https:\/\/www.vape4wholesale.com\/wp-content\/uploads\/2023\/07\/Bang-King-12000-Puffs-Disposable-Vape-510x382.jpg 510w, https:\/\/www.vape4wholesale.com\/wp-content\/uploads\/2023\/07\/Bang-King-12000-Puffs-Disposable-Vape-64x48.jpg 64w, https:\/\/www.vape4wholesale.com\/wp-content\/uploads\/2023\/07\/Bang-King-12000-Puffs-Disposable-Vape-300x225.jpg 300w, https:\/\/www.vape4wholesale.com\/wp-content\/uploads\/2023\/07\/Bang-King-12000-Puffs-Disposable-Vape-1024x768.jpg 1024w, https:\/\/www.vape4wholesale.com\/wp-content\/uploads\/2023\/07\/Bang-King-12000-Puffs-Disposable-Vape-768x576.jpg 768w, https:\/\/www.vape4wholesale.com\/wp-content\/uploads\/2023\/07\/Bang-King-12000-Puffs-Disposable-Vape-1536x1152.jpg 1536w\" sizes=\"auto, (max-width: 1707px) 100vw, 1707px\" \/><\/p>\n<\/div>","protected":false},"excerpt":{"rendered":"[scf-template id=&#8217;11434&#8242;]\n","protected":false},"featured_media":13992,"comment_status":"open","ping_status":"closed","template":"","meta":[],"pwb-brand":[1275],"product_cat":[869],"product_tag":[556,557,22,24,249],"class_list":{"0":"post-13984","1":"product","2":"type-product","3":"status-publish","4":"has-post-thumbnail","6":"pwb-brand-bang","7":"product_cat-5000-8000-puffs","8":"product_tag-12000-puffs","9":"product_tag-23-0ml","10":"product_tag-disposable","11":"product_tag-wholesale","12":"product_tag-bang","13":"wcpa_has_options","15":"first","16":"outofstock","17":"shipping-taxable","18":"purchasable","19":"product-type-variable"},"aioseo_notices":[],"brands":[{"id":1275,"name":"Pancada","slug":"pancada"}],"_links":{"self":[{"href":"https:\/\/www.vape4wholesale.com\/pt\/wp-json\/wp\/v2\/product\/13984","targetHints":{"allow":["GET"]}}],"collection":[{"href":"https:\/\/www.vape4wholesale.com\/pt\/wp-json\/wp\/v2\/product"}],"about":[{"href":"https:\/\/www.vape4wholesale.com\/pt\/wp-json\/wp\/v2\/types\/product"}],"replies":[{"embeddable":true,"href":"https:\/\/www.vape4wholesale.com\/pt\/wp-json\/wp\/v2\/comments?post=13984"}],"wp:featuredmedia":[{"embeddable":true,"href":"https:\/\/www.vape4wholesale.com\/pt\/wp-json\/wp\/v2\/media\/13992"}],"wp:attachment":[{"href":"https:\/\/www.vape4wholesale.com\/pt\/wp-json\/wp\/v2\/media?parent=13984"}],"wp:term":[{"taxonomy":"pwb-brand","embeddable":true,"href":"https:\/\/www.vape4wholesale.com\/pt\/wp-json\/wp\/v2\/pwb-brand?post=13984"},{"taxonomy":"product_cat","embeddable":true,"href":"https:\/\/www.vape4wholesale.com\/pt\/wp-json\/wp\/v2\/product_cat?post=13984"},{"taxonomy":"product_tag","embeddable":true,"href":"https:\/\/www.vape4wholesale.com\/pt\/wp-json\/wp\/v2\/product_tag?post=13984"}],"curies":[{"name":"wp","href":"https:\/\/api.w.org\/{rel}","templated":true}]}}