{"id":11115,"date":"2023-06-23T22:38:10","date_gmt":"2023-06-23T14:38:10","guid":{"rendered":"https:\/\/www.vape4wholesale.com\/?post_type=product&#038;p=11115"},"modified":"2026-01-26T13:42:33","modified_gmt":"2026-01-26T13:42:33","slug":"randm-supbliss-bingo-8000-vape-wholesale","status":"publish","type":"product","link":"https:\/\/www.vape4wholesale.com\/pt\/product\/randm-supbliss-bingo-8000-vape-wholesale","title":{"rendered":"RandM Supbliss Bingo 8000 Vape Atacado"},"content":{"rendered":"<p><strong>RandM Supbliss Bingo 8000\u00a0<\/strong>\u00e9 um dispositivo de vaporiza\u00e7\u00e3o descart\u00e1vel com um design moderno e \u00e9 recarreg\u00e1vel. Cont\u00e9m 16 ml de sumo eletr\u00f3nico de sal 5% e pode ser fumado at\u00e9 8000 baforadas. Existem 12 sabores para escolher. A porta recarreg\u00e1vel na parte inferior do dispositivo garante-lhe que acaba sempre com a \u00faltima gota de sumo eletr\u00f3nico no dep\u00f3sito.<\/p>\n<h2>RandM Supbliss Bingo 8000 Vape Carater\u00edsticas<\/h2>\n<ol>\n<li>5% Sal de nicotina.<\/li>\n<li>16ML de E-juice<\/li>\n<li>Bobina de malha<\/li>\n<li>Bateria recarreg\u00e1vel<\/li>\n<li>Bateria integrada de 850mAh<\/li>\n<li>20 sabores dispon\u00edveis<\/li>\n<\/ol>\n<h2>Aromas<\/h2>\n<table style=\"border-collapse: collapse;width: 255.78pt\" border=\"0\" width=\"341\" cellspacing=\"0\" cellpadding=\"0\">\n<tbody>\n<tr style=\"height: 14.25pt\">\n<td style=\"height: 14.25pt;width: 255.75pt\" width=\"341\" height=\"19\"><span class=\"font0\">Cereja azul<\/span><\/td>\n<\/tr>\n<tr style=\"height: 14.25pt\">\n<td style=\"height: 14.25pt\" height=\"19\"><span class=\"font0\">Mirtilo<\/span><\/td>\n<\/tr>\n<tr style=\"height: 14.25pt\">\n<td style=\"height: 14.25pt\" height=\"19\"><span class=\"font0\">Gelo de cereja<\/span><\/td>\n<\/tr>\n<tr style=\"height: 14.25pt\">\n<td style=\"height: 14.25pt\" height=\"19\"><span class=\"font0\">Limonada de p\u00eassego e cereja<\/span><\/td>\n<\/tr>\n<tr style=\"height: 14.25pt\">\n<td style=\"height: 14.25pt\" height=\"19\"><span class=\"font0\">Bebida energ\u00e9tica<\/span><\/td>\n<\/tr>\n<tr style=\"height: 14.25pt\">\n<td style=\"height: 14.25pt\" height=\"19\"><span class=\"font0\">Urso de goma<\/span><\/td>\n<\/tr>\n<tr style=\"height: 14.25pt\">\n<td style=\"height: 14.25pt\" height=\"19\"><span class=\"font0\">Mel\u00e3o Honeydew<\/span><\/td>\n<\/tr>\n<tr style=\"height: 14.25pt\">\n<td style=\"height: 14.25pt\" height=\"19\"><span class=\"font0\">Senhora Kiler<\/span><\/td>\n<\/tr>\n<tr style=\"height: 14.25pt\">\n<td style=\"height: 14.25pt\" height=\"19\"><span class=\"font0\">amor66<\/span><\/td>\n<\/tr>\n<tr style=\"height: 14.25pt\">\n<td style=\"height: 14.25pt\" height=\"19\"><span class=\"font0\">Cola de lichia<\/span><\/td>\n<\/tr>\n<tr style=\"height: 14.25pt\">\n<td style=\"height: 14.25pt\" height=\"19\"><span class=\"font0\">Mistura de frutas<\/span><\/td>\n<\/tr>\n<tr style=\"height: 14.25pt\">\n<td style=\"height: 14.25pt\" height=\"19\"><span class=\"font0\">P\u00eassego Manga<\/span><\/td>\n<\/tr>\n<tr style=\"height: 14.25pt\">\n<td style=\"height: 14.25pt\" height=\"19\"><span class=\"font0\">Lim\u00e3o Rosa<\/span><\/td>\n<\/tr>\n<tr style=\"height: 14.25pt\">\n<td style=\"height: 14.25pt\" height=\"19\"><span class=\"font0\">Uva Sakura<\/span><\/td>\n<\/tr>\n<tr style=\"height: 14.25pt\">\n<td style=\"height: 14.25pt\" height=\"19\"><span class=\"font0\">Banana com morango<\/span><\/td>\n<\/tr>\n<tr style=\"height: 14.25pt\">\n<td style=\"height: 14.25pt\" height=\"19\"><span class=\"font0\">Gelado de morango<\/span><\/td>\n<\/tr>\n<tr style=\"height: 14.25pt\">\n<td style=\"height: 14.25pt\" height=\"19\"><span class=\"font0\">Morango Kiwi<\/span><\/td>\n<\/tr>\n<tr style=\"height: 14.25pt\">\n<td style=\"height: 14.25pt\" height=\"19\"><span class=\"font0\">Manga com morango<\/span><\/td>\n<\/tr>\n<tr style=\"height: 14.25pt\">\n<td style=\"height: 14.25pt\" height=\"19\"><span class=\"font0\">Melancia com morango<\/span><\/td>\n<\/tr>\n<tr style=\"height: 14.25pt\">\n<td style=\"height: 14.25pt\" height=\"19\"><span class=\"font0\">Melancia<\/span><\/td>\n<\/tr>\n<\/tbody>\n<\/table>\n<h2>Informa\u00e7\u00f5es sobre a embalagem<\/h2>\n<ul>\n<li>1 pe\u00e7a\/caixa<\/li>\n<li>10 unidades\/caixa m\u00e9dia (expositor)<\/li>\n<li>200 unidades\/ caixa principal\/18,50 kg<\/li>\n<\/ul>\n<p><img loading=\"lazy\" decoding=\"async\" class=\"alignnone size-full wp-image-11458\" title=\"RandM Supbliss Bingo 8000 Vape Atacado\" src=\"https:\/\/www.vape4wholesale.com\/wp-content\/uploads\/2023\/06\/RandM-Supbliss-Bingo-8000-Vape-Wholesale.jpg\" alt=\"RandM Supbliss Bingo 8000 Vape Atacado\" width=\"590\" height=\"539\" srcset=\"https:\/\/www.vape4wholesale.com\/wp-content\/uploads\/2023\/06\/RandM-Supbliss-Bingo-8000-Vape-Wholesale.jpg 590w, https:\/\/www.vape4wholesale.com\/wp-content\/uploads\/2023\/06\/RandM-Supbliss-Bingo-8000-Vape-Wholesale-510x466.jpg 510w, https:\/\/www.vape4wholesale.com\/wp-content\/uploads\/2023\/06\/RandM-Supbliss-Bingo-8000-Vape-Wholesale-64x58.jpg 64w, https:\/\/www.vape4wholesale.com\/wp-content\/uploads\/2023\/06\/RandM-Supbliss-Bingo-8000-Vape-Wholesale-300x274.jpg 300w\" sizes=\"auto, (max-width: 590px) 100vw, 590px\" \/> <img loading=\"lazy\" decoding=\"async\" class=\"alignnone size-full wp-image-11457\" title=\"RandM Supbliss Bingo 8000 Vape Melancia\" src=\"https:\/\/www.vape4wholesale.com\/wp-content\/uploads\/2023\/06\/RandM-Supbliss-Bingo-8000-Vape-Watermelon.jpg\" alt=\"RandM Supbliss Bingo 8000 Vape Melancia\" width=\"590\" height=\"590\" srcset=\"https:\/\/www.vape4wholesale.com\/wp-content\/uploads\/2023\/06\/RandM-Supbliss-Bingo-8000-Vape-Watermelon.jpg 590w, https:\/\/www.vape4wholesale.com\/wp-content\/uploads\/2023\/06\/RandM-Supbliss-Bingo-8000-Vape-Watermelon-247x247.jpg 247w, https:\/\/www.vape4wholesale.com\/wp-content\/uploads\/2023\/06\/RandM-Supbliss-Bingo-8000-Vape-Watermelon-100x100.jpg 100w, https:\/\/www.vape4wholesale.com\/wp-content\/uploads\/2023\/06\/RandM-Supbliss-Bingo-8000-Vape-Watermelon-510x510.jpg 510w, https:\/\/www.vape4wholesale.com\/wp-content\/uploads\/2023\/06\/RandM-Supbliss-Bingo-8000-Vape-Watermelon-64x64.jpg 64w, https:\/\/www.vape4wholesale.com\/wp-content\/uploads\/2023\/06\/RandM-Supbliss-Bingo-8000-Vape-Watermelon-300x300.jpg 300w, https:\/\/www.vape4wholesale.com\/wp-content\/uploads\/2023\/06\/RandM-Supbliss-Bingo-8000-Vape-Watermelon-150x150.jpg 150w\" sizes=\"auto, (max-width: 590px) 100vw, 590px\" \/> <img loading=\"lazy\" decoding=\"async\" class=\"alignnone size-full wp-image-11447\" title=\"RandM Supbliss Bingo 8000 Vape Lychee Cola\" src=\"https:\/\/www.vape4wholesale.com\/wp-content\/uploads\/2023\/06\/RandM-Supbliss-Bingo-8000-Vape-Lychee-Cola.jpg\" alt=\"RandM Supbliss Bingo 8000 Vape Lychee Cola\" width=\"590\" height=\"590\" srcset=\"https:\/\/www.vape4wholesale.com\/wp-content\/uploads\/2023\/06\/RandM-Supbliss-Bingo-8000-Vape-Lychee-Cola.jpg 590w, https:\/\/www.vape4wholesale.com\/wp-content\/uploads\/2023\/06\/RandM-Supbliss-Bingo-8000-Vape-Lychee-Cola-247x247.jpg 247w, https:\/\/www.vape4wholesale.com\/wp-content\/uploads\/2023\/06\/RandM-Supbliss-Bingo-8000-Vape-Lychee-Cola-100x100.jpg 100w, https:\/\/www.vape4wholesale.com\/wp-content\/uploads\/2023\/06\/RandM-Supbliss-Bingo-8000-Vape-Lychee-Cola-510x510.jpg 510w, https:\/\/www.vape4wholesale.com\/wp-content\/uploads\/2023\/06\/RandM-Supbliss-Bingo-8000-Vape-Lychee-Cola-64x64.jpg 64w, https:\/\/www.vape4wholesale.com\/wp-content\/uploads\/2023\/06\/RandM-Supbliss-Bingo-8000-Vape-Lychee-Cola-300x300.jpg 300w, https:\/\/www.vape4wholesale.com\/wp-content\/uploads\/2023\/06\/RandM-Supbliss-Bingo-8000-Vape-Lychee-Cola-150x150.jpg 150w\" sizes=\"auto, (max-width: 590px) 100vw, 590px\" \/> <img loading=\"lazy\" decoding=\"async\" class=\"alignnone size-full wp-image-11455\" title=\"RandM Supbliss Bingo 8000 Vape Morango Manga\" src=\"https:\/\/www.vape4wholesale.com\/wp-content\/uploads\/2023\/06\/RandM-Supbliss-Bingo-8000-Vape-Strawberry-Mango.jpg\" alt=\"RandM Supbliss Bingo 8000 Vape Morango Manga\" width=\"590\" height=\"590\" srcset=\"https:\/\/www.vape4wholesale.com\/wp-content\/uploads\/2023\/06\/RandM-Supbliss-Bingo-8000-Vape-Strawberry-Mango.jpg 590w, https:\/\/www.vape4wholesale.com\/wp-content\/uploads\/2023\/06\/RandM-Supbliss-Bingo-8000-Vape-Strawberry-Mango-247x247.jpg 247w, https:\/\/www.vape4wholesale.com\/wp-content\/uploads\/2023\/06\/RandM-Supbliss-Bingo-8000-Vape-Strawberry-Mango-100x100.jpg 100w, https:\/\/www.vape4wholesale.com\/wp-content\/uploads\/2023\/06\/RandM-Supbliss-Bingo-8000-Vape-Strawberry-Mango-510x510.jpg 510w, https:\/\/www.vape4wholesale.com\/wp-content\/uploads\/2023\/06\/RandM-Supbliss-Bingo-8000-Vape-Strawberry-Mango-64x64.jpg 64w, https:\/\/www.vape4wholesale.com\/wp-content\/uploads\/2023\/06\/RandM-Supbliss-Bingo-8000-Vape-Strawberry-Mango-300x300.jpg 300w, https:\/\/www.vape4wholesale.com\/wp-content\/uploads\/2023\/06\/RandM-Supbliss-Bingo-8000-Vape-Strawberry-Mango-150x150.jpg 150w\" sizes=\"auto, (max-width: 590px) 100vw, 590px\" \/> <img loading=\"lazy\" decoding=\"async\" class=\"alignnone size-full wp-image-11446\" title=\"RandM Supbliss Bingo 8000 Vape Love66\" src=\"https:\/\/www.vape4wholesale.com\/wp-content\/uploads\/2023\/06\/RandM-Supbliss-Bingo-8000-Vape-Love66.jpg\" alt=\"RandM Supbliss Bingo 8000 Vape Love66\" width=\"590\" height=\"590\" srcset=\"https:\/\/www.vape4wholesale.com\/wp-content\/uploads\/2023\/06\/RandM-Supbliss-Bingo-8000-Vape-Love66.jpg 590w, https:\/\/www.vape4wholesale.com\/wp-content\/uploads\/2023\/06\/RandM-Supbliss-Bingo-8000-Vape-Love66-247x247.jpg 247w, https:\/\/www.vape4wholesale.com\/wp-content\/uploads\/2023\/06\/RandM-Supbliss-Bingo-8000-Vape-Love66-100x100.jpg 100w, https:\/\/www.vape4wholesale.com\/wp-content\/uploads\/2023\/06\/RandM-Supbliss-Bingo-8000-Vape-Love66-510x510.jpg 510w, https:\/\/www.vape4wholesale.com\/wp-content\/uploads\/2023\/06\/RandM-Supbliss-Bingo-8000-Vape-Love66-64x64.jpg 64w, https:\/\/www.vape4wholesale.com\/wp-content\/uploads\/2023\/06\/RandM-Supbliss-Bingo-8000-Vape-Love66-300x300.jpg 300w, https:\/\/www.vape4wholesale.com\/wp-content\/uploads\/2023\/06\/RandM-Supbliss-Bingo-8000-Vape-Love66-150x150.jpg 150w\" sizes=\"auto, (max-width: 590px) 100vw, 590px\" \/> <img loading=\"lazy\" decoding=\"async\" class=\"alignnone size-full wp-image-11445\" title=\"RandM Supbliss Bingo 8000 Vape Lady Kliller\" src=\"https:\/\/www.vape4wholesale.com\/wp-content\/uploads\/2023\/06\/RandM-Supbliss-Bingo-8000-Vape-Lady-Kliller.jpg\" alt=\"RandM Supbliss Bingo 8000 Vape Lady Kliller\" width=\"590\" height=\"590\" srcset=\"https:\/\/www.vape4wholesale.com\/wp-content\/uploads\/2023\/06\/RandM-Supbliss-Bingo-8000-Vape-Lady-Kliller.jpg 590w, https:\/\/www.vape4wholesale.com\/wp-content\/uploads\/2023\/06\/RandM-Supbliss-Bingo-8000-Vape-Lady-Kliller-247x247.jpg 247w, https:\/\/www.vape4wholesale.com\/wp-content\/uploads\/2023\/06\/RandM-Supbliss-Bingo-8000-Vape-Lady-Kliller-100x100.jpg 100w, https:\/\/www.vape4wholesale.com\/wp-content\/uploads\/2023\/06\/RandM-Supbliss-Bingo-8000-Vape-Lady-Kliller-510x510.jpg 510w, https:\/\/www.vape4wholesale.com\/wp-content\/uploads\/2023\/06\/RandM-Supbliss-Bingo-8000-Vape-Lady-Kliller-64x64.jpg 64w, https:\/\/www.vape4wholesale.com\/wp-content\/uploads\/2023\/06\/RandM-Supbliss-Bingo-8000-Vape-Lady-Kliller-300x300.jpg 300w, https:\/\/www.vape4wholesale.com\/wp-content\/uploads\/2023\/06\/RandM-Supbliss-Bingo-8000-Vape-Lady-Kliller-150x150.jpg 150w\" sizes=\"auto, (max-width: 590px) 100vw, 590px\" \/> <img loading=\"lazy\" decoding=\"async\" class=\"alignnone size-full wp-image-11454\" title=\"RandM Supbliss Bingo 8000 Vape Morango Kiwi\" src=\"https:\/\/www.vape4wholesale.com\/wp-content\/uploads\/2023\/06\/RandM-Supbliss-Bingo-8000-Vape-Strawberry-Kiwi.jpg\" alt=\"RandM Supbliss Bingo 8000 Vape Morango Kiwi\" width=\"590\" height=\"590\" srcset=\"https:\/\/www.vape4wholesale.com\/wp-content\/uploads\/2023\/06\/RandM-Supbliss-Bingo-8000-Vape-Strawberry-Kiwi.jpg 590w, https:\/\/www.vape4wholesale.com\/wp-content\/uploads\/2023\/06\/RandM-Supbliss-Bingo-8000-Vape-Strawberry-Kiwi-247x247.jpg 247w, https:\/\/www.vape4wholesale.com\/wp-content\/uploads\/2023\/06\/RandM-Supbliss-Bingo-8000-Vape-Strawberry-Kiwi-100x100.jpg 100w, https:\/\/www.vape4wholesale.com\/wp-content\/uploads\/2023\/06\/RandM-Supbliss-Bingo-8000-Vape-Strawberry-Kiwi-510x510.jpg 510w, https:\/\/www.vape4wholesale.com\/wp-content\/uploads\/2023\/06\/RandM-Supbliss-Bingo-8000-Vape-Strawberry-Kiwi-64x64.jpg 64w, https:\/\/www.vape4wholesale.com\/wp-content\/uploads\/2023\/06\/RandM-Supbliss-Bingo-8000-Vape-Strawberry-Kiwi-300x300.jpg 300w, https:\/\/www.vape4wholesale.com\/wp-content\/uploads\/2023\/06\/RandM-Supbliss-Bingo-8000-Vape-Strawberry-Kiwi-150x150.jpg 150w\" sizes=\"auto, (max-width: 590px) 100vw, 590px\" \/><\/p>","protected":false},"excerpt":{"rendered":"[scf-template id=&#8217;11434&#8242;]\n<table class=\"woocommerce-product-attributes shop_attributes\" aria-label=\"Detalhes do produto\">\n\t\t\t<tr class=\"woocommerce-product-attributes-item woocommerce-product-attributes-item--weight\">\n\t\t\t<th class=\"woocommerce-product-attributes-item__label\" scope=\"row\">Peso<\/th>\n\t\t\t<td class=\"woocommerce-product-attributes-item__value\">0.091 kg<\/td>\n\t\t<\/tr>\n\t<\/table>\n\n","protected":false},"featured_media":11458,"comment_status":"open","ping_status":"closed","template":"","meta":[],"pwb-brand":[1270],"product_cat":[870],"product_tag":[24,272,342,343,522,22],"class_list":{"0":"post-11115","1":"product","2":"type-product","3":"status-publish","4":"has-post-thumbnail","6":"pwb-brand-randm","7":"product_cat-8000-10000-puffs","8":"product_tag-wholesale","9":"product_tag-randm","10":"product_tag-16-0ml","11":"product_tag-8000-puffs","12":"product_tag-supbliss","13":"product_tag-disposable","14":"wcpa_has_options","16":"first","17":"outofstock","18":"shipping-taxable","19":"purchasable","20":"product-type-variable"},"aioseo_notices":[],"brands":[{"id":1270,"name":"Randm","slug":"randm"}],"_links":{"self":[{"href":"https:\/\/www.vape4wholesale.com\/pt\/wp-json\/wp\/v2\/product\/11115","targetHints":{"allow":["GET"]}}],"collection":[{"href":"https:\/\/www.vape4wholesale.com\/pt\/wp-json\/wp\/v2\/product"}],"about":[{"href":"https:\/\/www.vape4wholesale.com\/pt\/wp-json\/wp\/v2\/types\/product"}],"replies":[{"embeddable":true,"href":"https:\/\/www.vape4wholesale.com\/pt\/wp-json\/wp\/v2\/comments?post=11115"}],"wp:featuredmedia":[{"embeddable":true,"href":"https:\/\/www.vape4wholesale.com\/pt\/wp-json\/wp\/v2\/media\/11458"}],"wp:attachment":[{"href":"https:\/\/www.vape4wholesale.com\/pt\/wp-json\/wp\/v2\/media?parent=11115"}],"wp:term":[{"taxonomy":"pwb-brand","embeddable":true,"href":"https:\/\/www.vape4wholesale.com\/pt\/wp-json\/wp\/v2\/pwb-brand?post=11115"},{"taxonomy":"product_cat","embeddable":true,"href":"https:\/\/www.vape4wholesale.com\/pt\/wp-json\/wp\/v2\/product_cat?post=11115"},{"taxonomy":"product_tag","embeddable":true,"href":"https:\/\/www.vape4wholesale.com\/pt\/wp-json\/wp\/v2\/product_tag?post=11115"}],"curies":[{"name":"wp","href":"https:\/\/api.w.org\/{rel}","templated":true}]}}