{"id":10561,"date":"2023-06-19T15:14:57","date_gmt":"2023-06-19T07:14:57","guid":{"rendered":"https:\/\/www.vape4wholesale.com\/?post_type=product&#038;p=10561"},"modified":"2026-01-26T13:42:38","modified_gmt":"2026-01-26T13:42:38","slug":"elf-bar-te5000-vape-descartavel-por-atacado","status":"publish","type":"product","link":"https:\/\/www.vape4wholesale.com\/pt\/product\/elf-bar-te5000-disposable-vape-wholesale","title":{"rendered":"Elf Bar TE5000 Vape descart\u00e1vel Atacado"},"content":{"rendered":"<p>O <strong><a title=\"Elf Bar\" href=\"https:\/\/www.vape4wholesale.com\/pt\/marca_do_produto\/bar-dos-elfos\/\">Elf Bar<\/a> TE5000<\/strong> O vape descart\u00e1vel \u00e9 um dispositivo descart\u00e1vel apelativo que apresenta um fundo met\u00e1lico e um revestimento exterior transparente. Utiliza uma bobina de malha para proporcionar uma experi\u00eancia de vaporiza\u00e7\u00e3o mais saborosa e tamb\u00e9m pode ser recarregado atrav\u00e9s da porta USB Type-C inferior. Uma das carater\u00edsticas \u00fanicas deste e-cig descart\u00e1vel \u00e9 o facto de ser praticamente silencioso quando est\u00e1 a vaporizar. O dispositivo \u00e9 fornecido pr\u00e9-carregado com sumos electr\u00f3nicos de sal de nicotina de 50 mg e tem muitos sabores saborosos \u00e0 escolha.<\/p>\n<h2>Especifica\u00e7\u00f5es do Vape descart\u00e1vel Elf Bar TE5000<\/h2>\n<ul>\n<li>13,5 ml por cigarro eletr\u00f3nico<\/li>\n<li>5% nicotina em peso (50mg\/mL)<\/li>\n<li>Aproximadamente 5000 baforadas por dispositivo<\/li>\n<li>Bateria interna recarreg\u00e1vel 550<\/li>\n<li>Dimens\u00f5es 48mm por 42mm por 22mm<\/li>\n<li>Feito com sumo eletr\u00f3nico de nicotina<\/li>\n<li>Pr\u00e9-cheio e pr\u00e9-carregado<\/li>\n<li>Fabricado na China<\/li>\n<li>Bobina de malha<\/li>\n<li>Vaporizador silencioso<\/li>\n<li>Porta de carregamento USB tipo C<\/li>\n<li>Luz LED inferior<\/li>\n<\/ul>\n<h2>Aromas<\/h2>\n<p>Ma\u00e7\u00e3 P\u00eassego<br \/>\nGelo de mirtilo<br \/>\nGelo Blue Razz<br \/>\nLimonada Blue Razz<br \/>\nAlgod\u00e3o doce<br \/>\nEnergia<br \/>\nUva<br \/>\nP\u00eassego sumarento<br \/>\nKiwi Maracuj\u00e1 Goiaba<br \/>\nAnan\u00e1s Manga Laranja<br \/>\nBanana com morango<br \/>\nGelo de morango<br \/>\nGelado de morango<br \/>\nGelado de baunilha<br \/>\nGelo de melancia<\/p>\n<p><img loading=\"lazy\" decoding=\"async\" class=\"alignnone size-full wp-image-11544\" title=\"Elf Bar TE5000 Vape descart\u00e1vel Atacado Apple Peach\" src=\"https:\/\/www.vape4wholesale.com\/wp-content\/uploads\/2023\/06\/Elf-Bar-TE5000-Disposable-Vape-Wholesale-Apple-Peach.jpg\" alt=\"Elf Bar TE5000 Vape descart\u00e1vel Atacado Apple Peach\" width=\"720\" height=\"906\" srcset=\"https:\/\/www.vape4wholesale.com\/wp-content\/uploads\/2023\/06\/Elf-Bar-TE5000-Disposable-Vape-Wholesale-Apple-Peach.jpg 720w, https:\/\/www.vape4wholesale.com\/wp-content\/uploads\/2023\/06\/Elf-Bar-TE5000-Disposable-Vape-Wholesale-Apple-Peach-510x642.jpg 510w, https:\/\/www.vape4wholesale.com\/wp-content\/uploads\/2023\/06\/Elf-Bar-TE5000-Disposable-Vape-Wholesale-Apple-Peach-64x81.jpg 64w, https:\/\/www.vape4wholesale.com\/wp-content\/uploads\/2023\/06\/Elf-Bar-TE5000-Disposable-Vape-Wholesale-Apple-Peach-238x300.jpg 238w\" sizes=\"auto, (max-width: 720px) 100vw, 720px\" \/> <img loading=\"lazy\" decoding=\"async\" class=\"alignnone size-full wp-image-11545\" title=\"Elf Bar TE5000 Vape descart\u00e1vel Atacado Azul Razz Lemonda\" src=\"https:\/\/www.vape4wholesale.com\/wp-content\/uploads\/2023\/06\/Elf-Bar-TE5000-Disposable-Vape-Wholesale-Blue-Razz-Lemonda.jpg\" alt=\"Elf Bar TE5000 Vape descart\u00e1vel Atacado Azul Razz Lemonda\" width=\"720\" height=\"906\" srcset=\"https:\/\/www.vape4wholesale.com\/wp-content\/uploads\/2023\/06\/Elf-Bar-TE5000-Disposable-Vape-Wholesale-Blue-Razz-Lemonda.jpg 720w, https:\/\/www.vape4wholesale.com\/wp-content\/uploads\/2023\/06\/Elf-Bar-TE5000-Disposable-Vape-Wholesale-Blue-Razz-Lemonda-510x642.jpg 510w, https:\/\/www.vape4wholesale.com\/wp-content\/uploads\/2023\/06\/Elf-Bar-TE5000-Disposable-Vape-Wholesale-Blue-Razz-Lemonda-64x81.jpg 64w, https:\/\/www.vape4wholesale.com\/wp-content\/uploads\/2023\/06\/Elf-Bar-TE5000-Disposable-Vape-Wholesale-Blue-Razz-Lemonda-238x300.jpg 238w\" sizes=\"auto, (max-width: 720px) 100vw, 720px\" \/> <img loading=\"lazy\" decoding=\"async\" class=\"alignnone size-full wp-image-11546\" title=\"Elf Bar TE5000 Vape descart\u00e1vel por atacado Blueberry Ice\" src=\"https:\/\/www.vape4wholesale.com\/wp-content\/uploads\/2023\/06\/Elf-Bar-TE5000-Disposable-Vape-Wholesale-Blueberry-Ice.jpg\" alt=\"Elf Bar TE5000 Vape descart\u00e1vel por atacado Blueberry Ice\" width=\"720\" height=\"907\" srcset=\"https:\/\/www.vape4wholesale.com\/wp-content\/uploads\/2023\/06\/Elf-Bar-TE5000-Disposable-Vape-Wholesale-Blueberry-Ice.jpg 720w, https:\/\/www.vape4wholesale.com\/wp-content\/uploads\/2023\/06\/Elf-Bar-TE5000-Disposable-Vape-Wholesale-Blueberry-Ice-510x642.jpg 510w, https:\/\/www.vape4wholesale.com\/wp-content\/uploads\/2023\/06\/Elf-Bar-TE5000-Disposable-Vape-Wholesale-Blueberry-Ice-64x81.jpg 64w, https:\/\/www.vape4wholesale.com\/wp-content\/uploads\/2023\/06\/Elf-Bar-TE5000-Disposable-Vape-Wholesale-Blueberry-Ice-238x300.jpg 238w\" sizes=\"auto, (max-width: 720px) 100vw, 720px\" \/> <img loading=\"lazy\" decoding=\"async\" class=\"alignnone size-full wp-image-11547\" title=\"Elf Bar TE5000 Vape descart\u00e1vel Atacado Algod\u00e3o doce\" src=\"https:\/\/www.vape4wholesale.com\/wp-content\/uploads\/2023\/06\/Elf-Bar-TE5000-Disposable-Vape-Wholesale-Cotton-Candy.jpg\" alt=\"Elf Bar TE5000 Vape descart\u00e1vel Atacado Algod\u00e3o doce\" width=\"720\" height=\"906\" srcset=\"https:\/\/www.vape4wholesale.com\/wp-content\/uploads\/2023\/06\/Elf-Bar-TE5000-Disposable-Vape-Wholesale-Cotton-Candy.jpg 720w, https:\/\/www.vape4wholesale.com\/wp-content\/uploads\/2023\/06\/Elf-Bar-TE5000-Disposable-Vape-Wholesale-Cotton-Candy-510x642.jpg 510w, https:\/\/www.vape4wholesale.com\/wp-content\/uploads\/2023\/06\/Elf-Bar-TE5000-Disposable-Vape-Wholesale-Cotton-Candy-64x81.jpg 64w, https:\/\/www.vape4wholesale.com\/wp-content\/uploads\/2023\/06\/Elf-Bar-TE5000-Disposable-Vape-Wholesale-Cotton-Candy-238x300.jpg 238w\" sizes=\"auto, (max-width: 720px) 100vw, 720px\" \/> <img loading=\"lazy\" decoding=\"async\" class=\"alignnone size-full wp-image-11548\" title=\"Elf Bar TE5000 Vape descart\u00e1vel Atacado de energia\" src=\"https:\/\/www.vape4wholesale.com\/wp-content\/uploads\/2023\/06\/Elf-Bar-TE5000-Disposable-Vape-Wholesale-Energy.jpg\" alt=\"Elf Bar TE5000 Vape descart\u00e1vel Atacado de energia\" width=\"720\" height=\"907\" srcset=\"https:\/\/www.vape4wholesale.com\/wp-content\/uploads\/2023\/06\/Elf-Bar-TE5000-Disposable-Vape-Wholesale-Energy.jpg 720w, https:\/\/www.vape4wholesale.com\/wp-content\/uploads\/2023\/06\/Elf-Bar-TE5000-Disposable-Vape-Wholesale-Energy-510x642.jpg 510w, https:\/\/www.vape4wholesale.com\/wp-content\/uploads\/2023\/06\/Elf-Bar-TE5000-Disposable-Vape-Wholesale-Energy-64x81.jpg 64w, https:\/\/www.vape4wholesale.com\/wp-content\/uploads\/2023\/06\/Elf-Bar-TE5000-Disposable-Vape-Wholesale-Energy-238x300.jpg 238w\" sizes=\"auto, (max-width: 720px) 100vw, 720px\" \/> <img loading=\"lazy\" decoding=\"async\" class=\"alignnone size-full wp-image-11549\" title=\"Elf Bar TE5000 Vape descart\u00e1vel por atacado Uva\" src=\"https:\/\/www.vape4wholesale.com\/wp-content\/uploads\/2023\/06\/Elf-Bar-TE5000-Disposable-Vape-Wholesale-Grape.jpg\" alt=\"Elf Bar TE5000 Vape descart\u00e1vel por atacado Uva\" width=\"720\" height=\"907\" srcset=\"https:\/\/www.vape4wholesale.com\/wp-content\/uploads\/2023\/06\/Elf-Bar-TE5000-Disposable-Vape-Wholesale-Grape.jpg 720w, https:\/\/www.vape4wholesale.com\/wp-content\/uploads\/2023\/06\/Elf-Bar-TE5000-Disposable-Vape-Wholesale-Grape-510x642.jpg 510w, https:\/\/www.vape4wholesale.com\/wp-content\/uploads\/2023\/06\/Elf-Bar-TE5000-Disposable-Vape-Wholesale-Grape-64x81.jpg 64w, https:\/\/www.vape4wholesale.com\/wp-content\/uploads\/2023\/06\/Elf-Bar-TE5000-Disposable-Vape-Wholesale-Grape-238x300.jpg 238w\" sizes=\"auto, (max-width: 720px) 100vw, 720px\" \/> <img loading=\"lazy\" decoding=\"async\" class=\"alignnone size-full wp-image-11550\" title=\"Elf Bar TE5000 Vape descart\u00e1vel Atacado Juicy Peach\" src=\"https:\/\/www.vape4wholesale.com\/wp-content\/uploads\/2023\/06\/Elf-Bar-TE5000-Disposable-Vape-Wholesale-Juicy-Peach.jpg\" alt=\"Elf Bar TE5000 Vape descart\u00e1vel Atacado Juicy Peach\" width=\"720\" height=\"906\" srcset=\"https:\/\/www.vape4wholesale.com\/wp-content\/uploads\/2023\/06\/Elf-Bar-TE5000-Disposable-Vape-Wholesale-Juicy-Peach.jpg 720w, https:\/\/www.vape4wholesale.com\/wp-content\/uploads\/2023\/06\/Elf-Bar-TE5000-Disposable-Vape-Wholesale-Juicy-Peach-510x642.jpg 510w, https:\/\/www.vape4wholesale.com\/wp-content\/uploads\/2023\/06\/Elf-Bar-TE5000-Disposable-Vape-Wholesale-Juicy-Peach-64x81.jpg 64w, https:\/\/www.vape4wholesale.com\/wp-content\/uploads\/2023\/06\/Elf-Bar-TE5000-Disposable-Vape-Wholesale-Juicy-Peach-238x300.jpg 238w\" sizes=\"auto, (max-width: 720px) 100vw, 720px\" \/> <img loading=\"lazy\" decoding=\"async\" class=\"alignnone size-full wp-image-11551\" title=\"Elf Bar TE5000 Vape descart\u00e1vel Atacado Kiwi Maracuj\u00e1 Goiaba\" src=\"https:\/\/www.vape4wholesale.com\/wp-content\/uploads\/2023\/06\/Elf-Bar-TE5000-Disposable-Vape-Wholesale-Kiwi-Passion-Fruit-Guava.jpg\" alt=\"Elf Bar TE5000 Vape descart\u00e1vel Atacado Kiwi Maracuj\u00e1 Goiaba\" width=\"720\" height=\"907\" srcset=\"https:\/\/www.vape4wholesale.com\/wp-content\/uploads\/2023\/06\/Elf-Bar-TE5000-Disposable-Vape-Wholesale-Kiwi-Passion-Fruit-Guava.jpg 720w, https:\/\/www.vape4wholesale.com\/wp-content\/uploads\/2023\/06\/Elf-Bar-TE5000-Disposable-Vape-Wholesale-Kiwi-Passion-Fruit-Guava-510x642.jpg 510w, https:\/\/www.vape4wholesale.com\/wp-content\/uploads\/2023\/06\/Elf-Bar-TE5000-Disposable-Vape-Wholesale-Kiwi-Passion-Fruit-Guava-64x81.jpg 64w, https:\/\/www.vape4wholesale.com\/wp-content\/uploads\/2023\/06\/Elf-Bar-TE5000-Disposable-Vape-Wholesale-Kiwi-Passion-Fruit-Guava-238x300.jpg 238w\" sizes=\"auto, (max-width: 720px) 100vw, 720px\" \/> <img loading=\"lazy\" decoding=\"async\" class=\"alignnone size-full wp-image-11552\" title=\"Elf Bar TE5000 Vape descart\u00e1vel Vis\u00e3o geral por atacado\" src=\"https:\/\/www.vape4wholesale.com\/wp-content\/uploads\/2023\/06\/Elf-Bar-TE5000-Disposable-Vape-Wholesale-Overview.jpg\" alt=\"Elf Bar TE5000 Vape descart\u00e1vel Vis\u00e3o geral por atacado\" width=\"720\" height=\"720\" srcset=\"https:\/\/www.vape4wholesale.com\/wp-content\/uploads\/2023\/06\/Elf-Bar-TE5000-Disposable-Vape-Wholesale-Overview.jpg 720w, https:\/\/www.vape4wholesale.com\/wp-content\/uploads\/2023\/06\/Elf-Bar-TE5000-Disposable-Vape-Wholesale-Overview-247x247.jpg 247w, https:\/\/www.vape4wholesale.com\/wp-content\/uploads\/2023\/06\/Elf-Bar-TE5000-Disposable-Vape-Wholesale-Overview-100x100.jpg 100w, https:\/\/www.vape4wholesale.com\/wp-content\/uploads\/2023\/06\/Elf-Bar-TE5000-Disposable-Vape-Wholesale-Overview-510x510.jpg 510w, https:\/\/www.vape4wholesale.com\/wp-content\/uploads\/2023\/06\/Elf-Bar-TE5000-Disposable-Vape-Wholesale-Overview-64x64.jpg 64w, https:\/\/www.vape4wholesale.com\/wp-content\/uploads\/2023\/06\/Elf-Bar-TE5000-Disposable-Vape-Wholesale-Overview-300x300.jpg 300w, https:\/\/www.vape4wholesale.com\/wp-content\/uploads\/2023\/06\/Elf-Bar-TE5000-Disposable-Vape-Wholesale-Overview-150x150.jpg 150w\" sizes=\"auto, (max-width: 720px) 100vw, 720px\" \/> <img loading=\"lazy\" decoding=\"async\" class=\"alignnone size-full wp-image-11553\" title=\"Elf Bar TE5000 Vape descart\u00e1vel por atacado Cachimbo Ma\u00e7\u00e3 Manga Laranja\" src=\"https:\/\/www.vape4wholesale.com\/wp-content\/uploads\/2023\/06\/Elf-Bar-TE5000-Disposable-Vape-Wholesale-Pipeapple-Mango-Orange.jpg\" alt=\"Elf Bar TE5000 Vape descart\u00e1vel por atacado Cachimbo Ma\u00e7\u00e3 Manga Laranja\" width=\"720\" height=\"906\" srcset=\"https:\/\/www.vape4wholesale.com\/wp-content\/uploads\/2023\/06\/Elf-Bar-TE5000-Disposable-Vape-Wholesale-Pipeapple-Mango-Orange.jpg 720w, https:\/\/www.vape4wholesale.com\/wp-content\/uploads\/2023\/06\/Elf-Bar-TE5000-Disposable-Vape-Wholesale-Pipeapple-Mango-Orange-510x642.jpg 510w, https:\/\/www.vape4wholesale.com\/wp-content\/uploads\/2023\/06\/Elf-Bar-TE5000-Disposable-Vape-Wholesale-Pipeapple-Mango-Orange-64x81.jpg 64w, https:\/\/www.vape4wholesale.com\/wp-content\/uploads\/2023\/06\/Elf-Bar-TE5000-Disposable-Vape-Wholesale-Pipeapple-Mango-Orange-238x300.jpg 238w\" sizes=\"auto, (max-width: 720px) 100vw, 720px\" \/> <img loading=\"lazy\" decoding=\"async\" class=\"alignnone size-full wp-image-11554\" title=\"Elf Bar TE5000 Vape descart\u00e1vel por atacado Straberry Banana\" src=\"https:\/\/www.vape4wholesale.com\/wp-content\/uploads\/2023\/06\/Elf-Bar-TE5000-Disposable-Vape-Wholesale-Straberry-Banana.jpg\" alt=\"Elf Bar TE5000 Vape descart\u00e1vel por atacado Straberry Banana\" width=\"720\" height=\"905\" srcset=\"https:\/\/www.vape4wholesale.com\/wp-content\/uploads\/2023\/06\/Elf-Bar-TE5000-Disposable-Vape-Wholesale-Straberry-Banana.jpg 720w, https:\/\/www.vape4wholesale.com\/wp-content\/uploads\/2023\/06\/Elf-Bar-TE5000-Disposable-Vape-Wholesale-Straberry-Banana-510x641.jpg 510w, https:\/\/www.vape4wholesale.com\/wp-content\/uploads\/2023\/06\/Elf-Bar-TE5000-Disposable-Vape-Wholesale-Straberry-Banana-64x80.jpg 64w, https:\/\/www.vape4wholesale.com\/wp-content\/uploads\/2023\/06\/Elf-Bar-TE5000-Disposable-Vape-Wholesale-Straberry-Banana-239x300.jpg 239w\" sizes=\"auto, (max-width: 720px) 100vw, 720px\" \/> <img loading=\"lazy\" decoding=\"async\" class=\"alignnone size-full wp-image-11555\" title=\"Elf Bar TE5000 Vape descart\u00e1vel Venda por grosso de gelado de amora\" src=\"https:\/\/www.vape4wholesale.com\/wp-content\/uploads\/2023\/06\/Elf-Bar-TE5000-Disposable-Vape-Wholesale-Straberry-Ice-Cream.jpg\" alt=\"Elf Bar TE5000 Vape descart\u00e1vel Venda por grosso de gelado de amora\" width=\"720\" height=\"907\" srcset=\"https:\/\/www.vape4wholesale.com\/wp-content\/uploads\/2023\/06\/Elf-Bar-TE5000-Disposable-Vape-Wholesale-Straberry-Ice-Cream.jpg 720w, https:\/\/www.vape4wholesale.com\/wp-content\/uploads\/2023\/06\/Elf-Bar-TE5000-Disposable-Vape-Wholesale-Straberry-Ice-Cream-510x642.jpg 510w, https:\/\/www.vape4wholesale.com\/wp-content\/uploads\/2023\/06\/Elf-Bar-TE5000-Disposable-Vape-Wholesale-Straberry-Ice-Cream-64x81.jpg 64w, https:\/\/www.vape4wholesale.com\/wp-content\/uploads\/2023\/06\/Elf-Bar-TE5000-Disposable-Vape-Wholesale-Straberry-Ice-Cream-238x300.jpg 238w\" sizes=\"auto, (max-width: 720px) 100vw, 720px\" \/> <img loading=\"lazy\" decoding=\"async\" class=\"alignnone size-full wp-image-11556\" title=\"Elf Bar TE5000 Vape descart\u00e1vel Atacado Melancia Gelo\" src=\"https:\/\/www.vape4wholesale.com\/wp-content\/uploads\/2023\/06\/Elf-Bar-TE5000-Disposable-Vape-Wholesale-Watermelon-Ice.jpg\" alt=\"Elf Bar TE5000 Vape descart\u00e1vel Atacado Melancia Gelo\" width=\"720\" height=\"907\" srcset=\"https:\/\/www.vape4wholesale.com\/wp-content\/uploads\/2023\/06\/Elf-Bar-TE5000-Disposable-Vape-Wholesale-Watermelon-Ice.jpg 720w, https:\/\/www.vape4wholesale.com\/wp-content\/uploads\/2023\/06\/Elf-Bar-TE5000-Disposable-Vape-Wholesale-Watermelon-Ice-510x642.jpg 510w, https:\/\/www.vape4wholesale.com\/wp-content\/uploads\/2023\/06\/Elf-Bar-TE5000-Disposable-Vape-Wholesale-Watermelon-Ice-64x81.jpg 64w, https:\/\/www.vape4wholesale.com\/wp-content\/uploads\/2023\/06\/Elf-Bar-TE5000-Disposable-Vape-Wholesale-Watermelon-Ice-238x300.jpg 238w\" sizes=\"auto, (max-width: 720px) 100vw, 720px\" \/><\/p>","protected":false},"excerpt":{"rendered":"[scf-template id=&#8217;11434&#8242;]\n<p>100% Original Elf Bar with QR Code<\/p>\n","protected":false},"featured_media":11552,"comment_status":"open","ping_status":"closed","template":"","meta":[],"pwb-brand":[1278],"product_cat":[72,869],"product_tag":[22,24,60,189,515],"class_list":{"0":"post-10561","1":"product","2":"type-product","3":"status-publish","4":"has-post-thumbnail","6":"pwb-brand-elf-bar","7":"product_cat-disposable-vape","8":"product_cat-5000-8000-puffs","9":"product_tag-disposable","10":"product_tag-wholesale","11":"product_tag-elf-bar","12":"product_tag-5000-puffs","13":"product_tag-13-5ml","15":"first","16":"outofstock","17":"shipping-taxable","18":"purchasable","19":"product-type-variable"},"aioseo_notices":[],"brands":[{"id":1278,"name":"Bar dos duendes","slug":"bar-dos-elfos"}],"_links":{"self":[{"href":"https:\/\/www.vape4wholesale.com\/pt\/wp-json\/wp\/v2\/product\/10561","targetHints":{"allow":["GET"]}}],"collection":[{"href":"https:\/\/www.vape4wholesale.com\/pt\/wp-json\/wp\/v2\/product"}],"about":[{"href":"https:\/\/www.vape4wholesale.com\/pt\/wp-json\/wp\/v2\/types\/product"}],"replies":[{"embeddable":true,"href":"https:\/\/www.vape4wholesale.com\/pt\/wp-json\/wp\/v2\/comments?post=10561"}],"wp:featuredmedia":[{"embeddable":true,"href":"https:\/\/www.vape4wholesale.com\/pt\/wp-json\/wp\/v2\/media\/11552"}],"wp:attachment":[{"href":"https:\/\/www.vape4wholesale.com\/pt\/wp-json\/wp\/v2\/media?parent=10561"}],"wp:term":[{"taxonomy":"pwb-brand","embeddable":true,"href":"https:\/\/www.vape4wholesale.com\/pt\/wp-json\/wp\/v2\/pwb-brand?post=10561"},{"taxonomy":"product_cat","embeddable":true,"href":"https:\/\/www.vape4wholesale.com\/pt\/wp-json\/wp\/v2\/product_cat?post=10561"},{"taxonomy":"product_tag","embeddable":true,"href":"https:\/\/www.vape4wholesale.com\/pt\/wp-json\/wp\/v2\/product_tag?post=10561"}],"curies":[{"name":"wp","href":"https:\/\/api.w.org\/{rel}","templated":true}]}}