{"id":10173,"date":"2023-06-18T18:51:23","date_gmt":"2023-06-18T10:51:23","guid":{"rendered":"https:\/\/www.vape4wholesale.com\/?post_type=product&#038;p=10173"},"modified":"2026-01-26T13:42:42","modified_gmt":"2026-01-26T13:42:42","slug":"elf-bar-lb5000-vape-descartavel-por-atacado","status":"publish","type":"product","link":"https:\/\/www.vape4wholesale.com\/pt\/product\/elf-bar-lb5000-disposable-vape-wholesale","title":{"rendered":"Elf Bar LB5000 Vape descart\u00e1vel Atacado"},"content":{"rendered":"<p><strong><a title=\"Elf Bar\" href=\"https:\/\/www.vape4wholesale.com\/pt\/marca_do_produto\/bar-dos-elfos\/\">Elf Bar<\/a> LB5000<\/strong> Vape descart\u00e1vel por atacado, \u00e9 alimentado por bateria embutida de 650mAh. vem com bateria recarreg\u00e1vel de 650mAh e Pod pr\u00e9-cheio de 14ml, suporte m\u00e1ximo de 5000 puffs, caixa pequena com grande pot\u00eancia. Garantia de uma experi\u00eancia descart\u00e1vel premium quando selecciona o fant\u00e1stico vape descart\u00e1vel! Com portabilidade de bolso, conveni\u00eancia excecional e prazer intenso.<\/p>\n<h2>Elf Bar LB5000 Vape descart\u00e1vel Detalhes r\u00e1pidos:<\/h2>\n<ol>\n<li>Marca:ELF BAR<\/li>\n<li>Puffs:Est\u00e3o dispon\u00edveis 5000 Puffs por dispositivo<\/li>\n<li>Nicotina:5%<\/li>\n<li>Capacidade do E-juice: 14ML<\/li>\n<li>Bateria:650mAh<\/li>\n<li>Porta de carregamento:Tipo C<\/li>\n<\/ol>\n<p>&nbsp;<\/p>\n<h2>Aromas<\/h2>\n<ul>\n<li>Mirtilo Framboesa Cereja<\/li>\n<li>Limonada de p\u00eassego e cereja<\/li>\n<li>Gelado de morango<\/li>\n<li>Morango Mirtilo Cereja<\/li>\n<li>Gelo de ma\u00e7\u00e3 vermelha<\/li>\n<li>Gelo de anan\u00e1s e coco<\/li>\n<li>Bagas mistas<\/li>\n<li>Manga Maracuj\u00e1<\/li>\n<li>Gelo exuberante<\/li>\n<li>Urso de goma<\/li>\n<li>Gelo de ma\u00e7\u00e3 e uva<\/li>\n<li>Energia<\/li>\n<li>Refrigerante de arando<\/li>\n<li>Algod\u00e3o doce<\/li>\n<\/ul>\n<p>&nbsp;<\/p>\n<h2>Embalagem<\/h2>\n<p>0.068KG\/ PC, 1\/Box , 10\/ Case<\/p>\n<p>200\/ Caixa de cart\u00e3o, 13.6KG.<\/p>\n<p><img loading=\"lazy\" decoding=\"async\" class=\"alignnone size-full wp-image-11676\" title=\"Elf Bar LB5000 Vape Wholesale Vis\u00e3o geral\" src=\"https:\/\/www.vape4wholesale.com\/wp-content\/uploads\/2023\/06\/Elf-Bar-LB5000-Vape-Wholesale-Overview.jpg\" alt=\"Elf Bar LB5000 Vape Wholesale Vis\u00e3o geral\" width=\"800\" height=\"800\" srcset=\"https:\/\/www.vape4wholesale.com\/wp-content\/uploads\/2023\/06\/Elf-Bar-LB5000-Vape-Wholesale-Overview.jpg 800w, https:\/\/www.vape4wholesale.com\/wp-content\/uploads\/2023\/06\/Elf-Bar-LB5000-Vape-Wholesale-Overview-247x247.jpg 247w, https:\/\/www.vape4wholesale.com\/wp-content\/uploads\/2023\/06\/Elf-Bar-LB5000-Vape-Wholesale-Overview-100x100.jpg 100w, https:\/\/www.vape4wholesale.com\/wp-content\/uploads\/2023\/06\/Elf-Bar-LB5000-Vape-Wholesale-Overview-510x510.jpg 510w, https:\/\/www.vape4wholesale.com\/wp-content\/uploads\/2023\/06\/Elf-Bar-LB5000-Vape-Wholesale-Overview-64x64.jpg 64w, https:\/\/www.vape4wholesale.com\/wp-content\/uploads\/2023\/06\/Elf-Bar-LB5000-Vape-Wholesale-Overview-300x300.jpg 300w, https:\/\/www.vape4wholesale.com\/wp-content\/uploads\/2023\/06\/Elf-Bar-LB5000-Vape-Wholesale-Overview-150x150.jpg 150w, https:\/\/www.vape4wholesale.com\/wp-content\/uploads\/2023\/06\/Elf-Bar-LB5000-Vape-Wholesale-Overview-768x768.jpg 768w\" sizes=\"auto, (max-width: 800px) 100vw, 800px\" \/> <img loading=\"lazy\" decoding=\"async\" class=\"alignnone size-full wp-image-11675\" title=\"Elf Bar LB5000 Vape Venda grossista de bagas mistas\" src=\"https:\/\/www.vape4wholesale.com\/wp-content\/uploads\/2023\/06\/Elf-Bar-LB5000-Vape-Wholesale-Mixed-Berries.jpg\" alt=\"Elf Bar LB5000 Vape Venda grossista de bagas mistas\" width=\"800\" height=\"800\" srcset=\"https:\/\/www.vape4wholesale.com\/wp-content\/uploads\/2023\/06\/Elf-Bar-LB5000-Vape-Wholesale-Mixed-Berries.jpg 800w, https:\/\/www.vape4wholesale.com\/wp-content\/uploads\/2023\/06\/Elf-Bar-LB5000-Vape-Wholesale-Mixed-Berries-247x247.jpg 247w, https:\/\/www.vape4wholesale.com\/wp-content\/uploads\/2023\/06\/Elf-Bar-LB5000-Vape-Wholesale-Mixed-Berries-100x100.jpg 100w, https:\/\/www.vape4wholesale.com\/wp-content\/uploads\/2023\/06\/Elf-Bar-LB5000-Vape-Wholesale-Mixed-Berries-510x510.jpg 510w, https:\/\/www.vape4wholesale.com\/wp-content\/uploads\/2023\/06\/Elf-Bar-LB5000-Vape-Wholesale-Mixed-Berries-64x64.jpg 64w, https:\/\/www.vape4wholesale.com\/wp-content\/uploads\/2023\/06\/Elf-Bar-LB5000-Vape-Wholesale-Mixed-Berries-300x300.jpg 300w, https:\/\/www.vape4wholesale.com\/wp-content\/uploads\/2023\/06\/Elf-Bar-LB5000-Vape-Wholesale-Mixed-Berries-150x150.jpg 150w, https:\/\/www.vape4wholesale.com\/wp-content\/uploads\/2023\/06\/Elf-Bar-LB5000-Vape-Wholesale-Mixed-Berries-768x768.jpg 768w\" sizes=\"auto, (max-width: 800px) 100vw, 800px\" \/> <img loading=\"lazy\" decoding=\"async\" class=\"alignnone size-full wp-image-11674\" title=\"Elf Bar LB5000 Vape Atacado Manga Maracuj\u00e1\" src=\"https:\/\/www.vape4wholesale.com\/wp-content\/uploads\/2023\/06\/Elf-Bar-LB5000-Vape-Wholesale-Mango-Passion-Fruit.jpg\" alt=\"Elf Bar LB5000 Vape Atacado Manga Maracuj\u00e1\" width=\"800\" height=\"800\" srcset=\"https:\/\/www.vape4wholesale.com\/wp-content\/uploads\/2023\/06\/Elf-Bar-LB5000-Vape-Wholesale-Mango-Passion-Fruit.jpg 800w, https:\/\/www.vape4wholesale.com\/wp-content\/uploads\/2023\/06\/Elf-Bar-LB5000-Vape-Wholesale-Mango-Passion-Fruit-247x247.jpg 247w, https:\/\/www.vape4wholesale.com\/wp-content\/uploads\/2023\/06\/Elf-Bar-LB5000-Vape-Wholesale-Mango-Passion-Fruit-100x100.jpg 100w, https:\/\/www.vape4wholesale.com\/wp-content\/uploads\/2023\/06\/Elf-Bar-LB5000-Vape-Wholesale-Mango-Passion-Fruit-510x510.jpg 510w, https:\/\/www.vape4wholesale.com\/wp-content\/uploads\/2023\/06\/Elf-Bar-LB5000-Vape-Wholesale-Mango-Passion-Fruit-64x64.jpg 64w, https:\/\/www.vape4wholesale.com\/wp-content\/uploads\/2023\/06\/Elf-Bar-LB5000-Vape-Wholesale-Mango-Passion-Fruit-300x300.jpg 300w, https:\/\/www.vape4wholesale.com\/wp-content\/uploads\/2023\/06\/Elf-Bar-LB5000-Vape-Wholesale-Mango-Passion-Fruit-150x150.jpg 150w, https:\/\/www.vape4wholesale.com\/wp-content\/uploads\/2023\/06\/Elf-Bar-LB5000-Vape-Wholesale-Mango-Passion-Fruit-768x768.jpg 768w\" sizes=\"auto, (max-width: 800px) 100vw, 800px\" \/> <img loading=\"lazy\" decoding=\"async\" class=\"alignnone size-full wp-image-11673\" title=\"Elf Bar LB5000 Vape Venda por grosso Lush Ice\" src=\"https:\/\/www.vape4wholesale.com\/wp-content\/uploads\/2023\/06\/Elf-Bar-LB5000-Vape-Wholesale-Lush-Ice.jpg\" alt=\"Elf Bar LB5000 Vape Venda por grosso Lush Ice\" width=\"800\" height=\"800\" srcset=\"https:\/\/www.vape4wholesale.com\/wp-content\/uploads\/2023\/06\/Elf-Bar-LB5000-Vape-Wholesale-Lush-Ice.jpg 800w, https:\/\/www.vape4wholesale.com\/wp-content\/uploads\/2023\/06\/Elf-Bar-LB5000-Vape-Wholesale-Lush-Ice-247x247.jpg 247w, https:\/\/www.vape4wholesale.com\/wp-content\/uploads\/2023\/06\/Elf-Bar-LB5000-Vape-Wholesale-Lush-Ice-100x100.jpg 100w, https:\/\/www.vape4wholesale.com\/wp-content\/uploads\/2023\/06\/Elf-Bar-LB5000-Vape-Wholesale-Lush-Ice-510x510.jpg 510w, https:\/\/www.vape4wholesale.com\/wp-content\/uploads\/2023\/06\/Elf-Bar-LB5000-Vape-Wholesale-Lush-Ice-64x64.jpg 64w, https:\/\/www.vape4wholesale.com\/wp-content\/uploads\/2023\/06\/Elf-Bar-LB5000-Vape-Wholesale-Lush-Ice-300x300.jpg 300w, https:\/\/www.vape4wholesale.com\/wp-content\/uploads\/2023\/06\/Elf-Bar-LB5000-Vape-Wholesale-Lush-Ice-150x150.jpg 150w, https:\/\/www.vape4wholesale.com\/wp-content\/uploads\/2023\/06\/Elf-Bar-LB5000-Vape-Wholesale-Lush-Ice-768x768.jpg 768w\" sizes=\"auto, (max-width: 800px) 100vw, 800px\" \/> <img loading=\"lazy\" decoding=\"async\" class=\"alignnone size-full wp-image-11672\" title=\"Elf Bar LB5000 Vape Atacado Gummy Bear\" src=\"https:\/\/www.vape4wholesale.com\/wp-content\/uploads\/2023\/06\/Elf-Bar-LB5000-Vape-Wholesale-Gummy-Bear.jpg\" alt=\"Elf Bar LB5000 Vape Atacado Gummy Bear\" width=\"800\" height=\"800\" srcset=\"https:\/\/www.vape4wholesale.com\/wp-content\/uploads\/2023\/06\/Elf-Bar-LB5000-Vape-Wholesale-Gummy-Bear.jpg 800w, https:\/\/www.vape4wholesale.com\/wp-content\/uploads\/2023\/06\/Elf-Bar-LB5000-Vape-Wholesale-Gummy-Bear-247x247.jpg 247w, https:\/\/www.vape4wholesale.com\/wp-content\/uploads\/2023\/06\/Elf-Bar-LB5000-Vape-Wholesale-Gummy-Bear-100x100.jpg 100w, https:\/\/www.vape4wholesale.com\/wp-content\/uploads\/2023\/06\/Elf-Bar-LB5000-Vape-Wholesale-Gummy-Bear-510x510.jpg 510w, https:\/\/www.vape4wholesale.com\/wp-content\/uploads\/2023\/06\/Elf-Bar-LB5000-Vape-Wholesale-Gummy-Bear-64x64.jpg 64w, https:\/\/www.vape4wholesale.com\/wp-content\/uploads\/2023\/06\/Elf-Bar-LB5000-Vape-Wholesale-Gummy-Bear-300x300.jpg 300w, https:\/\/www.vape4wholesale.com\/wp-content\/uploads\/2023\/06\/Elf-Bar-LB5000-Vape-Wholesale-Gummy-Bear-150x150.jpg 150w, https:\/\/www.vape4wholesale.com\/wp-content\/uploads\/2023\/06\/Elf-Bar-LB5000-Vape-Wholesale-Gummy-Bear-768x768.jpg 768w\" sizes=\"auto, (max-width: 800px) 100vw, 800px\" \/><\/p>","protected":false},"excerpt":{"rendered":"[scf-template id=&#8217;11434&#8242;]\n","protected":false},"featured_media":11666,"comment_status":"open","ping_status":"closed","template":"","meta":[],"pwb-brand":[1278],"product_cat":[869],"product_tag":[22,24,60,177,189],"class_list":{"0":"post-10173","1":"product","2":"type-product","3":"status-publish","4":"has-post-thumbnail","6":"pwb-brand-elf-bar","7":"product_cat-5000-8000-puffs","8":"product_tag-disposable","9":"product_tag-wholesale","10":"product_tag-elf-bar","11":"product_tag-14-0ml","12":"product_tag-5000-puffs","14":"first","15":"outofstock","16":"shipping-taxable","17":"purchasable","18":"product-type-variable"},"aioseo_notices":[],"brands":[{"id":1278,"name":"Bar dos duendes","slug":"bar-dos-elfos"}],"_links":{"self":[{"href":"https:\/\/www.vape4wholesale.com\/pt\/wp-json\/wp\/v2\/product\/10173","targetHints":{"allow":["GET"]}}],"collection":[{"href":"https:\/\/www.vape4wholesale.com\/pt\/wp-json\/wp\/v2\/product"}],"about":[{"href":"https:\/\/www.vape4wholesale.com\/pt\/wp-json\/wp\/v2\/types\/product"}],"replies":[{"embeddable":true,"href":"https:\/\/www.vape4wholesale.com\/pt\/wp-json\/wp\/v2\/comments?post=10173"}],"wp:featuredmedia":[{"embeddable":true,"href":"https:\/\/www.vape4wholesale.com\/pt\/wp-json\/wp\/v2\/media\/11666"}],"wp:attachment":[{"href":"https:\/\/www.vape4wholesale.com\/pt\/wp-json\/wp\/v2\/media?parent=10173"}],"wp:term":[{"taxonomy":"pwb-brand","embeddable":true,"href":"https:\/\/www.vape4wholesale.com\/pt\/wp-json\/wp\/v2\/pwb-brand?post=10173"},{"taxonomy":"product_cat","embeddable":true,"href":"https:\/\/www.vape4wholesale.com\/pt\/wp-json\/wp\/v2\/product_cat?post=10173"},{"taxonomy":"product_tag","embeddable":true,"href":"https:\/\/www.vape4wholesale.com\/pt\/wp-json\/wp\/v2\/product_tag?post=10173"}],"curies":[{"name":"wp","href":"https:\/\/api.w.org\/{rel}","templated":true}]}}