{"id":2,"date":"2023-06-25T07:03:21","date_gmt":"2023-06-25T07:03:21","guid":{"rendered":"https:\/\/www.vape4wholesale.com\/?page_id=2"},"modified":"2026-01-26T06:12:48","modified_gmt":"2026-01-26T06:12:48","slug":"sobre-nos","status":"publish","type":"page","link":"https:\/\/www.vape4wholesale.com\/pt\/about-us","title":{"rendered":"Sobre"},"content":{"rendered":"<section class=\"section dark\" id=\"section_1293543813\">\n\t\t<div class=\"section-bg fill\" >\n\t\t\t<img loading=\"lazy\" decoding=\"async\" width=\"1500\" height=\"716\" src=\"https:\/\/www.vape4wholesale.com\/wp-content\/uploads\/2023\/06\/vape-factory.jpg\" class=\"bg attachment-original size-original\" alt=\"f\u00e1brica de vape\" \/>\t\t\t\t\t\t<div class=\"section-bg-overlay absolute fill\"><\/div>\n\t\t\t\n\n\t\t<\/div>\n\n\t\t\n\n\t\t<div class=\"section-content relative\">\n\t\t\t\n<div class=\"row align-center\"  id=\"row-755301372\">\n\n\t<div id=\"col-1749250583\" class=\"col medium-7 small-12 large-5\"  >\n\t\t\t\t<div class=\"col-inner\"  >\n\t\t\t\n\t\t\t\n\t<div id=\"text-2408009508\" class=\"text\">\n\t\t\n<h1><span style=\"font-size: 250%;\">Sobre n\u00f3s<\/span><\/h1>\n\t\t\n<style>\n#text-2408009508 {\n  text-align: center;\n}\n<\/style>\n\t<\/div>\n\t\n\t\t<\/div>\n\t\t\t\t\t<\/div>\n\n\t\n<\/div>\n\t\t<\/div>\n\n\t\t\n<style>\n#section_1293543813 {\n  padding-top: 30px;\n  padding-bottom: 30px;\n  min-height: 350px;\n  background-color: #6fa6d4;\n}\n#section_1293543813 .section-bg-overlay {\n  background-color: rgba(40, 37, 37, 0.308);\n}\n@media (min-width:550px) {\n  #section_1293543813 {\n    min-height: 620px;\n  }\n}\n<\/style>\n\t<\/section>\n\t\n\n\t<section class=\"section\" id=\"section_134964812\">\n\t\t<div class=\"section-bg fill\" >\n\t\t\t\t\t\t\t\t\t\n\t\t\t\n\n\t\t<\/div>\n\n\t\t\n\n\t\t<div class=\"section-content relative\">\n\t\t\t\n\t<div id=\"gap-948948776\" class=\"gap-element clearfix\" style=\"display:block; height:auto;\">\n\t\t\n<style>\n#gap-948948776 {\n  padding-top: 30px;\n}\n<\/style>\n\t<\/div>\n\t\n<div class=\"row row-large align-middle\" style=\"max-width:1300px\" id=\"row-1536562093\">\n\n\t<div id=\"col-1471305529\" class=\"col medium-12 small-12 large-7\"  >\n\t\t\t\t<div class=\"col-inner\"  >\n\t\t\t\n\t\t\t\n<div class=\"slider-wrapper relative\" id=\"slider-1712733752\" >\n    <div class=\"slider slider-nav-simple slider-nav-normal slider-nav-light slider-style-normal slider-show-nav\"\n        data-flickity-options='{            \"cellAlign\": \"center\",            \"imagesLoaded\": true,            \"lazyLoad\": 1,            \"freeScroll\": false,            \"wrapAround\": true,            \"autoPlay\": 4000,            \"pauseAutoPlayOnHover\" : false,            \"prevNextButtons\": true,            \"contain\" : true,            \"adaptiveHeight\" : true,            \"dragThreshold\" : 10,            \"percentPosition\": true,            \"pageDots\": false,            \"rightToLeft\": false,            \"draggable\": true,            \"selectedAttraction\": 0.1,            \"parallax\" : 0,            \"friction\": 0.6        }'\n        >\n        \n\t<div class=\"img has-hover x md-x lg-x y md-y lg-y\" id=\"image_787738622\">\n\t\t\t\t\t\t\t\t<div class=\"img-inner dark\" >\n\t\t\t<img loading=\"lazy\" decoding=\"async\" width=\"866\" height=\"577\" src=\"https:\/\/www.vape4wholesale.com\/wp-content\/uploads\/2026\/01\/our-team.jpg\" class=\"attachment-original size-original\" alt=\"a nossa equipa\" srcset=\"https:\/\/www.vape4wholesale.com\/wp-content\/uploads\/2026\/01\/our-team.jpg 866w, https:\/\/www.vape4wholesale.com\/wp-content\/uploads\/2026\/01\/our-team-300x200.jpg 300w, https:\/\/www.vape4wholesale.com\/wp-content\/uploads\/2026\/01\/our-team-768x512.jpg 768w, https:\/\/www.vape4wholesale.com\/wp-content\/uploads\/2026\/01\/our-team-18x12.jpg 18w, https:\/\/www.vape4wholesale.com\/wp-content\/uploads\/2026\/01\/our-team-510x340.jpg 510w\" sizes=\"auto, (max-width: 866px) 100vw, 866px\" \/>\t\t\t\t\t\t\n\t\t\t\t\t<\/div>\n\t\t\t\t\t\t\t\t\n<style>\n#image_787738622 {\n  width: 100%;\n}\n<\/style>\n\t<\/div>\n\t\n     <\/div>\n\n     <div class=\"loading-spin dark large centered\"><\/div>\n\n\t<\/div>\n\n\n\t\t<\/div>\n\t\t\t\t\t<\/div>\n\n\t\n\n\t<div id=\"col-423274902\" class=\"col medium-10 small-12 large-5\"  >\n\t\t\t\t<div class=\"col-inner\"  >\n\t\t\t\n\t\t\t\n\t<div id=\"gap-2141722376\" class=\"gap-element clearfix\" style=\"display:block; height:auto;\">\n\t\t\n<style>\n#gap-2141722376 {\n  padding-top: 30px;\n}\n<\/style>\n\t<\/div>\n\t\n\t<div id=\"text-3452554447\" class=\"text\">\n\t\t\n<h2><span style=\"font-size: 100%;\">Porqu\u00ea n\u00f3s?<\/span><\/h2>\n\t\t\n<style>\n#text-3452554447 {\n  font-size: 1.75rem;\n}\n<\/style>\n\t<\/div>\n\t\n<div class=\"is-divider divider clearfix\" style=\"max-width:100px;height:4px;background-color:rgb(111, 166, 212);\"><\/div>\n<p>Somos uma empresa profissional de vape com mais de 18 anos de experi\u00eancia e o nosso objetivo \u00e9 fornecer aos nossos clientes um centro comercial por grosso de vape r\u00e1pido e seguro.<\/p>\n<p>Mantemos uma estreita coopera\u00e7\u00e3o com os principais fabricantes da ind\u00fastria de vape para obter estilos inovadores e qualidade consistente. Dispomos tamb\u00e9m dos melhores canais de expedi\u00e7\u00e3o do sector para garantir uma entrega r\u00e1pida.<\/p>\n<a href=\"\/pt\/contactar-nos\/\" class=\"button primary lowercase\" style=\"border-radius:10px;padding:5px 30px 5px 30px;\">\n\t\t<span>Contactar agora<\/span>\n\t<\/a>\n\n\t\t<\/div>\n\t\t\t\t\n<style>\n#col-423274902 > .col-inner {\n  padding: 0px 0px 0px 0;\n}\n@media (min-width:550px) {\n  #col-423274902 > .col-inner {\n    padding: 0px 0px 0px 30px;\n  }\n}\n<\/style>\n\t<\/div>\n\n\t\n<\/div>\n\t<div id=\"gap-1115325648\" class=\"gap-element clearfix\" style=\"display:block; height:auto;\">\n\t\t\n<style>\n#gap-1115325648 {\n  padding-top: 40px;\n}\n@media (min-width:550px) {\n  #gap-1115325648 {\n    padding-top: 80px;\n  }\n}\n<\/style>\n\t<\/div>\n\t\n<div class=\"row row-solid\" style=\"max-width:1300px\" id=\"row-1118690885\">\n\n\t<div id=\"col-656648376\" class=\"col medium-6 small-12 large-3\"  >\n\t\t\t\t<div class=\"col-inner\"  >\n\t\t\t\n\t\t\t\n\t<div id=\"text-285572474\" class=\"text\">\n\t\t\n<h2><span class=\"count-up\">18<\/span><\/h2>\n\t\t\n<style>\n#text-285572474 {\n  font-size: 2.5rem;\n  text-align: center;\n}\n<\/style>\n\t<\/div>\n\t\n\t<div id=\"text-2206572088\" class=\"text\">\n\t\t\n<p>Anos de experi\u00eancia<br \/>\n\t\t\n<style>\n#text-2206572088 {\n  text-align: center;\n}\n<\/style>\n\t<\/div>\n\t\n\t\t<\/div>\n\t\t\t\t\t<\/div>\n\n\t\n\n\t<div id=\"col-1272858285\" class=\"col medium-6 small-12 large-3\"  >\n\t\t\t\t<div class=\"col-inner\"  >\n\t\t\t\n\t\t\t\n\t<div id=\"text-1046466995\" class=\"text\">\n\t\t\n<h2><span class=\"count-up\">10500<\/span><\/h2>\n\t\t\n<style>\n#text-1046466995 {\n  font-size: 2.5rem;\n  text-align: center;\n}\n<\/style>\n\t<\/div>\n\t\n\t<div id=\"text-3121309230\" class=\"text\">\n\t\t\n<p>Clientes atendidos<br \/>\n\t\t\n<style>\n#text-3121309230 {\n  text-align: center;\n}\n<\/style>\n\t<\/div>\n\t\n\t\t<\/div>\n\t\t\t\t\t<\/div>\n\n\t\n\n\t<div id=\"col-1139907928\" class=\"col medium-6 small-12 large-3\"  >\n\t\t\t\t<div class=\"col-inner\"  >\n\t\t\t\n\t\t\t\n\t<div id=\"text-1935829853\" class=\"text\">\n\t\t\n<h2><span class=\"count-up\">50<\/span><\/h2>\n\t\t\n<style>\n#text-1935829853 {\n  font-size: 2.5rem;\n  text-align: center;\n}\n<\/style>\n\t<\/div>\n\t\n\t<div id=\"text-2331545662\" class=\"text\">\n\t\t\n<p>pa\u00edses de expedi\u00e7\u00e3o<br \/>\n\t\t\n<style>\n#text-2331545662 {\n  text-align: center;\n}\n<\/style>\n\t<\/div>\n\t\n\t\t<\/div>\n\t\t\t\t\t<\/div>\n\n\t\n\n\t<div id=\"col-465826784\" class=\"col medium-6 small-12 large-3\"  >\n\t\t\t\t<div class=\"col-inner\"  >\n\t\t\t\n\t\t\t\n\t<div id=\"text-884424084\" class=\"text\">\n\t\t\n<h2><span class=\"count-up\">160<\/span><\/h2>\n\t\t\n<style>\n#text-884424084 {\n  font-size: 2.5rem;\n  text-align: center;\n}\n<\/style>\n\t<\/div>\n\t\n\t<div id=\"text-1693852773\" class=\"text\">\n\t\t\n<p>Produtos em destaque<br \/>\n\t\t\n<style>\n#text-1693852773 {\n  text-align: center;\n}\n<\/style>\n\t<\/div>\n\t\n\t\t<\/div>\n\t\t\t\t\t<\/div>\n\n\t\n<\/div>\n\t\t<\/div>\n\n\t\t\n<style>\n#section_134964812 {\n  padding-top: 50px;\n  padding-bottom: 50px;\n}\n@media (min-width:550px) {\n  #section_134964812 {\n    padding-top: 110px;\n    padding-bottom: 110px;\n  }\n}\n<\/style>\n\t<\/section>\n\t\n<div class=\"row\"  id=\"row-356530817\">\n\n\t<div id=\"col-1851025142\" class=\"col small-12 large-12\"  >\n\t\t\t\t<div class=\"col-inner\"  >\n\t\t\t\n\t\t\t\n\t<div class=\"box has-hover   has-hover box-text-bottom\" >\n\n\t\t<div class=\"box-image\" style=\"width:57%;\">\n\t\t\t\t\t\t<div class=\"\" >\n\t\t\t\t<img loading=\"lazy\" decoding=\"async\" width=\"1652\" height=\"2276\" src=\"https:\/\/www.vape4wholesale.com\/wp-content\/uploads\/2026\/01\/Certificate-of-Incorporation-of-Joystine.jpg\" class=\"attachment- size-\" alt=\"Certificado de constitui\u00e7\u00e3o da Joystine\" srcset=\"https:\/\/www.vape4wholesale.com\/wp-content\/uploads\/2026\/01\/Certificate-of-Incorporation-of-Joystine.jpg 1652w, https:\/\/www.vape4wholesale.com\/wp-content\/uploads\/2026\/01\/Certificate-of-Incorporation-of-Joystine-218x300.jpg 218w, https:\/\/www.vape4wholesale.com\/wp-content\/uploads\/2026\/01\/Certificate-of-Incorporation-of-Joystine-743x1024.jpg 743w, https:\/\/www.vape4wholesale.com\/wp-content\/uploads\/2026\/01\/Certificate-of-Incorporation-of-Joystine-768x1058.jpg 768w, https:\/\/www.vape4wholesale.com\/wp-content\/uploads\/2026\/01\/Certificate-of-Incorporation-of-Joystine-1115x1536.jpg 1115w, https:\/\/www.vape4wholesale.com\/wp-content\/uploads\/2026\/01\/Certificate-of-Incorporation-of-Joystine-1487x2048.jpg 1487w, https:\/\/www.vape4wholesale.com\/wp-content\/uploads\/2026\/01\/Certificate-of-Incorporation-of-Joystine-9x12.jpg 9w, https:\/\/www.vape4wholesale.com\/wp-content\/uploads\/2026\/01\/Certificate-of-Incorporation-of-Joystine-510x703.jpg 510w\" sizes=\"auto, (max-width: 1652px) 100vw, 1652px\" \/>\t\t\t\t\t\t\t\t\t\t\t<\/div>\n\t\t\t\t\t<\/div>\n\n\t\t<div class=\"box-text text-center\" >\n\t\t\t<div class=\"box-text-inner\">\n\t\t\t\t\n<h4>Certificado de constitui\u00e7\u00e3o de sociedade<\/h4>\n<p>JOYSTINE GROUP LIMITED<\/p>\n\t\t\t<\/div>\n\t\t<\/div>\n\t<\/div>\n\t\n\t\t<\/div>\n\t\t\t\t\t<\/div>\n\n\t\n<\/div>\n\n\n\t<section class=\"section dark\" id=\"section_1496817082\">\n\t\t<div class=\"section-bg fill\" >\n\t\t\t\t\t\t\t\t\t\n\t\t\t\n\n\t\t<\/div>\n\n\t\t\n\n\t\t<div class=\"section-content relative\">\n\t\t\t\n<div class=\"row align-center\" style=\"max-width:1300px\" id=\"row-1518358510\">\n\n\t<div id=\"col-1077833229\" class=\"col medium-8 small-12 large-5\"  >\n\t\t\t\t<div class=\"col-inner text-center\"  >\n\t\t\t\n\t\t\t\n\t<div id=\"gap-1678963477\" class=\"gap-element clearfix\" style=\"display:block; height:auto;\">\n\t\t\n<style>\n#gap-1678963477 {\n  padding-top: 50px;\n}\n@media (min-width:550px) {\n  #gap-1678963477 {\n    padding-top: 100px;\n  }\n}\n<\/style>\n\t<\/div>\n\t\n\t<div id=\"text-3765035387\" class=\"text\">\n\t\t\n<h2>Abrir uma conta grossista<\/h2>\n\t\t\n<style>\n#text-3765035387 {\n  font-size: 1.75rem;\n  text-align: center;\n}\n<\/style>\n\t<\/div>\n\t\n<div class=\"text-center\"><div class=\"is-divider divider clearfix\" style=\"max-width:100px;height:4px;background-color:rgb(147, 199, 229);\"><\/div><\/div>\n\t<div id=\"text-1908549816\" class=\"text\">\n\t\t\n<p>Inscreva-se numa conta e comece a trabalhar connosco\uff01<br \/>\n\t\t\n<style>\n#text-1908549816 {\n  text-align: center;\n}\n<\/style>\n\t<\/div>\n\t\n<a href=\"\/pt\/registo\/\" class=\"button white\" style=\"border-radius:10px;padding:5px 30px 5px 30px;\">\n\t\t<span>Abrir uma conta<\/span>\n\t<\/a>\n\n\t<div id=\"gap-1971137570\" class=\"gap-element clearfix\" style=\"display:block; height:auto;\">\n\t\t\n<style>\n#gap-1971137570 {\n  padding-top: 5px;\n}\n@media (min-width:550px) {\n  #gap-1971137570 {\n    padding-top: 30px;\n  }\n}\n<\/style>\n\t<\/div>\n\t\n\t\t<\/div>\n\t\t\t\t\t<\/div>\n\n\t\n<\/div>\n\t\t<\/div>\n\n\t\t\n<style>\n#section_1496817082 {\n  padding-top: 50px;\n  padding-bottom: 50px;\n  background-color: #01554b;\n}\n<\/style>\n\t<\/section>","protected":false},"excerpt":{"rendered":"","protected":false},"author":1,"featured_media":0,"parent":0,"menu_order":0,"comment_status":"closed","ping_status":"open","template":"page-blank.php","meta":{"footnotes":""},"class_list":["post-2","page","type-page","status-publish","hentry"],"aioseo_notices":[],"_links":{"self":[{"href":"https:\/\/www.vape4wholesale.com\/pt\/wp-json\/wp\/v2\/pages\/2","targetHints":{"allow":["GET"]}}],"collection":[{"href":"https:\/\/www.vape4wholesale.com\/pt\/wp-json\/wp\/v2\/pages"}],"about":[{"href":"https:\/\/www.vape4wholesale.com\/pt\/wp-json\/wp\/v2\/types\/page"}],"author":[{"embeddable":true,"href":"https:\/\/www.vape4wholesale.com\/pt\/wp-json\/wp\/v2\/users\/1"}],"replies":[{"embeddable":true,"href":"https:\/\/www.vape4wholesale.com\/pt\/wp-json\/wp\/v2\/comments?post=2"}],"version-history":[{"count":5,"href":"https:\/\/www.vape4wholesale.com\/pt\/wp-json\/wp\/v2\/pages\/2\/revisions"}],"predecessor-version":[{"id":28420,"href":"https:\/\/www.vape4wholesale.com\/pt\/wp-json\/wp\/v2\/pages\/2\/revisions\/28420"}],"wp:attachment":[{"href":"https:\/\/www.vape4wholesale.com\/pt\/wp-json\/wp\/v2\/media?parent=2"}],"curies":[{"name":"wp","href":"https:\/\/api.w.org\/{rel}","templated":true}]}}