{"id":13900,"date":"2023-06-27T08:41:43","date_gmt":"2023-06-27T08:41:43","guid":{"rendered":"https:\/\/www.vape4wholesale.com\/?page_id=13900"},"modified":"2026-01-25T01:33:44","modified_gmt":"2026-01-25T01:33:44","slug":"cupao","status":"publish","type":"page","link":"https:\/\/www.vape4wholesale.com\/pt\/coupon","title":{"rendered":"Cup\u00e3o"},"content":{"rendered":"<table id=\"footable_13899\" class=\"foo-table ninja_footable foo_table_13899 ninja_table_unique_id_3527334955_13899 ui table ninja_search_right nt_type_ajax_table selectable striped vertical_centered footable-paging-right footable footable-1 footable-filtering footable-filtering-right footable-paging breakpoint-lg\" data-ninja_table_instance=\"ninja_table_instance_0\" data-footable_id=\"13899\" data-filter-delay=\"1000\" aria-label=\"Cup\u00f5es\" data-unique_identifier=\"ninja_table_unique_id_3527334955_13899\">\n<thead>\n<tr class=\"footable-header\">\n<th class=\"ninja_column_0 ninja_clmn_nm_coupon_code footable-sortable footable-first-visible\" scope=\"col\">C\u00f3digo de cup\u00e3o<\/th>\n<th class=\"ninja_column_1 ninja_clmn_nm_discount_amount footable-sortable\" scope=\"col\">Montante do desconto<\/th>\n<th class=\"ninja_column_2 ninja_clmn_nm_minimum_order_amount footable-sortable\" scope=\"col\">Montante m\u00ednimo da encomenda<\/th>\n<th class=\"ninja_column_3 ninja_clmn_nm_expiration_date footable-sortable footable-last-visible\" scope=\"col\">Data de expira\u00e7\u00e3o<\/th>\n<\/tr>\n<\/thead>\n<colgroup>\n<col class=\"ninja_column_0\" \/>\n<col class=\"ninja_column_1\" \/>\n<col class=\"ninja_column_2\" \/>\n<col class=\"ninja_column_3\" \/><\/colgroup>\n<tbody>\n<tr class=\"ninja_table_row_0 nt_row_id_1\">\n<td class=\"ninja_column_0 ninja_clmn_nm_coupon_code footable-first-visible\">10D<\/td>\n<td class=\"ninja_column_1 ninja_clmn_nm_discount_amount\">\u20ac10<\/td>\n<td class=\"ninja_column_2 ninja_clmn_nm_minimum_order_amount\">\u20ac600<\/td>\n<td class=\"ninja_column_3 ninja_clmn_nm_expiration_date footable-last-visible\">1 de fevereiro de 2027<\/td>\n<\/tr>\n<tr class=\"ninja_table_row_1 nt_row_id_2\">\n<td class=\"ninja_column_0 ninja_clmn_nm_coupon_code footable-first-visible\">20D<\/td>\n<td class=\"ninja_column_1 ninja_clmn_nm_discount_amount\">\u20ac20<\/td>\n<td class=\"ninja_column_2 ninja_clmn_nm_minimum_order_amount\">\u20ac1,200<\/td>\n<td class=\"ninja_column_3 ninja_clmn_nm_expiration_date footable-last-visible\">1 de fevereiro de 2027<\/td>\n<\/tr>\n<tr class=\"ninja_table_row_2 nt_row_id_3\">\n<td class=\"ninja_column_0 ninja_clmn_nm_coupon_code footable-first-visible\">40D<\/td>\n<td class=\"ninja_column_1 ninja_clmn_nm_discount_amount\">\u20ac40<\/td>\n<td class=\"ninja_column_2 ninja_clmn_nm_minimum_order_amount\">\u20ac3,000<\/td>\n<td class=\"ninja_column_3 ninja_clmn_nm_expiration_date footable-last-visible\">1 de fevereiro de 2027<\/td>\n<\/tr>\n<tr class=\"ninja_table_row_3 nt_row_id_4\">\n<td class=\"ninja_column_0 ninja_clmn_nm_coupon_code footable-first-visible\">50D<\/td>\n<td class=\"ninja_column_1 ninja_clmn_nm_discount_amount\">\u20ac50<\/td>\n<td class=\"ninja_column_2 ninja_clmn_nm_minimum_order_amount\">\u20ac4,000<\/td>\n<td class=\"ninja_column_3 ninja_clmn_nm_expiration_date footable-last-visible\">1 de fevereiro de 2027<\/td>\n<\/tr>\n<tr class=\"ninja_table_row_4 nt_row_id_5\">\n<td class=\"ninja_column_0 ninja_clmn_nm_coupon_code footable-first-visible\">65D<\/td>\n<td class=\"ninja_column_1 ninja_clmn_nm_discount_amount\">\u20ac65<\/td>\n<td class=\"ninja_column_2 ninja_clmn_nm_minimum_order_amount\">\u20ac5,000<\/td>\n<td class=\"ninja_column_3 ninja_clmn_nm_expiration_date footable-last-visible\">1 de fevereiro de 2027<\/td>\n<\/tr>\n<tr class=\"ninja_table_row_5 nt_row_id_6\">\n<td class=\"ninja_column_0 ninja_clmn_nm_coupon_code footable-first-visible\">80V<\/td>\n<td class=\"ninja_column_1 ninja_clmn_nm_discount_amount\">\u20ac80<\/td>\n<td class=\"ninja_column_2 ninja_clmn_nm_minimum_order_amount\">\u20ac6,000<\/td>\n<td class=\"ninja_column_3 ninja_clmn_nm_expiration_date footable-last-visible\">1 de fevereiro de 2027<\/td>\n<\/tr>\n<tr class=\"ninja_table_row_6 nt_row_id_7\">\n<td class=\"ninja_column_0 ninja_clmn_nm_coupon_code footable-first-visible\">100V<\/td>\n<td class=\"ninja_column_1 ninja_clmn_nm_discount_amount\">\u20ac100<\/td>\n<td class=\"ninja_column_2 ninja_clmn_nm_minimum_order_amount\">\u20ac7,500<\/td>\n<td class=\"ninja_column_3 ninja_clmn_nm_expiration_date footable-last-visible\">1 de fevereiro de 2027<\/td>\n<\/tr>\n<tr class=\"ninja_table_row_7 nt_row_id_8\">\n<td class=\"ninja_column_0 ninja_clmn_nm_coupon_code footable-first-visible\">120V<\/td>\n<td class=\"ninja_column_1 ninja_clmn_nm_discount_amount\">\u20ac120<\/td>\n<td class=\"ninja_column_2 ninja_clmn_nm_minimum_order_amount\">\u20ac10,000<\/td>\n<td class=\"ninja_column_3 ninja_clmn_nm_expiration_date footable-last-visible\">1 de fevereiro de 2027<\/td>\n<\/tr>\n<tr class=\"ninja_table_row_8 nt_row_id_9\">\n<td class=\"ninja_column_0 ninja_clmn_nm_coupon_code footable-first-visible\">30D<\/td>\n<td class=\"ninja_column_1 ninja_clmn_nm_discount_amount\">\u20ac30<\/td>\n<td class=\"ninja_column_2 ninja_clmn_nm_minimum_order_amount\">\u20ac2,000<\/td>\n<td class=\"ninja_column_3 ninja_clmn_nm_expiration_date footable-last-visible\">1 de fevereiro de 2027<\/td>\n<\/tr>\n<tr class=\"ninja_table_row_9 nt_row_id_10\">\n<td class=\"ninja_column_0 ninja_clmn_nm_coupon_code footable-first-visible\">4n<\/td>\n<td class=\"ninja_column_1 ninja_clmn_nm_discount_amount\">\u20ac4<\/td>\n<td class=\"ninja_column_2 ninja_clmn_nm_minimum_order_amount\">\u20ac0<\/td>\n<td class=\"ninja_column_3 ninja_clmn_nm_expiration_date footable-last-visible\">1 de fevereiro de 2027<\/td>\n<\/tr>\n<\/tbody>\n<\/table>\n<p><strong>Como utilizar?<\/strong><\/p>\n<p>Adicione produtos ao carrinho de compras e os cup\u00f5es ser\u00e3o aplicados automaticamente.<br \/>Os cup\u00f5es para descontos maiores tamb\u00e9m ser\u00e3o aplicados automaticamente quando o n\u00famero de produtos no seu carrinho exceder as regras que definimos.<\/p>","protected":false},"excerpt":{"rendered":"<p>Coupon Code Discount Amount Minimum Order Amount Expiration date 10D \u20ac10 \u20ac600 February 1, 2027 20D \u20ac20 \u20ac1,200 February 1, 2027 40D \u20ac40 \u20ac3,000 February 1, 2027 50D \u20ac50 \u20ac4,000 February 1, 2027 65D \u20ac65 \u20ac5,000 February 1, 2027 80V \u20ac80 \u20ac6,000 February 1, 2027 100V \u20ac100 \u20ac7,500 February 1, 2027 120V \u20ac120 \u20ac10,000 February [&#8230;]\n","protected":false},"author":1,"featured_media":0,"parent":0,"menu_order":0,"comment_status":"closed","ping_status":"closed","template":"","meta":{"footnotes":""},"class_list":["post-13900","page","type-page","status-publish","hentry"],"aioseo_notices":[],"_links":{"self":[{"href":"https:\/\/www.vape4wholesale.com\/pt\/wp-json\/wp\/v2\/pages\/13900","targetHints":{"allow":["GET"]}}],"collection":[{"href":"https:\/\/www.vape4wholesale.com\/pt\/wp-json\/wp\/v2\/pages"}],"about":[{"href":"https:\/\/www.vape4wholesale.com\/pt\/wp-json\/wp\/v2\/types\/page"}],"author":[{"embeddable":true,"href":"https:\/\/www.vape4wholesale.com\/pt\/wp-json\/wp\/v2\/users\/1"}],"replies":[{"embeddable":true,"href":"https:\/\/www.vape4wholesale.com\/pt\/wp-json\/wp\/v2\/comments?post=13900"}],"version-history":[{"count":4,"href":"https:\/\/www.vape4wholesale.com\/pt\/wp-json\/wp\/v2\/pages\/13900\/revisions"}],"predecessor-version":[{"id":26855,"href":"https:\/\/www.vape4wholesale.com\/pt\/wp-json\/wp\/v2\/pages\/13900\/revisions\/26855"}],"wp:attachment":[{"href":"https:\/\/www.vape4wholesale.com\/pt\/wp-json\/wp\/v2\/media?parent=13900"}],"curies":[{"name":"wp","href":"https:\/\/api.w.org\/{rel}","templated":true}]}}