{"id":9844,"date":"2023-05-30T19:22:51","date_gmt":"2023-05-30T11:22:51","guid":{"rendered":"https:\/\/www.vape4wholesale.com\/?post_type=product&#038;p=9844"},"modified":"2026-01-26T13:42:45","modified_gmt":"2026-01-26T13:42:45","slug":"bang-king-9000-puff-jednorazowe-vape-hurtownia","status":"publish","type":"product","link":"https:\/\/www.vape4wholesale.com\/pl\/product\/bang-king-9000-puffs-disposable-vape-wholesale","title":{"rendered":"Bang King 9000 Puffs Jednorazowa sprzeda\u017c hurtowa Vape"},"content":{"rendered":"<p>w <strong><a href=\"https:\/\/www.vape4wholesale.com\/pl\/product_brand\/huk\/\">Bang<\/a> King 9000<\/strong> to najnowszy modny jednorazowy vape wprowadzony na rynek przez mark\u0119 Bang. Vape jest zapakowany w element sportowy - sportowy kubek na wod\u0119, kt\u00f3ry sprawia, \u017ce Vaper jest bardziej sportowy i modny podczas korzystania z tego produktu. Kiedy nosisz swobodn\u0105 odzie\u017c sportow\u0105, trzymaj\u0105c ten produkt Bang King 9000 w d\u0142oni, natychmiast staje si\u0119 on w centrum uwagi, a dopasowanie jest bardzo dobre.<\/p>\n<h2>Specyfikacja Bang King 9000 Vape:<\/h2>\n<p>Puffy: do 9000<br \/>\nPojemno\u015b\u0107: 20 ml<br \/>\nNikotyna: 0% \/2% \/3% \/ 5%<br \/>\nBateria: akumulator 800 mAh<br \/>\nWaga: 90g\/PCS<br \/>\nIlo\u015b\u0107\/karton: 200 sztuk\/pude\u0142ko<br \/>\nWaga brutto: 18 KG\/pude\u0142ko<\/p>\n<h2>Smaki:<\/h2>\n<p>1) Cool Mint<br \/>\n2) L\u00f3d jagodowo-malinowy<br \/>\n3) Mango Peach<br \/>\n4) Arbuz Stawberry<br \/>\n5) Stawberry Mango<br \/>\n6) L\u00f3d arbuzowy<br \/>\n7) Mieszanka jag\u00f3d<br \/>\n8) L\u00f3d winogronowy<br \/>\n9) Kwa\u015bne jab\u0142ko<br \/>\n10) Stawberry Ice<br \/>\n11) Stawberry Kiwi<br \/>\n12) Kiwi Marakuja Guawa<br \/>\n13) L\u00f3d brzoskwiniowy<br \/>\n14) Mr Blue<br \/>\n15) Krew tygrysa<br \/>\n16) Banan truskawkowy<\/p>\n<p><img loading=\"lazy\" decoding=\"async\" class=\"alignnone size-full wp-image-11838\" title=\"BANG King 9000 Jednorazowa Sprzeda\u017c Hurtowa Vape (9)\" src=\"https:\/\/www.vape4wholesale.com\/wp-content\/uploads\/2023\/05\/BANG-King-9000-Disposable-Vape-Wholesale-9.jpg\" alt=\"BANG King 9000 Jednorazowa Sprzeda\u017c Hurtowa Vape (9)\" width=\"730\" height=\"730\" srcset=\"https:\/\/www.vape4wholesale.com\/wp-content\/uploads\/2023\/05\/BANG-King-9000-Disposable-Vape-Wholesale-9.jpg 730w, https:\/\/www.vape4wholesale.com\/wp-content\/uploads\/2023\/05\/BANG-King-9000-Disposable-Vape-Wholesale-9-247x247.jpg 247w, https:\/\/www.vape4wholesale.com\/wp-content\/uploads\/2023\/05\/BANG-King-9000-Disposable-Vape-Wholesale-9-100x100.jpg 100w, https:\/\/www.vape4wholesale.com\/wp-content\/uploads\/2023\/05\/BANG-King-9000-Disposable-Vape-Wholesale-9-510x510.jpg 510w, https:\/\/www.vape4wholesale.com\/wp-content\/uploads\/2023\/05\/BANG-King-9000-Disposable-Vape-Wholesale-9-64x64.jpg 64w, https:\/\/www.vape4wholesale.com\/wp-content\/uploads\/2023\/05\/BANG-King-9000-Disposable-Vape-Wholesale-9-300x300.jpg 300w, https:\/\/www.vape4wholesale.com\/wp-content\/uploads\/2023\/05\/BANG-King-9000-Disposable-Vape-Wholesale-9-150x150.jpg 150w\" sizes=\"auto, (max-width: 730px) 100vw, 730px\" \/><\/p>","protected":false},"excerpt":{"rendered":"[scf-template id=&#8217;11434&#8242;]\n","protected":false},"featured_media":11838,"comment_status":"open","ping_status":"closed","template":"","meta":[],"pwb-brand":[1275],"product_cat":[870],"product_tag":[24,172,249,336,22],"class_list":{"0":"post-9844","1":"product","2":"type-product","3":"status-publish","4":"has-post-thumbnail","6":"pwb-brand-bang","7":"product_cat-8000-10000-puffs","8":"product_tag-wholesale","9":"product_tag-20-0ml","10":"product_tag-bang","11":"product_tag-9000-puffs","12":"product_tag-disposable","13":"wcpa_has_options","15":"first","16":"outofstock","17":"shipping-taxable","18":"purchasable","19":"product-type-variable"},"aioseo_notices":[],"brands":[{"id":1275,"name":"Bang","slug":"huk"}],"_links":{"self":[{"href":"https:\/\/www.vape4wholesale.com\/pl\/wp-json\/wp\/v2\/product\/9844","targetHints":{"allow":["GET"]}}],"collection":[{"href":"https:\/\/www.vape4wholesale.com\/pl\/wp-json\/wp\/v2\/product"}],"about":[{"href":"https:\/\/www.vape4wholesale.com\/pl\/wp-json\/wp\/v2\/types\/product"}],"replies":[{"embeddable":true,"href":"https:\/\/www.vape4wholesale.com\/pl\/wp-json\/wp\/v2\/comments?post=9844"}],"wp:featuredmedia":[{"embeddable":true,"href":"https:\/\/www.vape4wholesale.com\/pl\/wp-json\/wp\/v2\/media\/11838"}],"wp:attachment":[{"href":"https:\/\/www.vape4wholesale.com\/pl\/wp-json\/wp\/v2\/media?parent=9844"}],"wp:term":[{"taxonomy":"pwb-brand","embeddable":true,"href":"https:\/\/www.vape4wholesale.com\/pl\/wp-json\/wp\/v2\/pwb-brand?post=9844"},{"taxonomy":"product_cat","embeddable":true,"href":"https:\/\/www.vape4wholesale.com\/pl\/wp-json\/wp\/v2\/product_cat?post=9844"},{"taxonomy":"product_tag","embeddable":true,"href":"https:\/\/www.vape4wholesale.com\/pl\/wp-json\/wp\/v2\/product_tag?post=9844"}],"curies":[{"name":"wp","href":"https:\/\/api.w.org\/{rel}","templated":true}]}}