{"id":9550,"date":"2023-05-29T20:20:32","date_gmt":"2023-05-29T12:20:32","guid":{"rendered":"https:\/\/www.vape4wholesale.com\/?post_type=product&#038;p=9550"},"modified":"2026-01-26T13:42:48","modified_gmt":"2026-01-26T13:42:48","slug":"lavie-nio-box-9000-puffow-jednorazowych-vape-hurtowo","status":"publish","type":"product","link":"https:\/\/www.vape4wholesale.com\/pl\/product\/lavie-nio-box-9000-puffs-disposable-vape-wholesale","title":{"rendered":"Lavie NIO BOX 9000 Puffs Jednorazowe Vape Hurtownia"},"content":{"rendered":"<p>w <strong><a href=\"https:\/\/www.vape4wholesale.com\/pl\/product_brand\/lavie\/\">Lavie<\/a> NIO BOX 9000<\/strong> jest \u0142adnie zaprojektowanym jednorazowym vape typu box, ma przezroczyst\u0105 obudow\u0119 i urocze, dziwaczne naklejki, wbudowan\u0105 bateri\u0119 550 mAh, pojemno\u015b\u0107 18 ml e-liquidu, kt\u00f3ra obs\u0142uguje do 9000 zaci\u0105gni\u0119\u0107, vape hurtowo tutaj w V4W.<\/p>\n<h2>LAVIE NIO BOX 9000 Jednorazowe Specyfikacje Vape:<\/h2>\n<ul>\n<li>Marka:LAVIE<\/li>\n<li>Puffy:9000 Puff\u00f3w jest dost\u0119pnych na urz\u0105dzenie<\/li>\n<li>Nicotine:0%\/2%\/5%<\/li>\n<li>Pojemno\u015b\u0107 e-soku: 18 ml<\/li>\n<li>Bateria: 550 mAh<\/li>\n<li>Port \u0142adowania: Typ C<\/li>\n<\/ul>\n<p>&nbsp;<\/p>\n<h2>Smaki<\/h2>\n<ol>\n<li>Cola Ice<\/li>\n<li>Zielona fasola Mleko kokosowe<\/li>\n<li>Yakult<\/li>\n<li>L\u00f3d truskawkowy z mango<\/li>\n<li>Melon Ice<\/li>\n<li>Fioletowe winogrono<\/li>\n<li>Arbuzowy l\u00f3d<\/li>\n<li>Guava Ice<\/li>\n<li>Podw\u00f3jne jab\u0142ko<\/li>\n<li>Lody truskawkowe<\/li>\n<li>Jagody mieszane<\/li>\n<li>Soczysta brzoskwinia<\/li>\n<\/ol>\n<p>&nbsp;<\/p>\n<h2>Pakowanie i waga<\/h2>\n<ul>\n<li>0.090 KG\/ PC<\/li>\n<li>10 PCS\/\u015brednie pude\u0142ko<\/li>\n<li>200 PCS\/karton zbiorczy| 22KG<\/li>\n<\/ul>\n<figure id=\"attachment_11857\" aria-describedby=\"caption-attachment-11857\" style=\"width: 800px\" class=\"wp-caption alignnone\"><img loading=\"lazy\" decoding=\"async\" class=\"wp-image-11857 size-full\" title=\"LAVIE NIO BOX 9000 Puff jednorazowe Vape hurtowo 12 smak\u00f3w\" src=\"https:\/\/www.vape4wholesale.com\/wp-content\/uploads\/2023\/05\/LAVIE-NIO-BOX-9000-Puffs-Disposable-Vape-Wholesale-12-Flavors.jpg\" alt=\"LAVIE NIO BOX 9000 Puff jednorazowe Vape hurtowo 12 smak\u00f3w\" width=\"800\" height=\"800\" srcset=\"https:\/\/www.vape4wholesale.com\/wp-content\/uploads\/2023\/05\/LAVIE-NIO-BOX-9000-Puffs-Disposable-Vape-Wholesale-12-Flavors.jpg 800w, https:\/\/www.vape4wholesale.com\/wp-content\/uploads\/2023\/05\/LAVIE-NIO-BOX-9000-Puffs-Disposable-Vape-Wholesale-12-Flavors-247x247.jpg 247w, https:\/\/www.vape4wholesale.com\/wp-content\/uploads\/2023\/05\/LAVIE-NIO-BOX-9000-Puffs-Disposable-Vape-Wholesale-12-Flavors-100x100.jpg 100w, https:\/\/www.vape4wholesale.com\/wp-content\/uploads\/2023\/05\/LAVIE-NIO-BOX-9000-Puffs-Disposable-Vape-Wholesale-12-Flavors-510x510.jpg 510w, https:\/\/www.vape4wholesale.com\/wp-content\/uploads\/2023\/05\/LAVIE-NIO-BOX-9000-Puffs-Disposable-Vape-Wholesale-12-Flavors-64x64.jpg 64w, https:\/\/www.vape4wholesale.com\/wp-content\/uploads\/2023\/05\/LAVIE-NIO-BOX-9000-Puffs-Disposable-Vape-Wholesale-12-Flavors-300x300.jpg 300w, https:\/\/www.vape4wholesale.com\/wp-content\/uploads\/2023\/05\/LAVIE-NIO-BOX-9000-Puffs-Disposable-Vape-Wholesale-12-Flavors-150x150.jpg 150w, https:\/\/www.vape4wholesale.com\/wp-content\/uploads\/2023\/05\/LAVIE-NIO-BOX-9000-Puffs-Disposable-Vape-Wholesale-12-Flavors-768x768.jpg 768w\" sizes=\"auto, (max-width: 800px) 100vw, 800px\" \/><figcaption id=\"caption-attachment-11857\" class=\"wp-caption-text\">LAVIE NIO BOX 9000 Puffs Jednorazowa sprzeda\u017c hurtowa Vape<\/figcaption><\/figure>\n<p><img loading=\"lazy\" decoding=\"async\" class=\"alignnone size-full wp-image-11858\" title=\"LAVIE NIO BOX 9000 Puffs Jednorazowe Vape Hurtownia Cola Ice\" src=\"https:\/\/www.vape4wholesale.com\/wp-content\/uploads\/2023\/05\/LAVIE-NIO-BOX-9000-Puffs-Disposable-Vape-Wholesale-Cola-Ice.jpg\" alt=\"LAVIE NIO BOX 9000 Puffs Jednorazowe Vape Hurtownia Cola Ice\" width=\"800\" height=\"800\" srcset=\"https:\/\/www.vape4wholesale.com\/wp-content\/uploads\/2023\/05\/LAVIE-NIO-BOX-9000-Puffs-Disposable-Vape-Wholesale-Cola-Ice.jpg 800w, https:\/\/www.vape4wholesale.com\/wp-content\/uploads\/2023\/05\/LAVIE-NIO-BOX-9000-Puffs-Disposable-Vape-Wholesale-Cola-Ice-247x247.jpg 247w, https:\/\/www.vape4wholesale.com\/wp-content\/uploads\/2023\/05\/LAVIE-NIO-BOX-9000-Puffs-Disposable-Vape-Wholesale-Cola-Ice-100x100.jpg 100w, https:\/\/www.vape4wholesale.com\/wp-content\/uploads\/2023\/05\/LAVIE-NIO-BOX-9000-Puffs-Disposable-Vape-Wholesale-Cola-Ice-510x510.jpg 510w, https:\/\/www.vape4wholesale.com\/wp-content\/uploads\/2023\/05\/LAVIE-NIO-BOX-9000-Puffs-Disposable-Vape-Wholesale-Cola-Ice-64x64.jpg 64w, https:\/\/www.vape4wholesale.com\/wp-content\/uploads\/2023\/05\/LAVIE-NIO-BOX-9000-Puffs-Disposable-Vape-Wholesale-Cola-Ice-300x300.jpg 300w, https:\/\/www.vape4wholesale.com\/wp-content\/uploads\/2023\/05\/LAVIE-NIO-BOX-9000-Puffs-Disposable-Vape-Wholesale-Cola-Ice-150x150.jpg 150w, https:\/\/www.vape4wholesale.com\/wp-content\/uploads\/2023\/05\/LAVIE-NIO-BOX-9000-Puffs-Disposable-Vape-Wholesale-Cola-Ice-768x768.jpg 768w\" sizes=\"auto, (max-width: 800px) 100vw, 800px\" \/><\/p>","protected":false},"excerpt":{"rendered":"[scf-template id=&#8217;11434&#8242;]\n","protected":false},"featured_media":11870,"comment_status":"open","ping_status":"closed","template":"","meta":[],"pwb-brand":[1277],"product_cat":[870],"product_tag":[22,24,37,244,336],"class_list":{"0":"post-9550","1":"product","2":"type-product","3":"status-publish","4":"has-post-thumbnail","6":"pwb-brand-lavie","7":"product_cat-8000-10000-puffs","8":"product_tag-disposable","9":"product_tag-wholesale","10":"product_tag-lavie","11":"product_tag-18-0ml","12":"product_tag-9000-puffs","14":"first","15":"outofstock","16":"shipping-taxable","17":"purchasable","18":"product-type-variable"},"aioseo_notices":[],"brands":[{"id":1277,"name":"Lavie","slug":"lavie"}],"_links":{"self":[{"href":"https:\/\/www.vape4wholesale.com\/pl\/wp-json\/wp\/v2\/product\/9550","targetHints":{"allow":["GET"]}}],"collection":[{"href":"https:\/\/www.vape4wholesale.com\/pl\/wp-json\/wp\/v2\/product"}],"about":[{"href":"https:\/\/www.vape4wholesale.com\/pl\/wp-json\/wp\/v2\/types\/product"}],"replies":[{"embeddable":true,"href":"https:\/\/www.vape4wholesale.com\/pl\/wp-json\/wp\/v2\/comments?post=9550"}],"wp:featuredmedia":[{"embeddable":true,"href":"https:\/\/www.vape4wholesale.com\/pl\/wp-json\/wp\/v2\/media\/11870"}],"wp:attachment":[{"href":"https:\/\/www.vape4wholesale.com\/pl\/wp-json\/wp\/v2\/media?parent=9550"}],"wp:term":[{"taxonomy":"pwb-brand","embeddable":true,"href":"https:\/\/www.vape4wholesale.com\/pl\/wp-json\/wp\/v2\/pwb-brand?post=9550"},{"taxonomy":"product_cat","embeddable":true,"href":"https:\/\/www.vape4wholesale.com\/pl\/wp-json\/wp\/v2\/product_cat?post=9550"},{"taxonomy":"product_tag","embeddable":true,"href":"https:\/\/www.vape4wholesale.com\/pl\/wp-json\/wp\/v2\/product_tag?post=9550"}],"curies":[{"name":"wp","href":"https:\/\/api.w.org\/{rel}","templated":true}]}}