{"id":9448,"date":"2023-05-23T09:09:13","date_gmt":"2023-05-23T01:09:13","guid":{"rendered":"https:\/\/www.vape4wholesale.com\/?post_type=product&#038;p=9448"},"modified":"2026-01-26T13:42:49","modified_gmt":"2026-01-26T13:42:49","slug":"lavie-camera-8000-puff-jednorazowe-vape-hurtownia","status":"publish","type":"product","link":"https:\/\/www.vape4wholesale.com\/pl\/product\/lavie-camera-8000-puffs-disposable-vape-wholesale","title":{"rendered":"Lavie Camera 8000 Puffs Jednorazowa sprzeda\u017c hurtowa Vape"},"content":{"rendered":"<p><strong><a href=\"https:\/\/www.vape4wholesale.com\/pl\/product_brand\/lavie\/\">Lavie<\/a> Kamera 8000<\/strong> to jednorazowy vape z mo\u017cliwo\u015bci\u0105 \u0142adowania, o nowatorskim kszta\u0142cie i wygl\u0105dzie przypominaj\u0105cym ma\u0142y i uroczy aparat fotograficzny, z r\u00f3\u017cnymi kolorami i smakami do wyboru, wbudowan\u0105 bateri\u0105 o du\u017cej pojemno\u015bci 550 mAh i pojemno\u015bci\u0105 18 ml e-liquidu, kt\u00f3ra obs\u0142uguje 8000 zaci\u0105gni\u0119\u0107, g\u0142adki smak od pocz\u0105tku do ko\u0144ca, czysty smak spe\u0142niaj\u0105cy potrzeby smakowe.<\/p>\n<h2>Lavie Camera 8000 Jednorazowe Specyfikacje Vape:<\/h2>\n<ul>\n<li>Marka:LAVIE<\/li>\n<li>Puffy:8000 Puff\u00f3w jest dost\u0119pnych na urz\u0105dzenie<\/li>\n<li>Nicotine:0%\/2%\/5%<\/li>\n<li>Pojemno\u015b\u0107 e-soku: 18 ml<\/li>\n<li>Bateria: 550 mAh<\/li>\n<li>Port \u0142adowania: Typ C<\/li>\n<\/ul>\n<p>&nbsp;<\/p>\n<h2>Smaki<\/h2>\n<ol>\n<li>Mi\u0119ta<\/li>\n<li>Jagody mieszane<\/li>\n<li>Mleko r\u00f3\u017cane<\/li>\n<li>Yakult<\/li>\n<li>Arbuz truskawkowy<\/li>\n<li>Podw\u00f3jne jab\u0142ko<\/li>\n<li>Owoc m\u0119czennicy<\/li>\n<li>L\u00f3d winogronowy<\/li>\n<li>Arbuzowy l\u00f3d<\/li>\n<li>Sok brzoskwiniowy<\/li>\n<li>Cola Ice<\/li>\n<li>Mango Ice<\/li>\n<\/ol>\n<p>&nbsp;<\/p>\n<h2>Pakowanie i waga<\/h2>\n<ul>\n<li>0.075 KG\/ PC<\/li>\n<li>10 PCS\/\u015brednie pude\u0142ko<\/li>\n<li>300 PCS\/karton zbiorczy, 23 kg<\/li>\n<\/ul>\n<p><img loading=\"lazy\" decoding=\"async\" class=\"alignnone size-full wp-image-11960\" title=\"Lavie Camera 8000 Puffs Jednorazowa sprzeda\u017c hurtowa Vape (16)\" src=\"https:\/\/www.vape4wholesale.com\/wp-content\/uploads\/2023\/05\/Lavie-Camera-8000-Puffs-Disposable-Vape-Wholesale-16.jpg\" alt=\"Lavie Camera 8000 Puffs Jednorazowa sprzeda\u017c hurtowa Vape (16)\" width=\"1200\" height=\"1200\" srcset=\"https:\/\/www.vape4wholesale.com\/wp-content\/uploads\/2023\/05\/Lavie-Camera-8000-Puffs-Disposable-Vape-Wholesale-16.jpg 1200w, https:\/\/www.vape4wholesale.com\/wp-content\/uploads\/2023\/05\/Lavie-Camera-8000-Puffs-Disposable-Vape-Wholesale-16-247x247.jpg 247w, https:\/\/www.vape4wholesale.com\/wp-content\/uploads\/2023\/05\/Lavie-Camera-8000-Puffs-Disposable-Vape-Wholesale-16-100x100.jpg 100w, https:\/\/www.vape4wholesale.com\/wp-content\/uploads\/2023\/05\/Lavie-Camera-8000-Puffs-Disposable-Vape-Wholesale-16-510x510.jpg 510w, https:\/\/www.vape4wholesale.com\/wp-content\/uploads\/2023\/05\/Lavie-Camera-8000-Puffs-Disposable-Vape-Wholesale-16-64x64.jpg 64w, https:\/\/www.vape4wholesale.com\/wp-content\/uploads\/2023\/05\/Lavie-Camera-8000-Puffs-Disposable-Vape-Wholesale-16-300x300.jpg 300w, https:\/\/www.vape4wholesale.com\/wp-content\/uploads\/2023\/05\/Lavie-Camera-8000-Puffs-Disposable-Vape-Wholesale-16-1024x1024.jpg 1024w, https:\/\/www.vape4wholesale.com\/wp-content\/uploads\/2023\/05\/Lavie-Camera-8000-Puffs-Disposable-Vape-Wholesale-16-150x150.jpg 150w, https:\/\/www.vape4wholesale.com\/wp-content\/uploads\/2023\/05\/Lavie-Camera-8000-Puffs-Disposable-Vape-Wholesale-16-768x768.jpg 768w\" sizes=\"auto, (max-width: 1200px) 100vw, 1200px\" \/><\/p>","protected":false},"excerpt":{"rendered":"[scf-template id=&#8217;11434&#8242;]\n","protected":false},"featured_media":11958,"comment_status":"open","ping_status":"closed","template":"","meta":[],"pwb-brand":[1277],"product_cat":[870],"product_tag":[22,24,37,244,343],"class_list":{"0":"post-9448","1":"product","2":"type-product","3":"status-publish","4":"has-post-thumbnail","6":"pwb-brand-lavie","7":"product_cat-8000-10000-puffs","8":"product_tag-disposable","9":"product_tag-wholesale","10":"product_tag-lavie","11":"product_tag-18-0ml","12":"product_tag-8000-puffs","14":"first","15":"outofstock","16":"shipping-taxable","17":"purchasable","18":"product-type-variable"},"aioseo_notices":[],"brands":[{"id":1277,"name":"Lavie","slug":"lavie"}],"_links":{"self":[{"href":"https:\/\/www.vape4wholesale.com\/pl\/wp-json\/wp\/v2\/product\/9448","targetHints":{"allow":["GET"]}}],"collection":[{"href":"https:\/\/www.vape4wholesale.com\/pl\/wp-json\/wp\/v2\/product"}],"about":[{"href":"https:\/\/www.vape4wholesale.com\/pl\/wp-json\/wp\/v2\/types\/product"}],"replies":[{"embeddable":true,"href":"https:\/\/www.vape4wholesale.com\/pl\/wp-json\/wp\/v2\/comments?post=9448"}],"wp:featuredmedia":[{"embeddable":true,"href":"https:\/\/www.vape4wholesale.com\/pl\/wp-json\/wp\/v2\/media\/11958"}],"wp:attachment":[{"href":"https:\/\/www.vape4wholesale.com\/pl\/wp-json\/wp\/v2\/media?parent=9448"}],"wp:term":[{"taxonomy":"pwb-brand","embeddable":true,"href":"https:\/\/www.vape4wholesale.com\/pl\/wp-json\/wp\/v2\/pwb-brand?post=9448"},{"taxonomy":"product_cat","embeddable":true,"href":"https:\/\/www.vape4wholesale.com\/pl\/wp-json\/wp\/v2\/product_cat?post=9448"},{"taxonomy":"product_tag","embeddable":true,"href":"https:\/\/www.vape4wholesale.com\/pl\/wp-json\/wp\/v2\/product_tag?post=9448"}],"curies":[{"name":"wp","href":"https:\/\/api.w.org\/{rel}","templated":true}]}}