{"id":8755,"date":"2023-03-30T09:44:56","date_gmt":"2023-03-30T01:44:56","guid":{"rendered":"https:\/\/www.vape4wholesale.com\/?post_type=product&#038;p=8755"},"modified":"2026-03-23T00:56:45","modified_gmt":"2026-03-22T16:56:45","slug":"hqd-cuvie-plus-1200-puff-jednorazowe-vape-hurtownia","status":"publish","type":"product","link":"https:\/\/www.vape4wholesale.com\/pl\/product\/hqd-cuvie-plus-1200-puffs-disposable-vape-wholesale","title":{"rendered":"HQD Cuvie Plus 1200 Puffs Jednorazowa sprzeda\u017c hurtowa Vape"},"content":{"rendered":"<p><strong><a href=\"https:\/\/www.vape4wholesale.com\/pl\/product_brand\/hqd\/\">HQD<\/a> Cuvie Plus 1200<\/strong> Jednorazowe urz\u0105dzenie vape jest rewolucyjne z bateri\u0105 o pojemno\u015bci 950 mAh, a tak\u017ce wytrzymuje ponad 1200 zaci\u0105gni\u0119\u0107! Ma bardzo bogaty smak, kt\u00f3ry wyr\u00f3\u017cnia si\u0119 na tle konkurencji. Wybierz smak e-liquidu, kt\u00f3ry najbardziej lubisz spo\u015br\u00f3d 54 dost\u0119pnych smak\u00f3w. Dzi\u0119ki niewielkim rozmiarom i \u0142atwo\u015bci przenoszenia, \u0142atwo\u015bci u\u017cytkowania, a tak\u017ce doskona\u0142emu smakowi, trudno si\u0119 pomyli\u0107 z jednorazowym urz\u0105dzeniem vape pod HQD Cuvie Plus. Sprawd\u017a nasz\u0105 kolekcj\u0119 jednorazowych zestaw\u00f3w vape.<\/p>\n<h2>Szczeg\u00f3\u0142y HQD Cuvie Plus 1200:<\/h2>\n<p>Rozmiar: \u00d818x101mm<br \/>\nPojemno\u015b\u0107 baterii: 950 mAh<br \/>\nZakres mocy: 7~12W<br \/>\nLiczba dmuchni\u0119\u0107: 1200<br \/>\nWaga: 45g<br \/>\nNapi\u0119cie wej\u015bciowe: 3,7 V<br \/>\nPojemno\u015b\u0107 e-liquidu: 5,0 ml<br \/>\nSt\u0119\u017cenie: 50mg\/ml<br \/>\nRezystancja: 1,8\u03a9<br \/>\nSmaki: 54 dost\u0119pne smaki<\/p>\n<h2><\/h2>\n<h2>HQD Cuvie Plus 1200 smak\u00f3w:<\/h2>\n<p>Jab\u0142ko Brzoskwinia<br \/>\nR\u00f3\u017cowa cytryna<br \/>\nMango Guava<br \/>\nPog Orange Guava<br \/>\nBor\u00f3wka Malina<br \/>\nLody SBCC<br \/>\nIce Mint<br \/>\nGrapey<br \/>\nJagoda<br \/>\nLemoniada jagodowa<br \/>\nBanan truskawkowy<br \/>\nLush Ice<br \/>\nL\u00f3d ananasowy<br \/>\nLychee Ice<br \/>\nMango Ice<br \/>\nTruskawka<br \/>\nPina Colada<br \/>\nNap\u00f3j energetyczny<br \/>\nCukierki<br \/>\nCzarny l\u00f3d<br \/>\nKiwi Granat<br \/>\nCzerwony l\u00f3d<br \/>\nMiami Vice<br \/>\nFruit Fusion<br \/>\nArbuz truskawkowy<br \/>\nTruskawkowe ciastko<br \/>\nKantalupa<br \/>\nT\u0119cza<br \/>\nTres Leches<br \/>\nLemoniada truskawkowa<br \/>\nL\u00f3d bananowy<br \/>\nMojito<br \/>\nMas\u0142o orzechowe<br \/>\nMango Brzoskwinia<br \/>\nCzekolada mi\u0119towa<br \/>\nMi\u00f3d liczi<br \/>\nIce Tea<br \/>\nMelon Ice<br \/>\nGracurrant<br \/>\nWata cukrowa<br \/>\nJab\u0142ko Honeycrisp<br \/>\nL\u00f3d brzoskwiniowy<br \/>\nWi\u015bniowy granat<br \/>\nSky Mint<br \/>\nCoconut Grove<br \/>\nTyto\u0144<br \/>\nOrzechy Tyto\u0144<br \/>\nWyczy\u015b\u0107<br \/>\nTruskawka Kiwi<br \/>\nBubblewater<br \/>\n\u015awie\u017ce jagody<br \/>\nSmoczy owoc truskawkowy<br \/>\nGrenadyna<br \/>\nBig Smoke<\/p>\n<h2>Waga i pakowanie<\/h2>\n<ul>\n<li>Rozmiar kartonu: 395x295x290mm<\/li>\n<li>ILO\u015a\u0106: 240 SZTUK<\/li>\n<li>G.W: 13,5 KG<\/li>\n<\/ul>\n<p><img loading=\"lazy\" decoding=\"async\" class=\"alignnone size-full wp-image-11766\" title=\"HQD Cuvie Plus 1200 Puffs jednorazowe Vape hurtowo (3 szt.)\" src=\"https:\/\/www.vape4wholesale.com\/wp-content\/uploads\/2023\/03\/HQD-Cuvie-Plus-1200-Puffs-Disposable-Vape-Wholesale-3.jpg\" alt=\"HQD Cuvie Plus 1200 Puffs jednorazowe Vape hurtowo (3 szt.)\" width=\"766\" height=\"800\" srcset=\"https:\/\/www.vape4wholesale.com\/wp-content\/uploads\/2023\/03\/HQD-Cuvie-Plus-1200-Puffs-Disposable-Vape-Wholesale-3.jpg 766w, https:\/\/www.vape4wholesale.com\/wp-content\/uploads\/2023\/03\/HQD-Cuvie-Plus-1200-Puffs-Disposable-Vape-Wholesale-3-510x533.jpg 510w, https:\/\/www.vape4wholesale.com\/wp-content\/uploads\/2023\/03\/HQD-Cuvie-Plus-1200-Puffs-Disposable-Vape-Wholesale-3-64x67.jpg 64w, https:\/\/www.vape4wholesale.com\/wp-content\/uploads\/2023\/03\/HQD-Cuvie-Plus-1200-Puffs-Disposable-Vape-Wholesale-3-287x300.jpg 287w\" sizes=\"auto, (max-width: 766px) 100vw, 766px\" \/> <img loading=\"lazy\" decoding=\"async\" class=\"alignnone size-full wp-image-11768\" title=\"HQD Cuvie Plus 1200 Puffs Jednorazowa sprzeda\u017c hurtowa Vape (8)\" src=\"https:\/\/www.vape4wholesale.com\/wp-content\/uploads\/2023\/03\/HQD-Cuvie-Plus-1200-Puffs-Disposable-Vape-Wholesale-8.jpg\" alt=\"HQD Cuvie Plus 1200 Puffs Jednorazowa sprzeda\u017c hurtowa Vape (8)\" width=\"766\" height=\"800\" srcset=\"https:\/\/www.vape4wholesale.com\/wp-content\/uploads\/2023\/03\/HQD-Cuvie-Plus-1200-Puffs-Disposable-Vape-Wholesale-8.jpg 766w, https:\/\/www.vape4wholesale.com\/wp-content\/uploads\/2023\/03\/HQD-Cuvie-Plus-1200-Puffs-Disposable-Vape-Wholesale-8-510x533.jpg 510w, https:\/\/www.vape4wholesale.com\/wp-content\/uploads\/2023\/03\/HQD-Cuvie-Plus-1200-Puffs-Disposable-Vape-Wholesale-8-64x67.jpg 64w, https:\/\/www.vape4wholesale.com\/wp-content\/uploads\/2023\/03\/HQD-Cuvie-Plus-1200-Puffs-Disposable-Vape-Wholesale-8-287x300.jpg 287w\" sizes=\"auto, (max-width: 766px) 100vw, 766px\" \/> <img loading=\"lazy\" decoding=\"async\" class=\"alignnone size-full wp-image-11769\" title=\"HQD Cuvie Plus 1200 Puff jednorazowe Vape hurtowo (15)\" src=\"https:\/\/www.vape4wholesale.com\/wp-content\/uploads\/2023\/03\/HQD-Cuvie-Plus-1200-Puffs-Disposable-Vape-Wholesale-15.jpg\" alt=\"HQD Cuvie Plus 1200 Puff jednorazowe Vape hurtowo (15)\" width=\"766\" height=\"800\" srcset=\"https:\/\/www.vape4wholesale.com\/wp-content\/uploads\/2023\/03\/HQD-Cuvie-Plus-1200-Puffs-Disposable-Vape-Wholesale-15.jpg 766w, https:\/\/www.vape4wholesale.com\/wp-content\/uploads\/2023\/03\/HQD-Cuvie-Plus-1200-Puffs-Disposable-Vape-Wholesale-15-510x533.jpg 510w, https:\/\/www.vape4wholesale.com\/wp-content\/uploads\/2023\/03\/HQD-Cuvie-Plus-1200-Puffs-Disposable-Vape-Wholesale-15-64x67.jpg 64w, https:\/\/www.vape4wholesale.com\/wp-content\/uploads\/2023\/03\/HQD-Cuvie-Plus-1200-Puffs-Disposable-Vape-Wholesale-15-287x300.jpg 287w\" sizes=\"auto, (max-width: 766px) 100vw, 766px\" \/><img loading=\"lazy\" decoding=\"async\" class=\"alignnone size-full wp-image-11770\" title=\"HQD Cuvie Plus 1200 Puffs Jednorazowa sprzeda\u017c hurtowa Vape (17)\" src=\"https:\/\/www.vape4wholesale.com\/wp-content\/uploads\/2023\/03\/HQD-Cuvie-Plus-1200-Puffs-Disposable-Vape-Wholesale-17.jpg\" alt=\"HQD Cuvie Plus 1200 Puffs Jednorazowa sprzeda\u017c hurtowa Vape (17)\" width=\"766\" height=\"800\" srcset=\"https:\/\/www.vape4wholesale.com\/wp-content\/uploads\/2023\/03\/HQD-Cuvie-Plus-1200-Puffs-Disposable-Vape-Wholesale-17.jpg 766w, https:\/\/www.vape4wholesale.com\/wp-content\/uploads\/2023\/03\/HQD-Cuvie-Plus-1200-Puffs-Disposable-Vape-Wholesale-17-510x533.jpg 510w, https:\/\/www.vape4wholesale.com\/wp-content\/uploads\/2023\/03\/HQD-Cuvie-Plus-1200-Puffs-Disposable-Vape-Wholesale-17-64x67.jpg 64w, https:\/\/www.vape4wholesale.com\/wp-content\/uploads\/2023\/03\/HQD-Cuvie-Plus-1200-Puffs-Disposable-Vape-Wholesale-17-287x300.jpg 287w\" sizes=\"auto, (max-width: 766px) 100vw, 766px\" \/> <img loading=\"lazy\" decoding=\"async\" class=\"alignnone size-full wp-image-11771\" title=\"HQD Cuvie Plus 1200 Puffs Jednorazowe Vape Hurtowo (20 szt.)\" src=\"https:\/\/www.vape4wholesale.com\/wp-content\/uploads\/2023\/03\/HQD-Cuvie-Plus-1200-Puffs-Disposable-Vape-Wholesale-20.jpg\" alt=\"HQD Cuvie Plus 1200 Puffs Jednorazowe Vape Hurtowo (20 szt.)\" width=\"766\" height=\"800\" srcset=\"https:\/\/www.vape4wholesale.com\/wp-content\/uploads\/2023\/03\/HQD-Cuvie-Plus-1200-Puffs-Disposable-Vape-Wholesale-20.jpg 766w, https:\/\/www.vape4wholesale.com\/wp-content\/uploads\/2023\/03\/HQD-Cuvie-Plus-1200-Puffs-Disposable-Vape-Wholesale-20-510x533.jpg 510w, https:\/\/www.vape4wholesale.com\/wp-content\/uploads\/2023\/03\/HQD-Cuvie-Plus-1200-Puffs-Disposable-Vape-Wholesale-20-64x67.jpg 64w, https:\/\/www.vape4wholesale.com\/wp-content\/uploads\/2023\/03\/HQD-Cuvie-Plus-1200-Puffs-Disposable-Vape-Wholesale-20-287x300.jpg 287w\" sizes=\"auto, (max-width: 766px) 100vw, 766px\" \/> <img loading=\"lazy\" decoding=\"async\" class=\"alignnone size-full wp-image-11772\" title=\"HQD Cuvie Plus 1200 Puffs Jednorazowa sprzeda\u017c hurtowa Vape (22)\" src=\"https:\/\/www.vape4wholesale.com\/wp-content\/uploads\/2023\/03\/HQD-Cuvie-Plus-1200-Puffs-Disposable-Vape-Wholesale-22.jpg\" alt=\"HQD Cuvie Plus 1200 Puffs Jednorazowa sprzeda\u017c hurtowa Vape (22)\" width=\"766\" height=\"800\" srcset=\"https:\/\/www.vape4wholesale.com\/wp-content\/uploads\/2023\/03\/HQD-Cuvie-Plus-1200-Puffs-Disposable-Vape-Wholesale-22.jpg 766w, https:\/\/www.vape4wholesale.com\/wp-content\/uploads\/2023\/03\/HQD-Cuvie-Plus-1200-Puffs-Disposable-Vape-Wholesale-22-510x533.jpg 510w, https:\/\/www.vape4wholesale.com\/wp-content\/uploads\/2023\/03\/HQD-Cuvie-Plus-1200-Puffs-Disposable-Vape-Wholesale-22-64x67.jpg 64w, https:\/\/www.vape4wholesale.com\/wp-content\/uploads\/2023\/03\/HQD-Cuvie-Plus-1200-Puffs-Disposable-Vape-Wholesale-22-287x300.jpg 287w\" sizes=\"auto, (max-width: 766px) 100vw, 766px\" \/> <img loading=\"lazy\" decoding=\"async\" class=\"alignnone size-full wp-image-11773\" title=\"HQD Cuvie Plus 1200 Puffs Jednorazowe Vape Hurtowo (24 szt.)\" src=\"https:\/\/www.vape4wholesale.com\/wp-content\/uploads\/2023\/03\/HQD-Cuvie-Plus-1200-Puffs-Disposable-Vape-Wholesale-24.jpg\" alt=\"HQD Cuvie Plus 1200 Puffs Jednorazowe Vape Hurtowo (24 szt.)\" width=\"766\" height=\"800\" srcset=\"https:\/\/www.vape4wholesale.com\/wp-content\/uploads\/2023\/03\/HQD-Cuvie-Plus-1200-Puffs-Disposable-Vape-Wholesale-24.jpg 766w, https:\/\/www.vape4wholesale.com\/wp-content\/uploads\/2023\/03\/HQD-Cuvie-Plus-1200-Puffs-Disposable-Vape-Wholesale-24-510x533.jpg 510w, https:\/\/www.vape4wholesale.com\/wp-content\/uploads\/2023\/03\/HQD-Cuvie-Plus-1200-Puffs-Disposable-Vape-Wholesale-24-64x67.jpg 64w, https:\/\/www.vape4wholesale.com\/wp-content\/uploads\/2023\/03\/HQD-Cuvie-Plus-1200-Puffs-Disposable-Vape-Wholesale-24-287x300.jpg 287w\" sizes=\"auto, (max-width: 766px) 100vw, 766px\" \/> <img loading=\"lazy\" decoding=\"async\" class=\"alignnone size-full wp-image-11774\" title=\"HQD Cuvie Plus 1200 Puffs Jednorazowa sprzeda\u017c hurtowa Vape (28)\" src=\"https:\/\/www.vape4wholesale.com\/wp-content\/uploads\/2023\/03\/HQD-Cuvie-Plus-1200-Puffs-Disposable-Vape-Wholesale-28.jpg\" alt=\"HQD Cuvie Plus 1200 Puffs Jednorazowa sprzeda\u017c hurtowa Vape (28)\" width=\"766\" height=\"800\" srcset=\"https:\/\/www.vape4wholesale.com\/wp-content\/uploads\/2023\/03\/HQD-Cuvie-Plus-1200-Puffs-Disposable-Vape-Wholesale-28.jpg 766w, https:\/\/www.vape4wholesale.com\/wp-content\/uploads\/2023\/03\/HQD-Cuvie-Plus-1200-Puffs-Disposable-Vape-Wholesale-28-510x533.jpg 510w, https:\/\/www.vape4wholesale.com\/wp-content\/uploads\/2023\/03\/HQD-Cuvie-Plus-1200-Puffs-Disposable-Vape-Wholesale-28-64x67.jpg 64w, https:\/\/www.vape4wholesale.com\/wp-content\/uploads\/2023\/03\/HQD-Cuvie-Plus-1200-Puffs-Disposable-Vape-Wholesale-28-287x300.jpg 287w\" sizes=\"auto, (max-width: 766px) 100vw, 766px\" \/> <img loading=\"lazy\" decoding=\"async\" class=\"alignnone size-full wp-image-11775\" title=\"HQD Cuvie Plus 1200 puff\u00f3w jednorazowego u\u017cytku Vape hurtowo (30)\" src=\"https:\/\/www.vape4wholesale.com\/wp-content\/uploads\/2023\/03\/HQD-Cuvie-Plus-1200-Puffs-Disposable-Vape-Wholesale-30.jpg\" alt=\"HQD Cuvie Plus 1200 puff\u00f3w jednorazowego u\u017cytku Vape hurtowo (30)\" width=\"766\" height=\"800\" srcset=\"https:\/\/www.vape4wholesale.com\/wp-content\/uploads\/2023\/03\/HQD-Cuvie-Plus-1200-Puffs-Disposable-Vape-Wholesale-30.jpg 766w, https:\/\/www.vape4wholesale.com\/wp-content\/uploads\/2023\/03\/HQD-Cuvie-Plus-1200-Puffs-Disposable-Vape-Wholesale-30-510x533.jpg 510w, https:\/\/www.vape4wholesale.com\/wp-content\/uploads\/2023\/03\/HQD-Cuvie-Plus-1200-Puffs-Disposable-Vape-Wholesale-30-64x67.jpg 64w, https:\/\/www.vape4wholesale.com\/wp-content\/uploads\/2023\/03\/HQD-Cuvie-Plus-1200-Puffs-Disposable-Vape-Wholesale-30-287x300.jpg 287w\" sizes=\"auto, (max-width: 766px) 100vw, 766px\" \/> <img loading=\"lazy\" decoding=\"async\" class=\"alignnone size-full wp-image-11776\" title=\"HQD Cuvie Plus 1200 Puffs Jednorazowe Vape Hurtownia (33)\" src=\"https:\/\/www.vape4wholesale.com\/wp-content\/uploads\/2023\/03\/HQD-Cuvie-Plus-1200-Puffs-Disposable-Vape-Wholesale-33.jpg\" alt=\"HQD Cuvie Plus 1200 Puffs Jednorazowe Vape Hurtownia (33)\" width=\"766\" height=\"800\" srcset=\"https:\/\/www.vape4wholesale.com\/wp-content\/uploads\/2023\/03\/HQD-Cuvie-Plus-1200-Puffs-Disposable-Vape-Wholesale-33.jpg 766w, https:\/\/www.vape4wholesale.com\/wp-content\/uploads\/2023\/03\/HQD-Cuvie-Plus-1200-Puffs-Disposable-Vape-Wholesale-33-510x533.jpg 510w, https:\/\/www.vape4wholesale.com\/wp-content\/uploads\/2023\/03\/HQD-Cuvie-Plus-1200-Puffs-Disposable-Vape-Wholesale-33-64x67.jpg 64w, https:\/\/www.vape4wholesale.com\/wp-content\/uploads\/2023\/03\/HQD-Cuvie-Plus-1200-Puffs-Disposable-Vape-Wholesale-33-287x300.jpg 287w\" sizes=\"auto, (max-width: 766px) 100vw, 766px\" \/> <img loading=\"lazy\" decoding=\"async\" class=\"alignnone size-full wp-image-11777\" title=\"HQD Cuvie Plus 1200 Puff jednorazowe Vape hurtowo (37)\" src=\"https:\/\/www.vape4wholesale.com\/wp-content\/uploads\/2023\/03\/HQD-Cuvie-Plus-1200-Puffs-Disposable-Vape-Wholesale-37.jpg\" alt=\"HQD Cuvie Plus 1200 Puff jednorazowe Vape hurtowo (37)\" width=\"766\" height=\"800\" srcset=\"https:\/\/www.vape4wholesale.com\/wp-content\/uploads\/2023\/03\/HQD-Cuvie-Plus-1200-Puffs-Disposable-Vape-Wholesale-37.jpg 766w, https:\/\/www.vape4wholesale.com\/wp-content\/uploads\/2023\/03\/HQD-Cuvie-Plus-1200-Puffs-Disposable-Vape-Wholesale-37-510x533.jpg 510w, https:\/\/www.vape4wholesale.com\/wp-content\/uploads\/2023\/03\/HQD-Cuvie-Plus-1200-Puffs-Disposable-Vape-Wholesale-37-64x67.jpg 64w, https:\/\/www.vape4wholesale.com\/wp-content\/uploads\/2023\/03\/HQD-Cuvie-Plus-1200-Puffs-Disposable-Vape-Wholesale-37-287x300.jpg 287w\" sizes=\"auto, (max-width: 766px) 100vw, 766px\" \/> <img loading=\"lazy\" decoding=\"async\" class=\"alignnone size-full wp-image-11778\" title=\"HQD Cuvie Plus 1200 Puffs Jednorazowe Vape Hurtownia (49)\" src=\"https:\/\/www.vape4wholesale.com\/wp-content\/uploads\/2023\/03\/HQD-Cuvie-Plus-1200-Puffs-Disposable-Vape-Wholesale-49.jpg\" alt=\"HQD Cuvie Plus 1200 Puffs Jednorazowe Vape Hurtownia (49)\" width=\"766\" height=\"800\" srcset=\"https:\/\/www.vape4wholesale.com\/wp-content\/uploads\/2023\/03\/HQD-Cuvie-Plus-1200-Puffs-Disposable-Vape-Wholesale-49.jpg 766w, https:\/\/www.vape4wholesale.com\/wp-content\/uploads\/2023\/03\/HQD-Cuvie-Plus-1200-Puffs-Disposable-Vape-Wholesale-49-510x533.jpg 510w, https:\/\/www.vape4wholesale.com\/wp-content\/uploads\/2023\/03\/HQD-Cuvie-Plus-1200-Puffs-Disposable-Vape-Wholesale-49-64x67.jpg 64w, https:\/\/www.vape4wholesale.com\/wp-content\/uploads\/2023\/03\/HQD-Cuvie-Plus-1200-Puffs-Disposable-Vape-Wholesale-49-287x300.jpg 287w\" sizes=\"auto, (max-width: 766px) 100vw, 766px\" \/> <img loading=\"lazy\" decoding=\"async\" class=\"alignnone size-full wp-image-11779\" title=\"HQD Cuvie Plus 1200 Puff jednorazowe Vape hurtowo (52)\" src=\"https:\/\/www.vape4wholesale.com\/wp-content\/uploads\/2023\/03\/HQD-Cuvie-Plus-1200-Puffs-Disposable-Vape-Wholesale-52.jpg\" alt=\"HQD Cuvie Plus 1200 Puff jednorazowe Vape hurtowo (52)\" width=\"766\" height=\"800\" srcset=\"https:\/\/www.vape4wholesale.com\/wp-content\/uploads\/2023\/03\/HQD-Cuvie-Plus-1200-Puffs-Disposable-Vape-Wholesale-52.jpg 766w, https:\/\/www.vape4wholesale.com\/wp-content\/uploads\/2023\/03\/HQD-Cuvie-Plus-1200-Puffs-Disposable-Vape-Wholesale-52-510x533.jpg 510w, https:\/\/www.vape4wholesale.com\/wp-content\/uploads\/2023\/03\/HQD-Cuvie-Plus-1200-Puffs-Disposable-Vape-Wholesale-52-64x67.jpg 64w, https:\/\/www.vape4wholesale.com\/wp-content\/uploads\/2023\/03\/HQD-Cuvie-Plus-1200-Puffs-Disposable-Vape-Wholesale-52-287x300.jpg 287w\" sizes=\"auto, (max-width: 766px) 100vw, 766px\" \/><\/p>\n<p>&nbsp;<\/p>","protected":false},"excerpt":{"rendered":"[scf-template id=&#8217;11434&#8242;]\n","protected":false},"featured_media":11772,"comment_status":"open","ping_status":"closed","template":"","meta":[],"pwb-brand":[1280],"product_cat":[48],"product_tag":[24,46,446,461,22],"class_list":{"0":"post-8755","1":"product","2":"type-product","3":"status-publish","4":"has-post-thumbnail","6":"pwb-brand-hqd","7":"product_cat-below-2000-puffs","8":"product_tag-wholesale","9":"product_tag-5-0ml","10":"product_tag-1200-puffs","11":"product_tag-hqd","12":"product_tag-disposable","14":"first","15":"outofstock","16":"shipping-taxable","17":"purchasable","18":"product-type-variable","19":"has-default-attributes"},"aioseo_notices":[],"brands":[{"id":1280,"name":"HQD","slug":"hqd"}],"_links":{"self":[{"href":"https:\/\/www.vape4wholesale.com\/pl\/wp-json\/wp\/v2\/product\/8755","targetHints":{"allow":["GET"]}}],"collection":[{"href":"https:\/\/www.vape4wholesale.com\/pl\/wp-json\/wp\/v2\/product"}],"about":[{"href":"https:\/\/www.vape4wholesale.com\/pl\/wp-json\/wp\/v2\/types\/product"}],"replies":[{"embeddable":true,"href":"https:\/\/www.vape4wholesale.com\/pl\/wp-json\/wp\/v2\/comments?post=8755"}],"wp:featuredmedia":[{"embeddable":true,"href":"https:\/\/www.vape4wholesale.com\/pl\/wp-json\/wp\/v2\/media\/11772"}],"wp:attachment":[{"href":"https:\/\/www.vape4wholesale.com\/pl\/wp-json\/wp\/v2\/media?parent=8755"}],"wp:term":[{"taxonomy":"pwb-brand","embeddable":true,"href":"https:\/\/www.vape4wholesale.com\/pl\/wp-json\/wp\/v2\/pwb-brand?post=8755"},{"taxonomy":"product_cat","embeddable":true,"href":"https:\/\/www.vape4wholesale.com\/pl\/wp-json\/wp\/v2\/product_cat?post=8755"},{"taxonomy":"product_tag","embeddable":true,"href":"https:\/\/www.vape4wholesale.com\/pl\/wp-json\/wp\/v2\/product_tag?post=8755"}],"curies":[{"name":"wp","href":"https:\/\/api.w.org\/{rel}","templated":true}]}}