{"id":7815,"date":"2023-03-13T09:21:25","date_gmt":"2023-03-13T01:21:25","guid":{"rendered":"https:\/\/www.vape4wholesale.com\/?post_type=product&#038;p=7815"},"modified":"2026-01-26T13:43:00","modified_gmt":"2026-01-26T13:43:00","slug":"rm-bar-9000-puffow-jednorazowych-vape-hurtowo","status":"publish","type":"product","link":"https:\/\/www.vape4wholesale.com\/pl\/product\/rm-bar-9000-puffs-disposable-vape-wholesale","title":{"rendered":"R&amp;M Bar 9000 Puffs Jednorazowa sprzeda\u017c hurtowa Vape"},"content":{"rendered":"<p>R&amp;M Bar 9000 to jednorazowy Vape z mo\u017cliwo\u015bci\u0105 \u0142adowania i migaj\u0105cym \u015bwiat\u0142em RGB, wyposa\u017cony we wbudowan\u0105 bateri\u0119 o du\u017cej pojemno\u015bci 650 mA i 15 ml e-liquidu, kt\u00f3ry obs\u0142uguje 9000 zaci\u0105gni\u0119\u0107, a tak\u017ce z rdzeniem o ultra niskiej rezystancji 1,0\u03a9, du\u017cymi zaci\u0105gni\u0119ciami o s\u0142odkim smaku i r\u00f3\u017cnymi smakami do wyboru.<\/p>\n<p>&nbsp;<\/p>\n<h2>R&amp;M Bar 9000 Jednorazowe Specyfikacje Vape:<\/h2>\n<p>Marka: R&amp;M<\/p>\n<p>Puffy:9000 Puff\u00f3w jest dost\u0119pnych na urz\u0105dzenie.<\/p>\n<p>Nikotyna: 2%\/5%<\/p>\n<p>Pojemno\u015b\u0107 e-soku: 15 ml<\/p>\n<p>Bateria: 650 mAh<\/p>\n<p>Port \u0142adowania: Typ C<\/p>\n<p>Op\u00f3r: cewka siatkowa 1,0\u03a9<\/p>\n<p>&nbsp;<\/p>\n<h2>Smaki<\/h2>\n<p>Berry Fusion<\/p>\n<p>T\u0119czowe cukierki<\/p>\n<p>Brzoskwinia Mango Arbuz<\/p>\n<p>Snow Cone Ice<\/p>\n<p>Fiji Melons Ice<\/p>\n<p>Fuji Apple Ice<\/p>\n<p>Blue Razz Pomegranate<\/p>\n<p>Raspberry Cherry<\/p>\n<p>Arbuz truskawkowy<\/p>\n<p>Blue Raspberry Ice<\/p>\n<p>Arbuzowa guma balonowa<\/p>\n<p>Spear Mint<\/p>\n<p>L\u00f3d malinowo-brzoskwiniowy<\/p>\n<p>Tropical Punch<\/p>\n<p>Nap\u00f3j energetyczny<\/p>\n<p>Kiwi Dragon Berry<\/p>\n<p>&nbsp;<\/p>\n<h2>Pakowanie i waga<\/h2>\n<p>0,064 kg \/ SZTUK\u0118, pojedynczo w ma\u0142ym opakowaniu, 10 sztuk w \u015brednim pude\u0142ku.<\/p>\n<p>300 sztuk w kartonie zbiorczym, 19,1 kg.<\/p>\n<p><img loading=\"lazy\" decoding=\"async\" class=\"alignnone size-full wp-image-12143\" title=\"RM BAR 9000 Puffs jednorazowe Vape hurtowo wszystkie smaki\" src=\"https:\/\/www.vape4wholesale.com\/wp-content\/uploads\/2023\/03\/RM-BAR-9000-Puffs-Disposable-Vape-Wholesale-All-Flavors.jpg\" alt=\"RM BAR 9000 Puffs jednorazowe Vape hurtowo wszystkie smaki\" width=\"800\" height=\"800\" srcset=\"https:\/\/www.vape4wholesale.com\/wp-content\/uploads\/2023\/03\/RM-BAR-9000-Puffs-Disposable-Vape-Wholesale-All-Flavors.jpg 800w, https:\/\/www.vape4wholesale.com\/wp-content\/uploads\/2023\/03\/RM-BAR-9000-Puffs-Disposable-Vape-Wholesale-All-Flavors-247x247.jpg 247w, https:\/\/www.vape4wholesale.com\/wp-content\/uploads\/2023\/03\/RM-BAR-9000-Puffs-Disposable-Vape-Wholesale-All-Flavors-100x100.jpg 100w, https:\/\/www.vape4wholesale.com\/wp-content\/uploads\/2023\/03\/RM-BAR-9000-Puffs-Disposable-Vape-Wholesale-All-Flavors-510x510.jpg 510w, https:\/\/www.vape4wholesale.com\/wp-content\/uploads\/2023\/03\/RM-BAR-9000-Puffs-Disposable-Vape-Wholesale-All-Flavors-64x64.jpg 64w, https:\/\/www.vape4wholesale.com\/wp-content\/uploads\/2023\/03\/RM-BAR-9000-Puffs-Disposable-Vape-Wholesale-All-Flavors-300x300.jpg 300w, https:\/\/www.vape4wholesale.com\/wp-content\/uploads\/2023\/03\/RM-BAR-9000-Puffs-Disposable-Vape-Wholesale-All-Flavors-150x150.jpg 150w, https:\/\/www.vape4wholesale.com\/wp-content\/uploads\/2023\/03\/RM-BAR-9000-Puffs-Disposable-Vape-Wholesale-All-Flavors-768x768.jpg 768w\" sizes=\"auto, (max-width: 800px) 100vw, 800px\" \/> <img loading=\"lazy\" decoding=\"async\" class=\"alignnone size-full wp-image-12141\" title=\"RM BAR 9000 Puffs Jednorazowa sprzeda\u017c hurtowa Vape\" src=\"https:\/\/www.vape4wholesale.com\/wp-content\/uploads\/2023\/03\/RM-BAR-9000-Puffs-Disposable-Vape-Wholesale.jpg\" alt=\"RM BAR 9000 Puffs Jednorazowa sprzeda\u017c hurtowa Vape\" width=\"800\" height=\"1131\" srcset=\"https:\/\/www.vape4wholesale.com\/wp-content\/uploads\/2023\/03\/RM-BAR-9000-Puffs-Disposable-Vape-Wholesale.jpg 800w, https:\/\/www.vape4wholesale.com\/wp-content\/uploads\/2023\/03\/RM-BAR-9000-Puffs-Disposable-Vape-Wholesale-510x721.jpg 510w, https:\/\/www.vape4wholesale.com\/wp-content\/uploads\/2023\/03\/RM-BAR-9000-Puffs-Disposable-Vape-Wholesale-64x90.jpg 64w, https:\/\/www.vape4wholesale.com\/wp-content\/uploads\/2023\/03\/RM-BAR-9000-Puffs-Disposable-Vape-Wholesale-212x300.jpg 212w, https:\/\/www.vape4wholesale.com\/wp-content\/uploads\/2023\/03\/RM-BAR-9000-Puffs-Disposable-Vape-Wholesale-724x1024.jpg 724w, https:\/\/www.vape4wholesale.com\/wp-content\/uploads\/2023\/03\/RM-BAR-9000-Puffs-Disposable-Vape-Wholesale-768x1086.jpg 768w\" sizes=\"auto, (max-width: 800px) 100vw, 800px\" \/> <img loading=\"lazy\" decoding=\"async\" class=\"alignnone size-full wp-image-12142\" title=\"RM BAR 9000 Puffs jednorazowe Vape hurtowo 3 smaki\" src=\"https:\/\/www.vape4wholesale.com\/wp-content\/uploads\/2023\/03\/RM-BAR-9000-Puffs-Disposable-Vape-Wholesale-3-Flavors.jpg\" alt=\"RM BAR 9000 Puffs jednorazowe Vape hurtowo 3 smaki\" width=\"800\" height=\"800\" srcset=\"https:\/\/www.vape4wholesale.com\/wp-content\/uploads\/2023\/03\/RM-BAR-9000-Puffs-Disposable-Vape-Wholesale-3-Flavors.jpg 800w, https:\/\/www.vape4wholesale.com\/wp-content\/uploads\/2023\/03\/RM-BAR-9000-Puffs-Disposable-Vape-Wholesale-3-Flavors-247x247.jpg 247w, https:\/\/www.vape4wholesale.com\/wp-content\/uploads\/2023\/03\/RM-BAR-9000-Puffs-Disposable-Vape-Wholesale-3-Flavors-100x100.jpg 100w, https:\/\/www.vape4wholesale.com\/wp-content\/uploads\/2023\/03\/RM-BAR-9000-Puffs-Disposable-Vape-Wholesale-3-Flavors-510x510.jpg 510w, https:\/\/www.vape4wholesale.com\/wp-content\/uploads\/2023\/03\/RM-BAR-9000-Puffs-Disposable-Vape-Wholesale-3-Flavors-64x64.jpg 64w, https:\/\/www.vape4wholesale.com\/wp-content\/uploads\/2023\/03\/RM-BAR-9000-Puffs-Disposable-Vape-Wholesale-3-Flavors-300x300.jpg 300w, https:\/\/www.vape4wholesale.com\/wp-content\/uploads\/2023\/03\/RM-BAR-9000-Puffs-Disposable-Vape-Wholesale-3-Flavors-150x150.jpg 150w, https:\/\/www.vape4wholesale.com\/wp-content\/uploads\/2023\/03\/RM-BAR-9000-Puffs-Disposable-Vape-Wholesale-3-Flavors-768x768.jpg 768w\" sizes=\"auto, (max-width: 800px) 100vw, 800px\" \/> <img loading=\"lazy\" decoding=\"async\" class=\"alignnone size-full wp-image-12144\" title=\"RM BAR 9000 Puffs Jednorazowe Vape Hurtownia Berry Fusion\" src=\"https:\/\/www.vape4wholesale.com\/wp-content\/uploads\/2023\/03\/RM-BAR-9000-Puffs-Disposable-Vape-Wholesale-Berry-Fusion.jpg\" alt=\"RM BAR 9000 Puffs Jednorazowe Vape Hurtownia Berry Fusion\" width=\"800\" height=\"800\" srcset=\"https:\/\/www.vape4wholesale.com\/wp-content\/uploads\/2023\/03\/RM-BAR-9000-Puffs-Disposable-Vape-Wholesale-Berry-Fusion.jpg 800w, https:\/\/www.vape4wholesale.com\/wp-content\/uploads\/2023\/03\/RM-BAR-9000-Puffs-Disposable-Vape-Wholesale-Berry-Fusion-247x247.jpg 247w, https:\/\/www.vape4wholesale.com\/wp-content\/uploads\/2023\/03\/RM-BAR-9000-Puffs-Disposable-Vape-Wholesale-Berry-Fusion-100x100.jpg 100w, https:\/\/www.vape4wholesale.com\/wp-content\/uploads\/2023\/03\/RM-BAR-9000-Puffs-Disposable-Vape-Wholesale-Berry-Fusion-510x510.jpg 510w, https:\/\/www.vape4wholesale.com\/wp-content\/uploads\/2023\/03\/RM-BAR-9000-Puffs-Disposable-Vape-Wholesale-Berry-Fusion-64x64.jpg 64w, https:\/\/www.vape4wholesale.com\/wp-content\/uploads\/2023\/03\/RM-BAR-9000-Puffs-Disposable-Vape-Wholesale-Berry-Fusion-300x300.jpg 300w, https:\/\/www.vape4wholesale.com\/wp-content\/uploads\/2023\/03\/RM-BAR-9000-Puffs-Disposable-Vape-Wholesale-Berry-Fusion-150x150.jpg 150w, https:\/\/www.vape4wholesale.com\/wp-content\/uploads\/2023\/03\/RM-BAR-9000-Puffs-Disposable-Vape-Wholesale-Berry-Fusion-768x768.jpg 768w\" sizes=\"auto, (max-width: 800px) 100vw, 800px\" \/> <img loading=\"lazy\" decoding=\"async\" class=\"alignnone size-full wp-image-12154\" title=\"RM BAR 9000 Puffs Jednorazowe Vape Hurtownia Malina Wi\u015bnia\" src=\"https:\/\/www.vape4wholesale.com\/wp-content\/uploads\/2023\/03\/RM-BAR-9000-Puffs-Disposable-Vape-Wholesale-Raspberry-Cherry.jpg\" alt=\"RM BAR 9000 Puffs Jednorazowe Vape Hurtownia Malina Wi\u015bnia\" width=\"800\" height=\"800\" srcset=\"https:\/\/www.vape4wholesale.com\/wp-content\/uploads\/2023\/03\/RM-BAR-9000-Puffs-Disposable-Vape-Wholesale-Raspberry-Cherry.jpg 800w, https:\/\/www.vape4wholesale.com\/wp-content\/uploads\/2023\/03\/RM-BAR-9000-Puffs-Disposable-Vape-Wholesale-Raspberry-Cherry-247x247.jpg 247w, https:\/\/www.vape4wholesale.com\/wp-content\/uploads\/2023\/03\/RM-BAR-9000-Puffs-Disposable-Vape-Wholesale-Raspberry-Cherry-100x100.jpg 100w, https:\/\/www.vape4wholesale.com\/wp-content\/uploads\/2023\/03\/RM-BAR-9000-Puffs-Disposable-Vape-Wholesale-Raspberry-Cherry-510x510.jpg 510w, https:\/\/www.vape4wholesale.com\/wp-content\/uploads\/2023\/03\/RM-BAR-9000-Puffs-Disposable-Vape-Wholesale-Raspberry-Cherry-64x64.jpg 64w, https:\/\/www.vape4wholesale.com\/wp-content\/uploads\/2023\/03\/RM-BAR-9000-Puffs-Disposable-Vape-Wholesale-Raspberry-Cherry-300x300.jpg 300w, https:\/\/www.vape4wholesale.com\/wp-content\/uploads\/2023\/03\/RM-BAR-9000-Puffs-Disposable-Vape-Wholesale-Raspberry-Cherry-150x150.jpg 150w, https:\/\/www.vape4wholesale.com\/wp-content\/uploads\/2023\/03\/RM-BAR-9000-Puffs-Disposable-Vape-Wholesale-Raspberry-Cherry-768x768.jpg 768w\" sizes=\"auto, (max-width: 800px) 100vw, 800px\" \/> <img loading=\"lazy\" decoding=\"async\" class=\"alignnone size-full wp-image-12157\" title=\"RM BAR 9000 Puffs Jednorazowe Vape Hurtownia Truskawka Arbuz\" src=\"https:\/\/www.vape4wholesale.com\/wp-content\/uploads\/2023\/03\/RM-BAR-9000-Puffs-Disposable-Vape-Wholesale-Strawberry-Watermelon.jpg\" alt=\"RM BAR 9000 Puffs Jednorazowe Vape Hurtownia Truskawka Arbuz\" width=\"800\" height=\"800\" srcset=\"https:\/\/www.vape4wholesale.com\/wp-content\/uploads\/2023\/03\/RM-BAR-9000-Puffs-Disposable-Vape-Wholesale-Strawberry-Watermelon.jpg 800w, https:\/\/www.vape4wholesale.com\/wp-content\/uploads\/2023\/03\/RM-BAR-9000-Puffs-Disposable-Vape-Wholesale-Strawberry-Watermelon-247x247.jpg 247w, https:\/\/www.vape4wholesale.com\/wp-content\/uploads\/2023\/03\/RM-BAR-9000-Puffs-Disposable-Vape-Wholesale-Strawberry-Watermelon-100x100.jpg 100w, https:\/\/www.vape4wholesale.com\/wp-content\/uploads\/2023\/03\/RM-BAR-9000-Puffs-Disposable-Vape-Wholesale-Strawberry-Watermelon-510x510.jpg 510w, https:\/\/www.vape4wholesale.com\/wp-content\/uploads\/2023\/03\/RM-BAR-9000-Puffs-Disposable-Vape-Wholesale-Strawberry-Watermelon-64x64.jpg 64w, https:\/\/www.vape4wholesale.com\/wp-content\/uploads\/2023\/03\/RM-BAR-9000-Puffs-Disposable-Vape-Wholesale-Strawberry-Watermelon-300x300.jpg 300w, https:\/\/www.vape4wholesale.com\/wp-content\/uploads\/2023\/03\/RM-BAR-9000-Puffs-Disposable-Vape-Wholesale-Strawberry-Watermelon-150x150.jpg 150w, https:\/\/www.vape4wholesale.com\/wp-content\/uploads\/2023\/03\/RM-BAR-9000-Puffs-Disposable-Vape-Wholesale-Strawberry-Watermelon-768x768.jpg 768w\" sizes=\"auto, (max-width: 800px) 100vw, 800px\" \/> <img loading=\"lazy\" decoding=\"async\" class=\"alignnone size-full wp-image-12158\" title=\"RM BAR 9000 Puffs Jednorazowe Vape Hurtownia Tropical Punch\" src=\"https:\/\/www.vape4wholesale.com\/wp-content\/uploads\/2023\/03\/RM-BAR-9000-Puffs-Disposable-Vape-Wholesale-Tropical-Punch.jpg\" alt=\"RM BAR 9000 Puffs Jednorazowe Vape Hurtownia Tropical Punch\" width=\"800\" height=\"800\" srcset=\"https:\/\/www.vape4wholesale.com\/wp-content\/uploads\/2023\/03\/RM-BAR-9000-Puffs-Disposable-Vape-Wholesale-Tropical-Punch.jpg 800w, https:\/\/www.vape4wholesale.com\/wp-content\/uploads\/2023\/03\/RM-BAR-9000-Puffs-Disposable-Vape-Wholesale-Tropical-Punch-247x247.jpg 247w, https:\/\/www.vape4wholesale.com\/wp-content\/uploads\/2023\/03\/RM-BAR-9000-Puffs-Disposable-Vape-Wholesale-Tropical-Punch-100x100.jpg 100w, https:\/\/www.vape4wholesale.com\/wp-content\/uploads\/2023\/03\/RM-BAR-9000-Puffs-Disposable-Vape-Wholesale-Tropical-Punch-510x510.jpg 510w, https:\/\/www.vape4wholesale.com\/wp-content\/uploads\/2023\/03\/RM-BAR-9000-Puffs-Disposable-Vape-Wholesale-Tropical-Punch-64x64.jpg 64w, https:\/\/www.vape4wholesale.com\/wp-content\/uploads\/2023\/03\/RM-BAR-9000-Puffs-Disposable-Vape-Wholesale-Tropical-Punch-300x300.jpg 300w, https:\/\/www.vape4wholesale.com\/wp-content\/uploads\/2023\/03\/RM-BAR-9000-Puffs-Disposable-Vape-Wholesale-Tropical-Punch-150x150.jpg 150w, https:\/\/www.vape4wholesale.com\/wp-content\/uploads\/2023\/03\/RM-BAR-9000-Puffs-Disposable-Vape-Wholesale-Tropical-Punch-768x768.jpg 768w\" sizes=\"auto, (max-width: 800px) 100vw, 800px\" \/> <img loading=\"lazy\" decoding=\"async\" class=\"alignnone size-full wp-image-12149\" title=\"RM BAR 9000 Puffs jednorazowe smaki Vape hurtowo\" src=\"https:\/\/www.vape4wholesale.com\/wp-content\/uploads\/2023\/03\/RM-BAR-9000-Puffs-Disposable-Vape-Wholesale-Flavors.jpg\" alt=\"RM BAR 9000 Puffs jednorazowe smaki Vape hurtowo\" width=\"800\" height=\"800\" srcset=\"https:\/\/www.vape4wholesale.com\/wp-content\/uploads\/2023\/03\/RM-BAR-9000-Puffs-Disposable-Vape-Wholesale-Flavors.jpg 800w, https:\/\/www.vape4wholesale.com\/wp-content\/uploads\/2023\/03\/RM-BAR-9000-Puffs-Disposable-Vape-Wholesale-Flavors-247x247.jpg 247w, https:\/\/www.vape4wholesale.com\/wp-content\/uploads\/2023\/03\/RM-BAR-9000-Puffs-Disposable-Vape-Wholesale-Flavors-100x100.jpg 100w, https:\/\/www.vape4wholesale.com\/wp-content\/uploads\/2023\/03\/RM-BAR-9000-Puffs-Disposable-Vape-Wholesale-Flavors-510x510.jpg 510w, https:\/\/www.vape4wholesale.com\/wp-content\/uploads\/2023\/03\/RM-BAR-9000-Puffs-Disposable-Vape-Wholesale-Flavors-64x64.jpg 64w, https:\/\/www.vape4wholesale.com\/wp-content\/uploads\/2023\/03\/RM-BAR-9000-Puffs-Disposable-Vape-Wholesale-Flavors-300x300.jpg 300w, https:\/\/www.vape4wholesale.com\/wp-content\/uploads\/2023\/03\/RM-BAR-9000-Puffs-Disposable-Vape-Wholesale-Flavors-150x150.jpg 150w, https:\/\/www.vape4wholesale.com\/wp-content\/uploads\/2023\/03\/RM-BAR-9000-Puffs-Disposable-Vape-Wholesale-Flavors-768x768.jpg 768w\" sizes=\"auto, (max-width: 800px) 100vw, 800px\" \/><\/p>","protected":false},"excerpt":{"rendered":"[scf-template id=&#8217;11434&#8242;]\n","protected":false},"featured_media":12142,"comment_status":"open","ping_status":"closed","template":"","meta":[],"pwb-brand":[1285],"product_cat":[870],"product_tag":[24,233,336,396,22],"class_list":{"0":"post-7815","1":"product","2":"type-product","3":"status-publish","4":"has-post-thumbnail","6":"pwb-brand-r-m","7":"product_cat-8000-10000-puffs","8":"product_tag-wholesale","9":"product_tag-15-0ml","10":"product_tag-9000-puffs","11":"product_tag-rm","12":"product_tag-disposable","13":"wcpa_has_options","15":"first","16":"outofstock","17":"shipping-taxable","18":"purchasable","19":"product-type-variable"},"aioseo_notices":[],"brands":[{"id":1285,"name":"R&amp;M","slug":"r-m"}],"_links":{"self":[{"href":"https:\/\/www.vape4wholesale.com\/pl\/wp-json\/wp\/v2\/product\/7815","targetHints":{"allow":["GET"]}}],"collection":[{"href":"https:\/\/www.vape4wholesale.com\/pl\/wp-json\/wp\/v2\/product"}],"about":[{"href":"https:\/\/www.vape4wholesale.com\/pl\/wp-json\/wp\/v2\/types\/product"}],"replies":[{"embeddable":true,"href":"https:\/\/www.vape4wholesale.com\/pl\/wp-json\/wp\/v2\/comments?post=7815"}],"wp:featuredmedia":[{"embeddable":true,"href":"https:\/\/www.vape4wholesale.com\/pl\/wp-json\/wp\/v2\/media\/12142"}],"wp:attachment":[{"href":"https:\/\/www.vape4wholesale.com\/pl\/wp-json\/wp\/v2\/media?parent=7815"}],"wp:term":[{"taxonomy":"pwb-brand","embeddable":true,"href":"https:\/\/www.vape4wholesale.com\/pl\/wp-json\/wp\/v2\/pwb-brand?post=7815"},{"taxonomy":"product_cat","embeddable":true,"href":"https:\/\/www.vape4wholesale.com\/pl\/wp-json\/wp\/v2\/product_cat?post=7815"},{"taxonomy":"product_tag","embeddable":true,"href":"https:\/\/www.vape4wholesale.com\/pl\/wp-json\/wp\/v2\/product_tag?post=7815"}],"curies":[{"name":"wp","href":"https:\/\/api.w.org\/{rel}","templated":true}]}}