{"id":6952,"date":"2023-02-14T08:12:14","date_gmt":"2023-02-14T00:12:14","guid":{"rendered":"https:\/\/www.vape4wholesale.com\/?post_type=product&#038;p=6952"},"modified":"2026-01-26T13:43:06","modified_gmt":"2026-01-26T13:43:06","slug":"randm-sunax-21000-puff-jednorazowe-vape-hurtownia","status":"publish","type":"product","link":"https:\/\/www.vape4wholesale.com\/pl\/product\/randm-sunax-21000-puffs-disposable-vape-wholesale","title":{"rendered":"Randm Sunax 21000 Puffs Jednorazowe Vape Hurtownia"},"content":{"rendered":"<p><strong><a href=\"https:\/\/www.vape4wholesale.com\/pl\/product_brand\/randm\/\">RandM<\/a> Sunax 21000<\/strong>\u00a0to jednorazowe urz\u0105dzenie vape z wymiennymi kapsu\u0142kami. Posiada r\u00f3wnie\u017c regulacj\u0119 przep\u0142ywu powietrza i mo\u017cna go \u0142adowa\u0107. Zawiera 14 ml e-soli nikotynowej 0\/2\/3\/5%, a ka\u017cda kapsu\u0142ka wystarcza na 7000 zaci\u0105gni\u0119\u0107. Do wyboru jest 12 smak\u00f3w. Regulacja przep\u0142ywu powietrza pozwala wybra\u0107 najlepsze miejsce dla siebie, a ponadto jest wyposa\u017cony w port \u0142adowania typu C na spodzie urz\u0105dzenia, kt\u00f3ry gwarantuje, \u017ce przez ca\u0142y czas ko\u0144czysz ostatni\u0105 kropl\u0119 e-soku w zbiorniku.<\/p>\n<h2><b data-stringify-type=\"bold\">RandM\u00a0<strong>Sunax 21000<\/strong>\u00a0Cechy urz\u0105dzenia jednorazowego u\u017cytku:<\/b><\/h2>\n<p>\u26110\/2\/3\/5% S\u00f3l nikotynowa.<br \/>\n14 ml e-liquidu *3<br \/>\nKontrola przep\u0142ywu powietrza<br \/>\nSiatkowa cewka<br \/>\nAkumulator wielokrotnego \u0142adowania<br \/>\nZintegrowana bateria 850 mAh.<br \/>\nDost\u0119pnych jest 12 smak\u00f3w.<br \/>\n5 sztuk w pude\u0142ku ekspozycyjnym.<br \/>\n90 sztuk w kartonie \/ 19 kg<\/p>\n<p>Rozmiar kartonu: 50,8 * 49,8 * 37,2 CM<\/p>\n<h2><b data-stringify-type=\"bold\">Dost\u0119pne smaki:<\/b><\/h2>\n<p>1 Cool Mint<br \/>\n2 Lush Ice<br \/>\n3 P\u0105czek truskawkowy<br \/>\n4 Gummy Bear<br \/>\n5 R\u00f3\u017cowa Lemoniada<br \/>\n6 mieszanych jag\u00f3d<br \/>\n7 Arbuz Stawberry<br \/>\n8 Czerwone Jab\u0142ko Cytryna<br \/>\n9 Wata cukrowa<br \/>\n10.Mr blue<br \/>\n11 L\u00f3d grejpfrutowy<br \/>\n12.Cola<\/p>\n<p><img loading=\"lazy\" decoding=\"async\" class=\"alignnone size-full wp-image-12453\" title=\"RANDM SUNAX 21000 JEDNORAZOWE VAPE HURT (1)\" src=\"https:\/\/www.vape4wholesale.com\/wp-content\/uploads\/2023\/02\/RANDM-SUNAX-21000-DISPOSABLE-VAPE-WHOLESALE-1.jpg\" alt=\"RANDM SUNAX 21000 JEDNORAZOWE VAPE HURT (1)\" width=\"590\" height=\"504\" srcset=\"https:\/\/www.vape4wholesale.com\/wp-content\/uploads\/2023\/02\/RANDM-SUNAX-21000-DISPOSABLE-VAPE-WHOLESALE-1.jpg 590w, https:\/\/www.vape4wholesale.com\/wp-content\/uploads\/2023\/02\/RANDM-SUNAX-21000-DISPOSABLE-VAPE-WHOLESALE-1-510x436.jpg 510w, https:\/\/www.vape4wholesale.com\/wp-content\/uploads\/2023\/02\/RANDM-SUNAX-21000-DISPOSABLE-VAPE-WHOLESALE-1-64x55.jpg 64w, https:\/\/www.vape4wholesale.com\/wp-content\/uploads\/2023\/02\/RANDM-SUNAX-21000-DISPOSABLE-VAPE-WHOLESALE-1-300x256.jpg 300w\" sizes=\"auto, (max-width: 590px) 100vw, 590px\" \/> <img loading=\"lazy\" decoding=\"async\" class=\"alignnone size-full wp-image-12457\" title=\"RANDM SUNAX 21000 JEDNORAZOWE VAPE HURT (5)\" src=\"https:\/\/www.vape4wholesale.com\/wp-content\/uploads\/2023\/02\/RANDM-SUNAX-21000-DISPOSABLE-VAPE-WHOLESALE-5.jpg\" alt=\"RANDM SUNAX 21000 JEDNORAZOWE VAPE HURT (5)\" width=\"590\" height=\"590\" srcset=\"https:\/\/www.vape4wholesale.com\/wp-content\/uploads\/2023\/02\/RANDM-SUNAX-21000-DISPOSABLE-VAPE-WHOLESALE-5.jpg 590w, https:\/\/www.vape4wholesale.com\/wp-content\/uploads\/2023\/02\/RANDM-SUNAX-21000-DISPOSABLE-VAPE-WHOLESALE-5-247x247.jpg 247w, https:\/\/www.vape4wholesale.com\/wp-content\/uploads\/2023\/02\/RANDM-SUNAX-21000-DISPOSABLE-VAPE-WHOLESALE-5-100x100.jpg 100w, https:\/\/www.vape4wholesale.com\/wp-content\/uploads\/2023\/02\/RANDM-SUNAX-21000-DISPOSABLE-VAPE-WHOLESALE-5-510x510.jpg 510w, https:\/\/www.vape4wholesale.com\/wp-content\/uploads\/2023\/02\/RANDM-SUNAX-21000-DISPOSABLE-VAPE-WHOLESALE-5-64x64.jpg 64w, https:\/\/www.vape4wholesale.com\/wp-content\/uploads\/2023\/02\/RANDM-SUNAX-21000-DISPOSABLE-VAPE-WHOLESALE-5-300x300.jpg 300w, https:\/\/www.vape4wholesale.com\/wp-content\/uploads\/2023\/02\/RANDM-SUNAX-21000-DISPOSABLE-VAPE-WHOLESALE-5-150x150.jpg 150w\" sizes=\"auto, (max-width: 590px) 100vw, 590px\" \/> <img loading=\"lazy\" decoding=\"async\" class=\"alignnone size-full wp-image-12463\" title=\"RANDM SUNAX 21000 JEDNORAZOWE VAPE HURT (11)\" src=\"https:\/\/www.vape4wholesale.com\/wp-content\/uploads\/2023\/02\/RANDM-SUNAX-21000-DISPOSABLE-VAPE-WHOLESALE-11.jpg\" alt=\"RANDM SUNAX 21000 JEDNORAZOWE VAPE HURT (11)\" width=\"590\" height=\"590\" srcset=\"https:\/\/www.vape4wholesale.com\/wp-content\/uploads\/2023\/02\/RANDM-SUNAX-21000-DISPOSABLE-VAPE-WHOLESALE-11.jpg 590w, https:\/\/www.vape4wholesale.com\/wp-content\/uploads\/2023\/02\/RANDM-SUNAX-21000-DISPOSABLE-VAPE-WHOLESALE-11-247x247.jpg 247w, https:\/\/www.vape4wholesale.com\/wp-content\/uploads\/2023\/02\/RANDM-SUNAX-21000-DISPOSABLE-VAPE-WHOLESALE-11-100x100.jpg 100w, https:\/\/www.vape4wholesale.com\/wp-content\/uploads\/2023\/02\/RANDM-SUNAX-21000-DISPOSABLE-VAPE-WHOLESALE-11-510x510.jpg 510w, https:\/\/www.vape4wholesale.com\/wp-content\/uploads\/2023\/02\/RANDM-SUNAX-21000-DISPOSABLE-VAPE-WHOLESALE-11-64x64.jpg 64w, https:\/\/www.vape4wholesale.com\/wp-content\/uploads\/2023\/02\/RANDM-SUNAX-21000-DISPOSABLE-VAPE-WHOLESALE-11-300x300.jpg 300w, https:\/\/www.vape4wholesale.com\/wp-content\/uploads\/2023\/02\/RANDM-SUNAX-21000-DISPOSABLE-VAPE-WHOLESALE-11-150x150.jpg 150w\" sizes=\"auto, (max-width: 590px) 100vw, 590px\" \/> <img loading=\"lazy\" decoding=\"async\" class=\"alignnone size-full wp-image-12464\" title=\"RANDM SUNAX 21000 JEDNORAZOWE VAPE HURT (12)\" src=\"https:\/\/www.vape4wholesale.com\/wp-content\/uploads\/2023\/02\/RANDM-SUNAX-21000-DISPOSABLE-VAPE-WHOLESALE-12.jpg\" alt=\"RANDM SUNAX 21000 JEDNORAZOWE VAPE HURT (12)\" width=\"590\" height=\"590\" srcset=\"https:\/\/www.vape4wholesale.com\/wp-content\/uploads\/2023\/02\/RANDM-SUNAX-21000-DISPOSABLE-VAPE-WHOLESALE-12.jpg 590w, https:\/\/www.vape4wholesale.com\/wp-content\/uploads\/2023\/02\/RANDM-SUNAX-21000-DISPOSABLE-VAPE-WHOLESALE-12-247x247.jpg 247w, https:\/\/www.vape4wholesale.com\/wp-content\/uploads\/2023\/02\/RANDM-SUNAX-21000-DISPOSABLE-VAPE-WHOLESALE-12-100x100.jpg 100w, https:\/\/www.vape4wholesale.com\/wp-content\/uploads\/2023\/02\/RANDM-SUNAX-21000-DISPOSABLE-VAPE-WHOLESALE-12-510x510.jpg 510w, https:\/\/www.vape4wholesale.com\/wp-content\/uploads\/2023\/02\/RANDM-SUNAX-21000-DISPOSABLE-VAPE-WHOLESALE-12-64x64.jpg 64w, https:\/\/www.vape4wholesale.com\/wp-content\/uploads\/2023\/02\/RANDM-SUNAX-21000-DISPOSABLE-VAPE-WHOLESALE-12-300x300.jpg 300w, https:\/\/www.vape4wholesale.com\/wp-content\/uploads\/2023\/02\/RANDM-SUNAX-21000-DISPOSABLE-VAPE-WHOLESALE-12-150x150.jpg 150w\" sizes=\"auto, (max-width: 590px) 100vw, 590px\" \/><\/p>","protected":false},"excerpt":{"rendered":"[scf-template id=&#8217;11434&#8242;]\n","protected":false},"featured_media":12453,"comment_status":"open","ping_status":"closed","template":"","meta":[],"pwb-brand":[1270],"product_cat":[873],"product_tag":[22,24,177,272,362],"class_list":{"0":"post-6952","1":"product","2":"type-product","3":"status-publish","4":"has-post-thumbnail","6":"pwb-brand-randm","7":"product_cat-above-20k-puffs","8":"product_tag-disposable","9":"product_tag-wholesale","10":"product_tag-14-0ml","11":"product_tag-randm","12":"product_tag-21000-puffs","13":"wcpa_has_options","15":"first","16":"outofstock","17":"shipping-taxable","18":"purchasable","19":"product-type-variable"},"aioseo_notices":[],"brands":[{"id":1270,"name":"Randm","slug":"randm"}],"_links":{"self":[{"href":"https:\/\/www.vape4wholesale.com\/pl\/wp-json\/wp\/v2\/product\/6952","targetHints":{"allow":["GET"]}}],"collection":[{"href":"https:\/\/www.vape4wholesale.com\/pl\/wp-json\/wp\/v2\/product"}],"about":[{"href":"https:\/\/www.vape4wholesale.com\/pl\/wp-json\/wp\/v2\/types\/product"}],"replies":[{"embeddable":true,"href":"https:\/\/www.vape4wholesale.com\/pl\/wp-json\/wp\/v2\/comments?post=6952"}],"wp:featuredmedia":[{"embeddable":true,"href":"https:\/\/www.vape4wholesale.com\/pl\/wp-json\/wp\/v2\/media\/12453"}],"wp:attachment":[{"href":"https:\/\/www.vape4wholesale.com\/pl\/wp-json\/wp\/v2\/media?parent=6952"}],"wp:term":[{"taxonomy":"pwb-brand","embeddable":true,"href":"https:\/\/www.vape4wholesale.com\/pl\/wp-json\/wp\/v2\/pwb-brand?post=6952"},{"taxonomy":"product_cat","embeddable":true,"href":"https:\/\/www.vape4wholesale.com\/pl\/wp-json\/wp\/v2\/product_cat?post=6952"},{"taxonomy":"product_tag","embeddable":true,"href":"https:\/\/www.vape4wholesale.com\/pl\/wp-json\/wp\/v2\/product_tag?post=6952"}],"curies":[{"name":"wp","href":"https:\/\/api.w.org\/{rel}","templated":true}]}}