{"id":6136,"date":"2022-05-19T23:02:44","date_gmt":"2022-05-19T15:02:44","guid":{"rendered":"https:\/\/www.vape4wholesale.com\/?post_type=product&#038;p=6136"},"modified":"2026-01-26T13:43:44","modified_gmt":"2026-01-26T13:43:44","slug":"lavie-6000-puffs-jednorazowe-waporyzatory-hurtowo","status":"publish","type":"product","link":"https:\/\/www.vape4wholesale.com\/pl\/product\/lavie-6000-puffs-disposable-vapes-wholesale","title":{"rendered":"Lavie 6000 Puffs jednorazowe vape hurtowo"},"content":{"rendered":"<p>w <a href=\"https:\/\/www.vape4wholesale.com\/pl\/product_brand\/lavie\/\">Lavie<\/a> 6000 to wyj\u0105tkowo zaprojektowany jednorazowy vape z akumulatorem 600 mAh, 15 ml e-liquidu i cewk\u0105 siatkow\u0105 wewn\u0105trz, obs\u0142uguj\u0105cy maksymalnie 6000 zaci\u0105gni\u0119\u0107.<\/p>\n<h2>LAVIE 6000 Jednorazowe Specyfikacje Vape:<\/h2>\n<p>Marka: LAVIE<\/p>\n<p>Puffy:6000 Puff\u00f3w jest dost\u0119pnych na urz\u0105dzenie.<\/p>\n<p>Nicotine:0%\/2%\/5%<\/p>\n<p>Pojemno\u015b\u0107 e-soku: 15 ml<\/p>\n<p>Bateria: 600 mAh<\/p>\n<p>Port \u0142adowania: Typ C<\/p>\n<p>&nbsp;<\/p>\n<h2>Smaki<\/h2>\n<p>L\u00f3d arbuzowo-truskawkowy<\/p>\n<p>Nap\u00f3j energetyczny<\/p>\n<p>L\u00f3d winogronowy<\/p>\n<p>Mango Ice<\/p>\n<p>Soczysta brzoskwinia<\/p>\n<p>Mixed Berry<\/p>\n<p>Mango Strawberry Ice<\/p>\n<p>Mleko bananowe<\/p>\n<p>Jab\u0142ko Cytryna<\/p>\n<p>Cola Ice<\/p>\n<p>&nbsp;<\/p>\n<h2>Pakowanie i waga<\/h2>\n<ul>\n<li>0,085 kg\/komputer, 1 sztuka\/pude\u0142ko, 10 sztuk\/jednostka.<\/li>\n<li>200 sztuk\/karton zbiorczy, 17 kg.<\/li>\n<\/ul>\n<figure id=\"attachment_13368\" aria-describedby=\"caption-attachment-13368\" style=\"width: 800px\" class=\"wp-caption alignnone\"><img loading=\"lazy\" decoding=\"async\" class=\"wp-image-13368 size-full\" title=\"LAVIE 6000 Puffs Jednorazowe Vape Hurtownia Jab\u0142ko Cytryna\" src=\"https:\/\/www.vape4wholesale.com\/wp-content\/uploads\/2022\/05\/LAVIE-6000-Puffs-Disposable-Vape-Wholesale-Apple-Lemon.jpg\" alt=\"LAVIE 6000 Puffs Jednorazowe Vape Hurtownia Jab\u0142ko Cytryna\" width=\"800\" height=\"800\" srcset=\"https:\/\/www.vape4wholesale.com\/wp-content\/uploads\/2022\/05\/LAVIE-6000-Puffs-Disposable-Vape-Wholesale-Apple-Lemon.jpg 800w, https:\/\/www.vape4wholesale.com\/wp-content\/uploads\/2022\/05\/LAVIE-6000-Puffs-Disposable-Vape-Wholesale-Apple-Lemon-247x247.jpg 247w, https:\/\/www.vape4wholesale.com\/wp-content\/uploads\/2022\/05\/LAVIE-6000-Puffs-Disposable-Vape-Wholesale-Apple-Lemon-100x100.jpg 100w, https:\/\/www.vape4wholesale.com\/wp-content\/uploads\/2022\/05\/LAVIE-6000-Puffs-Disposable-Vape-Wholesale-Apple-Lemon-510x510.jpg 510w, https:\/\/www.vape4wholesale.com\/wp-content\/uploads\/2022\/05\/LAVIE-6000-Puffs-Disposable-Vape-Wholesale-Apple-Lemon-64x64.jpg 64w, https:\/\/www.vape4wholesale.com\/wp-content\/uploads\/2022\/05\/LAVIE-6000-Puffs-Disposable-Vape-Wholesale-Apple-Lemon-300x300.jpg 300w, https:\/\/www.vape4wholesale.com\/wp-content\/uploads\/2022\/05\/LAVIE-6000-Puffs-Disposable-Vape-Wholesale-Apple-Lemon-150x150.jpg 150w, https:\/\/www.vape4wholesale.com\/wp-content\/uploads\/2022\/05\/LAVIE-6000-Puffs-Disposable-Vape-Wholesale-Apple-Lemon-768x768.jpg 768w\" sizes=\"auto, (max-width: 800px) 100vw, 800px\" \/><figcaption id=\"caption-attachment-13368\" class=\"wp-caption-text\">LAVIE 6000 Puffs Jednorazowa sprzeda\u017c hurtowa Vape<\/figcaption><\/figure>\n<p>&nbsp;<\/p>","protected":false},"excerpt":{"rendered":"[scf-template id=&#8217;11434&#8242;]\n","protected":false},"featured_media":13371,"comment_status":"open","ping_status":"closed","template":"","meta":[],"pwb-brand":[1277],"product_cat":[869],"product_tag":[22,24,37,173,233],"class_list":{"0":"post-6136","1":"product","2":"type-product","3":"status-publish","4":"has-post-thumbnail","6":"pwb-brand-lavie","7":"product_cat-5000-8000-puffs","8":"product_tag-disposable","9":"product_tag-wholesale","10":"product_tag-lavie","11":"product_tag-6000-puffs","12":"product_tag-15-0ml","14":"first","15":"outofstock","16":"shipping-taxable","17":"purchasable","18":"product-type-variable","19":"has-default-attributes"},"aioseo_notices":[],"brands":[{"id":1277,"name":"Lavie","slug":"lavie"}],"_links":{"self":[{"href":"https:\/\/www.vape4wholesale.com\/pl\/wp-json\/wp\/v2\/product\/6136","targetHints":{"allow":["GET"]}}],"collection":[{"href":"https:\/\/www.vape4wholesale.com\/pl\/wp-json\/wp\/v2\/product"}],"about":[{"href":"https:\/\/www.vape4wholesale.com\/pl\/wp-json\/wp\/v2\/types\/product"}],"replies":[{"embeddable":true,"href":"https:\/\/www.vape4wholesale.com\/pl\/wp-json\/wp\/v2\/comments?post=6136"}],"wp:featuredmedia":[{"embeddable":true,"href":"https:\/\/www.vape4wholesale.com\/pl\/wp-json\/wp\/v2\/media\/13371"}],"wp:attachment":[{"href":"https:\/\/www.vape4wholesale.com\/pl\/wp-json\/wp\/v2\/media?parent=6136"}],"wp:term":[{"taxonomy":"pwb-brand","embeddable":true,"href":"https:\/\/www.vape4wholesale.com\/pl\/wp-json\/wp\/v2\/pwb-brand?post=6136"},{"taxonomy":"product_cat","embeddable":true,"href":"https:\/\/www.vape4wholesale.com\/pl\/wp-json\/wp\/v2\/product_cat?post=6136"},{"taxonomy":"product_tag","embeddable":true,"href":"https:\/\/www.vape4wholesale.com\/pl\/wp-json\/wp\/v2\/product_tag?post=6136"}],"curies":[{"name":"wp","href":"https:\/\/api.w.org\/{rel}","templated":true}]}}