{"id":6041,"date":"2022-07-28T21:36:53","date_gmt":"2022-07-28T13:36:53","guid":{"rendered":"https:\/\/www.vape4wholesale.com\/?post_type=product&#038;p=6041"},"modified":"2026-01-26T13:43:27","modified_gmt":"2026-01-26T13:43:27","slug":"randm-dazzle-5000-puffs-jednorazowe-vape-hurtowo","status":"publish","type":"product","link":"https:\/\/www.vape4wholesale.com\/pl\/product\/randm-dazzle-5000-puffs-disposable-vape-wholesale","title":{"rendered":"RandM Dazzle 5000 Puffs Jednorazowa sprzeda\u017c hurtowa Vape"},"content":{"rendered":"<p><strong><a href=\"https:\/\/www.vape4wholesale.com\/pl\/product_brand\/randm\/\">RandM<\/a> Dazzle 5000<\/strong>\u00a0to jednorazowe urz\u0105dzenie vape z popularnym przezroczystym zbiornikiem, kolorowym pod\u015bwietleniem RGB i mo\u017cliwo\u015bci\u0105 wielokrotnego nape\u0142niania. Zawiera 10 ml e-soli nikotynowej 0\/2\/3\/5% i pozwala na wypalenie do 5000 zaci\u0105gni\u0119\u0107. Do wyboru jest 20 smak\u00f3w. \u015awiat\u0142o RGB sprawia, \u017ce jest to najfajniejsze urz\u0105dzenie jednorazowego u\u017cytku, a ponadto jest wyposa\u017cone w port USB do \u0142adowania na spodzie urz\u0105dzenia, kt\u00f3ry gwarantuje, \u017ce doko\u0144czysz ostatni\u0105 kropl\u0119 e-sokju w zbiorniku, a \u015bwiat\u0142o b\u0119dzie \u015bwieci\u0107 przez ca\u0142y czas.<\/p>\n<h2><b data-stringify-type=\"bold\">Cechy urz\u0105dzenia jednorazowego u\u017cytku RandM Dazzle 5000:<\/b><\/h2>\n<p>\u26110\/2\/3\/5% S\u00f3l nikotynowa.<br \/>\n10 ml e-liquidu.<br \/>\n5000 zaci\u0105gni\u0119\u0107 na urz\u0105dzenie.<br \/>\n6 kolor\u00f3w \u015bwiat\u0142a RGB<br \/>\nAkumulator wielokrotnego \u0142adowania<br \/>\nUzupe\u0142nianie zbiornika<br \/>\nZintegrowana bateria 1000 mAh.<br \/>\nDost\u0119pnych jest 12 smak\u00f3w.<br \/>\n10 sztuk w pude\u0142ku ekspozycyjnym.<br \/>\n300 sztuk w kartonie.<\/p>\n<h2><b data-stringify-type=\"bold\">Smaki<\/b><\/h2>\n<p>1.Lush ICE<br \/>\n2. jogurt truskawkowy<br \/>\n3. l\u00f3d bananowy<br \/>\n4.Blue Razz Ice<br \/>\n5. soda pomara\u0144czowa<br \/>\n6.Gummy Bear<br \/>\n7. arbuz Stawberry<br \/>\n8.Bawe\u0142niane gruszki<br \/>\n9. granat<br \/>\n10.Lody brzoskwiniowe<br \/>\n11.czerwone jab\u0142ko Melon ice<br \/>\n12.Mix jag\u00f3d<br \/>\n13.Sernik arbuzowy<br \/>\n14. l\u00f3d winogronowy<br \/>\n15 Mango Guava<br \/>\n16 Tabacco<br \/>\n17 Kiwi Berry<br \/>\n18 Cool Mint<br \/>\n19 Truskawka liczi<br \/>\n20 Aloe Grape<\/p>\n<p><img loading=\"lazy\" decoding=\"async\" class=\"alignnone size-full wp-image-12805\" title=\"RandM Dazzle 5000 Puffs Jednorazowa sprzeda\u017c hurtowa Vape (1 szt.)\" src=\"https:\/\/www.vape4wholesale.com\/wp-content\/uploads\/2022\/07\/RandM-Dazzle-5000-Puffs-Disposable-Vape-Wholesale-1.png\" alt=\"RandM Dazzle 5000 Puffs Jednorazowa sprzeda\u017c hurtowa Vape (1 szt.)\" width=\"590\" height=\"504\" srcset=\"https:\/\/www.vape4wholesale.com\/wp-content\/uploads\/2022\/07\/RandM-Dazzle-5000-Puffs-Disposable-Vape-Wholesale-1.png 590w, https:\/\/www.vape4wholesale.com\/wp-content\/uploads\/2022\/07\/RandM-Dazzle-5000-Puffs-Disposable-Vape-Wholesale-1-510x436.png 510w, https:\/\/www.vape4wholesale.com\/wp-content\/uploads\/2022\/07\/RandM-Dazzle-5000-Puffs-Disposable-Vape-Wholesale-1-64x55.png 64w, https:\/\/www.vape4wholesale.com\/wp-content\/uploads\/2022\/07\/RandM-Dazzle-5000-Puffs-Disposable-Vape-Wholesale-1-300x256.png 300w\" sizes=\"auto, (max-width: 590px) 100vw, 590px\" \/> <img loading=\"lazy\" decoding=\"async\" class=\"alignnone size-full wp-image-12804\" title=\"RandM Dazzle 5000 Puffs Jednorazowa sprzeda\u017c hurtowa Vape (1 szt.)\" src=\"https:\/\/www.vape4wholesale.com\/wp-content\/uploads\/2022\/07\/RandM-Dazzle-5000-Puffs-Disposable-Vape-Wholesale-1.jpg\" alt=\"RandM Dazzle 5000 Puffs Jednorazowa sprzeda\u017c hurtowa Vape (1 szt.)\" width=\"590\" height=\"613\" srcset=\"https:\/\/www.vape4wholesale.com\/wp-content\/uploads\/2022\/07\/RandM-Dazzle-5000-Puffs-Disposable-Vape-Wholesale-1.jpg 590w, https:\/\/www.vape4wholesale.com\/wp-content\/uploads\/2022\/07\/RandM-Dazzle-5000-Puffs-Disposable-Vape-Wholesale-1-510x530.jpg 510w, https:\/\/www.vape4wholesale.com\/wp-content\/uploads\/2022\/07\/RandM-Dazzle-5000-Puffs-Disposable-Vape-Wholesale-1-64x66.jpg 64w, https:\/\/www.vape4wholesale.com\/wp-content\/uploads\/2022\/07\/RandM-Dazzle-5000-Puffs-Disposable-Vape-Wholesale-1-289x300.jpg 289w\" sizes=\"auto, (max-width: 590px) 100vw, 590px\" \/> <img loading=\"lazy\" decoding=\"async\" class=\"alignnone size-full wp-image-12801\" title=\"RandM Dazzle 5000 Puffs Jednorazowa sprzeda\u017c hurtowa Vape (10)\" src=\"https:\/\/www.vape4wholesale.com\/wp-content\/uploads\/2022\/07\/RandM-Dazzle-5000-Puffs-Disposable-Vape-Wholesale-10.jpg\" alt=\"RandM Dazzle 5000 Puffs Jednorazowa sprzeda\u017c hurtowa Vape (10)\" width=\"590\" height=\"613\" srcset=\"https:\/\/www.vape4wholesale.com\/wp-content\/uploads\/2022\/07\/RandM-Dazzle-5000-Puffs-Disposable-Vape-Wholesale-10.jpg 590w, https:\/\/www.vape4wholesale.com\/wp-content\/uploads\/2022\/07\/RandM-Dazzle-5000-Puffs-Disposable-Vape-Wholesale-10-510x530.jpg 510w, https:\/\/www.vape4wholesale.com\/wp-content\/uploads\/2022\/07\/RandM-Dazzle-5000-Puffs-Disposable-Vape-Wholesale-10-64x66.jpg 64w, https:\/\/www.vape4wholesale.com\/wp-content\/uploads\/2022\/07\/RandM-Dazzle-5000-Puffs-Disposable-Vape-Wholesale-10-289x300.jpg 289w\" sizes=\"auto, (max-width: 590px) 100vw, 590px\" \/> <img loading=\"lazy\" decoding=\"async\" class=\"alignnone size-full wp-image-12800\" title=\"RandM Dazzle 5000 Puffs Jednorazowa sprzeda\u017c hurtowa Vape (9)\" src=\"https:\/\/www.vape4wholesale.com\/wp-content\/uploads\/2022\/07\/RandM-Dazzle-5000-Puffs-Disposable-Vape-Wholesale-9.jpg\" alt=\"RandM Dazzle 5000 Puffs Jednorazowa sprzeda\u017c hurtowa Vape (9)\" width=\"590\" height=\"613\" srcset=\"https:\/\/www.vape4wholesale.com\/wp-content\/uploads\/2022\/07\/RandM-Dazzle-5000-Puffs-Disposable-Vape-Wholesale-9.jpg 590w, https:\/\/www.vape4wholesale.com\/wp-content\/uploads\/2022\/07\/RandM-Dazzle-5000-Puffs-Disposable-Vape-Wholesale-9-510x530.jpg 510w, https:\/\/www.vape4wholesale.com\/wp-content\/uploads\/2022\/07\/RandM-Dazzle-5000-Puffs-Disposable-Vape-Wholesale-9-64x66.jpg 64w, https:\/\/www.vape4wholesale.com\/wp-content\/uploads\/2022\/07\/RandM-Dazzle-5000-Puffs-Disposable-Vape-Wholesale-9-289x300.jpg 289w\" sizes=\"auto, (max-width: 590px) 100vw, 590px\" \/> <img loading=\"lazy\" decoding=\"async\" class=\"alignnone size-full wp-image-12795\" title=\"RandM Dazzle 5000 Puffs Jednorazowa sprzeda\u017c hurtowa Vape (4)\" src=\"https:\/\/www.vape4wholesale.com\/wp-content\/uploads\/2022\/07\/RandM-Dazzle-5000-Puffs-Disposable-Vape-Wholesale-4.jpg\" alt=\"RandM Dazzle 5000 Puffs Jednorazowa sprzeda\u017c hurtowa Vape (4)\" width=\"590\" height=\"613\" srcset=\"https:\/\/www.vape4wholesale.com\/wp-content\/uploads\/2022\/07\/RandM-Dazzle-5000-Puffs-Disposable-Vape-Wholesale-4.jpg 590w, https:\/\/www.vape4wholesale.com\/wp-content\/uploads\/2022\/07\/RandM-Dazzle-5000-Puffs-Disposable-Vape-Wholesale-4-510x530.jpg 510w, https:\/\/www.vape4wholesale.com\/wp-content\/uploads\/2022\/07\/RandM-Dazzle-5000-Puffs-Disposable-Vape-Wholesale-4-64x66.jpg 64w, https:\/\/www.vape4wholesale.com\/wp-content\/uploads\/2022\/07\/RandM-Dazzle-5000-Puffs-Disposable-Vape-Wholesale-4-289x300.jpg 289w\" sizes=\"auto, (max-width: 590px) 100vw, 590px\" \/> <img loading=\"lazy\" decoding=\"async\" class=\"alignnone size-full wp-image-12796\" title=\"RandM Dazzle 5000 Puffs Jednorazowa sprzeda\u017c hurtowa Vape (5)\" src=\"https:\/\/www.vape4wholesale.com\/wp-content\/uploads\/2022\/07\/RandM-Dazzle-5000-Puffs-Disposable-Vape-Wholesale-5.jpg\" alt=\"RandM Dazzle 5000 Puffs Jednorazowa sprzeda\u017c hurtowa Vape (5)\" width=\"590\" height=\"613\" srcset=\"https:\/\/www.vape4wholesale.com\/wp-content\/uploads\/2022\/07\/RandM-Dazzle-5000-Puffs-Disposable-Vape-Wholesale-5.jpg 590w, https:\/\/www.vape4wholesale.com\/wp-content\/uploads\/2022\/07\/RandM-Dazzle-5000-Puffs-Disposable-Vape-Wholesale-5-510x530.jpg 510w, https:\/\/www.vape4wholesale.com\/wp-content\/uploads\/2022\/07\/RandM-Dazzle-5000-Puffs-Disposable-Vape-Wholesale-5-64x66.jpg 64w, https:\/\/www.vape4wholesale.com\/wp-content\/uploads\/2022\/07\/RandM-Dazzle-5000-Puffs-Disposable-Vape-Wholesale-5-289x300.jpg 289w\" sizes=\"auto, (max-width: 590px) 100vw, 590px\" \/><\/p>\n<p>&nbsp;<\/p>","protected":false},"excerpt":{"rendered":"[scf-template id=&#8217;11434&#8242;]\n","protected":false},"featured_media":12805,"comment_status":"open","ping_status":"closed","template":"","meta":[],"pwb-brand":[1270],"product_cat":[57],"product_tag":[22,24,189,210,272],"class_list":{"0":"post-6041","1":"product","2":"type-product","3":"status-publish","4":"has-post-thumbnail","6":"pwb-brand-randm","7":"product_cat-4000-5000-puffs","8":"product_tag-disposable","9":"product_tag-wholesale","10":"product_tag-5000-puffs","11":"product_tag-10-0ml","12":"product_tag-randm","13":"wcpa_has_options","15":"first","16":"outofstock","17":"shipping-taxable","18":"purchasable","19":"product-type-variable"},"aioseo_notices":[],"brands":[{"id":1270,"name":"Randm","slug":"randm"}],"_links":{"self":[{"href":"https:\/\/www.vape4wholesale.com\/pl\/wp-json\/wp\/v2\/product\/6041","targetHints":{"allow":["GET"]}}],"collection":[{"href":"https:\/\/www.vape4wholesale.com\/pl\/wp-json\/wp\/v2\/product"}],"about":[{"href":"https:\/\/www.vape4wholesale.com\/pl\/wp-json\/wp\/v2\/types\/product"}],"replies":[{"embeddable":true,"href":"https:\/\/www.vape4wholesale.com\/pl\/wp-json\/wp\/v2\/comments?post=6041"}],"wp:featuredmedia":[{"embeddable":true,"href":"https:\/\/www.vape4wholesale.com\/pl\/wp-json\/wp\/v2\/media\/12805"}],"wp:attachment":[{"href":"https:\/\/www.vape4wholesale.com\/pl\/wp-json\/wp\/v2\/media?parent=6041"}],"wp:term":[{"taxonomy":"pwb-brand","embeddable":true,"href":"https:\/\/www.vape4wholesale.com\/pl\/wp-json\/wp\/v2\/pwb-brand?post=6041"},{"taxonomy":"product_cat","embeddable":true,"href":"https:\/\/www.vape4wholesale.com\/pl\/wp-json\/wp\/v2\/product_cat?post=6041"},{"taxonomy":"product_tag","embeddable":true,"href":"https:\/\/www.vape4wholesale.com\/pl\/wp-json\/wp\/v2\/product_tag?post=6041"}],"curies":[{"name":"wp","href":"https:\/\/api.w.org\/{rel}","templated":true}]}}