{"id":5848,"date":"2022-07-03T14:32:51","date_gmt":"2022-07-03T06:32:51","guid":{"rendered":"https:\/\/www.vape4wholesale.com\/?post_type=product&#038;p=5848"},"modified":"2026-01-26T13:43:37","modified_gmt":"2026-01-26T13:43:37","slug":"bang-bc5000-jednorazowe-vape-hurtownia","status":"publish","type":"product","link":"https:\/\/www.vape4wholesale.com\/pl\/product\/bang-bc5000-disposable-vape-wholesale","title":{"rendered":"Hurtownia jednorazowych urz\u0105dze\u0144 Vape Bang BC5000"},"content":{"rendered":"<p>w <strong>Bang BC5000<\/strong>\u00a0to jednorazowy vape wielokrotnego \u0142adowania, wyposa\u017cony we wbudowan\u0105 bateri\u0119 650 mAh z 13 ml eliquidu, moc nikotyny wynosi 5%, obs\u0142uguje maksymalnie 5000 zaci\u0105gni\u0119\u0107.<\/p>\n<h2>Bang BC5000 Jednorazowe Vape Szybki szczeg\u00f3\u0142<\/h2>\n<ul>\n<li>Puffy: 5000<\/li>\n<li>S\u00f3l nikotynowa: 5%<\/li>\n<li>Pojemno\u015b\u0107 eliksiru: 13 ml<\/li>\n<li>Op\u00f3r: 1,2 oma Mesh<\/li>\n<li>Masa cia\u0142a: 52 g<\/li>\n<li>Rozmiar kartonu: 52,3 * 38 * 28,5 cm<\/li>\n<li>Waga kartonu: 16,5 kg \/ 300 sztuk<\/li>\n<li>Port \u0142adowania: Typ C<\/li>\n<\/ul>\n<h2>Smaki<\/h2>\n<ol>\n<li>Blue Razz Ice<\/li>\n<li>L\u00f3d jagodowy<\/li>\n<li>Kiwi Passion Fruit Guava<\/li>\n<li>Mi\u0119ta cytrynowa<\/li>\n<li>Mango Brzoskwinia<\/li>\n<li>L\u00f3d brzoskwiniowy<\/li>\n<li>Brzoskwinia Mango Arbuz<\/li>\n<li>L\u00f3d ananasowo-kokosowy<\/li>\n<li>T\u0119czowe cukierki<\/li>\n<li>Sakura Grape<\/li>\n<li>Kwa\u015bne jab\u0142ko<\/li>\n<li>Banan truskawkowy<\/li>\n<li>L\u00f3d truskawkowy<\/li>\n<li>Truskawka Kiwi<\/li>\n<li>Mango truskawkowe<\/li>\n<li>Arbuz truskawkowy<\/li>\n<li>Triple Berry Ice<\/li>\n<li>Potr\u00f3jny melon<\/li>\n<li>Arbuzowa guma balonowa<\/li>\n<li>Arbuzowy l\u00f3d<\/li>\n<\/ol>\n<p><img loading=\"lazy\" decoding=\"async\" class=\"alignnone size-full wp-image-15348\" title=\"Hurtownia jednorazowych urz\u0105dze\u0144 Vape Bang BC5000\" src=\"https:\/\/www.vape4wholesale.com\/wp-content\/uploads\/2022\/07\/Bang-BC5000-Disposable-Vape-Wholesale.jpg\" alt=\"Hurtownia jednorazowych urz\u0105dze\u0144 Vape Bang BC5000\" width=\"1080\" height=\"1236\" srcset=\"https:\/\/www.vape4wholesale.com\/wp-content\/uploads\/2022\/07\/Bang-BC5000-Disposable-Vape-Wholesale.jpg 1080w, https:\/\/www.vape4wholesale.com\/wp-content\/uploads\/2022\/07\/Bang-BC5000-Disposable-Vape-Wholesale-510x584.jpg 510w, https:\/\/www.vape4wholesale.com\/wp-content\/uploads\/2022\/07\/Bang-BC5000-Disposable-Vape-Wholesale-64x73.jpg 64w, https:\/\/www.vape4wholesale.com\/wp-content\/uploads\/2022\/07\/Bang-BC5000-Disposable-Vape-Wholesale-262x300.jpg 262w, https:\/\/www.vape4wholesale.com\/wp-content\/uploads\/2022\/07\/Bang-BC5000-Disposable-Vape-Wholesale-895x1024.jpg 895w, https:\/\/www.vape4wholesale.com\/wp-content\/uploads\/2022\/07\/Bang-BC5000-Disposable-Vape-Wholesale-768x879.jpg 768w\" sizes=\"auto, (max-width: 1080px) 100vw, 1080px\" \/><\/p>\n<p>&nbsp;<\/p>\n<p>&nbsp;<\/p>","protected":false},"excerpt":{"rendered":"[scf-template id=&#8217;11434&#8242;]\n","protected":false},"featured_media":13293,"comment_status":"open","ping_status":"closed","template":"","meta":[],"pwb-brand":[1275],"product_cat":[869],"product_tag":[22,24,189,249,285],"class_list":{"0":"post-5848","1":"product","2":"type-product","3":"status-publish","4":"has-post-thumbnail","6":"pwb-brand-bang","7":"product_cat-5000-8000-puffs","8":"product_tag-disposable","9":"product_tag-wholesale","10":"product_tag-5000-puffs","11":"product_tag-bang","12":"product_tag-13-0ml","13":"wcpa_has_options","15":"first","16":"outofstock","17":"shipping-taxable","18":"purchasable","19":"product-type-variable"},"aioseo_notices":[],"brands":[{"id":1275,"name":"Bang","slug":"huk"}],"_links":{"self":[{"href":"https:\/\/www.vape4wholesale.com\/pl\/wp-json\/wp\/v2\/product\/5848","targetHints":{"allow":["GET"]}}],"collection":[{"href":"https:\/\/www.vape4wholesale.com\/pl\/wp-json\/wp\/v2\/product"}],"about":[{"href":"https:\/\/www.vape4wholesale.com\/pl\/wp-json\/wp\/v2\/types\/product"}],"replies":[{"embeddable":true,"href":"https:\/\/www.vape4wholesale.com\/pl\/wp-json\/wp\/v2\/comments?post=5848"}],"wp:featuredmedia":[{"embeddable":true,"href":"https:\/\/www.vape4wholesale.com\/pl\/wp-json\/wp\/v2\/media\/13293"}],"wp:attachment":[{"href":"https:\/\/www.vape4wholesale.com\/pl\/wp-json\/wp\/v2\/media?parent=5848"}],"wp:term":[{"taxonomy":"pwb-brand","embeddable":true,"href":"https:\/\/www.vape4wholesale.com\/pl\/wp-json\/wp\/v2\/pwb-brand?post=5848"},{"taxonomy":"product_cat","embeddable":true,"href":"https:\/\/www.vape4wholesale.com\/pl\/wp-json\/wp\/v2\/product_cat?post=5848"},{"taxonomy":"product_tag","embeddable":true,"href":"https:\/\/www.vape4wholesale.com\/pl\/wp-json\/wp\/v2\/product_tag?post=5848"}],"curies":[{"name":"wp","href":"https:\/\/api.w.org\/{rel}","templated":true}]}}