{"id":5784,"date":"2022-07-27T20:39:18","date_gmt":"2022-07-27T12:39:18","guid":{"rendered":"https:\/\/www.vape4wholesale.com\/?post_type=product&#038;p=5784"},"modified":"2026-01-26T13:43:32","modified_gmt":"2026-01-26T13:43:32","slug":"randm-squid-box-5200-puffs-jednorazowe-vape-hurtownia","status":"publish","type":"product","link":"https:\/\/www.vape4wholesale.com\/pl\/product\/randm-squid-box-5200-puffs-disposable-vape-wholesale","title":{"rendered":"RandM Squid Box 5200 Puffs Jednorazowa sprzeda\u017c hurtowa Vape"},"content":{"rendered":"<p><strong><a href=\"https:\/\/www.vape4wholesale.com\/pl\/product_brand\/randm\/\">RandM<\/a> S<\/strong><strong style=\"font-size: 14.4px\">quid Box 5200<\/strong><span style=\"font-size: 14.4px\"> i<\/span><span style=\"font-size: 14.4px\">to jednorazowe urz\u0105dzenie vape o ciekawym designie, kt\u00f3re mo\u017cna \u0142adowa\u0107. Zawiera 12 ml e-soli nikotynowej 0\/2\/3\/5% i umo\u017cliwia wypalenie do 5200 zaci\u0105gni\u0119\u0107. Do wyboru jest 20 smak\u00f3w. Port \u0142adowania typu C na spodzie urz\u0105dzenia gwarantuje, \u017ce przez ca\u0142y czas b\u0119dziesz m\u00f3g\u0142 doko\u0144czy\u0107 ostatni\u0105 kropl\u0119 e-soku w zbiorniku.\u00a0<\/span><\/p>\n<h2><b data-stringify-type=\"bold\">RandM Squid Box 5200 Jednorazowe funkcje Vape:<\/b><\/h2>\n<p>\u26110\/2\/3\/5% S\u00f3l nikotynowa.<br \/>\n12 ml e-liquidu.<br \/>\nSiatkowa cewka<br \/>\nAkumulator wielokrotnego \u0142adowania<br \/>\nZintegrowana bateria 850 mAh.<br \/>\nDost\u0119pnych jest 20 smak\u00f3w.<br \/>\n10 sztuk w pude\u0142ku ekspozycyjnym.<br \/>\n240 sztuk w kartonie.<\/p>\n<h2><b data-stringify-type=\"bold\">Dost\u0119pne smaki:<\/b><\/h2>\n<p>1.Truskawka Kiwi<br \/>\n2. l\u00f3d jagodowy<br \/>\n3.Lush Ice<br \/>\n4. wata cukrowa<br \/>\n5. mieszane jagody<br \/>\n6.Banana Ice<br \/>\n7.Liczi truskawkowe<br \/>\n8.Mint<br \/>\n9.Aloe Grape<br \/>\n10.Brzoskwinia Mango<\/p>\n<p><img loading=\"lazy\" decoding=\"async\" class=\"alignnone size-full wp-image-12851\" title=\"RandM Squid Box 5200 Puffs Jednorazowa sprzeda\u017c hurtowa Vape\" src=\"https:\/\/www.vape4wholesale.com\/wp-content\/uploads\/2022\/07\/RandM-Squid-Box-5200-Puffs-Disposable-Vape-Wholesale.jpg\" alt=\"RandM Squid Box 5200 Puffs Jednorazowa sprzeda\u017c hurtowa Vape\" width=\"590\" height=\"504\" srcset=\"https:\/\/www.vape4wholesale.com\/wp-content\/uploads\/2022\/07\/RandM-Squid-Box-5200-Puffs-Disposable-Vape-Wholesale.jpg 590w, https:\/\/www.vape4wholesale.com\/wp-content\/uploads\/2022\/07\/RandM-Squid-Box-5200-Puffs-Disposable-Vape-Wholesale-510x436.jpg 510w, https:\/\/www.vape4wholesale.com\/wp-content\/uploads\/2022\/07\/RandM-Squid-Box-5200-Puffs-Disposable-Vape-Wholesale-64x55.jpg 64w, https:\/\/www.vape4wholesale.com\/wp-content\/uploads\/2022\/07\/RandM-Squid-Box-5200-Puffs-Disposable-Vape-Wholesale-300x256.jpg 300w\" sizes=\"auto, (max-width: 590px) 100vw, 590px\" \/><img loading=\"lazy\" decoding=\"async\" class=\"alignnone size-full wp-image-12831\" title=\"RandM Squid Box 5200 Puffs Jednorazowe Vape Hurtownia Aloe Grape\" src=\"https:\/\/www.vape4wholesale.com\/wp-content\/uploads\/2022\/07\/RandM-Squid-Box-5200-Puffs-Disposable-Vape-Wholesale-Aloe-Grape.jpg\" alt=\"RandM Squid Box 5200 Puffs Jednorazowe Vape Hurtownia Aloe Grape\" width=\"590\" height=\"590\" srcset=\"https:\/\/www.vape4wholesale.com\/wp-content\/uploads\/2022\/07\/RandM-Squid-Box-5200-Puffs-Disposable-Vape-Wholesale-Aloe-Grape.jpg 590w, https:\/\/www.vape4wholesale.com\/wp-content\/uploads\/2022\/07\/RandM-Squid-Box-5200-Puffs-Disposable-Vape-Wholesale-Aloe-Grape-247x247.jpg 247w, https:\/\/www.vape4wholesale.com\/wp-content\/uploads\/2022\/07\/RandM-Squid-Box-5200-Puffs-Disposable-Vape-Wholesale-Aloe-Grape-100x100.jpg 100w, https:\/\/www.vape4wholesale.com\/wp-content\/uploads\/2022\/07\/RandM-Squid-Box-5200-Puffs-Disposable-Vape-Wholesale-Aloe-Grape-510x510.jpg 510w, https:\/\/www.vape4wholesale.com\/wp-content\/uploads\/2022\/07\/RandM-Squid-Box-5200-Puffs-Disposable-Vape-Wholesale-Aloe-Grape-64x64.jpg 64w, https:\/\/www.vape4wholesale.com\/wp-content\/uploads\/2022\/07\/RandM-Squid-Box-5200-Puffs-Disposable-Vape-Wholesale-Aloe-Grape-300x300.jpg 300w, https:\/\/www.vape4wholesale.com\/wp-content\/uploads\/2022\/07\/RandM-Squid-Box-5200-Puffs-Disposable-Vape-Wholesale-Aloe-Grape-150x150.jpg 150w\" sizes=\"auto, (max-width: 590px) 100vw, 590px\" \/> <img loading=\"lazy\" decoding=\"async\" class=\"alignnone size-full wp-image-12832\" title=\"RandM Squid Box 5200 Puffs Jednorazowe Vape Hurtownia Banana Ice\" src=\"https:\/\/www.vape4wholesale.com\/wp-content\/uploads\/2022\/07\/RandM-Squid-Box-5200-Puffs-Disposable-Vape-Wholesale-Banana-Ice.jpg\" alt=\"RandM Squid Box 5200 Puffs Jednorazowe Vape Hurtownia Banana Ice\" width=\"590\" height=\"590\" srcset=\"https:\/\/www.vape4wholesale.com\/wp-content\/uploads\/2022\/07\/RandM-Squid-Box-5200-Puffs-Disposable-Vape-Wholesale-Banana-Ice.jpg 590w, https:\/\/www.vape4wholesale.com\/wp-content\/uploads\/2022\/07\/RandM-Squid-Box-5200-Puffs-Disposable-Vape-Wholesale-Banana-Ice-247x247.jpg 247w, https:\/\/www.vape4wholesale.com\/wp-content\/uploads\/2022\/07\/RandM-Squid-Box-5200-Puffs-Disposable-Vape-Wholesale-Banana-Ice-100x100.jpg 100w, https:\/\/www.vape4wholesale.com\/wp-content\/uploads\/2022\/07\/RandM-Squid-Box-5200-Puffs-Disposable-Vape-Wholesale-Banana-Ice-510x510.jpg 510w, https:\/\/www.vape4wholesale.com\/wp-content\/uploads\/2022\/07\/RandM-Squid-Box-5200-Puffs-Disposable-Vape-Wholesale-Banana-Ice-64x64.jpg 64w, https:\/\/www.vape4wholesale.com\/wp-content\/uploads\/2022\/07\/RandM-Squid-Box-5200-Puffs-Disposable-Vape-Wholesale-Banana-Ice-300x300.jpg 300w, https:\/\/www.vape4wholesale.com\/wp-content\/uploads\/2022\/07\/RandM-Squid-Box-5200-Puffs-Disposable-Vape-Wholesale-Banana-Ice-150x150.jpg 150w\" sizes=\"auto, (max-width: 590px) 100vw, 590px\" \/> <img loading=\"lazy\" decoding=\"async\" class=\"alignnone size-full wp-image-12833\" title=\"RandM Squid Box 5200 Puffs Jednorazowe Vape Hurtownia Blueberry Ice\" src=\"https:\/\/www.vape4wholesale.com\/wp-content\/uploads\/2022\/07\/RandM-Squid-Box-5200-Puffs-Disposable-Vape-Wholesale-Blueberry-Ice.jpg\" alt=\"RandM Squid Box 5200 Puffs Jednorazowe Vape Hurtownia Blueberry Ice\" width=\"590\" height=\"590\" srcset=\"https:\/\/www.vape4wholesale.com\/wp-content\/uploads\/2022\/07\/RandM-Squid-Box-5200-Puffs-Disposable-Vape-Wholesale-Blueberry-Ice.jpg 590w, https:\/\/www.vape4wholesale.com\/wp-content\/uploads\/2022\/07\/RandM-Squid-Box-5200-Puffs-Disposable-Vape-Wholesale-Blueberry-Ice-247x247.jpg 247w, https:\/\/www.vape4wholesale.com\/wp-content\/uploads\/2022\/07\/RandM-Squid-Box-5200-Puffs-Disposable-Vape-Wholesale-Blueberry-Ice-100x100.jpg 100w, https:\/\/www.vape4wholesale.com\/wp-content\/uploads\/2022\/07\/RandM-Squid-Box-5200-Puffs-Disposable-Vape-Wholesale-Blueberry-Ice-510x510.jpg 510w, https:\/\/www.vape4wholesale.com\/wp-content\/uploads\/2022\/07\/RandM-Squid-Box-5200-Puffs-Disposable-Vape-Wholesale-Blueberry-Ice-64x64.jpg 64w, https:\/\/www.vape4wholesale.com\/wp-content\/uploads\/2022\/07\/RandM-Squid-Box-5200-Puffs-Disposable-Vape-Wholesale-Blueberry-Ice-300x300.jpg 300w, https:\/\/www.vape4wholesale.com\/wp-content\/uploads\/2022\/07\/RandM-Squid-Box-5200-Puffs-Disposable-Vape-Wholesale-Blueberry-Ice-150x150.jpg 150w\" sizes=\"auto, (max-width: 590px) 100vw, 590px\" \/> <img loading=\"lazy\" decoding=\"async\" class=\"alignnone size-full wp-image-12844\" title=\"RandM Squid Box 5200 Puffs Jednorazowe Vape Hurtownia waty cukrowej\" src=\"https:\/\/www.vape4wholesale.com\/wp-content\/uploads\/2022\/07\/RandM-Squid-Box-5200-Puffs-Disposable-Vape-Wholesale-Cotton-Candy.jpg\" alt=\"RandM Squid Box 5200 Puffs Jednorazowe Vape Hurtownia waty cukrowej\" width=\"590\" height=\"590\" srcset=\"https:\/\/www.vape4wholesale.com\/wp-content\/uploads\/2022\/07\/RandM-Squid-Box-5200-Puffs-Disposable-Vape-Wholesale-Cotton-Candy.jpg 590w, https:\/\/www.vape4wholesale.com\/wp-content\/uploads\/2022\/07\/RandM-Squid-Box-5200-Puffs-Disposable-Vape-Wholesale-Cotton-Candy-247x247.jpg 247w, https:\/\/www.vape4wholesale.com\/wp-content\/uploads\/2022\/07\/RandM-Squid-Box-5200-Puffs-Disposable-Vape-Wholesale-Cotton-Candy-100x100.jpg 100w, https:\/\/www.vape4wholesale.com\/wp-content\/uploads\/2022\/07\/RandM-Squid-Box-5200-Puffs-Disposable-Vape-Wholesale-Cotton-Candy-510x510.jpg 510w, https:\/\/www.vape4wholesale.com\/wp-content\/uploads\/2022\/07\/RandM-Squid-Box-5200-Puffs-Disposable-Vape-Wholesale-Cotton-Candy-64x64.jpg 64w, https:\/\/www.vape4wholesale.com\/wp-content\/uploads\/2022\/07\/RandM-Squid-Box-5200-Puffs-Disposable-Vape-Wholesale-Cotton-Candy-300x300.jpg 300w, https:\/\/www.vape4wholesale.com\/wp-content\/uploads\/2022\/07\/RandM-Squid-Box-5200-Puffs-Disposable-Vape-Wholesale-Cotton-Candy-150x150.jpg 150w\" sizes=\"auto, (max-width: 590px) 100vw, 590px\" \/> <img loading=\"lazy\" decoding=\"async\" class=\"alignnone size-full wp-image-12845\" title=\"RandM Squid Box 5200 Puffs Jednorazowe Vape Hurtownia Lush Ice\" src=\"https:\/\/www.vape4wholesale.com\/wp-content\/uploads\/2022\/07\/RandM-Squid-Box-5200-Puffs-Disposable-Vape-Wholesale-Lush-Ice.jpg\" alt=\"RandM Squid Box 5200 Puffs Jednorazowe Vape Hurtownia Lush Ice\" width=\"590\" height=\"590\" srcset=\"https:\/\/www.vape4wholesale.com\/wp-content\/uploads\/2022\/07\/RandM-Squid-Box-5200-Puffs-Disposable-Vape-Wholesale-Lush-Ice.jpg 590w, https:\/\/www.vape4wholesale.com\/wp-content\/uploads\/2022\/07\/RandM-Squid-Box-5200-Puffs-Disposable-Vape-Wholesale-Lush-Ice-247x247.jpg 247w, https:\/\/www.vape4wholesale.com\/wp-content\/uploads\/2022\/07\/RandM-Squid-Box-5200-Puffs-Disposable-Vape-Wholesale-Lush-Ice-100x100.jpg 100w, https:\/\/www.vape4wholesale.com\/wp-content\/uploads\/2022\/07\/RandM-Squid-Box-5200-Puffs-Disposable-Vape-Wholesale-Lush-Ice-510x510.jpg 510w, https:\/\/www.vape4wholesale.com\/wp-content\/uploads\/2022\/07\/RandM-Squid-Box-5200-Puffs-Disposable-Vape-Wholesale-Lush-Ice-64x64.jpg 64w, https:\/\/www.vape4wholesale.com\/wp-content\/uploads\/2022\/07\/RandM-Squid-Box-5200-Puffs-Disposable-Vape-Wholesale-Lush-Ice-300x300.jpg 300w, https:\/\/www.vape4wholesale.com\/wp-content\/uploads\/2022\/07\/RandM-Squid-Box-5200-Puffs-Disposable-Vape-Wholesale-Lush-Ice-150x150.jpg 150w\" sizes=\"auto, (max-width: 590px) 100vw, 590px\" \/> <img loading=\"lazy\" decoding=\"async\" class=\"alignnone size-full wp-image-12846\" title=\"RandM Squid Box 5200 Puffs jednorazowe Vape hurtowo mi\u0119towe\" src=\"https:\/\/www.vape4wholesale.com\/wp-content\/uploads\/2022\/07\/RandM-Squid-Box-5200-Puffs-Disposable-Vape-Wholesale-Mint.jpg\" alt=\"RandM Squid Box 5200 Puffs jednorazowe Vape hurtowo mi\u0119towe\" width=\"590\" height=\"590\" srcset=\"https:\/\/www.vape4wholesale.com\/wp-content\/uploads\/2022\/07\/RandM-Squid-Box-5200-Puffs-Disposable-Vape-Wholesale-Mint.jpg 590w, https:\/\/www.vape4wholesale.com\/wp-content\/uploads\/2022\/07\/RandM-Squid-Box-5200-Puffs-Disposable-Vape-Wholesale-Mint-247x247.jpg 247w, https:\/\/www.vape4wholesale.com\/wp-content\/uploads\/2022\/07\/RandM-Squid-Box-5200-Puffs-Disposable-Vape-Wholesale-Mint-100x100.jpg 100w, https:\/\/www.vape4wholesale.com\/wp-content\/uploads\/2022\/07\/RandM-Squid-Box-5200-Puffs-Disposable-Vape-Wholesale-Mint-510x510.jpg 510w, https:\/\/www.vape4wholesale.com\/wp-content\/uploads\/2022\/07\/RandM-Squid-Box-5200-Puffs-Disposable-Vape-Wholesale-Mint-64x64.jpg 64w, https:\/\/www.vape4wholesale.com\/wp-content\/uploads\/2022\/07\/RandM-Squid-Box-5200-Puffs-Disposable-Vape-Wholesale-Mint-300x300.jpg 300w, https:\/\/www.vape4wholesale.com\/wp-content\/uploads\/2022\/07\/RandM-Squid-Box-5200-Puffs-Disposable-Vape-Wholesale-Mint-150x150.jpg 150w\" sizes=\"auto, (max-width: 590px) 100vw, 590px\" \/> <img loading=\"lazy\" decoding=\"async\" class=\"alignnone size-full wp-image-12847\" title=\"RandM Squid Box 5200 Puffs jednorazowe Vape hurtowo mieszane jagody\" src=\"https:\/\/www.vape4wholesale.com\/wp-content\/uploads\/2022\/07\/RandM-Squid-Box-5200-Puffs-Disposable-Vape-Wholesale-Mixed-Berries.jpg\" alt=\"RandM Squid Box 5200 Puffs jednorazowe Vape hurtowo mieszane jagody\" width=\"590\" height=\"590\" srcset=\"https:\/\/www.vape4wholesale.com\/wp-content\/uploads\/2022\/07\/RandM-Squid-Box-5200-Puffs-Disposable-Vape-Wholesale-Mixed-Berries.jpg 590w, https:\/\/www.vape4wholesale.com\/wp-content\/uploads\/2022\/07\/RandM-Squid-Box-5200-Puffs-Disposable-Vape-Wholesale-Mixed-Berries-247x247.jpg 247w, https:\/\/www.vape4wholesale.com\/wp-content\/uploads\/2022\/07\/RandM-Squid-Box-5200-Puffs-Disposable-Vape-Wholesale-Mixed-Berries-100x100.jpg 100w, https:\/\/www.vape4wholesale.com\/wp-content\/uploads\/2022\/07\/RandM-Squid-Box-5200-Puffs-Disposable-Vape-Wholesale-Mixed-Berries-510x510.jpg 510w, https:\/\/www.vape4wholesale.com\/wp-content\/uploads\/2022\/07\/RandM-Squid-Box-5200-Puffs-Disposable-Vape-Wholesale-Mixed-Berries-64x64.jpg 64w, https:\/\/www.vape4wholesale.com\/wp-content\/uploads\/2022\/07\/RandM-Squid-Box-5200-Puffs-Disposable-Vape-Wholesale-Mixed-Berries-300x300.jpg 300w, https:\/\/www.vape4wholesale.com\/wp-content\/uploads\/2022\/07\/RandM-Squid-Box-5200-Puffs-Disposable-Vape-Wholesale-Mixed-Berries-150x150.jpg 150w\" sizes=\"auto, (max-width: 590px) 100vw, 590px\" \/> <img loading=\"lazy\" decoding=\"async\" class=\"alignnone size-full wp-image-12848\" title=\"RandM Squid Box 5200 Puffs Jednorazowe Vape Hurtownia Brzoskwinia Mango\" src=\"https:\/\/www.vape4wholesale.com\/wp-content\/uploads\/2022\/07\/RandM-Squid-Box-5200-Puffs-Disposable-Vape-Wholesale-Peach-Mango.jpg\" alt=\"RandM Squid Box 5200 Puffs Jednorazowe Vape Hurtownia Brzoskwinia Mango\" width=\"590\" height=\"590\" srcset=\"https:\/\/www.vape4wholesale.com\/wp-content\/uploads\/2022\/07\/RandM-Squid-Box-5200-Puffs-Disposable-Vape-Wholesale-Peach-Mango.jpg 590w, https:\/\/www.vape4wholesale.com\/wp-content\/uploads\/2022\/07\/RandM-Squid-Box-5200-Puffs-Disposable-Vape-Wholesale-Peach-Mango-247x247.jpg 247w, https:\/\/www.vape4wholesale.com\/wp-content\/uploads\/2022\/07\/RandM-Squid-Box-5200-Puffs-Disposable-Vape-Wholesale-Peach-Mango-100x100.jpg 100w, https:\/\/www.vape4wholesale.com\/wp-content\/uploads\/2022\/07\/RandM-Squid-Box-5200-Puffs-Disposable-Vape-Wholesale-Peach-Mango-510x510.jpg 510w, https:\/\/www.vape4wholesale.com\/wp-content\/uploads\/2022\/07\/RandM-Squid-Box-5200-Puffs-Disposable-Vape-Wholesale-Peach-Mango-64x64.jpg 64w, https:\/\/www.vape4wholesale.com\/wp-content\/uploads\/2022\/07\/RandM-Squid-Box-5200-Puffs-Disposable-Vape-Wholesale-Peach-Mango-300x300.jpg 300w, https:\/\/www.vape4wholesale.com\/wp-content\/uploads\/2022\/07\/RandM-Squid-Box-5200-Puffs-Disposable-Vape-Wholesale-Peach-Mango-150x150.jpg 150w\" sizes=\"auto, (max-width: 590px) 100vw, 590px\" \/> <img loading=\"lazy\" decoding=\"async\" class=\"alignnone size-full wp-image-12849\" title=\"RandM Squid Box 5200 Puffs Jednorazowe Vape Hurtownia Truskawka Kiwi\" src=\"https:\/\/www.vape4wholesale.com\/wp-content\/uploads\/2022\/07\/RandM-Squid-Box-5200-Puffs-Disposable-Vape-Wholesale-Strawberry-Kiwi.jpg\" alt=\"RandM Squid Box 5200 Puffs Jednorazowe Vape Hurtownia Truskawka Kiwi\" width=\"590\" height=\"590\" srcset=\"https:\/\/www.vape4wholesale.com\/wp-content\/uploads\/2022\/07\/RandM-Squid-Box-5200-Puffs-Disposable-Vape-Wholesale-Strawberry-Kiwi.jpg 590w, https:\/\/www.vape4wholesale.com\/wp-content\/uploads\/2022\/07\/RandM-Squid-Box-5200-Puffs-Disposable-Vape-Wholesale-Strawberry-Kiwi-247x247.jpg 247w, https:\/\/www.vape4wholesale.com\/wp-content\/uploads\/2022\/07\/RandM-Squid-Box-5200-Puffs-Disposable-Vape-Wholesale-Strawberry-Kiwi-100x100.jpg 100w, https:\/\/www.vape4wholesale.com\/wp-content\/uploads\/2022\/07\/RandM-Squid-Box-5200-Puffs-Disposable-Vape-Wholesale-Strawberry-Kiwi-510x510.jpg 510w, https:\/\/www.vape4wholesale.com\/wp-content\/uploads\/2022\/07\/RandM-Squid-Box-5200-Puffs-Disposable-Vape-Wholesale-Strawberry-Kiwi-64x64.jpg 64w, https:\/\/www.vape4wholesale.com\/wp-content\/uploads\/2022\/07\/RandM-Squid-Box-5200-Puffs-Disposable-Vape-Wholesale-Strawberry-Kiwi-300x300.jpg 300w, https:\/\/www.vape4wholesale.com\/wp-content\/uploads\/2022\/07\/RandM-Squid-Box-5200-Puffs-Disposable-Vape-Wholesale-Strawberry-Kiwi-150x150.jpg 150w\" sizes=\"auto, (max-width: 590px) 100vw, 590px\" \/> <img loading=\"lazy\" decoding=\"async\" class=\"alignnone size-full wp-image-12850\" title=\"RandM Squid Box 5200 Puffs Jednorazowe Vape Hurtownia Truskawka Liczi\" src=\"https:\/\/www.vape4wholesale.com\/wp-content\/uploads\/2022\/07\/RandM-Squid-Box-5200-Puffs-Disposable-Vape-Wholesale-Strawberry-Lychee.jpg\" alt=\"RandM Squid Box 5200 Puffs Jednorazowe Vape Hurtownia Truskawka Liczi\" width=\"590\" height=\"590\" srcset=\"https:\/\/www.vape4wholesale.com\/wp-content\/uploads\/2022\/07\/RandM-Squid-Box-5200-Puffs-Disposable-Vape-Wholesale-Strawberry-Lychee.jpg 590w, https:\/\/www.vape4wholesale.com\/wp-content\/uploads\/2022\/07\/RandM-Squid-Box-5200-Puffs-Disposable-Vape-Wholesale-Strawberry-Lychee-247x247.jpg 247w, https:\/\/www.vape4wholesale.com\/wp-content\/uploads\/2022\/07\/RandM-Squid-Box-5200-Puffs-Disposable-Vape-Wholesale-Strawberry-Lychee-100x100.jpg 100w, https:\/\/www.vape4wholesale.com\/wp-content\/uploads\/2022\/07\/RandM-Squid-Box-5200-Puffs-Disposable-Vape-Wholesale-Strawberry-Lychee-510x510.jpg 510w, https:\/\/www.vape4wholesale.com\/wp-content\/uploads\/2022\/07\/RandM-Squid-Box-5200-Puffs-Disposable-Vape-Wholesale-Strawberry-Lychee-64x64.jpg 64w, https:\/\/www.vape4wholesale.com\/wp-content\/uploads\/2022\/07\/RandM-Squid-Box-5200-Puffs-Disposable-Vape-Wholesale-Strawberry-Lychee-300x300.jpg 300w, https:\/\/www.vape4wholesale.com\/wp-content\/uploads\/2022\/07\/RandM-Squid-Box-5200-Puffs-Disposable-Vape-Wholesale-Strawberry-Lychee-150x150.jpg 150w\" sizes=\"auto, (max-width: 590px) 100vw, 590px\" \/><\/p>","protected":false},"excerpt":{"rendered":"[scf-template id=&#8217;11434&#8242;]\n","protected":false},"featured_media":12851,"comment_status":"open","ping_status":"closed","template":"","meta":[],"pwb-brand":[1270],"product_cat":[869],"product_tag":[22,24,54,272,279],"class_list":{"0":"post-5784","1":"product","2":"type-product","3":"status-publish","4":"has-post-thumbnail","6":"pwb-brand-randm","7":"product_cat-5000-8000-puffs","8":"product_tag-disposable","9":"product_tag-wholesale","10":"product_tag-12-0ml","11":"product_tag-randm","12":"product_tag-5200-puffs","13":"wcpa_has_options","15":"first","16":"outofstock","17":"shipping-taxable","18":"purchasable","19":"product-type-variable"},"aioseo_notices":[],"brands":[{"id":1270,"name":"Randm","slug":"randm"}],"_links":{"self":[{"href":"https:\/\/www.vape4wholesale.com\/pl\/wp-json\/wp\/v2\/product\/5784","targetHints":{"allow":["GET"]}}],"collection":[{"href":"https:\/\/www.vape4wholesale.com\/pl\/wp-json\/wp\/v2\/product"}],"about":[{"href":"https:\/\/www.vape4wholesale.com\/pl\/wp-json\/wp\/v2\/types\/product"}],"replies":[{"embeddable":true,"href":"https:\/\/www.vape4wholesale.com\/pl\/wp-json\/wp\/v2\/comments?post=5784"}],"wp:featuredmedia":[{"embeddable":true,"href":"https:\/\/www.vape4wholesale.com\/pl\/wp-json\/wp\/v2\/media\/12851"}],"wp:attachment":[{"href":"https:\/\/www.vape4wholesale.com\/pl\/wp-json\/wp\/v2\/media?parent=5784"}],"wp:term":[{"taxonomy":"pwb-brand","embeddable":true,"href":"https:\/\/www.vape4wholesale.com\/pl\/wp-json\/wp\/v2\/pwb-brand?post=5784"},{"taxonomy":"product_cat","embeddable":true,"href":"https:\/\/www.vape4wholesale.com\/pl\/wp-json\/wp\/v2\/product_cat?post=5784"},{"taxonomy":"product_tag","embeddable":true,"href":"https:\/\/www.vape4wholesale.com\/pl\/wp-json\/wp\/v2\/product_tag?post=5784"}],"curies":[{"name":"wp","href":"https:\/\/api.w.org\/{rel}","templated":true}]}}