{"id":5460,"date":"2022-08-04T09:54:49","date_gmt":"2022-08-04T01:54:49","guid":{"rendered":"https:\/\/www.vape4wholesale.com\/?post_type=product&#038;p=5460"},"modified":"2026-01-26T13:43:15","modified_gmt":"2026-01-26T13:43:15","slug":"randm-tornado-9000-puffs-diposable-vapes-wholesale","status":"publish","type":"product","link":"https:\/\/www.vape4wholesale.com\/pl\/product\/randm-tornado-9000-puffs-diposable-vapes-wholesale","title":{"rendered":"RANDM Tornado 9000 Puffs Diposable Vapes Wholesale"},"content":{"rendered":"<p><strong><a href=\"https:\/\/www.vape4wholesale.com\/pl\/product_brand\/randm\/\">RandM<\/a> Tornado 9000<\/strong>\u00a0to jednorazowe urz\u0105dzenie vape o ciekawym designie, kt\u00f3re mo\u017cna \u0142adowa\u0107. Zawiera 18 ml e-soli nikotynowej 0\/2\/3\/5% i umo\u017cliwia wypalenie do 9000 zaci\u0105gni\u0119\u0107. Do wyboru jest 12 smak\u00f3w. Port do \u0142adowania na spodzie urz\u0105dzenia gwarantuje, \u017ce przez ca\u0142y czas b\u0119dziesz m\u00f3g\u0142 doko\u0144czy\u0107 ostatni\u0105 kropl\u0119 e-soku w zbiorniku.<\/p>\n<h2><b data-stringify-type=\"bold\">Cechy urz\u0105dzenia jednorazowego u\u017cytku RandM Tornado 9000:<\/b><\/h2>\n<p>\u26110\/2\/3\/5% S\u00f3l nikotynowa.<br \/>\n18 ml e-liquidu.<br \/>\nSiatkowa cewka<br \/>\nAkumulator wielokrotnego \u0142adowania<br \/>\nZintegrowana bateria 850 mAh.<br \/>\nDost\u0119pnych jest 12 smak\u00f3w.<br \/>\n10 sztuk w pude\u0142ku ekspozycyjnym.<br \/>\n200 sztuk w kartonie.<\/p>\n<h2><b data-stringify-type=\"bold\">Dost\u0119pne smaki:<\/b><\/h2>\n<p>01# Blueberry Raspberry<br \/>\n02# Mr Blue<br \/>\n03# Arbuz truskawkowy<br \/>\n04# Orange Soda<br \/>\n05# Arbuzowa guma balonowa<br \/>\n06# Rainbow Candy<br \/>\n07# Pink Lemonade<br \/>\n08# Peachy Mango Pineapple<br \/>\n09# Strawberry Banana<br \/>\n10# Lush Ice<br \/>\n11# Black Dragon Ice<br \/>\n12# Aloe Grape<br \/>\n13# Blue Razz Ice<br \/>\n14# Kiwi Passion Fruit Guava<br \/>\n15# Gummy Bear<br \/>\n16# Mieszane jagody<br \/>\n17# Cool Mint<br \/>\n18# Raspberry Watermelon<br \/>\n19# Lemoniada brzoskwiniowa<br \/>\n20# Guava Ice<br \/>\n21# Truskawkowa Lemoniada<br \/>\n22# Watermelon Brazz Ice<br \/>\n23# Banana Custard<br \/>\n24# Peach Berry<br \/>\n25# Strawberry Cream<br \/>\n26# Sour Candy<br \/>\n27# Lemon&amp;Lime<br \/>\n28# Cherry<br \/>\n29# Fizzy Cherry<br \/>\n30# Blueberry Cherry Cranberry<br \/>\n31# Vimto<br \/>\n32# Skittles<br \/>\n33# Black Ice<br \/>\n34# Grape<br \/>\n35# Bluelicious Ice<br \/>\n36# Strawberry Ice<br \/>\n37# Blue Razz Kush<br \/>\n38# Ice Pop<br \/>\n39# Blueberry Sour Raspberry<br \/>\n40# Ananas<br \/>\n41# Lemoniada wi\u015bniowo-brzoskwiniowa<br \/>\n42# Strawberry Raspberry Cherry Ice<br \/>\n43# Triple Mango<br \/>\n44# Strawberry Raspberry Ice<br \/>\n45# Strawberry Watermelon Bubblegum<br \/>\n46# Prime Strawberry Watermelon<br \/>\n47# Watermelon Ice<br \/>\n48# Blueberry Ice<br \/>\n49# Watermelon Skittle<br \/>\n50# Straw Mango<br \/>\n51# Strawberry Pomp<br \/>\n52# Summer Peach Ice<br \/>\n53# Cherry Berry<br \/>\n54# Cherry Cola<br \/>\n55# Prime Watermelon<br \/>\n56# Strawberry Grape<br \/>\n57# Tiger Blood<br \/>\n58# Woda mineralna<\/p>\n<p><img loading=\"lazy\" decoding=\"async\" class=\"alignnone size-full wp-image-12645\" title=\"RandM Tornado 9000 Puffs Jednorazowa sprzeda\u017c hurtowa Vape (1 szt.)\" src=\"https:\/\/www.vape4wholesale.com\/wp-content\/uploads\/2022\/08\/RandM-Tornado-9000-Puffs-Disposable-Vape-Wholesale-1.png\" alt=\"RandM Tornado 9000 Puffs Jednorazowa sprzeda\u017c hurtowa Vape (1 szt.)\" width=\"590\" height=\"517\" srcset=\"https:\/\/www.vape4wholesale.com\/wp-content\/uploads\/2022\/08\/RandM-Tornado-9000-Puffs-Disposable-Vape-Wholesale-1.png 590w, https:\/\/www.vape4wholesale.com\/wp-content\/uploads\/2022\/08\/RandM-Tornado-9000-Puffs-Disposable-Vape-Wholesale-1-510x447.png 510w\" sizes=\"auto, (max-width: 590px) 100vw, 590px\" \/> \u00a0 \u00a0<img loading=\"lazy\" decoding=\"async\" class=\"alignnone size-full wp-image-12649\" title=\"RandM Tornado 9000 Puffs Jednorazowa sprzeda\u017c hurtowa Vape (5)\" src=\"https:\/\/www.vape4wholesale.com\/wp-content\/uploads\/2022\/08\/RandM-Tornado-9000-Puffs-Disposable-Vape-Wholesale-5.jpg\" alt=\"RandM Tornado 9000 Puffs Jednorazowa sprzeda\u017c hurtowa Vape (5)\" width=\"590\" height=\"590\" srcset=\"https:\/\/www.vape4wholesale.com\/wp-content\/uploads\/2022\/08\/RandM-Tornado-9000-Puffs-Disposable-Vape-Wholesale-5.jpg 590w, https:\/\/www.vape4wholesale.com\/wp-content\/uploads\/2022\/08\/RandM-Tornado-9000-Puffs-Disposable-Vape-Wholesale-5-247x247.jpg 247w, https:\/\/www.vape4wholesale.com\/wp-content\/uploads\/2022\/08\/RandM-Tornado-9000-Puffs-Disposable-Vape-Wholesale-5-100x100.jpg 100w, https:\/\/www.vape4wholesale.com\/wp-content\/uploads\/2022\/08\/RandM-Tornado-9000-Puffs-Disposable-Vape-Wholesale-5-510x510.jpg 510w, https:\/\/www.vape4wholesale.com\/wp-content\/uploads\/2022\/08\/RandM-Tornado-9000-Puffs-Disposable-Vape-Wholesale-5-64x64.jpg 64w, https:\/\/www.vape4wholesale.com\/wp-content\/uploads\/2022\/08\/RandM-Tornado-9000-Puffs-Disposable-Vape-Wholesale-5-300x300.jpg 300w, https:\/\/www.vape4wholesale.com\/wp-content\/uploads\/2022\/08\/RandM-Tornado-9000-Puffs-Disposable-Vape-Wholesale-5-150x150.jpg 150w\" sizes=\"auto, (max-width: 590px) 100vw, 590px\" \/><\/p>\n<h2>DLACZEGO MY?<\/h2>\r\n<ul>\r\n<li>Prawdziwe, godne zaufania i profesjonalne \u017ar\u00f3d\u0142o vape.<\/li>\r\n<li>Gwarancja oryginalno\u015bci 100%: Dostarczamy tylko oryginalne i oryginalne produkty, odmawiamy podrabiania.<\/li>\r\n<li>Gwarancja dostawy 100%: U\u017cywamy najlepszej metody wysy\u0142ki, aby zapewni\u0107, \u017ce otrzymasz zam\u00f3wienie 100%.<\/li>\r\n<li>Po wysy\u0142ce podamy numer przesy\u0142ki i etykiet\u0119 wysy\u0142kow\u0105 oraz b\u0119dziemy \u015bledzi\u0107 towary do momentu ich podpisania.<\/li>\r\n<li>Brak problem\u00f3w celnych, brak taryf<\/li>\r\n<\/ul>","protected":false},"excerpt":{"rendered":"<div class=\"wsppc_div_block woocommerce_before_add_to_cart_form\">\r\n<p><strong><span style=\"color: #00a859;\">Ocli\u0107 si\u0119<\/span> przed dostaw\u0105 i 100% Gwarancja Dostawy, Dostawa w oko\u0142o 19\u201325 dni.\u00a0<\/strong><\/p>\r\n<\/div>","protected":false},"featured_media":12645,"comment_status":"open","ping_status":"closed","template":"","meta":[],"pwb-brand":[1270],"product_cat":[870],"product_tag":[22,24,180,244,336],"class_list":{"0":"post-5460","1":"product","2":"type-product","3":"status-publish","4":"has-post-thumbnail","6":"pwb-brand-randm","7":"product_cat-8000-10000-puffs","8":"product_tag-disposable","9":"product_tag-wholesale","10":"product_tag-randm-tornado","11":"product_tag-18-0ml","12":"product_tag-9000-puffs","13":"wcpa_has_options","15":"first","16":"outofstock","17":"featured","18":"shipping-taxable","19":"purchasable","20":"product-type-variable"},"aioseo_notices":[],"brands":[{"id":1270,"name":"Randm","slug":"randm"}],"_links":{"self":[{"href":"https:\/\/www.vape4wholesale.com\/pl\/wp-json\/wp\/v2\/product\/5460","targetHints":{"allow":["GET"]}}],"collection":[{"href":"https:\/\/www.vape4wholesale.com\/pl\/wp-json\/wp\/v2\/product"}],"about":[{"href":"https:\/\/www.vape4wholesale.com\/pl\/wp-json\/wp\/v2\/types\/product"}],"replies":[{"embeddable":true,"href":"https:\/\/www.vape4wholesale.com\/pl\/wp-json\/wp\/v2\/comments?post=5460"}],"wp:featuredmedia":[{"embeddable":true,"href":"https:\/\/www.vape4wholesale.com\/pl\/wp-json\/wp\/v2\/media\/12645"}],"wp:attachment":[{"href":"https:\/\/www.vape4wholesale.com\/pl\/wp-json\/wp\/v2\/media?parent=5460"}],"wp:term":[{"taxonomy":"pwb-brand","embeddable":true,"href":"https:\/\/www.vape4wholesale.com\/pl\/wp-json\/wp\/v2\/pwb-brand?post=5460"},{"taxonomy":"product_cat","embeddable":true,"href":"https:\/\/www.vape4wholesale.com\/pl\/wp-json\/wp\/v2\/product_cat?post=5460"},{"taxonomy":"product_tag","embeddable":true,"href":"https:\/\/www.vape4wholesale.com\/pl\/wp-json\/wp\/v2\/product_tag?post=5460"}],"curies":[{"name":"wp","href":"https:\/\/api.w.org\/{rel}","templated":true}]}}