{"id":5324,"date":"2022-07-20T10:51:19","date_gmt":"2022-07-20T02:51:19","guid":{"rendered":"https:\/\/www.vape4wholesale.com\/?post_type=product&#038;p=5324"},"modified":"2026-01-26T13:43:35","modified_gmt":"2026-01-26T13:43:35","slug":"hurtownia-vape-bang-xxl-2000-puffow-jednorazowych","status":"publish","type":"product","link":"https:\/\/www.vape4wholesale.com\/pl\/product\/bang-xxl-2000-puffs-disposable-vape-wholesale","title":{"rendered":"Hurtownia jednorazowych Vape Bang XXL 2000 Puffs"},"content":{"rendered":"<p>w <a href=\"https:\/\/www.vape4wholesale.com\/pl\/product_brand\/huk\/\">Bang<\/a> XXL 2000 vape jest wyposa\u017cony w bateri\u0119 850 mAh, 6,5 ml eliquidu 2% \/ 5%, obs\u0142uguje maksymalnie 2000 zaci\u0105gni\u0119\u0107, zam\u00f3w w vape4wholesale, aby uzyska\u0107 najlepsz\u0105 cen\u0119 i szybk\u0105 wysy\u0142k\u0119.<\/p>\n<p>Przedstawiamy nowy, oparty na technologii jednorazowy vape znany jako\u00a0<strong>Bang XXL\u00a0<\/strong>Vape jednorazowego u\u017cytku. Ten vape to najnowszy typ marki bang. Ten vape jest dostarczany z 2000 zaci\u0105gni\u0119ciami na urz\u0105dzenie, kt\u00f3re dzia\u0142aj\u0105 d\u0142u\u017cej ni\u017c r\u00f3\u017cne inne jednorazowe bang na rynku. \u015arednio 2000 zaci\u0105gni\u0119\u0107 mo\u017cna zu\u017cy\u0107 w ci\u0105gu tygodnia. Jednorazowe vape Bang XXL to wysokiej klasy jednorazowe vape, kt\u00f3re zapewniaj\u0105 pyszny smak w urz\u0105dzeniu o bardzo wysokiej wydajno\u015bci puff\u00f3w. Chocia\u017c urz\u0105dzenie nie ma przycisk\u00f3w, wystarczy rozpocz\u0105\u0107 waporyzacj\u0119, aby w\u0142\u0105czy\u0107 urz\u0105dzenie. Jednak ka\u017cde urz\u0105dzenie Bang XXL daje oko\u0142o 2000 zaci\u0105gni\u0119\u0107 owocowym, soczystym i mi\u0119towym smakiem e-soku, a ka\u017cdy smak tych vap\u00f3w jest bardzo egzotyczny w smaku. Kubki smakowe j\u0119zyka poczuj\u0105 te egzotyczne smaki i pozostawi\u0105 w tobie uczucie szcz\u0119\u015bcia i rado\u015bci. Jednorazowe urz\u0105dzenie zawiera zatem niesamowit\u0105 r\u00f3\u017cnorodno\u015b\u0107 smak\u00f3w, takich jak lodowaty bananowy e-sok, ch\u0142odna mi\u0119ta itp. i te aromatyzowane e-liquidy s\u0105 przenoszone w \u0142atwym do przenoszenia urz\u0105dzeniu. Urz\u0105dzenie jest wst\u0119pnie nape\u0142nione 6,5 ml e-soku, a tak\u017ce wbudowan\u0105 bateri\u0105 o pojemno\u015bci 800 mAh, kt\u00f3ra jest jednorazowego u\u017cytku. Jednorazowe urz\u0105dzenie zosta\u0142o zaprojektowane z my\u015bl\u0105 o d\u0142ugotrwa\u0142ych e-sokach o egzotycznym smaku. Urz\u0105dzenie jest r\u00f3wnie\u017c znane jako uniwersalny system waporyzacji ze wzgl\u0119du na r\u00f3\u017cne cechy jako\u015bciowe. Ilo\u015b\u0107 soli nikotyny obecna w e-liquidzie ma zdolno\u015b\u0107 do zwi\u0119kszenia smaku aromatu w urz\u0105dzeniu. Mechanizm urz\u0105dzenia jest w pe\u0142ni automatyczny, a jego obs\u0142uga nie jest skomplikowana.<\/p>\n<h2><strong>Bang XXL 2000 Puffs Jednorazowe Vape Cechy i specyfikacja<\/strong><\/h2>\n<ul>\n<li>Na jedno urz\u0105dzenie dost\u0119pnych jest 2000 Puff\u00f3w.<\/li>\n<li>Urz\u0105dzenie jest przeznaczone wy\u0142\u0105cznie dla os\u00f3b doros\u0142ych w wieku 21+ i nie jest przeznaczone dla nieletnich.<\/li>\n<li>Stosunek Vg\/Pg wynosi odpowiednio 70\/30 Blend.<\/li>\n<li>Moc nikotyny wynosi 5% LUB 50MG.<\/li>\n<li>\u017bywotno\u015b\u0107 urz\u0105dzenia wynosi oko\u0142o 2 lat.<\/li>\n<li>Pojemno\u015b\u0107 e-juice w urz\u0105dzeniu wynosi 6,5 ml.<\/li>\n<li>Jest to konstrukcja bez przycisk\u00f3w.<\/li>\n<li>Bateria 850 mAh.<\/li>\n<li>Gwarantujemy, \u017ce urz\u0105dzenie jest autentyczne 100%.<\/li>\n<\/ul>\n<h2><strong>Smaki<\/strong><\/h2>\n<p>Apple Ice<br \/>\nL\u00f3d bananowy<br \/>\nL\u00f3d jagodowy<br \/>\nBubblegum Ice<br \/>\nCola Ice<br \/>\nCool Mint<br \/>\nL\u00f3d winogronowy<br \/>\nGummy Bear<br \/>\nMelon spadziowy<br \/>\nLemon Ice<br \/>\nMango Guava<br \/>\nMixed Berry<br \/>\nSoda pomara\u0144czowa<br \/>\nL\u00f3d brzoskwiniowy<br \/>\nPinacolada<br \/>\nAnanas Mango<br \/>\nCzerwone jab\u0142ko<br \/>\nRed Raz Passion Fruit<br \/>\nBanan truskawkowy<br \/>\nLody truskawkowe<br \/>\nStrawberry Wateymlon<br \/>\nWatermlon Ice<\/p>\n<h2><strong>Pakowanie i waga<\/strong><\/h2>\n<p>Rozmiar kartonu g\u0142\u00f3wnego: 44,5 * 43,5 * 27 mm, 300 sztuk wewn\u0105trz, 19,5 kg<\/p>\n<p><img loading=\"lazy\" decoding=\"async\" class=\"alignnone size-full wp-image-13104\" title=\"Hurtownia jednorazowych papieros\u00f3w Vape Bang XXL 2000 Puffs (4 szt.)\" src=\"https:\/\/www.vape4wholesale.com\/wp-content\/uploads\/2022\/07\/Bang-XXL-2000-Puffs-Disposable-Vape-Wholesale-4.jpg\" alt=\"Hurtownia jednorazowych papieros\u00f3w Vape Bang XXL 2000 Puffs (4 szt.)\" width=\"800\" height=\"800\" srcset=\"https:\/\/www.vape4wholesale.com\/wp-content\/uploads\/2022\/07\/Bang-XXL-2000-Puffs-Disposable-Vape-Wholesale-4.jpg 800w, https:\/\/www.vape4wholesale.com\/wp-content\/uploads\/2022\/07\/Bang-XXL-2000-Puffs-Disposable-Vape-Wholesale-4-247x247.jpg 247w, https:\/\/www.vape4wholesale.com\/wp-content\/uploads\/2022\/07\/Bang-XXL-2000-Puffs-Disposable-Vape-Wholesale-4-100x100.jpg 100w, https:\/\/www.vape4wholesale.com\/wp-content\/uploads\/2022\/07\/Bang-XXL-2000-Puffs-Disposable-Vape-Wholesale-4-510x510.jpg 510w\" sizes=\"auto, (max-width: 800px) 100vw, 800px\" \/> <img loading=\"lazy\" decoding=\"async\" class=\"alignnone size-full wp-image-13105\" title=\"Hurtownia jednorazowych papieros\u00f3w Vape Bang XXL 2000 Puffs (5)\" src=\"https:\/\/www.vape4wholesale.com\/wp-content\/uploads\/2022\/07\/Bang-XXL-2000-Puffs-Disposable-Vape-Wholesale-5.jpg\" alt=\"Hurtownia jednorazowych papieros\u00f3w Vape Bang XXL 2000 Puffs (5)\" width=\"800\" height=\"800\" srcset=\"https:\/\/www.vape4wholesale.com\/wp-content\/uploads\/2022\/07\/Bang-XXL-2000-Puffs-Disposable-Vape-Wholesale-5.jpg 800w, https:\/\/www.vape4wholesale.com\/wp-content\/uploads\/2022\/07\/Bang-XXL-2000-Puffs-Disposable-Vape-Wholesale-5-247x247.jpg 247w, https:\/\/www.vape4wholesale.com\/wp-content\/uploads\/2022\/07\/Bang-XXL-2000-Puffs-Disposable-Vape-Wholesale-5-100x100.jpg 100w, https:\/\/www.vape4wholesale.com\/wp-content\/uploads\/2022\/07\/Bang-XXL-2000-Puffs-Disposable-Vape-Wholesale-5-510x510.jpg 510w, https:\/\/www.vape4wholesale.com\/wp-content\/uploads\/2022\/07\/Bang-XXL-2000-Puffs-Disposable-Vape-Wholesale-5-64x64.jpg 64w, https:\/\/www.vape4wholesale.com\/wp-content\/uploads\/2022\/07\/Bang-XXL-2000-Puffs-Disposable-Vape-Wholesale-5-300x300.jpg 300w, https:\/\/www.vape4wholesale.com\/wp-content\/uploads\/2022\/07\/Bang-XXL-2000-Puffs-Disposable-Vape-Wholesale-5-150x150.jpg 150w, https:\/\/www.vape4wholesale.com\/wp-content\/uploads\/2022\/07\/Bang-XXL-2000-Puffs-Disposable-Vape-Wholesale-5-768x768.jpg 768w\" sizes=\"auto, (max-width: 800px) 100vw, 800px\" \/> <img loading=\"lazy\" decoding=\"async\" class=\"alignnone size-full wp-image-13106\" title=\"Hurtownia jednorazowych papieros\u00f3w Vape Bang XXL 2000 Puffs (6 szt.)\" src=\"https:\/\/www.vape4wholesale.com\/wp-content\/uploads\/2022\/07\/Bang-XXL-2000-Puffs-Disposable-Vape-Wholesale-6.jpg\" alt=\"Hurtownia jednorazowych papieros\u00f3w Vape Bang XXL 2000 Puffs (6 szt.)\" width=\"800\" height=\"800\" srcset=\"https:\/\/www.vape4wholesale.com\/wp-content\/uploads\/2022\/07\/Bang-XXL-2000-Puffs-Disposable-Vape-Wholesale-6.jpg 800w, https:\/\/www.vape4wholesale.com\/wp-content\/uploads\/2022\/07\/Bang-XXL-2000-Puffs-Disposable-Vape-Wholesale-6-247x247.jpg 247w, https:\/\/www.vape4wholesale.com\/wp-content\/uploads\/2022\/07\/Bang-XXL-2000-Puffs-Disposable-Vape-Wholesale-6-100x100.jpg 100w, https:\/\/www.vape4wholesale.com\/wp-content\/uploads\/2022\/07\/Bang-XXL-2000-Puffs-Disposable-Vape-Wholesale-6-510x510.jpg 510w, https:\/\/www.vape4wholesale.com\/wp-content\/uploads\/2022\/07\/Bang-XXL-2000-Puffs-Disposable-Vape-Wholesale-6-64x64.jpg 64w, https:\/\/www.vape4wholesale.com\/wp-content\/uploads\/2022\/07\/Bang-XXL-2000-Puffs-Disposable-Vape-Wholesale-6-300x300.jpg 300w, https:\/\/www.vape4wholesale.com\/wp-content\/uploads\/2022\/07\/Bang-XXL-2000-Puffs-Disposable-Vape-Wholesale-6-150x150.jpg 150w, https:\/\/www.vape4wholesale.com\/wp-content\/uploads\/2022\/07\/Bang-XXL-2000-Puffs-Disposable-Vape-Wholesale-6-768x768.jpg 768w\" sizes=\"auto, (max-width: 800px) 100vw, 800px\" \/> <img loading=\"lazy\" decoding=\"async\" class=\"alignnone size-full wp-image-13102\" title=\"Hurtownia jednorazowych papieros\u00f3w Vape Bang XXL 2000 Puffs (2 szt.)\" src=\"https:\/\/www.vape4wholesale.com\/wp-content\/uploads\/2022\/07\/Bang-XXL-2000-Puffs-Disposable-Vape-Wholesale-2.jpg\" alt=\"Hurtownia jednorazowych papieros\u00f3w Vape Bang XXL 2000 Puffs (2 szt.)\" width=\"800\" height=\"800\" srcset=\"https:\/\/www.vape4wholesale.com\/wp-content\/uploads\/2022\/07\/Bang-XXL-2000-Puffs-Disposable-Vape-Wholesale-2.jpg 800w, https:\/\/www.vape4wholesale.com\/wp-content\/uploads\/2022\/07\/Bang-XXL-2000-Puffs-Disposable-Vape-Wholesale-2-247x247.jpg 247w, https:\/\/www.vape4wholesale.com\/wp-content\/uploads\/2022\/07\/Bang-XXL-2000-Puffs-Disposable-Vape-Wholesale-2-100x100.jpg 100w, https:\/\/www.vape4wholesale.com\/wp-content\/uploads\/2022\/07\/Bang-XXL-2000-Puffs-Disposable-Vape-Wholesale-2-510x510.jpg 510w\" sizes=\"auto, (max-width: 800px) 100vw, 800px\" \/> <img loading=\"lazy\" decoding=\"async\" class=\"alignnone size-full wp-image-13101\" title=\"Hurtownia jednorazowych papieros\u00f3w Vape Bang XXL 2000 Puffs (1 szt.)\" src=\"https:\/\/www.vape4wholesale.com\/wp-content\/uploads\/2022\/07\/Bang-XXL-2000-Puffs-Disposable-Vape-Wholesale-1.jpg\" alt=\"Hurtownia jednorazowych papieros\u00f3w Vape Bang XXL 2000 Puffs (1 szt.)\" width=\"800\" height=\"800\" srcset=\"https:\/\/www.vape4wholesale.com\/wp-content\/uploads\/2022\/07\/Bang-XXL-2000-Puffs-Disposable-Vape-Wholesale-1.jpg 800w, https:\/\/www.vape4wholesale.com\/wp-content\/uploads\/2022\/07\/Bang-XXL-2000-Puffs-Disposable-Vape-Wholesale-1-247x247.jpg 247w, https:\/\/www.vape4wholesale.com\/wp-content\/uploads\/2022\/07\/Bang-XXL-2000-Puffs-Disposable-Vape-Wholesale-1-100x100.jpg 100w, https:\/\/www.vape4wholesale.com\/wp-content\/uploads\/2022\/07\/Bang-XXL-2000-Puffs-Disposable-Vape-Wholesale-1-510x510.jpg 510w, https:\/\/www.vape4wholesale.com\/wp-content\/uploads\/2022\/07\/Bang-XXL-2000-Puffs-Disposable-Vape-Wholesale-1-64x64.jpg 64w, https:\/\/www.vape4wholesale.com\/wp-content\/uploads\/2022\/07\/Bang-XXL-2000-Puffs-Disposable-Vape-Wholesale-1-300x300.jpg 300w, https:\/\/www.vape4wholesale.com\/wp-content\/uploads\/2022\/07\/Bang-XXL-2000-Puffs-Disposable-Vape-Wholesale-1-150x150.jpg 150w, https:\/\/www.vape4wholesale.com\/wp-content\/uploads\/2022\/07\/Bang-XXL-2000-Puffs-Disposable-Vape-Wholesale-1-768x768.jpg 768w\" sizes=\"auto, (max-width: 800px) 100vw, 800px\" \/> <img loading=\"lazy\" decoding=\"async\" class=\"alignnone size-full wp-image-13103\" title=\"Hurtownia jednorazowych papieros\u00f3w Vape Bang XXL 2000 Puffs (3 szt.)\" src=\"https:\/\/www.vape4wholesale.com\/wp-content\/uploads\/2022\/07\/Bang-XXL-2000-Puffs-Disposable-Vape-Wholesale-3.jpg\" alt=\"Hurtownia jednorazowych papieros\u00f3w Vape Bang XXL 2000 Puffs (3 szt.)\" width=\"800\" height=\"800\" srcset=\"https:\/\/www.vape4wholesale.com\/wp-content\/uploads\/2022\/07\/Bang-XXL-2000-Puffs-Disposable-Vape-Wholesale-3.jpg 800w, https:\/\/www.vape4wholesale.com\/wp-content\/uploads\/2022\/07\/Bang-XXL-2000-Puffs-Disposable-Vape-Wholesale-3-247x247.jpg 247w, https:\/\/www.vape4wholesale.com\/wp-content\/uploads\/2022\/07\/Bang-XXL-2000-Puffs-Disposable-Vape-Wholesale-3-100x100.jpg 100w, https:\/\/www.vape4wholesale.com\/wp-content\/uploads\/2022\/07\/Bang-XXL-2000-Puffs-Disposable-Vape-Wholesale-3-510x510.jpg 510w, https:\/\/www.vape4wholesale.com\/wp-content\/uploads\/2022\/07\/Bang-XXL-2000-Puffs-Disposable-Vape-Wholesale-3-64x64.jpg 64w, https:\/\/www.vape4wholesale.com\/wp-content\/uploads\/2022\/07\/Bang-XXL-2000-Puffs-Disposable-Vape-Wholesale-3-300x300.jpg 300w, https:\/\/www.vape4wholesale.com\/wp-content\/uploads\/2022\/07\/Bang-XXL-2000-Puffs-Disposable-Vape-Wholesale-3-150x150.jpg 150w, https:\/\/www.vape4wholesale.com\/wp-content\/uploads\/2022\/07\/Bang-XXL-2000-Puffs-Disposable-Vape-Wholesale-3-768x768.jpg 768w\" sizes=\"auto, (max-width: 800px) 100vw, 800px\" \/><\/p>","protected":false},"excerpt":{"rendered":"[scf-template id=&#8217;11434&#8242;]\n","protected":false},"featured_media":13102,"comment_status":"open","ping_status":"closed","template":"","meta":[],"pwb-brand":[1275],"product_cat":[25],"product_tag":[22,24,164,167,249],"class_list":{"0":"post-5324","1":"product","2":"type-product","3":"status-publish","4":"has-post-thumbnail","6":"pwb-brand-bang","7":"product_cat-2000-3000-puffs","8":"product_tag-disposable","9":"product_tag-wholesale","10":"product_tag-2000-puffs","11":"product_tag-6-5ml","12":"product_tag-bang","13":"wcpa_has_options","15":"first","16":"outofstock","17":"shipping-taxable","18":"purchasable","19":"product-type-variable"},"aioseo_notices":[],"brands":[{"id":1275,"name":"Bang","slug":"huk"}],"_links":{"self":[{"href":"https:\/\/www.vape4wholesale.com\/pl\/wp-json\/wp\/v2\/product\/5324","targetHints":{"allow":["GET"]}}],"collection":[{"href":"https:\/\/www.vape4wholesale.com\/pl\/wp-json\/wp\/v2\/product"}],"about":[{"href":"https:\/\/www.vape4wholesale.com\/pl\/wp-json\/wp\/v2\/types\/product"}],"replies":[{"embeddable":true,"href":"https:\/\/www.vape4wholesale.com\/pl\/wp-json\/wp\/v2\/comments?post=5324"}],"wp:featuredmedia":[{"embeddable":true,"href":"https:\/\/www.vape4wholesale.com\/pl\/wp-json\/wp\/v2\/media\/13102"}],"wp:attachment":[{"href":"https:\/\/www.vape4wholesale.com\/pl\/wp-json\/wp\/v2\/media?parent=5324"}],"wp:term":[{"taxonomy":"pwb-brand","embeddable":true,"href":"https:\/\/www.vape4wholesale.com\/pl\/wp-json\/wp\/v2\/pwb-brand?post=5324"},{"taxonomy":"product_cat","embeddable":true,"href":"https:\/\/www.vape4wholesale.com\/pl\/wp-json\/wp\/v2\/product_cat?post=5324"},{"taxonomy":"product_tag","embeddable":true,"href":"https:\/\/www.vape4wholesale.com\/pl\/wp-json\/wp\/v2\/product_tag?post=5324"}],"curies":[{"name":"wp","href":"https:\/\/api.w.org\/{rel}","templated":true}]}}