{"id":4537,"date":"2021-05-21T11:32:47","date_gmt":"2021-05-21T03:32:47","guid":{"rendered":"https:\/\/www.vape4wholesale.com\/?post_type=product&#038;p=4537"},"modified":"2026-01-26T13:43:58","modified_gmt":"2026-01-26T13:43:58","slug":"elf-bar-lux-800-puff-jednorazowe-vape-hurtownia","status":"publish","type":"product","link":"https:\/\/www.vape4wholesale.com\/pl\/product\/elf-bar-lux-800-puffs-disposable-vape-wholesale","title":{"rendered":"Elf Bar Lux 800 Puffs Jednorazowy Vape Hurtownia"},"content":{"rendered":"<p>w <strong><a href=\"https:\/\/www.vape4wholesale.com\/pl\/product_brand\/elf-bar\/\">Elf Bar<\/a> Lux 800 Vape<\/strong> to delikatny, wst\u0119pnie nape\u0142niony jednorazowy waporyzator o smuk\u0142ej obudowie, sk\u0142adaj\u0105cy si\u0119 z baterii 550 mAh i wst\u0119pnie nape\u0142nionego kapsu\u0142ki o pojemno\u015bci 3,2 ml, kt\u00f3ry obs\u0142uguje maksymalnie 800 zaci\u0105gni\u0119\u0107. Precyzyjny przep\u0142yw powietrza dobrze wsp\u00f3\u0142pracuje z idealnym napi\u0119ciem, zapewniaj\u0105c przyzwoity smak. Wraz z moc\u0105 nikotyny 5% i szybk\u0105 aktywacj\u0105 zaci\u0105gania, ten Elf Bar Lux 800 jest przyzwoitym wyborem do codziennego wapowania.<\/p>\n<h2><strong>Jednorazowe parametry Vape Elf Bar Lux 800 Puffs<\/strong><\/h2>\n<ul>\n<li>Rozmiar: 16 x 104 mm<\/li>\n<li>Pojemno\u015b\u0107 e-soku: 3,2 ml<\/li>\n<li>Moc nikotyny: 5%, 2% SE<\/li>\n<li>Bateria: 550 mAh<\/li>\n<li>Puffy: 800 Puff\u00f3w<\/li>\n<\/ul>\n<h2><strong>Cechy Elf Bar Lux 800<\/strong><\/h2>\n<p>Elegancki, wst\u0119pnie nape\u0142niony system jednorazowych kapsu\u0142ek o smuk\u0142ej obudowie<br \/>\nKompaktowa konstrukcja i kieszonkowy rozmiar u\u0142atwiaj\u0105 przenoszenie<br \/>\nR\u00f3\u017cne smaczne e-soki zapewniaj\u0105ce doskona\u0142y smak<br \/>\nWbudowana bateria o pojemno\u015bci 550 mAh wystarcza na 800 puff\u00f3w<br \/>\nWst\u0119pnie nape\u0142niona kapsu\u0142a o pojemno\u015bci 3,2 ml z wbudowan\u0105 cewk\u0105<\/p>\n<h2><strong>Opakowanie\/waga<\/strong><\/h2>\n<ul>\n<li>1 sztuka\/opakowanie, 10 opakowa\u0144\/pude\u0142ko<\/li>\n<li>400\/karton, waga: 17 kg<\/li>\n<\/ul>\n<h2><strong>Smaki<\/strong><\/h2>\n<div class=\"vi-wpvs-option-wrap vi-wpvs-option-wrap-default\" data-attribute_label=\"Banana Ice\" data-attribute_value=\"banana-ice-2\"><span class=\"vi-wpvs-option vi-wpvs-option-button\">L\u00f3d bananowy<\/span><\/div>\n<div class=\"vi-wpvs-option-wrap vi-wpvs-option-wrap-default\" data-attribute_label=\"Banana Milk\" data-attribute_value=\"banana-milk\"><span class=\"vi-wpvs-option vi-wpvs-option-button\">Mleko bananowe<\/span><\/div>\n<div class=\"vi-wpvs-option-wrap vi-wpvs-option-wrap-default\" data-attribute_label=\"Blueberry\" data-attribute_value=\"blueberry\"><span class=\"vi-wpvs-option vi-wpvs-option-button\">Jagoda<\/span><\/div>\n<div class=\"vi-wpvs-option-wrap vi-wpvs-option-wrap-default\" data-attribute_label=\"Coffee Tobacco\" data-attribute_value=\"coffee-tobacco\"><span class=\"vi-wpvs-option vi-wpvs-option-button\">Kawa Tyto\u0144<\/span><\/div>\n<div class=\"vi-wpvs-option-wrap vi-wpvs-option-wrap-default\" data-attribute_label=\"Grape\" data-attribute_value=\"grape\"><span class=\"vi-wpvs-option vi-wpvs-option-button\">Winogrono<\/span><\/div>\n<div class=\"vi-wpvs-option-wrap vi-wpvs-option-wrap-default\" data-attribute_label=\"Grapes Energy\" data-attribute_value=\"grapes-energy\"><span class=\"vi-wpvs-option vi-wpvs-option-button\">Energia winogron<\/span><\/div>\n<div class=\"vi-wpvs-option-wrap vi-wpvs-option-wrap-default\" data-attribute_label=\"Kiwi Passion Fruit Guava\" data-attribute_value=\"kiwi-passion-fruit-guava\"><span class=\"vi-wpvs-option vi-wpvs-option-button\">Kiwi Passion Fruit Guava<\/span><\/div>\n<div class=\"vi-wpvs-option-wrap vi-wpvs-option-wrap-default\" data-attribute_label=\"Mango\" data-attribute_value=\"mango\"><span class=\"vi-wpvs-option vi-wpvs-option-button\">Mango<\/span><\/div>\n<div class=\"vi-wpvs-option-wrap vi-wpvs-option-wrap-default\" data-attribute_label=\"Mango Peach Watermelon\" data-attribute_value=\"mango-peach-watermelon\"><span class=\"vi-wpvs-option vi-wpvs-option-button\">Mango Brzoskwinia Arbuz<\/span><\/div>\n<div class=\"vi-wpvs-option-wrap vi-wpvs-option-wrap-default\" data-attribute_label=\"Peach Ice\" data-attribute_value=\"peach-ice-2\"><span class=\"vi-wpvs-option vi-wpvs-option-button\">L\u00f3d brzoskwiniowy<\/span><\/div>\n<div class=\"vi-wpvs-option-wrap vi-wpvs-option-wrap-default\" data-attribute_label=\"Peach Mango Guava\" data-attribute_value=\"peach-mango-guava\"><span class=\"vi-wpvs-option vi-wpvs-option-button\">Brzoskwinia Mango Guawa<\/span><\/div>\n<div class=\"vi-wpvs-option-wrap vi-wpvs-option-wrap-default\" data-attribute_label=\"Pink Lemonade\" data-attribute_value=\"pink-lemonade\"><span class=\"vi-wpvs-option vi-wpvs-option-button\">R\u00f3\u017cowa Lemoniada<\/span><\/div>\n<div class=\"vi-wpvs-option-wrap vi-wpvs-option-wrap-selected\" data-attribute_label=\"Sour Apple\" data-attribute_value=\"sour-apple\"><span class=\"vi-wpvs-option vi-wpvs-option-button\">Kwa\u015bne jab\u0142ko<\/span><\/div>\n<div class=\"vi-wpvs-option-wrap vi-wpvs-option-wrap-default\" data-attribute_label=\"Strawberry Banana\" data-attribute_value=\"strawberry-banana\"><span class=\"vi-wpvs-option vi-wpvs-option-button\">Banan truskawkowy<\/span><\/div>\n<div class=\"vi-wpvs-option-wrap vi-wpvs-option-wrap-default\" data-attribute_label=\"strawberry energy\" data-attribute_value=\"strawberry-energy\"><span class=\"vi-wpvs-option vi-wpvs-option-button\">truskawkowa energia<\/span><\/div>\n<div class=\"vi-wpvs-option-wrap vi-wpvs-option-wrap-default\" data-attribute_label=\"Strawberry Grape\" data-attribute_value=\"strawberry-grape\"><span class=\"vi-wpvs-option vi-wpvs-option-button\">Winogrono truskawkowe<\/span><\/div>\n<div class=\"vi-wpvs-option-wrap vi-wpvs-option-wrap-default\" data-attribute_label=\"Strawberry Ice\" data-attribute_value=\"strawberry-ice-2\"><span class=\"vi-wpvs-option vi-wpvs-option-button\">L\u00f3d truskawkowy<\/span><\/div>\n<div class=\"vi-wpvs-option-wrap vi-wpvs-option-wrap-hover\" data-attribute_label=\"Watermelon\" data-attribute_value=\"watermelon\"><span class=\"vi-wpvs-option vi-wpvs-option-button\">Arbuz<\/span><\/div>\n<div data-attribute_label=\"Watermelon\" data-attribute_value=\"watermelon\"><\/div>","protected":false},"excerpt":{"rendered":"<div class=\"wsppc_div_block woocommerce_before_add_to_cart_form\">\r\n<p><strong><span style=\"color: #00a859;\">Ocli\u0107 si\u0119<\/span> przed dostaw\u0105 i 100% Gwarancja Dostawy, Dostawa w oko\u0142o 19\u201325 dni.\u00a0<\/strong><\/p>\r\n<\/div>\n<p>100% Oryginalny pasek Elf z kodem QR<\/p>","protected":false},"featured_media":26794,"comment_status":"open","ping_status":"closed","template":"","meta":[],"pwb-brand":[1278],"product_cat":[48],"product_tag":[60,87,90,22,24],"class_list":{"0":"post-4537","1":"product","2":"type-product","3":"status-publish","4":"has-post-thumbnail","6":"pwb-brand-elf-bar","7":"product_cat-below-2000-puffs","8":"product_tag-elf-bar","9":"product_tag-3-2ml","10":"product_tag-800-puffs","11":"product_tag-disposable","12":"product_tag-wholesale","14":"first","15":"instock","16":"shipping-taxable","17":"purchasable","18":"product-type-variable"},"aioseo_notices":[],"brands":[{"id":1278,"name":"Elf bar","slug":"elf-bar"}],"_links":{"self":[{"href":"https:\/\/www.vape4wholesale.com\/pl\/wp-json\/wp\/v2\/product\/4537","targetHints":{"allow":["GET"]}}],"collection":[{"href":"https:\/\/www.vape4wholesale.com\/pl\/wp-json\/wp\/v2\/product"}],"about":[{"href":"https:\/\/www.vape4wholesale.com\/pl\/wp-json\/wp\/v2\/types\/product"}],"replies":[{"embeddable":true,"href":"https:\/\/www.vape4wholesale.com\/pl\/wp-json\/wp\/v2\/comments?post=4537"}],"wp:featuredmedia":[{"embeddable":true,"href":"https:\/\/www.vape4wholesale.com\/pl\/wp-json\/wp\/v2\/media\/26794"}],"wp:attachment":[{"href":"https:\/\/www.vape4wholesale.com\/pl\/wp-json\/wp\/v2\/media?parent=4537"}],"wp:term":[{"taxonomy":"pwb-brand","embeddable":true,"href":"https:\/\/www.vape4wholesale.com\/pl\/wp-json\/wp\/v2\/pwb-brand?post=4537"},{"taxonomy":"product_cat","embeddable":true,"href":"https:\/\/www.vape4wholesale.com\/pl\/wp-json\/wp\/v2\/product_cat?post=4537"},{"taxonomy":"product_tag","embeddable":true,"href":"https:\/\/www.vape4wholesale.com\/pl\/wp-json\/wp\/v2\/product_tag?post=4537"}],"curies":[{"name":"wp","href":"https:\/\/api.w.org\/{rel}","templated":true}]}}