{"id":30064,"date":"2026-03-28T09:40:56","date_gmt":"2026-03-28T01:40:56","guid":{"rendered":"https:\/\/www.vape4wholesale.com\/?post_type=product&#038;p=30064"},"modified":"2026-05-09T13:35:36","modified_gmt":"2026-05-09T05:35:36","slug":"randm-tornado-15000-15k-magazyn-europa","status":"publish","type":"product","link":"https:\/\/www.vape4wholesale.com\/pl\/product\/randm-tornado-15000-15k-europe-warehouse","title":{"rendered":"Magazyn europejski Randm Tornado 15000 (15K)"},"content":{"rendered":"<p class=\"ds-markdown-paragraph\">Waporyzator Randm Tornado 15000 to arcydzie\u0142o wzornictwa i technologii firmy Fumot. Zaprojektowane dla wymagaj\u0105cych waper\u00f3w, urz\u0105dzenie to \u0142\u0105czy w sobie du\u017c\u0105 pojemno\u015b\u0107 z inteligentnymi funkcjami, oferuj\u0105c p\u0142ynne po\u0142\u0105czenie wygody i wydajno\u015bci.<\/p>\n<p class=\"ds-markdown-paragraph\">Zachowaj pe\u0142n\u0105 kontrol\u0119 dzi\u0119ki zaawansowanemu wy\u015bwietlaczowi LED. W przeciwie\u0144stwie do standardowych urz\u0105dze\u0144, Tornado 15000 zapewnia informacje w czasie rzeczywistym zar\u00f3wno o \u017cywotno\u015bci baterii, jak i poziomie e-cieczy. Ta intuicyjna funkcja eliminuje zgadywanie, zapewniaj\u0105c, \u017ce zawsze wiesz, kiedy nadszed\u0142 czas na do\u0142adowanie lub \u017ce Twoje doznania smakowe s\u0105 sp\u00f3jne.<\/p>\n<p class=\"ds-markdown-paragraph\">Sercem urz\u0105dzenia jest cewka Mesh Coil 0,9\u03a9, zaprojektowana w celu zmaksymalizowania powierzchni grzewczej. Technologia ta zapewnia szybkie i r\u00f3wnomierne nagrzewanie, zapewniaj\u0105c wyj\u0105tkowo p\u0142ynne zaci\u0105ganie si\u0119, obfite wytwarzanie pary i czysty, sp\u00f3jny smak od pierwszego do ostatniego zaci\u0105gni\u0119cia.<\/p>\n<h3><strong>Randm Tornado 15000 - specyfikacja techniczna<\/strong><\/h3>\n<div class=\"ds-scroll-area ds-scroll-area--show-on-focus-within _1210dd7 c03cafe9\">\n<table>\n<thead>\n<tr>\n<th>Kategoria<\/th>\n<th>Specyfikacja<\/th>\n<\/tr>\n<\/thead>\n<tbody>\n<tr>\n<td><strong>Puff Count<\/strong><\/td>\n<td>Do 15 000 (\u015brodowisko testowe)<\/td>\n<\/tr>\n<tr>\n<td><strong>Pojemno\u015b\u0107 E-Liquid<\/strong><\/td>\n<td>25 ml<\/td>\n<\/tr>\n<tr>\n<td><strong>Mocne strony nikotyny<\/strong><\/td>\n<td>0%, 2%, 3%, 5%<\/td>\n<\/tr>\n<tr>\n<td><strong>Bateria<\/strong><\/td>\n<td>850 mAh (akumulator)<\/td>\n<\/tr>\n<tr>\n<td><strong>Port \u0142adowania<\/strong><\/td>\n<td>Typ-C<\/td>\n<\/tr>\n<tr>\n<td><strong>Typ cewki<\/strong><\/td>\n<td>Siatkowa cewka<\/td>\n<\/tr>\n<tr>\n<td><strong>Odporno\u015b\u0107 cewki<\/strong><\/td>\n<td>0.9\u03a9<\/td>\n<\/tr>\n<tr>\n<td><strong>Wy\u015bwietlacz<\/strong><\/td>\n<td>Wska\u017anik LED (\u017cywotno\u015b\u0107 baterii i poziom e-cieczy)<\/td>\n<\/tr>\n<tr>\n<td><strong>Przep\u0142yw powietrza<\/strong><\/td>\n<td>Regulowane pokr\u0119t\u0142o sterowania przep\u0142ywem powietrza<\/td>\n<\/tr>\n<tr>\n<td><strong>Opcje smakowe<\/strong><\/td>\n<td>62 smaki<\/td>\n<\/tr>\n<\/tbody>\n<\/table>\n<\/div>\n<h3><strong>Dost\u0119pne smaki<\/strong><\/h3>\n<ol start=\"1\">\n<li>\n<p class=\"ds-markdown-paragraph\">Lemoniada Blue Razz<\/p>\n<\/li>\n<li>\n<p class=\"ds-markdown-paragraph\">L\u00f3d brzoskwiniowy<\/p>\n<\/li>\n<li>\n<p class=\"ds-markdown-paragraph\">Kwa\u015bne jab\u0142ko<\/p>\n<\/li>\n<li>\n<p class=\"ds-markdown-paragraph\">Arbuzowy l\u00f3d<\/p>\n<\/li>\n<li>\n<p class=\"ds-markdown-paragraph\">Jagoda na lodzie<\/p>\n<\/li>\n<li>\n<p class=\"ds-markdown-paragraph\">Bor\u00f3wka Malina<\/p>\n<\/li>\n<li>\n<p class=\"ds-markdown-paragraph\">L\u00f3d ananasowy<\/p>\n<\/li>\n<li>\n<p class=\"ds-markdown-paragraph\">Cherry Ice<\/p>\n<\/li>\n<li>\n<p class=\"ds-markdown-paragraph\">L\u00f3d truskawkowy<\/p>\n<\/li>\n<li>\n<p class=\"ds-markdown-paragraph\">Vimto<\/p>\n<\/li>\n<li>\n<p class=\"ds-markdown-paragraph\">L\u00f3d winogronowy<\/p>\n<\/li>\n<li>\n<p class=\"ds-markdown-paragraph\">Cola Ice<\/p>\n<\/li>\n<li>\n<p class=\"ds-markdown-paragraph\">Arbuz truskawkowy<\/p>\n<\/li>\n<li>\n<p class=\"ds-markdown-paragraph\">R\u00f3\u017cowa Lemoniada<\/p>\n<\/li>\n<li>\n<p class=\"ds-markdown-paragraph\">Mixed Berry<\/p>\n<\/li>\n<li>\n<p class=\"ds-markdown-paragraph\">Brzoskwinia Mango<\/p>\n<\/li>\n<li>\n<p class=\"ds-markdown-paragraph\">Smoczy owoc<\/p>\n<\/li>\n<li>\n<p class=\"ds-markdown-paragraph\">Winogrono truskawkowe<\/p>\n<\/li>\n<li>\n<p class=\"ds-markdown-paragraph\">Mr Blue<\/p>\n<\/li>\n<li>\n<p class=\"ds-markdown-paragraph\">Lush Ice<\/p>\n<\/li>\n<li>\n<p class=\"ds-markdown-paragraph\">Ice Pop<\/p>\n<\/li>\n<li>\n<p class=\"ds-markdown-paragraph\">Truskawka Kiwi<\/p>\n<\/li>\n<li>\n<p class=\"ds-markdown-paragraph\">Kiwi Passion Fruit Guava<\/p>\n<\/li>\n<li>\n<p class=\"ds-markdown-paragraph\">Triple Berry<\/p>\n<\/li>\n<li>\n<p class=\"ds-markdown-paragraph\">L\u00f3d bananowy<\/p>\n<\/li>\n<li>\n<p class=\"ds-markdown-paragraph\">Cukierki brzoskwiniowo-jagodowe<\/p>\n<\/li>\n<li>\n<p class=\"ds-markdown-paragraph\">Jab\u0142ko Brzoskwinia Gruszka<\/p>\n<\/li>\n<li>\n<p class=\"ds-markdown-paragraph\">Lemoniada jagodowa<\/p>\n<\/li>\n<li>\n<p class=\"ds-markdown-paragraph\">Blue Razz Cherry<\/p>\n<\/li>\n<li>\n<p class=\"ds-markdown-paragraph\">Blueberry Bubblegum<\/p>\n<\/li>\n<li>\n<p class=\"ds-markdown-paragraph\">Jagoda Wi\u015bnia \u017burawina<\/p>\n<\/li>\n<li>\n<p class=\"ds-markdown-paragraph\">Jagoda Granat<\/p>\n<\/li>\n<li>\n<p class=\"ds-markdown-paragraph\">Bluesour Raspberry<\/p>\n<\/li>\n<li>\n<p class=\"ds-markdown-paragraph\">Cherry Cola<\/p>\n<\/li>\n<li>\n<p class=\"ds-markdown-paragraph\">Gummy Bear<\/p>\n<\/li>\n<li>\n<p class=\"ds-markdown-paragraph\">Cytryna i limonka<\/p>\n<\/li>\n<li>\n<p class=\"ds-markdown-paragraph\">Mango na lodzie<\/p>\n<\/li>\n<li>\n<p class=\"ds-markdown-paragraph\">Red Energy Ice<\/p>\n<\/li>\n<li>\n<p class=\"ds-markdown-paragraph\">Banan truskawkowy<\/p>\n<\/li>\n<li>\n<p class=\"ds-markdown-paragraph\">Truskawkowy Red Bull<\/p>\n<\/li>\n<li>\n<p class=\"ds-markdown-paragraph\">Lemoniada truskawkowo-arbuzowa<\/p>\n<\/li>\n<li>\n<p class=\"ds-markdown-paragraph\">Ice Tea Lemon Ice<\/p>\n<\/li>\n<li>\n<p class=\"ds-markdown-paragraph\">Ice Tea Peach Ice<\/p>\n<\/li>\n<li>\n<p class=\"ds-markdown-paragraph\">Fizzy Cherry<\/p>\n<\/li>\n<li>\n<p class=\"ds-markdown-paragraph\">Kr\u0119gle<\/p>\n<\/li>\n<li>\n<p class=\"ds-markdown-paragraph\">Cool Mint<\/p>\n<\/li>\n<li>\n<p class=\"ds-markdown-paragraph\">Pina Colada<\/p>\n<\/li>\n<li>\n<p class=\"ds-markdown-paragraph\">Huckleberry<\/p>\n<\/li>\n<li>\n<p class=\"ds-markdown-paragraph\">L\u00f3d jagodowo-brzoskwiniowy<\/p>\n<\/li>\n<li>\n<p class=\"ds-markdown-paragraph\">Grape Lemon<\/p>\n<\/li>\n<li>\n<p class=\"ds-markdown-paragraph\">Fanta<\/p>\n<\/li>\n<li>\n<p class=\"ds-markdown-paragraph\">\u015awie\u017cy mentol Mojito<\/p>\n<\/li>\n<li>\n<p class=\"ds-markdown-paragraph\">Aloe Lemon Berries<\/p>\n<\/li>\n<li>\n<p class=\"ds-markdown-paragraph\">Green Apple Citrus Menthol<\/p>\n<\/li>\n<li>\n<p class=\"ds-markdown-paragraph\">Melon z zielonymi winogronami<\/p>\n<\/li>\n<li>\n<p class=\"ds-markdown-paragraph\">Kaktus Kiwi<\/p>\n<\/li>\n<li>\n<p class=\"ds-markdown-paragraph\">Cola Lemon<\/p>\n<\/li>\n<li>\n<p class=\"ds-markdown-paragraph\">Cactus Ice<\/p>\n<\/li>\n<li>\n<p class=\"ds-markdown-paragraph\">Blue Razz Gummy Bear<\/p>\n<\/li>\n<li>\n<p class=\"ds-markdown-paragraph\">Kuba\u0144skie mentolowe mojito<\/p>\n<\/li>\n<li>\n<p class=\"ds-markdown-paragraph\">Guma Juicy Fruit<\/p>\n<\/li>\n<li>\n<p class=\"ds-markdown-paragraph\">Ribena Gummy Lemon<\/p>\n<\/li>\n<\/ol>\n<p><img loading=\"lazy\" decoding=\"async\" class=\"alignnone size-full wp-image-15972\" title=\"Randm Tornado 15000 Jednorazowa sprzeda\u017c hurtowa Vape (3)\" src=\"https:\/\/www.vape4wholesale.com\/wp-content\/uploads\/2024\/06\/Randm-Tornado-15000-Disposable-Vape-Wholesale-3.webp\" alt=\"Randm Tornado 15000 Jednorazowa sprzeda\u017c hurtowa Vape (3)\" width=\"640\" height=\"640\" srcset=\"https:\/\/www.vape4wholesale.com\/wp-content\/uploads\/2024\/06\/Randm-Tornado-15000-Disposable-Vape-Wholesale-3.webp 640w, https:\/\/www.vape4wholesale.com\/wp-content\/uploads\/2024\/06\/Randm-Tornado-15000-Disposable-Vape-Wholesale-3-247x247.webp 247w, https:\/\/www.vape4wholesale.com\/wp-content\/uploads\/2024\/06\/Randm-Tornado-15000-Disposable-Vape-Wholesale-3-100x100.webp 100w, https:\/\/www.vape4wholesale.com\/wp-content\/uploads\/2024\/06\/Randm-Tornado-15000-Disposable-Vape-Wholesale-3-510x510.webp 510w, https:\/\/www.vape4wholesale.com\/wp-content\/uploads\/2024\/06\/Randm-Tornado-15000-Disposable-Vape-Wholesale-3-64x64.webp 64w, https:\/\/www.vape4wholesale.com\/wp-content\/uploads\/2024\/06\/Randm-Tornado-15000-Disposable-Vape-Wholesale-3-300x300.webp 300w, https:\/\/www.vape4wholesale.com\/wp-content\/uploads\/2024\/06\/Randm-Tornado-15000-Disposable-Vape-Wholesale-3-150x150.webp 150w\" sizes=\"auto, (max-width: 640px) 100vw, 640px\" \/><\/p>\n<h2>DLACZEGO MY?<\/h2>\r\n<ul>\r\n<li>Prawdziwe, godne zaufania i profesjonalne \u017ar\u00f3d\u0142o vape.<\/li>\r\n<li>Gwarancja oryginalno\u015bci 100%: Dostarczamy tylko oryginalne i oryginalne produkty, odmawiamy podrabiania.<\/li>\r\n<li>Gwarancja dostawy 100%: U\u017cywamy najlepszej metody wysy\u0142ki, aby zapewni\u0107, \u017ce otrzymasz zam\u00f3wienie 100%.<\/li>\r\n<li>Po wysy\u0142ce podamy numer przesy\u0142ki i etykiet\u0119 wysy\u0142kow\u0105 oraz b\u0119dziemy \u015bledzi\u0107 towary do momentu ich podpisania.<\/li>\r\n<li>Brak problem\u00f3w celnych, brak taryf<\/li>\r\n<\/ul>","protected":false},"excerpt":{"rendered":"<p><b><span style=\"color: #00a859;\">Darmowa dostawa<\/span>\u00a0z europejskiego magazynu, czas dostawy 7-15 dni roboczych.<\/b><\/p>\r\n<div class=\"wsppc_div_block woocommerce_before_add_to_cart_form\">\r\n<p><strong>Odprawa celna przed dostaw\u0105 i 100% Gwarancja Dostawy<\/strong><\/p>\r\n<\/div>","protected":false},"featured_media":15977,"comment_status":"open","ping_status":"closed","template":"","meta":[],"pwb-brand":[1269],"product_cat":[938],"product_tag":[],"class_list":{"0":"post-30064","1":"product","2":"type-product","3":"status-publish","4":"has-post-thumbnail","6":"pwb-brand-fumot","7":"product_cat-europe-warehouse","8":"product_shipping_class-eu-warehouse","9":"wcpa_has_options","11":"first","12":"instock","13":"shipping-taxable","14":"purchasable","15":"product-type-variable"},"aioseo_notices":[],"brands":[{"id":1269,"name":"Fumot","slug":"fumot"}],"_links":{"self":[{"href":"https:\/\/www.vape4wholesale.com\/pl\/wp-json\/wp\/v2\/product\/30064","targetHints":{"allow":["GET"]}}],"collection":[{"href":"https:\/\/www.vape4wholesale.com\/pl\/wp-json\/wp\/v2\/product"}],"about":[{"href":"https:\/\/www.vape4wholesale.com\/pl\/wp-json\/wp\/v2\/types\/product"}],"replies":[{"embeddable":true,"href":"https:\/\/www.vape4wholesale.com\/pl\/wp-json\/wp\/v2\/comments?post=30064"}],"wp:featuredmedia":[{"embeddable":true,"href":"https:\/\/www.vape4wholesale.com\/pl\/wp-json\/wp\/v2\/media\/15977"}],"wp:attachment":[{"href":"https:\/\/www.vape4wholesale.com\/pl\/wp-json\/wp\/v2\/media?parent=30064"}],"wp:term":[{"taxonomy":"pwb-brand","embeddable":true,"href":"https:\/\/www.vape4wholesale.com\/pl\/wp-json\/wp\/v2\/pwb-brand?post=30064"},{"taxonomy":"product_cat","embeddable":true,"href":"https:\/\/www.vape4wholesale.com\/pl\/wp-json\/wp\/v2\/product_cat?post=30064"},{"taxonomy":"product_tag","embeddable":true,"href":"https:\/\/www.vape4wholesale.com\/pl\/wp-json\/wp\/v2\/product_tag?post=30064"}],"curies":[{"name":"wp","href":"https:\/\/api.w.org\/{rel}","templated":true}]}}