{"id":30010,"date":"2026-03-27T23:07:19","date_gmt":"2026-03-27T15:07:19","guid":{"rendered":"https:\/\/www.vape4wholesale.com\/?post_type=product&#038;p=30010"},"modified":"2026-03-28T08:52:11","modified_gmt":"2026-03-28T00:52:11","slug":"fumot-digital-box-12000-12k-magazyn-europa","status":"publish","type":"product","link":"https:\/\/www.vape4wholesale.com\/pl\/product\/fumot-digital-box-12000-12k-europe-warehouse","title":{"rendered":"Fumot Digital Box 12000 (12K) Magazyn w Europie"},"content":{"rendered":"<p>Fumot Digital Box 12000 to jednorazowy waporyzator o du\u017cej pojemno\u015bci, zbudowany z my\u015bl\u0105 o d\u0142ugotrwa\u0142ym u\u017cytkowaniu i sta\u0142ej wydajno\u015bci. Wst\u0119pnie nape\u0142niony 20 ml e-liquidu, zapewnia do 12 000 zaci\u0105gni\u0119\u0107 w warunkach testowych i jest dost\u0119pny w czterech mocach nikotyny-0%, 2%, 3% i 5%, aby dopasowa\u0107 si\u0119 do r\u00f3\u017cnych preferencji.<\/p>\n<p>Wyposa\u017cone w \u017cywy wy\u015bwietlacz LED urz\u0105dzenie zapewnia informacje w czasie rzeczywistym zar\u00f3wno o poziomie na\u0142adowania baterii, jak i stanie e-liquidu, zapewniaj\u0105c u\u017cytkownikom dost\u0119p do informacji na pierwszy rzut oka. Technologia cewki siatkowej 0,8\u03a9 gwarantuje r\u00f3wnomierne ogrzewanie i bogaty smak, a wbudowany akumulator 550 mAh i nowoczesny port \u0142adowania typu C umo\u017cliwiaj\u0105 szybkie i bezproblemowe \u0142adowanie. Dzi\u0119ki zr\u00f3\u017cnicowanemu wyborowi 56 smak\u00f3w - od mieszanek owocowych i opcji mentolowych po inspirowane napojami i odmiany tytoniu - Digital Box 12000 \u0142\u0105czy najnowocze\u015bniejsz\u0105 technologi\u0119 z konstrukcj\u0105 zorientowan\u0105 na u\u017cytkownika, zapewniaj\u0105c najwy\u017cszej jako\u015bci doznania podczas waporyzacji.<\/p>\n<p>Ponadto dostarczamy ten produkt z naszego europejskiego magazynu, jest to bezp\u0142atna wysy\u0142ka, zapewniaj\u0105ca szybk\u0105 i niezawodn\u0105 dostaw\u0119 do wi\u0119kszo\u015bci kraj\u00f3w europejskich w ci\u0105gu oko\u0142o tygodnia do 10 dni.<\/p>\n<h2><strong>Specyfikacja techniczna Fumot Digital Box 12000<\/strong><\/h2>\n<div class=\"ds-scroll-area ds-scroll-area--show-on-focus-within _1210dd7 c03cafe9\">\n<div class=\"ds-scroll-area__gutters\">\n<div class=\"ds-scroll-area__vertical-gutter\"><\/div>\n<\/div>\n<table>\n<thead>\n<tr>\n<th>Parametr<\/th>\n<th>Specyfikacja<\/th>\n<\/tr>\n<\/thead>\n<tbody>\n<tr>\n<td><strong>Pojemno\u015b\u0107 E-Liquid<\/strong><\/td>\n<td>20 ml<\/td>\n<\/tr>\n<tr>\n<td><strong>Puff Count<\/strong><\/td>\n<td>Do 12 000 zaci\u0105gni\u0119\u0107 (w warunkach testowych)<\/td>\n<\/tr>\n<tr>\n<td><strong>Opcje mocy nikotyny<\/strong><\/td>\n<td>0%, 2%, 3%, 5%<\/td>\n<\/tr>\n<tr>\n<td><strong>Pojemno\u015b\u0107 akumulatora<\/strong><\/td>\n<td>550 mAh (wbudowany akumulator)<\/td>\n<\/tr>\n<tr>\n<td><strong>Port \u0142adowania<\/strong><\/td>\n<td>Typ-C<\/td>\n<\/tr>\n<tr>\n<td><strong>Typ cewki<\/strong><\/td>\n<td>Siatkowa cewka<\/td>\n<\/tr>\n<tr>\n<td><strong>Odporno\u015b\u0107 cewki<\/strong><\/td>\n<td>0.8\u03a9<\/td>\n<\/tr>\n<tr>\n<td><strong>Wy\u015bwietlacz<\/strong><\/td>\n<td>Wy\u015bwietlacz LED (pokazuje poziom na\u0142adowania baterii i poziom e-cieczy)<\/td>\n<\/tr>\n<tr>\n<td><strong>Opcje smakowe<\/strong><\/td>\n<td>56 smak\u00f3w<\/td>\n<\/tr>\n<tr>\n<td><strong>Akumulator<\/strong><\/td>\n<td>Tak<\/td>\n<\/tr>\n<\/tbody>\n<\/table>\n<p>&nbsp;<\/p>\n<h2><strong>Dost\u0119pne smaki<\/strong><\/h2>\n<p>1. Cool Mint<br \/>\n2. Cherry Ice<br \/>\n3. Cherry Cola<br \/>\n4. L\u00f3d winogronowy<br \/>\n5. Bujny l\u00f3d<br \/>\n6. Ice Pop<br \/>\n7. L\u00f3d truskawkowy<br \/>\n8. R\u00f3\u017cowa lemoniada<br \/>\n9. Mango na lodzie<br \/>\n10. Jagody mieszane<br \/>\n11. P\u0105czek truskawkowy<br \/>\n12. Winogrono truskawkowe<br \/>\n13. Bor\u00f3wka Malina<br \/>\n14. Arbuz truskawkowy<br \/>\n15. Banan truskawkowy<br \/>\n16. Arbuzowy l\u00f3d<br \/>\n17. Dr Blue<br \/>\n18. Jagoda na lodzie<br \/>\n19. Kiwi Passion Fruit Guava<br \/>\n20. Truskawka Kiwi<br \/>\n21. Brzoskwinia Mango<br \/>\n22. L\u00f3d brzoskwiniowy<br \/>\n23. Red Apple Ice<br \/>\n24. Blueberry Bubblegum<br \/>\n25. Lemoniada jagodowa<br \/>\n26. Lemoniada Blue Razz<br \/>\n27. Bluesour Raspberry<br \/>\n28. Truskawkowy Red Bull<br \/>\n29. Apple Berry Blast<br \/>\n30. Arbuzowa guma balonowa<br \/>\n31. Arbuz malinowy<br \/>\n32. Czarny l\u00f3d<br \/>\n33. Jagoda Wi\u015bnia \u017burawina<br \/>\n34. Strawberry Pomp (Pomegranate)<br \/>\n35. Vimto<br \/>\n36. Cherry Berry<br \/>\n37. Lemon &amp; Lime<br \/>\n38. Bingo Crush<br \/>\n39. Jagoda Kiwi<br \/>\n40. Cynamon jab\u0142kowy<br \/>\n41. L\u00f3d bananowy<br \/>\n42. Dragonfruit Ice<br \/>\n43. Fruity Fusion<br \/>\n44. Mi\u0119ta winogronowa<br \/>\n45. Mi\u0142o\u015b\u0107 66<br \/>\n46. L\u00f3d ananasowy<br \/>\n47. Red Energy Ice<br \/>\n48. Dwa jab\u0142ka<br \/>\n49. Tyto\u0144<br \/>\n50. Cola Ice<br \/>\n51. Ice Tea Lemon Ice<br \/>\n52. Ice Tea Peach Ice<br \/>\n53. Blue Razz Gummy Bear<br \/>\n54. Kuba\u0144skie mentolowe mojito<br \/>\n55. Guma Juicy Fruit<br \/>\n56. Ribena Gummy Lemon<\/p>\n<\/div>\n<h2><strong>Pakowanie i waga<\/strong><\/h2>\n<ul>\n<li>0,095 KG\/PCS, pojedyncza z ma\u0142ym opakowaniem<\/li>\n<li>10 sztuk w \u015brednim pude\u0142ku<\/li>\n<li>200 sztuk w opakowaniu zbiorczym<\/li>\n<\/ul>\n<figure id=\"attachment_26810\" aria-describedby=\"caption-attachment-26810\" style=\"width: 800px\" class=\"wp-caption alignnone\"><img loading=\"lazy\" decoding=\"async\" class=\"wp-image-26810 size-full\" title=\"Fumot Digital Box 12000 Jednorazowy Vape Hurtownia Truskawkowy P\u0105czek\" src=\"https:\/\/www.vape4wholesale.com\/wp-content\/uploads\/2023\/10\/Fumot-Digital-12000-Disposable-Vape-Wholesale-Strawberry-Donut-1.jpg\" alt=\"Fumot Digital Box 12000 Jednorazowy Vape Hurtownia Truskawkowy P\u0105czek\" width=\"800\" height=\"800\" srcset=\"https:\/\/www.vape4wholesale.com\/wp-content\/uploads\/2023\/10\/Fumot-Digital-12000-Disposable-Vape-Wholesale-Strawberry-Donut-1.jpg 800w, https:\/\/www.vape4wholesale.com\/wp-content\/uploads\/2023\/10\/Fumot-Digital-12000-Disposable-Vape-Wholesale-Strawberry-Donut-1-300x300.jpg 300w, https:\/\/www.vape4wholesale.com\/wp-content\/uploads\/2023\/10\/Fumot-Digital-12000-Disposable-Vape-Wholesale-Strawberry-Donut-1-150x150.jpg 150w, https:\/\/www.vape4wholesale.com\/wp-content\/uploads\/2023\/10\/Fumot-Digital-12000-Disposable-Vape-Wholesale-Strawberry-Donut-1-768x768.jpg 768w, https:\/\/www.vape4wholesale.com\/wp-content\/uploads\/2023\/10\/Fumot-Digital-12000-Disposable-Vape-Wholesale-Strawberry-Donut-1-12x12.jpg 12w, https:\/\/www.vape4wholesale.com\/wp-content\/uploads\/2023\/10\/Fumot-Digital-12000-Disposable-Vape-Wholesale-Strawberry-Donut-1-247x247.jpg 247w, https:\/\/www.vape4wholesale.com\/wp-content\/uploads\/2023\/10\/Fumot-Digital-12000-Disposable-Vape-Wholesale-Strawberry-Donut-1-510x510.jpg 510w, https:\/\/www.vape4wholesale.com\/wp-content\/uploads\/2023\/10\/Fumot-Digital-12000-Disposable-Vape-Wholesale-Strawberry-Donut-1-100x100.jpg 100w\" sizes=\"auto, (max-width: 800px) 100vw, 800px\" \/><figcaption id=\"caption-attachment-26810\" class=\"wp-caption-text\">Fumot Digital Box 12000 Jednorazowy Vape Hurtownia Truskawkowy P\u0105czek<\/figcaption><\/figure>\n<p>&nbsp;<\/p>\n<h2>DLACZEGO MY?<\/h2>\r\n<ul>\r\n<li>Prawdziwe, godne zaufania i profesjonalne \u017ar\u00f3d\u0142o vape.<\/li>\r\n<li>Gwarancja oryginalno\u015bci 100%: Dostarczamy tylko oryginalne i oryginalne produkty, odmawiamy podrabiania.<\/li>\r\n<li>Gwarancja dostawy 100%: U\u017cywamy najlepszej metody wysy\u0142ki, aby zapewni\u0107, \u017ce otrzymasz zam\u00f3wienie 100%.<\/li>\r\n<li>Po wysy\u0142ce podamy numer przesy\u0142ki i etykiet\u0119 wysy\u0142kow\u0105 oraz b\u0119dziemy \u015bledzi\u0107 towary do momentu ich podpisania.<\/li>\r\n<li>Brak problem\u00f3w celnych, brak taryf<\/li>\r\n<\/ul>","protected":false},"excerpt":{"rendered":"<p><b><span style=\"color: #00a859;\">Darmowa dostawa<\/span>\u00a0z europejskiego magazynu, czas dostawy 7-15 dni roboczych.<\/b><\/p>\r\n<div class=\"wsppc_div_block woocommerce_before_add_to_cart_form\">\r\n<p><strong>Odprawa celna przed dostaw\u0105 i 100% Gwarancja Dostawy<\/strong><\/p>\r\n<\/div>","protected":false},"featured_media":26805,"comment_status":"open","ping_status":"closed","template":"","meta":[],"pwb-brand":[1269],"product_cat":[938],"product_tag":[22,24,172,556],"class_list":{"0":"post-30010","1":"product","2":"type-product","3":"status-publish","4":"has-post-thumbnail","6":"pwb-brand-fumot","7":"product_cat-europe-warehouse","8":"product_tag-disposable","9":"product_tag-wholesale","10":"product_tag-20-0ml","11":"product_tag-12000-puffs","12":"product_shipping_class-eu-warehouse","13":"wcpa_has_options","15":"first","16":"instock","17":"shipping-taxable","18":"purchasable","19":"product-type-variable"},"aioseo_notices":[],"brands":[{"id":1269,"name":"Fumot","slug":"fumot"}],"_links":{"self":[{"href":"https:\/\/www.vape4wholesale.com\/pl\/wp-json\/wp\/v2\/product\/30010","targetHints":{"allow":["GET"]}}],"collection":[{"href":"https:\/\/www.vape4wholesale.com\/pl\/wp-json\/wp\/v2\/product"}],"about":[{"href":"https:\/\/www.vape4wholesale.com\/pl\/wp-json\/wp\/v2\/types\/product"}],"replies":[{"embeddable":true,"href":"https:\/\/www.vape4wholesale.com\/pl\/wp-json\/wp\/v2\/comments?post=30010"}],"wp:featuredmedia":[{"embeddable":true,"href":"https:\/\/www.vape4wholesale.com\/pl\/wp-json\/wp\/v2\/media\/26805"}],"wp:attachment":[{"href":"https:\/\/www.vape4wholesale.com\/pl\/wp-json\/wp\/v2\/media?parent=30010"}],"wp:term":[{"taxonomy":"pwb-brand","embeddable":true,"href":"https:\/\/www.vape4wholesale.com\/pl\/wp-json\/wp\/v2\/pwb-brand?post=30010"},{"taxonomy":"product_cat","embeddable":true,"href":"https:\/\/www.vape4wholesale.com\/pl\/wp-json\/wp\/v2\/product_cat?post=30010"},{"taxonomy":"product_tag","embeddable":true,"href":"https:\/\/www.vape4wholesale.com\/pl\/wp-json\/wp\/v2\/product_tag?post=30010"}],"curies":[{"name":"wp","href":"https:\/\/api.w.org\/{rel}","templated":true}]}}