{"id":29112,"date":"2026-01-28T16:07:10","date_gmt":"2026-01-28T16:07:10","guid":{"rendered":"https:\/\/www.vape4wholesale.com\/?post_type=product&#038;p=29112"},"modified":"2026-04-15T18:20:56","modified_gmt":"2026-04-15T10:20:56","slug":"fizzy-smart-150k-15w1-sprzedaz-hurtowa-vape","status":"publish","type":"product","link":"https:\/\/www.vape4wholesale.com\/pl\/product\/fizzy-smart-150k-15in1-disposale-vape-wholesale","title":{"rendered":"Fizzy Smart 150K 15w1 Jednorazowy Vape Hurtownia"},"content":{"rendered":"<p class=\"ds-markdown-paragraph\">The <a title=\"Fizzy\" href=\"\/pl\/product_brand\/gazowany\/\" target=\"_blank\" rel=\"noopener\">Fizzy<\/a> Jednorazowy waporyzator Smart 150K 15in1 stanowi prze\u0142om w technologii jednorazowych waporyzator\u00f3w, b\u0119d\u0105c pierwszym na \u015bwiecie inteligentnie sterowanym urz\u0105dzeniem wielosmakowym. Odchodz\u0105c od tradycyjnych metod mechanicznych, takich jak obracanie ustnik\u00f3w, Smart 150K wykorzystuje inteligentny system chip\u00f3w do elektronicznego zarz\u0105dzania i dostarczania smak\u00f3w z czterech niezale\u017cnych kapsu\u0142ek e-liquidu. Ta podstawowa innowacja pozwala na p\u0142ynne prze\u0142\u0105czanie mi\u0119dzy czterema podstawowymi smakami i umo\u017cliwia wyrafinowane mieszanie smak\u00f3w.<\/p>\n<p class=\"ds-markdown-paragraph\">Poza indywidualnymi smakami, urz\u0105dzenie odblokowuje bezprecedensow\u0105 gam\u0119 dozna\u0144 dzi\u0119ki inteligentnej kombinacji. U\u017cytkownicy mog\u0105 kreatywnie miesza\u0107 dowolne dwa lub trzy z czterech r\u00f3\u017cnych smak\u00f3w bazowych, aby stworzy\u0107 unikalne profile hybrydowe, lub aktywowa\u0107 wszystkie cztery kapsu\u0142ki jednocze\u015bnie, aby uzyska\u0107 z\u0142o\u017con\u0105 fuzj\u0119. Ta inteligentna funkcja mieszania przekszta\u0142ca cztery oryginalne smaki w \u0142\u0105cznie 15 mo\u017cliwych dozna\u0144 smakowych w jednym, kompaktowym urz\u0105dzeniu.<\/p>\n<p class=\"ds-markdown-paragraph\">Fizzy Smart 150K zosta\u0142 zaprojektowany z my\u015bl\u0105 o wyj\u0105tkowej pojemno\u015bci i wygodzie. Zapewnia on do 150 000 zaci\u0105gni\u0119\u0107 z 80 ml e-liquidu, zasilanego przez trwa\u0142y akumulator o pojemno\u015bci 1000 mAh z portem typu C. Urz\u0105dzenie jest wyposa\u017cone w wysokiej jako\u015bci cewk\u0119 siatkow\u0105 zapewniaj\u0105c\u0105 sp\u00f3jny smak i produkcj\u0119 pary, wy\u015bwietlacz LED informuj\u0105cy o stanie baterii i kapsu\u0142ki oraz jest dost\u0119pne w wersjach o mocy nikotyny 2% lub 5%. Ka\u017cda jednostka wa\u017cy 176 g i jest wydajnie zapakowana do sprzeda\u017cy detalicznej i wysy\u0142ki.<\/p>\n<h2 class=\"ds-markdown-paragraph\"><strong>Fizzy Smart 150K 15in1 Disposale Vape Rewolucyjny system smakowy<\/strong><\/h2>\n<ul>\n<li>\n<p class=\"ds-markdown-paragraph\"><strong>Cztery niezale\u017cne kapsu\u0142y:<\/strong>\u00a0Ka\u017cde urz\u0105dzenie zawiera cztery oddzielne kapsu\u0142ki, z kt\u00f3rych ka\u017cda jest wst\u0119pnie wype\u0142niona innym smakiem.<\/p>\n<\/li>\n<li>\n<p class=\"ds-markdown-paragraph\"><strong>Inteligentne prze\u0142\u0105czanie i mieszanie smak\u00f3w:<\/strong>\u00a0P\u0142ynnie prze\u0142\u0105czaj si\u0119 mi\u0119dzy czterema podstawowymi smakami lub odblokuj \u015bwiat z\u0142o\u017conych smak\u00f3w:<\/p>\n<ul>\n<li>\n<p class=\"ds-markdown-paragraph\">Mix\u00a0<strong>dowolne dwa<\/strong>\u00a0smak\u00f3w, aby stworzy\u0107 now\u0105 hybryd\u0119.<\/p>\n<\/li>\n<li>\n<p class=\"ds-markdown-paragraph\">Mieszanka\u00a0<strong>dowolne trzy<\/strong>\u00a0smaki zapewniaj\u0105ce wyrafinowany profil.<\/p>\n<\/li>\n<li>\n<p class=\"ds-markdown-paragraph\">Aktywuj wszystko\u00a0<strong>cztery smaki jednocze\u015bnie<\/strong>\u00a0dla wyj\u0105tkowego po\u0142\u0105czenia.<\/p>\n<\/li>\n<\/ul>\n<\/li>\n<li>\n<p class=\"ds-markdown-paragraph\"><strong>Ca\u0142kowite mo\u017cliwo\u015bci smakowe:<\/strong>\u00a0Ta inteligentna funkcja mieszania sprawia, \u017ce\u00a0<strong>15 r\u00f3\u017cnych dozna\u0144 smakowych w jednym urz\u0105dzeniu.<\/strong><\/p>\n<\/li>\n<\/ul>\n<h2 class=\"ds-markdown-paragraph\"><strong>Specyfikacja techniczna<\/strong><\/h2>\n<ul>\n<li class=\"ds-markdown-paragraph\">Liczba zaci\u0105gni\u0119\u0107: Do 150 000 zaci\u0105gni\u0119\u0107<\/li>\n<li class=\"ds-markdown-paragraph\">System aromat\u00f3w: 15 aromat\u00f3w w 1 urz\u0105dzeniu (dzi\u0119ki inteligentnemu mieszaniu)<\/li>\n<li class=\"ds-markdown-paragraph\">Cewka: wysokowydajna cewka siatkowa<\/li>\n<li class=\"ds-markdown-paragraph\">Pojemno\u015b\u0107 e-liquidu: \u0142\u0105cznie 80 ml<\/li>\n<li class=\"ds-markdown-paragraph\">Bateria: Zintegrowany akumulator o pojemno\u015bci 1000 mAh<\/li>\n<li class=\"ds-markdown-paragraph\">Moc nikotyny: Dost\u0119pne w opcjach 2% (20 mg) i 5% (50 mg).<\/li>\n<li class=\"ds-markdown-paragraph\">\u0141adowanie: Wygodny port USB typu C do \u0142adowania<\/li>\n<li class=\"ds-markdown-paragraph\">Wy\u015bwietlacz: Inteligentny wy\u015bwietlacz LED informuj\u0105cy o stanie baterii i kapsu\u0142y<\/li>\n<li class=\"ds-markdown-paragraph\">Waga produktu: 176 g na urz\u0105dzenie<\/li>\n<\/ul>\n<h2><strong>Dost\u0119pne smaki Fizzy Smart 150K 15in1 Disposale Vape (nowe smaki)<\/strong><\/h2>\n<p>1. Watermelon Ice &amp; Red Bull &amp; Strawberry Raspberry &amp; Triple Melon Ice<br \/>\n2. Strawberry Ice &amp; Kiwi Passion Fruit Guava &amp; Peach Mango Watermelon &amp; Grape Burst<br \/>\n3. Strawberry Kiwi Pomegranate &amp; Red Bull &amp; Blueberry Cranberry Cherry &amp; Pineapple Coconut<br \/>\n4. Strawberry Kiwi &amp; Mixed Berry &amp; Watermelon Bubblegum &amp; Juicy Peach<br \/>\n5. Sex On The Beach &amp; Strawberry Banana &amp; Blue Razz Lemonade &amp; Raspberry Watermelon<br \/>\n6. Tropical Fruit Punch &amp; Cherry Melon &amp; Blueberry Ice &amp; Strawberry Skittles<br \/>\n7. Love 66 &amp; Truskawka Kiwi &amp; Arbuz Jagoda &amp; Czarny L\u00f3d Smoczy Owoc Truskawka<br \/>\n8. Truskawka Malina &amp; Ananas Brzoskwinia Passion Fruit &amp; Fizzy Cola &amp; Monster Mango<br \/>\n9. Black Berry Raspberry &amp; Watermelon Cherry Ice &amp; Strawberry Grape &amp;Passion Fruit Orange Peach<br \/>\n10. Fizzy Cherry &amp; Strawberry Dragon Fruit &amp; Lemon Lime &amp; Coco Loco<br \/>\n11. Strawberry Vanilla Coke &amp; Pink Lemonade &amp; Watermelon Ice &amp; Cherry Berry<br \/>\n12. Blueberry Sour Raspberry &amp; Strawberry Watermelon &amp; Mojito &amp; Menthol Mint<\/p>\n<figure id=\"attachment_29100\" aria-describedby=\"caption-attachment-29100\" style=\"width: 800px\" class=\"wp-caption alignnone\"><img loading=\"lazy\" decoding=\"async\" class=\"wp-image-29100 size-full\" title=\"Fizzy Smart 150K 15in1 Jednorazowy Vape Hurtownia 1\" src=\"https:\/\/www.vape4wholesale.com\/wp-content\/uploads\/2026\/01\/Fizzy-Smart-150K-15in1-Disposable-Vape-Wholesale_1.webp\" alt=\"Fizzy Smart 150K 15in1 Jednorazowy Vape Hurtownia 1\" width=\"800\" height=\"800\" srcset=\"https:\/\/www.vape4wholesale.com\/wp-content\/uploads\/2026\/01\/Fizzy-Smart-150K-15in1-Disposable-Vape-Wholesale_1.webp 800w, https:\/\/www.vape4wholesale.com\/wp-content\/uploads\/2026\/01\/Fizzy-Smart-150K-15in1-Disposable-Vape-Wholesale_1-300x300.webp 300w, https:\/\/www.vape4wholesale.com\/wp-content\/uploads\/2026\/01\/Fizzy-Smart-150K-15in1-Disposable-Vape-Wholesale_1-150x150.webp 150w, https:\/\/www.vape4wholesale.com\/wp-content\/uploads\/2026\/01\/Fizzy-Smart-150K-15in1-Disposable-Vape-Wholesale_1-768x768.webp 768w, https:\/\/www.vape4wholesale.com\/wp-content\/uploads\/2026\/01\/Fizzy-Smart-150K-15in1-Disposable-Vape-Wholesale_1-12x12.webp 12w, https:\/\/www.vape4wholesale.com\/wp-content\/uploads\/2026\/01\/Fizzy-Smart-150K-15in1-Disposable-Vape-Wholesale_1-247x247.webp 247w, https:\/\/www.vape4wholesale.com\/wp-content\/uploads\/2026\/01\/Fizzy-Smart-150K-15in1-Disposable-Vape-Wholesale_1-510x510.webp 510w, https:\/\/www.vape4wholesale.com\/wp-content\/uploads\/2026\/01\/Fizzy-Smart-150K-15in1-Disposable-Vape-Wholesale_1-100x100.webp 100w\" sizes=\"auto, (max-width: 800px) 100vw, 800px\" \/><figcaption id=\"caption-attachment-29100\" class=\"wp-caption-text\">Fizzy Smart 150K 15in1 Jednorazowy Vape Hurtownia<\/figcaption><\/figure>\n<p><img loading=\"lazy\" decoding=\"async\" class=\"alignnone size-full wp-image-29105\" title=\"Fizzy Smart 150K 15w1 Jednorazowy Vape Hurt 6\" src=\"https:\/\/www.vape4wholesale.com\/wp-content\/uploads\/2026\/01\/Fizzy-Smart-150K-15in1-Disposable-Vape-Wholesale_6.webp\" alt=\"Fizzy Smart 150K 15w1 Jednorazowy Vape Hurt 6\" width=\"800\" height=\"800\" srcset=\"https:\/\/www.vape4wholesale.com\/wp-content\/uploads\/2026\/01\/Fizzy-Smart-150K-15in1-Disposable-Vape-Wholesale_6.webp 800w, https:\/\/www.vape4wholesale.com\/wp-content\/uploads\/2026\/01\/Fizzy-Smart-150K-15in1-Disposable-Vape-Wholesale_6-300x300.webp 300w, https:\/\/www.vape4wholesale.com\/wp-content\/uploads\/2026\/01\/Fizzy-Smart-150K-15in1-Disposable-Vape-Wholesale_6-150x150.webp 150w, https:\/\/www.vape4wholesale.com\/wp-content\/uploads\/2026\/01\/Fizzy-Smart-150K-15in1-Disposable-Vape-Wholesale_6-768x768.webp 768w, https:\/\/www.vape4wholesale.com\/wp-content\/uploads\/2026\/01\/Fizzy-Smart-150K-15in1-Disposable-Vape-Wholesale_6-12x12.webp 12w, https:\/\/www.vape4wholesale.com\/wp-content\/uploads\/2026\/01\/Fizzy-Smart-150K-15in1-Disposable-Vape-Wholesale_6-247x247.webp 247w, https:\/\/www.vape4wholesale.com\/wp-content\/uploads\/2026\/01\/Fizzy-Smart-150K-15in1-Disposable-Vape-Wholesale_6-510x510.webp 510w, https:\/\/www.vape4wholesale.com\/wp-content\/uploads\/2026\/01\/Fizzy-Smart-150K-15in1-Disposable-Vape-Wholesale_6-100x100.webp 100w\" sizes=\"auto, (max-width: 800px) 100vw, 800px\" \/><\/p>\n<h2>DLACZEGO MY?<\/h2>\r\n<ul>\r\n<li>Prawdziwe, godne zaufania i profesjonalne \u017ar\u00f3d\u0142o vape.<\/li>\r\n<li>Gwarancja oryginalno\u015bci 100%: Dostarczamy tylko oryginalne i oryginalne produkty, odmawiamy podrabiania.<\/li>\r\n<li>Gwarancja dostawy 100%: U\u017cywamy najlepszej metody wysy\u0142ki, aby zapewni\u0107, \u017ce otrzymasz zam\u00f3wienie 100%.<\/li>\r\n<li>Po wysy\u0142ce podamy numer przesy\u0142ki i etykiet\u0119 wysy\u0142kow\u0105 oraz b\u0119dziemy \u015bledzi\u0107 towary do momentu ich podpisania.<\/li>\r\n<li>Brak problem\u00f3w celnych, brak taryf<\/li>\r\n<\/ul>","protected":false},"excerpt":{"rendered":"<p><b><span style=\"color: #00a859;\">Darmowa dostawa<\/span>\u00a0z europejskiego magazynu, czas dostawy 7-15 dni roboczych.<\/b><\/p>\r\n<div class=\"wsppc_div_block woocommerce_before_add_to_cart_form\">\r\n<p><strong>Odprawa celna przed dostaw\u0105 i 100% Gwarancja Dostawy<\/strong><\/p>\r\n<\/div>","protected":false},"featured_media":29101,"comment_status":"open","ping_status":"closed","template":"","meta":[],"pwb-brand":[1268],"product_cat":[938],"product_tag":[948,1248,1296,22,24],"class_list":{"0":"post-29112","1":"product","2":"type-product","3":"status-publish","4":"has-post-thumbnail","6":"pwb-brand-fizzy","7":"product_cat-europe-warehouse","8":"product_tag-fizzy","9":"product_tag-150000-puffs","10":"product_tag-80-0ml","11":"product_tag-disposable","12":"product_tag-wholesale","13":"product_shipping_class-eu-warehouse","14":"wcpa_has_options","16":"first","17":"instock","18":"shipping-taxable","19":"purchasable","20":"product-type-variable"},"aioseo_notices":[],"brands":[{"id":1268,"name":"Fizzy","slug":"gazowany"}],"_links":{"self":[{"href":"https:\/\/www.vape4wholesale.com\/pl\/wp-json\/wp\/v2\/product\/29112","targetHints":{"allow":["GET"]}}],"collection":[{"href":"https:\/\/www.vape4wholesale.com\/pl\/wp-json\/wp\/v2\/product"}],"about":[{"href":"https:\/\/www.vape4wholesale.com\/pl\/wp-json\/wp\/v2\/types\/product"}],"replies":[{"embeddable":true,"href":"https:\/\/www.vape4wholesale.com\/pl\/wp-json\/wp\/v2\/comments?post=29112"}],"wp:featuredmedia":[{"embeddable":true,"href":"https:\/\/www.vape4wholesale.com\/pl\/wp-json\/wp\/v2\/media\/29101"}],"wp:attachment":[{"href":"https:\/\/www.vape4wholesale.com\/pl\/wp-json\/wp\/v2\/media?parent=29112"}],"wp:term":[{"taxonomy":"pwb-brand","embeddable":true,"href":"https:\/\/www.vape4wholesale.com\/pl\/wp-json\/wp\/v2\/pwb-brand?post=29112"},{"taxonomy":"product_cat","embeddable":true,"href":"https:\/\/www.vape4wholesale.com\/pl\/wp-json\/wp\/v2\/product_cat?post=29112"},{"taxonomy":"product_tag","embeddable":true,"href":"https:\/\/www.vape4wholesale.com\/pl\/wp-json\/wp\/v2\/product_tag?post=29112"}],"curies":[{"name":"wp","href":"https:\/\/api.w.org\/{rel}","templated":true}]}}