{"id":26299,"date":"2025-12-14T20:41:16","date_gmt":"2025-12-14T12:41:16","guid":{"rendered":"https:\/\/www.vape4wholesale.com\/?post_type=product&#038;p=26299"},"modified":"2026-04-07T11:04:33","modified_gmt":"2026-04-07T03:04:33","slug":"razz-bar-60k-jednorazowy-vape-hurtowo","status":"publish","type":"product","link":"https:\/\/www.vape4wholesale.com\/pl\/product\/razz-bar-60k-disposable-vape-wholesale","title":{"rendered":"Razz Bar 60K Jednorazowy vape hurtowo"},"content":{"rendered":"<p class=\"ds-markdown-paragraph\">w <a title=\"Razz Bar\" href=\"https:\/\/www.vape4wholesale.com\/pl\/product_brand\/razz-bar\/\" target=\"_blank\" rel=\"noopener\"><strong>Razz Bar<\/strong><\/a> 60K Puffs Crystal Disposable Vape to wysokiej klasy urz\u0105dzenie zaprojektowane, aby wyr\u00f3\u017cnia\u0107 si\u0119 na tle innych. Jego charakterystyczn\u0105 cech\u0105 jest elegancka, kryszta\u0142owa obudowa, kt\u00f3ra nadaje mu wyrafinowany wygl\u0105d i odr\u00f3\u017cnia go od zwyk\u0142ych vape'\u00f3w. Zaprojektowany z my\u015bl\u0105 o wyj\u0105tkowej wytrzyma\u0142o\u015bci, zapewnia a\u017c 60 000 zaci\u0105gni\u0119\u0107 dzi\u0119ki pojemnemu, wst\u0119pnie nape\u0142nionemu zbiornikowi na e-liquid o pojemno\u015bci 64 ml, gwarantuj\u0105c d\u0142ugotrwa\u0142\u0105 wydajno\u015b\u0107 i warto\u015b\u0107.<\/p>\n<p class=\"ds-markdown-paragraph\">Ciesz si\u0119 g\u0142adk\u0105, aromatyczn\u0105 par\u0105 zasilan\u0105 niezawodn\u0105 bateri\u0105 650 mAh z wygodnym \u0142adowaniem typu C i zaawansowan\u0105 cewk\u0105 siatkow\u0105. Technologia ta gwarantuje bogaty, sta\u0142y smak od pierwszego do ostatniego zaci\u0105gni\u0119cia. Aby zaspokoi\u0107 r\u00f3\u017cnorodne preferencje, Razz Bar oferuje wyb\u00f3r mocy soli nikotynowej 2% (20 mg) lub 5% (50 mg) oraz szerok\u0105 gam\u0119 16 starannie opracowanych smak\u00f3w \u2014 od popularnych mieszanek owocowych, takich jak jagoda i arbuz, po unikalne kompozycje, takie jak truskawka i wanilia z col\u0105.<\/p>\n<p class=\"ds-markdown-paragraph\">Ten jednorazowy vape, idealny dla sprzedawc\u00f3w detalicznych i dystrybutor\u00f3w, \u0142\u0105czy w sobie wysok\u0105 wydajno\u015b\u0107 z doskona\u0142\u0105 sprzeda\u017cno\u015bci\u0105. Jednolity, przezroczysty korpus jest ozdobiony stylowymi naklejkami odpowiadaj\u0105cymi poszczeg\u00f3lnym smakom, co nadaje mu elegancki wygl\u0105d. Razz Bar 60K Puffs Crystal Disposable Vape, dost\u0119pny w magazynach w UE, co zapewnia szybk\u0105 i bezproblemow\u0105 wysy\u0142k\u0119, jest niezawodnym produktem ciesz\u0105cym si\u0119 du\u017cym popytem, kt\u00f3ry wzbogaci Twoje zapasy i zadowoli szerokie grono klient\u00f3w.<\/p>\n<h2 class=\"ds-markdown-paragraph\">Razz Bar 60K Jednorazowy vape Szybkie informacje<\/h2>\n<ul>\n<li class=\"ds-markdown-paragraph\">Liczba zaci\u0105gni\u0119\u0107: do 60 000 zaci\u0105gni\u0119\u0107<\/li>\n<li class=\"ds-markdown-paragraph\">Pojemno\u015b\u0107 e-p\u0142ynu: 64 ml, zbiornik fabrycznie nape\u0142niony<\/li>\n<li class=\"ds-markdown-paragraph\">Bateria: 650 mAh, wielokrotnego \u0142adowania (\u0142adowanie typu C)<\/li>\n<li class=\"ds-markdown-paragraph\">Moc nikotyny: opcje 2% (20 mg) i 5% (50 mg)<\/li>\n<li class=\"ds-markdown-paragraph\">Technologia cewki: Zaawansowana cewka siatkowa zapewniaj\u0105ca \u0142agodny smak<\/li>\n<li class=\"ds-markdown-paragraph\">Konstrukcja: wysokiej jako\u015bci, bezszwowa obudowa przypominaj\u0105ca kryszta\u0142<\/li>\n<li class=\"ds-markdown-paragraph\">Zakres smak\u00f3w: 16 popularnych i wyj\u0105tkowych smak\u00f3w<\/li>\n<li class=\"ds-markdown-paragraph\">Lokalizacja magazynu: magazyn UE zapewniaj\u0105cy szybk\u0105 dostaw\u0119<\/li>\n<\/ul>\n<h2>Dost\u0119pne smaki<\/h2>\n<p>1. banan truskawkowy<\/p>\n<p>2. Soczysty l\u00f3d brzoskwiniowy<\/p>\n<p>3. Coco Loco<\/p>\n<p>4. Jagodowo-malinowy kwas<\/p>\n<p>5. Wata cukrowa<\/p>\n<p>6.Gummy Bear<\/p>\n<p>7. Jagoda i arbuz<\/p>\n<p>8. Cytryna, brzoskwinia, marakuja<\/p>\n<p>9. Czarny lodowy smok owoc truskawkowy<\/p>\n<p>10. Mieszanka jag\u00f3d<\/p>\n<p>11. Mi\u0142o\u015b\u0107 66<\/p>\n<p>12.Truskawka Kiwi<\/p>\n<p>13. Owoce tropikalne<\/p>\n<p>14. Truskawkowa cola waniliowa<\/p>\n<p>15. Cytryna i limonka<\/p>\n<p>16. Letni sen<\/p>\n<figure id=\"attachment_26298\" aria-describedby=\"caption-attachment-26298\" style=\"width: 800px\" class=\"wp-caption alignnone\"><img loading=\"lazy\" decoding=\"async\" class=\"size-full wp-image-26298\" title=\"Razz Bar 60K Jednorazowy vape\" src=\"https:\/\/www.vape4wholesale.com\/wp-content\/uploads\/2025\/12\/Razz-Bar-60K-Disposable-Vape.webp\" alt=\"Razz Bar 60K Jednorazowy vape\" width=\"800\" height=\"1055\" srcset=\"https:\/\/www.vape4wholesale.com\/wp-content\/uploads\/2025\/12\/Razz-Bar-60K-Disposable-Vape.webp 800w, https:\/\/www.vape4wholesale.com\/wp-content\/uploads\/2025\/12\/Razz-Bar-60K-Disposable-Vape-510x673.webp 510w, https:\/\/www.vape4wholesale.com\/wp-content\/uploads\/2025\/12\/Razz-Bar-60K-Disposable-Vape-227x300.webp 227w, https:\/\/www.vape4wholesale.com\/wp-content\/uploads\/2025\/12\/Razz-Bar-60K-Disposable-Vape-776x1024.webp 776w, https:\/\/www.vape4wholesale.com\/wp-content\/uploads\/2025\/12\/Razz-Bar-60K-Disposable-Vape-768x1013.webp 768w, https:\/\/www.vape4wholesale.com\/wp-content\/uploads\/2025\/12\/Razz-Bar-60K-Disposable-Vape-9x12.webp 9w, https:\/\/www.vape4wholesale.com\/wp-content\/uploads\/2025\/12\/Razz-Bar-60K-Disposable-Vape-64x84.webp 64w\" sizes=\"auto, (max-width: 800px) 100vw, 800px\" \/><figcaption id=\"caption-attachment-26298\" class=\"wp-caption-text\">Razz Bar 60K Jednorazowy vape<\/figcaption><\/figure>\n<p><img loading=\"lazy\" decoding=\"async\" class=\"size-full wp-image-26292\" title=\"Razz Bar 60K Jednorazowy vape hurtowo 1\" src=\"https:\/\/www.vape4wholesale.com\/wp-content\/uploads\/2025\/12\/Razz-Bar-60K-Disposable-Vape-Wholesale_1.webp\" alt=\"Razz Bar 60K Jednorazowy vape hurtowo 1\" width=\"800\" height=\"800\" srcset=\"https:\/\/www.vape4wholesale.com\/wp-content\/uploads\/2025\/12\/Razz-Bar-60K-Disposable-Vape-Wholesale_1.webp 800w, https:\/\/www.vape4wholesale.com\/wp-content\/uploads\/2025\/12\/Razz-Bar-60K-Disposable-Vape-Wholesale_1-247x247.webp 247w, https:\/\/www.vape4wholesale.com\/wp-content\/uploads\/2025\/12\/Razz-Bar-60K-Disposable-Vape-Wholesale_1-100x100.webp 100w, https:\/\/www.vape4wholesale.com\/wp-content\/uploads\/2025\/12\/Razz-Bar-60K-Disposable-Vape-Wholesale_1-510x510.webp 510w\" sizes=\"auto, (max-width: 800px) 100vw, 800px\" \/><\/p>\n<h2>DLACZEGO MY?<\/h2>\r\n<ul>\r\n<li>Prawdziwe, godne zaufania i profesjonalne \u017ar\u00f3d\u0142o vape.<\/li>\r\n<li>Gwarancja oryginalno\u015bci 100%: Dostarczamy tylko oryginalne i oryginalne produkty, odmawiamy podrabiania.<\/li>\r\n<li>Gwarancja dostawy 100%: U\u017cywamy najlepszej metody wysy\u0142ki, aby zapewni\u0107, \u017ce otrzymasz zam\u00f3wienie 100%.<\/li>\r\n<li>Po wysy\u0142ce podamy numer przesy\u0142ki i etykiet\u0119 wysy\u0142kow\u0105 oraz b\u0119dziemy \u015bledzi\u0107 towary do momentu ich podpisania.<\/li>\r\n<li>Brak problem\u00f3w celnych, brak taryf<\/li>\r\n<\/ul>","protected":false},"excerpt":{"rendered":"<p><b><span style=\"color: #00a859;\">Darmowa dostawa<\/span>\u00a0z europejskiego magazynu, czas dostawy 7-15 dni roboczych.<\/b><\/p>\r\n<div class=\"wsppc_div_block woocommerce_before_add_to_cart_form\">\r\n<p><strong>Odprawa celna przed dostaw\u0105 i 100% Gwarancja Dostawy<\/strong><\/p>\r\n<\/div>","protected":false},"featured_media":26292,"comment_status":"open","ping_status":"closed","template":"","meta":[],"pwb-brand":[1266],"product_cat":[938],"product_tag":[1209,1246,22,24,1114],"class_list":{"0":"post-26299","1":"product","2":"type-product","3":"status-publish","4":"has-post-thumbnail","6":"pwb-brand-razz-bar","7":"product_cat-europe-warehouse","8":"product_tag-razz-bar","9":"product_tag-64-0ml","10":"product_tag-disposable","11":"product_tag-wholesale","12":"product_tag-60000-puffs","13":"product_shipping_class-eu-warehouse","14":"wcpa_has_options","16":"first","17":"instock","18":"shipping-taxable","19":"purchasable","20":"product-type-variable"},"aioseo_notices":[],"brands":[{"id":1266,"name":"Razz Bar","slug":"razz-bar"}],"_links":{"self":[{"href":"https:\/\/www.vape4wholesale.com\/pl\/wp-json\/wp\/v2\/product\/26299","targetHints":{"allow":["GET"]}}],"collection":[{"href":"https:\/\/www.vape4wholesale.com\/pl\/wp-json\/wp\/v2\/product"}],"about":[{"href":"https:\/\/www.vape4wholesale.com\/pl\/wp-json\/wp\/v2\/types\/product"}],"replies":[{"embeddable":true,"href":"https:\/\/www.vape4wholesale.com\/pl\/wp-json\/wp\/v2\/comments?post=26299"}],"wp:featuredmedia":[{"embeddable":true,"href":"https:\/\/www.vape4wholesale.com\/pl\/wp-json\/wp\/v2\/media\/26292"}],"wp:attachment":[{"href":"https:\/\/www.vape4wholesale.com\/pl\/wp-json\/wp\/v2\/media?parent=26299"}],"wp:term":[{"taxonomy":"pwb-brand","embeddable":true,"href":"https:\/\/www.vape4wholesale.com\/pl\/wp-json\/wp\/v2\/pwb-brand?post=26299"},{"taxonomy":"product_cat","embeddable":true,"href":"https:\/\/www.vape4wholesale.com\/pl\/wp-json\/wp\/v2\/product_cat?post=26299"},{"taxonomy":"product_tag","embeddable":true,"href":"https:\/\/www.vape4wholesale.com\/pl\/wp-json\/wp\/v2\/product_tag?post=26299"}],"curies":[{"name":"wp","href":"https:\/\/api.w.org\/{rel}","templated":true}]}}