{"id":25336,"date":"2025-10-23T00:03:28","date_gmt":"2025-10-22T16:03:28","guid":{"rendered":"https:\/\/www.vape4wholesale.com\/?post_type=product&#038;p=25336"},"modified":"2026-02-23T03:11:20","modified_gmt":"2026-02-22T19:11:20","slug":"hurtownia-jednorazowych-vape-waspe-aiviou-6w1-150k","status":"publish","type":"product","link":"https:\/\/www.vape4wholesale.com\/pl\/product\/waspe-aiviou-6in1-150k-disposable-vape-wholesale","title":{"rendered":"Waspe Aiviou 6w1 150K Jednorazowy Vape Hurtownia"},"content":{"rendered":"<p class=\"ds-markdown-paragraph\">w <a title=\"Waspe\" href=\"https:\/\/www.vape4wholesale.com\/pl\/product_brand\/osa\/\" target=\"_blank\" rel=\"noopener\"><strong>Waspe<\/strong><\/a> Jednorazowe urz\u0105dzenie vape Aiviou 6in1 150K oferuje imponuj\u0105c\u0105 liczb\u0119 150 000 zaci\u0105gni\u0119\u0107. Ten system all-in-one jest wst\u0119pnie nape\u0142niony 64 ml e-liquidu i jest zasilany niezawodnym akumulatorem 650 mAh z wygodnym \u0142adowaniem Type-C. Jego przyjazna dla u\u017cytkownika konstrukcja jest wyposa\u017cona w czytelny wy\u015bwietlacz LED, kt\u00f3ry informuje o pozosta\u0142ej ilo\u015bci e-cieczy i mocy baterii, a wszystko to mie\u015bci si\u0119 w eleganckiej, przeno\u015bnej obudowie o wadze zaledwie 140 g.<\/p>\n<p class=\"ds-markdown-paragraph\">Cech\u0105 charakterystyczn\u0105 Aiviou jest rewolucyjny system aromatyzacji 6 w 1. Mie\u015bci on trzy niezale\u017cne cewki siatkowe 1,0ohm i kapsu\u0142ki z e-liquidem. Po prostu obracaj\u0105c ustnik, mo\u017cna p\u0142ynnie prze\u0142\u0105cza\u0107 si\u0119 mi\u0119dzy waporyzacj\u0105 z dowolnego pojedynczego kapsu\u0142ki w celu uzyskania czystego smaku lub z dowolnych dw\u00f3ch kapsu\u0142ek jednocze\u015bnie, aby stworzy\u0107 niestandardow\u0105 mieszank\u0119 smakow\u0105, oferuj\u0105c cykl sze\u015bciu r\u00f3\u017cnych tryb\u00f3w (A-AB-B-BC-C-CA).<\/p>\n<p class=\"ds-markdown-paragraph\">Zaprojektowany z my\u015bl\u0105 o doskona\u0142ych i d\u0142ugotrwa\u0142ych doznaniach, Waspe Aiviou \u0142\u0105czy wysok\u0105 pojemno\u015b\u0107 z innowacyjn\u0105 technologi\u0105. Wybierz preferowan\u0105 moc nikotyny (0%, 2% lub 5%) i ciesz si\u0119 sta\u0142\u0105, aromatyczn\u0105 produkcj\u0105 pary z potr\u00f3jnych cewek siatkowych. Urz\u0105dzenie to jest idealnym wyborem dla vaper\u00f3w poszukuj\u0105cych najwy\u017cszej wygody, ogromnej liczby zaci\u0105gni\u0119\u0107 i niesko\u0144czonych mo\u017cliwo\u015bci smakowych w jednym, wyrafinowanym opakowaniu.<\/p>\n<h2 class=\"ds-markdown-paragraph\"><strong>Najwa\u017cniejsze cechy Waspe Aiviou 6w1 150K<\/strong><\/h2>\n<ul>\n<li>Ogromne 150 000 zaci\u0105gni\u0119\u0107: Zaprojektowany z my\u015bl\u0105 o wyj\u0105tkowej trwa\u0142o\u015bci, eliminuj\u0105c potrzeb\u0119 cz\u0119stej wymiany.<\/li>\n<li>Rewolucyjny system aromat\u00f3w 6 w 1: Rdze\u0144 do\u015bwiadczenia Aiviou. Obrotowy ustnik umo\u017cliwia prze\u0142\u0105czanie mi\u0119dzy trzema indywidualnymi smakami lub \u0142\u0105czenie dowolnych dw\u00f3ch w celu uzyskania niestandardowej mieszanki. Cykl (A-AB-B-BC-C-CA) oferuje sze\u015b\u0107 r\u00f3\u017cnych tryb\u00f3w waporyzacji.<\/li>\n<li>Potr\u00f3jne niezale\u017cne kapsu\u0142ki: Zawiera trzy oddzielne cewki siatkowe 1,0ohm, ka\u017cda sparowana z w\u0142asn\u0105 komor\u0105 na e-ciecz.<\/li>\n<li>Du\u017ca pojemno\u015b\u0107 e-cieczy: Wst\u0119pnie nape\u0142niony 64 ml najwy\u017cszej jako\u015bci e-liquidu.<\/li>\n<li>Wiele opcji nikotyny: Dost\u0119pne w opcjach nikotyny 0%, 2% i 5%, aby dopasowa\u0107 je do swoich preferencji.<\/li>\n<li>Przyjazny dla u\u017cytkownika wy\u015bwietlacz LED: Wyra\u017anie monitoruje pozosta\u0142y poziom e-cieczy i \u017cywotno\u015b\u0107 baterii.<\/li>\n<li>Niezawodna bateria 650 mAh i \u0142adowanie przez port USB typu C: Wbudowany akumulator o pojemno\u015bci 650 mAh i nowoczesne \u0142adowanie USB typu C zapewniaj\u0105 szybkie i wygodne \u0142adowanie.<\/li>\n<\/ul>\n<h2 class=\"ds-markdown-paragraph\"><strong>Szybka specyfikacja<\/strong><\/h2>\n<ol>\n<li class=\"ds-markdown-paragraph\">Puffy: 150,000<\/li>\n<li class=\"ds-markdown-paragraph\">Cewka siatkowa: 1,0ohm x 3<\/li>\n<li class=\"ds-markdown-paragraph\">Ca\u0142kowita obj\u0119to\u015b\u0107 e-liquidu: 64 ml<\/li>\n<li class=\"ds-markdown-paragraph\">Nikotyna: 0% \/ 2% \/ 5%<\/li>\n<li class=\"ds-markdown-paragraph\">Bateria: 650 mAh (akumulator)<\/li>\n<li class=\"ds-markdown-paragraph\">Port \u0142adowania: Typ-C<\/li>\n<li class=\"ds-markdown-paragraph\">Wy\u015bwietlacz: LED dla E-liquidu i Baterii<\/li>\n<li class=\"ds-markdown-paragraph\">Waga produktu: 140g<\/li>\n<li class=\"ds-markdown-paragraph\">Rozmiar produktu: 53 x 46 x 138 mm<\/li>\n<\/ol>\n<h2 class=\"ds-markdown-paragraph\"><strong>Jak <\/strong><strong>Waspe Aiviou 6w1 150K <\/strong><strong>System dzia\u0142a<\/strong><\/h2>\n<p class=\"ds-markdown-paragraph\">Wystarczy obr\u00f3ci\u0107 ustnik, aby wybra\u0107 \u017c\u0105dany tryb. Mo\u017cesz waporyzowa\u0107 z dowolnego z trzech pojedynczych kapsu\u0142ek, aby uzyska\u0107 czysty smak, lub z kombinacji dw\u00f3ch kapsu\u0142ek, aby uzyska\u0107 unikalny, warstwowy smak. To p\u0142ynne prze\u0142\u0105czanie mi\u0119dzy trzema pojedynczymi i trzema podw\u00f3jnymi konfiguracjami kapsu\u0142ek zapewnia sze\u015b\u0107 r\u00f3\u017cnych dozna\u0144 (A, AB, B, BC, C, CA).<\/p>\n<h2><strong>Dost\u0119pne smaki<\/strong><\/h2>\n<ol>\n<li>Watermelon Ice &amp; Lemon Lime &amp; Lemon Peach<\/li>\n<li>Blueberry Ice &amp; Strawberry Kiwi &amp; Cherry Strawberry Ice<\/li>\n<li>Red Bull Ice &amp; Raspberry Pomp &amp; Sour Mango Strawberry<\/li>\n<li>Truskawkowy arbuz i soczysty l\u00f3d brzoskwiniowy oraz potr\u00f3jny l\u00f3d jagodowy<\/li>\n<li>Cherry Cola Ice &amp; Strawberry Red Bull Ice &amp; Watermelon Raspberry<\/li>\n<li>Grape Ice &amp; Blue Razz Cherry &amp; Strawberry Ice<\/li>\n<li>Mixed Berries &amp; Black Dragon Ice &amp; Strawberry Cherry Cola<\/li>\n<li>Fizzy Cola Ice &amp; Energy Drink &amp; Cherry Ice<\/li>\n<li>Truskawka Banan &amp; Kiwi Arbuz &amp; Kokos Truskawka<\/li>\n<li>Red Bull Cola Ice &amp; Strawberry Raspberry Cherry &amp; Blackberry Dragon Fruit<\/li>\n<li>Strawberry Watermelon Bubblegum &amp; Sour Mango Ice &amp; Strawberry Grape Ice<\/li>\n<li>Melon Passion Fruit &amp; Blackberry Ice &amp; Apple Kiwi<\/li>\n<\/ol>\n<h2><strong>Szczeg\u00f3\u0142y pakowania<\/strong><\/h2>\n<ul>\n<li>Waga produktu: 140 g\/szt.<\/li>\n<li>Rozmiar produktu: 53*46*138mm<\/li>\n<li>ILO\u015a\u0106: 160 sztuk\/szt., 10 sztuk\/pude\u0142ko<\/li>\n<li>G.W.: 23 kg<\/li>\n<\/ul>\n<figure id=\"attachment_25362\" aria-describedby=\"caption-attachment-25362\" style=\"width: 800px\" class=\"wp-caption alignnone\"><img loading=\"lazy\" decoding=\"async\" class=\"size-full wp-image-25362\" title=\"Waspe Aiviou 6w1 150K jednorazowy Vape #1\" src=\"https:\/\/www.vape4wholesale.com\/wp-content\/uploads\/2025\/10\/Waspe-Aiviou-6in1-150K-Disposable-Vape_1-1.webp\" alt=\"Waspe Aiviou 6w1 150K jednorazowy Vape #1\" width=\"800\" height=\"800\" srcset=\"https:\/\/www.vape4wholesale.com\/wp-content\/uploads\/2025\/10\/Waspe-Aiviou-6in1-150K-Disposable-Vape_1-1.webp 800w, https:\/\/www.vape4wholesale.com\/wp-content\/uploads\/2025\/10\/Waspe-Aiviou-6in1-150K-Disposable-Vape_1-1-247x247.webp 247w, https:\/\/www.vape4wholesale.com\/wp-content\/uploads\/2025\/10\/Waspe-Aiviou-6in1-150K-Disposable-Vape_1-1-100x100.webp 100w, https:\/\/www.vape4wholesale.com\/wp-content\/uploads\/2025\/10\/Waspe-Aiviou-6in1-150K-Disposable-Vape_1-1-510x510.webp 510w, https:\/\/www.vape4wholesale.com\/wp-content\/uploads\/2025\/10\/Waspe-Aiviou-6in1-150K-Disposable-Vape_1-1-300x300.webp 300w, https:\/\/www.vape4wholesale.com\/wp-content\/uploads\/2025\/10\/Waspe-Aiviou-6in1-150K-Disposable-Vape_1-1-150x150.webp 150w, https:\/\/www.vape4wholesale.com\/wp-content\/uploads\/2025\/10\/Waspe-Aiviou-6in1-150K-Disposable-Vape_1-1-768x768.webp 768w, https:\/\/www.vape4wholesale.com\/wp-content\/uploads\/2025\/10\/Waspe-Aiviou-6in1-150K-Disposable-Vape_1-1-12x12.webp 12w, https:\/\/www.vape4wholesale.com\/wp-content\/uploads\/2025\/10\/Waspe-Aiviou-6in1-150K-Disposable-Vape_1-1-64x64.webp 64w\" sizes=\"auto, (max-width: 800px) 100vw, 800px\" \/><figcaption id=\"caption-attachment-25362\" class=\"wp-caption-text\">Waspe Aiviou 6w1 150K Jednorazowy Vape Hurtownia<\/figcaption><\/figure>\n<h2>DLACZEGO MY?<\/h2>\r\n<ul>\r\n<li>Prawdziwe, godne zaufania i profesjonalne \u017ar\u00f3d\u0142o vape.<\/li>\r\n<li>Gwarancja oryginalno\u015bci 100%: Dostarczamy tylko oryginalne i oryginalne produkty, odmawiamy podrabiania.<\/li>\r\n<li>Gwarancja dostawy 100%: U\u017cywamy najlepszej metody wysy\u0142ki, aby zapewni\u0107, \u017ce otrzymasz zam\u00f3wienie 100%.<\/li>\r\n<li>Po wysy\u0142ce podamy numer przesy\u0142ki i etykiet\u0119 wysy\u0142kow\u0105 oraz b\u0119dziemy \u015bledzi\u0107 towary do momentu ich podpisania.<\/li>\r\n<li>Brak problem\u00f3w celnych, brak taryf<\/li>\r\n<\/ul>","protected":false},"excerpt":{"rendered":"<div class=\"wsppc_div_block woocommerce_before_add_to_cart_form\">\r\n<p><strong><span style=\"color: #00a859;\">Clear customs<\/span> before delivery &amp; 100% Delivery Guarantee, Delivery in 19~25 days around.\u00a0<\/strong><\/p>\r\n<\/div>","protected":false},"featured_media":25357,"comment_status":"open","ping_status":"closed","template":"","meta":[],"pwb-brand":[1272],"product_cat":[873],"product_tag":[999,1246,1248,22,24],"class_list":{"0":"post-25336","1":"product","2":"type-product","3":"status-publish","4":"has-post-thumbnail","6":"pwb-brand-waspe","7":"product_cat-above-20k-puffs","8":"product_tag-waspe","9":"product_tag-64-0ml","10":"product_tag-150000-puffs","11":"product_tag-disposable","12":"product_tag-wholesale","13":"wcpa_has_options","15":"first","16":"instock","17":"featured","18":"shipping-taxable","19":"purchasable","20":"product-type-variable"},"aioseo_notices":[],"brands":[{"id":1272,"name":"Waspe","slug":"osa"}],"_links":{"self":[{"href":"https:\/\/www.vape4wholesale.com\/pl\/wp-json\/wp\/v2\/product\/25336","targetHints":{"allow":["GET"]}}],"collection":[{"href":"https:\/\/www.vape4wholesale.com\/pl\/wp-json\/wp\/v2\/product"}],"about":[{"href":"https:\/\/www.vape4wholesale.com\/pl\/wp-json\/wp\/v2\/types\/product"}],"replies":[{"embeddable":true,"href":"https:\/\/www.vape4wholesale.com\/pl\/wp-json\/wp\/v2\/comments?post=25336"}],"wp:featuredmedia":[{"embeddable":true,"href":"https:\/\/www.vape4wholesale.com\/pl\/wp-json\/wp\/v2\/media\/25357"}],"wp:attachment":[{"href":"https:\/\/www.vape4wholesale.com\/pl\/wp-json\/wp\/v2\/media?parent=25336"}],"wp:term":[{"taxonomy":"pwb-brand","embeddable":true,"href":"https:\/\/www.vape4wholesale.com\/pl\/wp-json\/wp\/v2\/pwb-brand?post=25336"},{"taxonomy":"product_cat","embeddable":true,"href":"https:\/\/www.vape4wholesale.com\/pl\/wp-json\/wp\/v2\/product_cat?post=25336"},{"taxonomy":"product_tag","embeddable":true,"href":"https:\/\/www.vape4wholesale.com\/pl\/wp-json\/wp\/v2\/product_tag?post=25336"}],"curies":[{"name":"wp","href":"https:\/\/api.w.org\/{rel}","templated":true}]}}