{"id":25326,"date":"2025-10-22T21:57:30","date_gmt":"2025-10-22T13:57:30","guid":{"rendered":"https:\/\/www.vape4wholesale.com\/?post_type=product&#038;p=25326"},"modified":"2026-01-26T13:38:15","modified_gmt":"2026-01-26T13:38:15","slug":"fihp-multi-120k-6w1-jednorazowe-vape-hurtownia","status":"publish","type":"product","link":"https:\/\/www.vape4wholesale.com\/pl\/product\/fihp-multi-120k-6in1-disposable-vape-wholesale","title":{"rendered":"FIHP MULTI 120K 6w1 Jednorazowy Vape Hurtownia"},"content":{"rendered":"<p class=\"ds-markdown-paragraph\">The <a title=\"FIHP\" href=\"https:\/\/www.vape4wholesale.com\/pl\/product_brand\/fihp\/\" target=\"_blank\" rel=\"noopener\"><strong>FIHP<\/strong> <\/a>MULTI 120K 6in1 Disposable Vape na nowo definiuje wygod\u0119 i r\u00f3\u017cnorodno\u015b\u0107, oferuj\u0105c rewolucyjne do\u015bwiadczenie waporyzacji sze\u015b\u0107 w jednym w jednym urz\u0105dzeniu. Sercem tej innowacji jest prosta, ale genialna konstrukcja: obrotowy g\u00f3rny ustnik, kt\u00f3ry pozwala p\u0142ynnie prze\u0142\u0105cza\u0107 si\u0119 mi\u0119dzy sze\u015bcioma r\u00f3\u017cnymi smakami. Ka\u017cdy smak jest umieszczony we w\u0142asnym, niezale\u017cnym pojemniku z e-liquidem, co sprawia, \u017ce jest to prawdziwe urz\u0105dzenie o wielu smakach i idealny wyb\u00f3r dla wymagaj\u0105cych waper\u00f3w, kt\u00f3rzy nigdy nie chc\u0105 zadowoli\u0107 si\u0119 tylko jednym smakiem.<\/p>\n<p class=\"ds-markdown-paragraph\">Zaprojektowane z my\u015bl\u0105 o doskona\u0142ej wydajno\u015bci i d\u0142ugowieczno\u015bci, to pot\u0119\u017cne urz\u0105dzenie zapewnia imponuj\u0105ce 120 000 zaci\u0105gni\u0119\u0107, zasilane przez podw\u00f3jn\u0105 cewk\u0119 0,9ohm, kt\u00f3ra gwarantuje bogaty smak i niezmiennie g\u0119st\u0105 produkcj\u0119 pary. Jest on wype\u0142niony 64 ml wysokiej jako\u015bci e-cieczy, dost\u0119pnej w mocach nikotyny 2% lub 5%, w zale\u017cno\u015bci od preferencji. Zintegrowany akumulator o pojemno\u015bci 650 mAh, obs\u0142ugiwany przez nowoczesny port \u0142adowania typu C, zapewnia, \u017ce urz\u0105dzenie jest zawsze gotowe do u\u017cycia, a inteligentny wy\u015bwietlacz LED wygodnie informuje o poziomie na\u0142adowania baterii i poziomu e-cieczy.<\/p>\n<h2 class=\"ds-markdown-paragraph\"><strong>Kluczowe cechy FIHP MULTI 120K 6w1<\/strong><\/h2>\n<ul>\n<li>Rewolucyjny system 6 w 1: G\u0142\u00f3wna innowacja FIHP MULTI 120K. Urz\u0105dzenie posiada sze\u015b\u0107 niezale\u017cnych pojemnik\u00f3w na e-liquid. Bez wysi\u0142ku prze\u0142\u0105czaj si\u0119 mi\u0119dzy ulubionymi smakami, po prostu obracaj\u0105c g\u00f3rny ustnik. Jest to prawdziwe urz\u0105dzenie o wielu smakach, a nie tylko mieszany e-liquid.<\/li>\n<li>Ogromna liczba zaci\u0105gni\u0119\u0107: Ciesz si\u0119 d\u0142u\u017cszym do\u015bwiadczeniem waporyzacji dzi\u0119ki imponuj\u0105cej liczbie 120 000 zaci\u0105gni\u0119\u0107 z jednego urz\u0105dzenia.<\/li>\n<li>Podw\u00f3jna cewka siatkowa i wysokiej jako\u015bci e-p\u0142yn: Zasilany przez zaawansowan\u0105 cewk\u0119 Dual Mesh 0,9ohm, kt\u00f3ra zapewnia bogaty smak i g\u0119st\u0105 produkcj\u0119 pary z 64 ml wysokiej jako\u015bci e-cieczy.<\/li>\n<li>Akumulator 650 mAh: Obs\u0142ugiwany przez niezawodny port \u0142adowania typu C do szybkiego i wygodnego \u0142adowania.<\/li>\n<li>Inteligentny wy\u015bwietlacz LED: Monitoruj \u017cywotno\u015b\u0107 baterii i poziom e-liquidu na pierwszy rzut oka, aby nie martwi\u0107 si\u0119 o waporyzacj\u0119.<\/li>\n<li>R\u00f3\u017cne st\u0119\u017cenia nikotyny: Dost\u0119pne w wersjach z nikotyn\u0105 2% (20 mg) i 5% (50 mg), w zale\u017cno\u015bci od preferencji.<\/li>\n<\/ul>\n<h2 class=\"ds-markdown-paragraph\"><strong>Szybka specyfikacja<\/strong><\/h2>\n<ul>\n<li>Wsparcie Puffs: 120 000<\/li>\n<li>Smaki: wiele smak\u00f3w 6 w 1 (za pomoc\u0105 obrotowego ustnika)<\/li>\n<li>Cewka: Dual Mesh, 0,9ohm<\/li>\n<li>Pojemno\u015b\u0107 e-liquidu: 64 ml (w 6 oddzielnych kapsu\u0142kach)<\/li>\n<li>Moc nikotyny: 2% lub 5%<\/li>\n<li>Bateria: 650 mAh (akumulator)<\/li>\n<li>Port \u0142adowania: Type-C<\/li>\n<li>Wy\u015bwietlacz: Wska\u017anik LED baterii i e-cieczy<\/li>\n<li>Rozmiar produktu: 44 x 44 x 112 mm<\/li>\n<\/ul>\n<h2 class=\"ds-markdown-paragraph\"><strong>FIHP MULTI 120K 6in1 Dost\u0119pne smaki<\/strong><\/h2>\n<p>01# Watermelon Ice \/ Red Bull \/ Strawberry Kiwi \/ Blueberry Ice \/ Lemon Lime \/ Strawberry Watermelon<\/p>\n<p>02# Truskawka \/ Banan \/ Podw\u00f3jne jab\u0142ko \/ Malina \/ Arbuz \/ Kwa\u015bne mango \/ Ananas \/ Owoce tropikalne \/ Cytryna \/ Brzoskwinia<\/p>\n<p>03# Ananasowo-kokosowy \/ Blue Razz \/ Mixed Berries \/ Mango Peach \/ Jagodowo-malinowy \/ Truskawkowo-waniliowy z col\u0105<\/p>\n<p>04# Peach Berry \/ Triple Melon \/ Grape Ice \/ Black Dragon Ice \/ Fizzy Cherry Ice \/ Gummy Bear<\/p>\n<p>05# Rainbow Candy \/ Cherry Cola Ice \/ Love 666 \/ Mango Ice \/ Blueberry Cotton Candy \/ Peach Ice<\/p>\n<p>06# Aloe Lychee Ice \/ Pink Lemon \/ Glacier Ice \/ Pine Needle Mint \/ Black Currant Ice \/ Watermelon Lemon<\/p>\n<h2 class=\"ds-markdown-paragraph\"><strong>Szczeg\u00f3\u0142y pakowania<\/strong><\/h2>\n<p>1 sztuka\/pojedyncze pude\u0142ko<br \/>\n10 sztuk\/pude\u0142ko ekspozycyjne<br \/>\n160 sztuk\/karton 540 x 440 x 260 mm<br \/>\n27 kg\/karton<\/p>\n<figure id=\"attachment_25327\" aria-describedby=\"caption-attachment-25327\" style=\"width: 1000px\" class=\"wp-caption alignnone\"><img loading=\"lazy\" decoding=\"async\" class=\"wp-image-25327 size-full\" title=\"FIHP MULTI 120K 6w1 Jednorazowy Vape Hurtownia\" src=\"https:\/\/www.vape4wholesale.com\/wp-content\/uploads\/2025\/10\/FIHP-MULTI-12K-6in1-Disposable-Vape-Wholesale.webp\" alt=\"FIHP MULTI 120K 6w1 Jednorazowy Vape Hurtownia\" width=\"1000\" height=\"767\" srcset=\"https:\/\/www.vape4wholesale.com\/wp-content\/uploads\/2025\/10\/FIHP-MULTI-12K-6in1-Disposable-Vape-Wholesale.webp 1000w, https:\/\/www.vape4wholesale.com\/wp-content\/uploads\/2025\/10\/FIHP-MULTI-12K-6in1-Disposable-Vape-Wholesale-510x391.webp 510w, https:\/\/www.vape4wholesale.com\/wp-content\/uploads\/2025\/10\/FIHP-MULTI-12K-6in1-Disposable-Vape-Wholesale-300x230.webp 300w, https:\/\/www.vape4wholesale.com\/wp-content\/uploads\/2025\/10\/FIHP-MULTI-12K-6in1-Disposable-Vape-Wholesale-768x589.webp 768w, https:\/\/www.vape4wholesale.com\/wp-content\/uploads\/2025\/10\/FIHP-MULTI-12K-6in1-Disposable-Vape-Wholesale-16x12.webp 16w, https:\/\/www.vape4wholesale.com\/wp-content\/uploads\/2025\/10\/FIHP-MULTI-12K-6in1-Disposable-Vape-Wholesale-64x49.webp 64w\" sizes=\"auto, (max-width: 1000px) 100vw, 1000px\" \/><figcaption id=\"caption-attachment-25327\" class=\"wp-caption-text\">FIHP MULTI 120K 6w1 Jednorazowy Vape Hurtownia<\/figcaption><\/figure>\n<h2>DLACZEGO MY?<\/h2>\r\n<ul>\r\n<li>Prawdziwe, godne zaufania i profesjonalne \u017ar\u00f3d\u0142o vape.<\/li>\r\n<li>Gwarancja oryginalno\u015bci 100%: Dostarczamy tylko oryginalne i oryginalne produkty, odmawiamy podrabiania.<\/li>\r\n<li>Gwarancja dostawy 100%: U\u017cywamy najlepszej metody wysy\u0142ki, aby zapewni\u0107, \u017ce otrzymasz zam\u00f3wienie 100%.<\/li>\r\n<li>Po wysy\u0142ce podamy numer przesy\u0142ki i etykiet\u0119 wysy\u0142kow\u0105 oraz b\u0119dziemy \u015bledzi\u0107 towary do momentu ich podpisania.<\/li>\r\n<li>Brak problem\u00f3w celnych, brak taryf<\/li>\r\n<\/ul>","protected":false},"excerpt":{"rendered":"<div class=\"wsppc_div_block woocommerce_before_add_to_cart_form\">\r\n<p><strong><span style=\"color: #00a859;\">Clear customs<\/span> before delivery &amp; 100% Delivery Guarantee, Delivery in 19~25 days around.\u00a0<\/strong><\/p>\r\n<\/div>","protected":false},"featured_media":25325,"comment_status":"open","ping_status":"closed","template":"","meta":[],"pwb-brand":[1279],"product_cat":[873],"product_tag":[1246,22,24,878,1219],"class_list":{"0":"post-25326","1":"product","2":"type-product","3":"status-publish","4":"has-post-thumbnail","6":"pwb-brand-fihp","7":"product_cat-above-20k-puffs","8":"product_tag-64-0ml","9":"product_tag-disposable","10":"product_tag-wholesale","11":"product_tag-fihp","12":"product_tag-120000-puffs","13":"wcpa_has_options","15":"first","16":"instock","17":"shipping-taxable","18":"purchasable","19":"product-type-variable"},"aioseo_notices":[],"brands":[{"id":1279,"name":"FIHP","slug":"fihp"}],"_links":{"self":[{"href":"https:\/\/www.vape4wholesale.com\/pl\/wp-json\/wp\/v2\/product\/25326","targetHints":{"allow":["GET"]}}],"collection":[{"href":"https:\/\/www.vape4wholesale.com\/pl\/wp-json\/wp\/v2\/product"}],"about":[{"href":"https:\/\/www.vape4wholesale.com\/pl\/wp-json\/wp\/v2\/types\/product"}],"replies":[{"embeddable":true,"href":"https:\/\/www.vape4wholesale.com\/pl\/wp-json\/wp\/v2\/comments?post=25326"}],"wp:featuredmedia":[{"embeddable":true,"href":"https:\/\/www.vape4wholesale.com\/pl\/wp-json\/wp\/v2\/media\/25325"}],"wp:attachment":[{"href":"https:\/\/www.vape4wholesale.com\/pl\/wp-json\/wp\/v2\/media?parent=25326"}],"wp:term":[{"taxonomy":"pwb-brand","embeddable":true,"href":"https:\/\/www.vape4wholesale.com\/pl\/wp-json\/wp\/v2\/pwb-brand?post=25326"},{"taxonomy":"product_cat","embeddable":true,"href":"https:\/\/www.vape4wholesale.com\/pl\/wp-json\/wp\/v2\/product_cat?post=25326"},{"taxonomy":"product_tag","embeddable":true,"href":"https:\/\/www.vape4wholesale.com\/pl\/wp-json\/wp\/v2\/product_tag?post=25326"}],"curies":[{"name":"wp","href":"https:\/\/api.w.org\/{rel}","templated":true}]}}