{"id":25297,"date":"2025-10-22T20:54:47","date_gmt":"2025-10-22T12:54:47","guid":{"rendered":"https:\/\/www.vape4wholesale.com\/?post_type=product&#038;p=25297"},"modified":"2026-01-26T13:38:20","modified_gmt":"2026-01-26T13:38:20","slug":"fihp-60000-3w1-potrojne-smaki-jednorazowe-vape-hurtownia","status":"publish","type":"product","link":"https:\/\/www.vape4wholesale.com\/pl\/product\/fihp-60000-3in1-triple-flavors-disposable-vape-wholesale","title":{"rendered":"FIHP 60000 3w1 Potr\u00f3jne Smaki Jednorazowe Vape Hurtownia"},"content":{"rendered":"<p class=\"ds-markdown-paragraph\">The <a title=\"FIHP\" href=\"https:\/\/www.vape4wholesale.com\/pl\/product_brand\/fihp\/\" target=\"_blank\" rel=\"noopener\"><strong>FIHP<\/strong><\/a> Jednorazowy waporyzator 60000 3in1 Triple Flavors ustanawia nowy standard d\u0142ugowieczno\u015bci i smaku, zapewniaj\u0105c niezr\u00f3wnane 60 000 zaci\u0105gni\u0119\u0107 z jednego urz\u0105dzenia. Jest on wst\u0119pnie nape\u0142niony ogromn\u0105 ilo\u015bci\u0105 54 ml e-liquidu, dost\u0119pnego do wyboru o mocy nikotyny 2% lub 5%. Sercem tego do\u015bwiadczenia jest zaawansowana cewka Dual Mesh Coil (0,9ohm), kt\u00f3ra fachowo odparowuje unikalny e-liquid Triple Flavor, wytwarzaj\u0105c bogat\u0105, z\u0142o\u017con\u0105 i niezmiennie satysfakcjonuj\u0105c\u0105 par\u0119 od pocz\u0105tku do ko\u0144ca.<\/p>\n<p class=\"ds-markdown-paragraph\">Zaprojektowane z my\u015bl\u0105 o najwy\u017cszej wygodzie i wydajno\u015bci, urz\u0105dzenie jest wyposa\u017cone w solidny akumulator o pojemno\u015bci 650 mAh i nowoczesny port \u0142adowania typu C, zapewniaj\u0105c zasilanie zawsze, gdy go potrzebujesz. Zintegrowany wy\u015bwietlacz LED zapewnia wyra\u017an\u0105 kontrol\u0119 poziomu na\u0142adowania baterii w czasie rzeczywistym, dzi\u0119ki czemu nigdy nie zostaniesz zaskoczony. Elegancka i ergonomiczna konstrukcja o wymiarach 42 * 42 * 110 mm sprawia, \u017ce jest on niezwykle przeno\u015bny, a jednocze\u015bnie wystarczaj\u0105co mocny, aby by\u0107 towarzyszem waporyzacji przez ca\u0142y dzie\u0144.<\/p>\n<h2 class=\"ds-markdown-paragraph\"><strong>Kluczowe cechy FIHP 60000 3w1 Triple Flavors Vape<\/strong><\/h2>\n<ul>\n<li class=\"ds-markdown-paragraph\">Ogromne 60 000 zaci\u0105gni\u0119\u0107: Zaprojektowany z my\u015bl\u0105 o ekstremalnej trwa\u0142o\u015bci, eliminuj\u0105c potrzeb\u0119 cz\u0119stej wymiany.<\/li>\n<li class=\"ds-markdown-paragraph\">Potr\u00f3jne doznania smakowe: Ciesz si\u0119 dynamicznym i z\u0142o\u017conym profilem smakowym, kt\u00f3ry zmienia si\u0119 z ka\u017cdym zaci\u0105gni\u0119ciem.<\/li>\n<li class=\"ds-markdown-paragraph\">Technologia podw\u00f3jnej cewki siatkowej (0,9ohm): Nasza zaawansowana cewka z podw\u00f3jn\u0105 siatk\u0105 zapewnia szybsze nagrzewanie, bogatszy smak i g\u0119stsz\u0105 produkcj\u0119 pary.<\/li>\n<li class=\"ds-markdown-paragraph\">Du\u017cy, nape\u0142niony e-p\u0142yn o pojemno\u015bci 54 ml: Wst\u0119pnie nape\u0142niony 54 ml wysokiej jako\u015bci e-p\u0142ynu ze s\u0142on\u0105 nikotyn\u0105. Do wyboru moc nikotyny 2% lub 5%.<\/li>\n<li class=\"ds-markdown-paragraph\">Zintegrowana bateria 650 mAh: Zapewnia wystarczaj\u0105c\u0105 moc na ca\u0142y okres u\u017cytkowania urz\u0105dzenia.<\/li>\n<li class=\"ds-markdown-paragraph\">Szybkie \u0142adowanie typu C: Szybki powr\u00f3t do wapowania dzi\u0119ki nowoczesnemu portowi \u0142adowania USB typu C.<\/li>\n<li class=\"ds-markdown-paragraph\">Czytelny wy\u015bwietlacz LED: \u0141atwe monitorowanie poziomu na\u0142adowania baterii bez niespodzianek.<\/li>\n<\/ul>\n<h2><strong>Szybka specyfikacja produktu<\/strong><\/h2>\n<p>Pojemno\u015b\u0107 dmuchawy: Oko\u0142o 60 000 zaci\u0105gni\u0119\u0107<br \/>\nPojemno\u015b\u0107 e-cieczy: 54 ml (wst\u0119pnie nape\u0142niona)<br \/>\nMoc nikotyny: 2% lub 5%<br \/>\nBateria: akumulator 650 mAh<br \/>\nPort \u0142adowania: Typ-C<br \/>\nCewka: Podw\u00f3jna cewka siatkowa, 0,9ohm<br \/>\nWy\u015bwietlacz: Wska\u017anik baterii LED<br \/>\nWymiary produktu: 42 x 42 x 110 mm<br \/>\nSmak: Triple Flavor<br \/>\nInformacje o wysy\u0142ce (dla hurtownik\u00f3w):<br \/>\nRozmiar kartonu: 470 x 390 x 260 mm<br \/>\nIlo\u015b\u0107 w kartonie: 160 szt.<br \/>\nWaga brutto w kartonie: 21,5 kg<\/p>\n<h2 class=\"ds-markdown-paragraph\"><strong>FIHP 60000 3w1 Dost\u0119pne potr\u00f3jne smaki<\/strong><\/h2>\n<p>01# Watermelon Ice &amp; Red Bull &amp; Strawberry Kiwi<br \/>\n02# Cytrynowo-limonkowo-truskawkowo-arbuzowo-bor\u00f3wkowy l\u00f3d<br \/>\n03# Banan truskawkowy &amp; Podw\u00f3jne jab\u0142ko &amp; Arbuz malinowy<br \/>\n04# Truskawka Kiwi &amp; Kwa\u015bne Mango Ananas &amp; Red Bull<br \/>\n05# Owoce tropikalne i truskawka Arbuz i cytryna Brzoskwinia<br \/>\n06# Pineapple Coconut &amp; Blue Razz &amp; Strawberry Banana<br \/>\n07# Truskawka Malina &amp; Potr\u00f3jny Melon &amp; Kwa\u015bne Mango Ananas<br \/>\n08# Mieszane jagody i malina Arbuz i mango Brzoskwinia<br \/>\n09# Blueberry Raspberry &amp; Strawberry Vanilla Coke &amp; Lemon Lime<br \/>\n10# Watermelon Ice &amp; Peach Berry &amp; Triple Melon<\/p>\n<h2><strong>Szczeg\u00f3\u0142y pakowania<\/strong><\/h2>\n<p>1 sztuka\/pojedyncze pude\u0142ko<br \/>\n10 sztuk\/pude\u0142ko ekspozycyjne<br \/>\n160 sztuk\/karton (rozmiar kartonu: 470 x 390 x 260 mm)<br \/>\nWaga brutto w kartonie: 21,5 kg<\/p>\n<figure id=\"attachment_25311\" aria-describedby=\"caption-attachment-25311\" style=\"width: 800px\" class=\"wp-caption alignnone\"><img loading=\"lazy\" decoding=\"async\" class=\"wp-image-25311 size-full\" title=\"FIHP 60000 3w1 Potr\u00f3jne Smaki Jednorazowe Vape 1\" src=\"https:\/\/www.vape4wholesale.com\/wp-content\/uploads\/2025\/10\/FIHP-60000-3in1-Triple-Flavors-Disposable-Vape_1.webp\" alt=\"FIHP 60000 3w1 Potr\u00f3jne Smaki Jednorazowe Vape 1\" width=\"800\" height=\"800\" srcset=\"https:\/\/www.vape4wholesale.com\/wp-content\/uploads\/2025\/10\/FIHP-60000-3in1-Triple-Flavors-Disposable-Vape_1.webp 800w, https:\/\/www.vape4wholesale.com\/wp-content\/uploads\/2025\/10\/FIHP-60000-3in1-Triple-Flavors-Disposable-Vape_1-247x247.webp 247w, https:\/\/www.vape4wholesale.com\/wp-content\/uploads\/2025\/10\/FIHP-60000-3in1-Triple-Flavors-Disposable-Vape_1-100x100.webp 100w, https:\/\/www.vape4wholesale.com\/wp-content\/uploads\/2025\/10\/FIHP-60000-3in1-Triple-Flavors-Disposable-Vape_1-510x510.webp 510w, https:\/\/www.vape4wholesale.com\/wp-content\/uploads\/2025\/10\/FIHP-60000-3in1-Triple-Flavors-Disposable-Vape_1-300x300.webp 300w, https:\/\/www.vape4wholesale.com\/wp-content\/uploads\/2025\/10\/FIHP-60000-3in1-Triple-Flavors-Disposable-Vape_1-150x150.webp 150w, https:\/\/www.vape4wholesale.com\/wp-content\/uploads\/2025\/10\/FIHP-60000-3in1-Triple-Flavors-Disposable-Vape_1-768x768.webp 768w, https:\/\/www.vape4wholesale.com\/wp-content\/uploads\/2025\/10\/FIHP-60000-3in1-Triple-Flavors-Disposable-Vape_1-12x12.webp 12w, https:\/\/www.vape4wholesale.com\/wp-content\/uploads\/2025\/10\/FIHP-60000-3in1-Triple-Flavors-Disposable-Vape_1-64x64.webp 64w\" sizes=\"auto, (max-width: 800px) 100vw, 800px\" \/><figcaption id=\"caption-attachment-25311\" class=\"wp-caption-text\">FIHP 60000 3w1 Triple Flavors Vape jednorazowego u\u017cytku<\/figcaption><\/figure>\n<h2>DLACZEGO MY?<\/h2>\r\n<ul>\r\n<li>Prawdziwe, godne zaufania i profesjonalne \u017ar\u00f3d\u0142o vape.<\/li>\r\n<li>Gwarancja oryginalno\u015bci 100%: Dostarczamy tylko oryginalne i oryginalne produkty, odmawiamy podrabiania.<\/li>\r\n<li>Gwarancja dostawy 100%: U\u017cywamy najlepszej metody wysy\u0142ki, aby zapewni\u0107, \u017ce otrzymasz zam\u00f3wienie 100%.<\/li>\r\n<li>Po wysy\u0142ce podamy numer przesy\u0142ki i etykiet\u0119 wysy\u0142kow\u0105 oraz b\u0119dziemy \u015bledzi\u0107 towary do momentu ich podpisania.<\/li>\r\n<li>Brak problem\u00f3w celnych, brak taryf<\/li>\r\n<\/ul>","protected":false},"excerpt":{"rendered":"<div class=\"wsppc_div_block woocommerce_before_add_to_cart_form\">\r\n<p><strong><span style=\"color: #00a859;\">Clear customs<\/span> before delivery &amp; 100% Delivery Guarantee, Delivery in 19~25 days around.\u00a0<\/strong><\/p>\r\n<\/div>","protected":false},"featured_media":25316,"comment_status":"open","ping_status":"closed","template":"","meta":[],"pwb-brand":[1279],"product_cat":[873],"product_tag":[878,1114,1115,22,24],"class_list":{"0":"post-25297","1":"product","2":"type-product","3":"status-publish","4":"has-post-thumbnail","6":"pwb-brand-fihp","7":"product_cat-above-20k-puffs","8":"product_tag-fihp","9":"product_tag-60000-puffs","10":"product_tag-54-0ml","11":"product_tag-disposable","12":"product_tag-wholesale","13":"wcpa_has_options","15":"first","16":"instock","17":"shipping-taxable","18":"purchasable","19":"product-type-variable"},"aioseo_notices":[],"brands":[{"id":1279,"name":"FIHP","slug":"fihp"}],"_links":{"self":[{"href":"https:\/\/www.vape4wholesale.com\/pl\/wp-json\/wp\/v2\/product\/25297","targetHints":{"allow":["GET"]}}],"collection":[{"href":"https:\/\/www.vape4wholesale.com\/pl\/wp-json\/wp\/v2\/product"}],"about":[{"href":"https:\/\/www.vape4wholesale.com\/pl\/wp-json\/wp\/v2\/types\/product"}],"replies":[{"embeddable":true,"href":"https:\/\/www.vape4wholesale.com\/pl\/wp-json\/wp\/v2\/comments?post=25297"}],"wp:featuredmedia":[{"embeddable":true,"href":"https:\/\/www.vape4wholesale.com\/pl\/wp-json\/wp\/v2\/media\/25316"}],"wp:attachment":[{"href":"https:\/\/www.vape4wholesale.com\/pl\/wp-json\/wp\/v2\/media?parent=25297"}],"wp:term":[{"taxonomy":"pwb-brand","embeddable":true,"href":"https:\/\/www.vape4wholesale.com\/pl\/wp-json\/wp\/v2\/pwb-brand?post=25297"},{"taxonomy":"product_cat","embeddable":true,"href":"https:\/\/www.vape4wholesale.com\/pl\/wp-json\/wp\/v2\/product_cat?post=25297"},{"taxonomy":"product_tag","embeddable":true,"href":"https:\/\/www.vape4wholesale.com\/pl\/wp-json\/wp\/v2\/product_tag?post=25297"}],"curies":[{"name":"wp","href":"https:\/\/api.w.org\/{rel}","templated":true}]}}