{"id":25248,"date":"2025-10-21T23:39:42","date_gmt":"2025-10-21T15:39:42","guid":{"rendered":"https:\/\/www.vape4wholesale.com\/?post_type=product&#038;p=25248"},"modified":"2026-01-26T13:38:22","modified_gmt":"2026-01-26T13:38:22","slug":"fumot-tornado-35k-hurtownia-vape-jednorazowego-uzytku","status":"publish","type":"product","link":"https:\/\/www.vape4wholesale.com\/pl\/product\/fumot-tornado-35k-disposable-vape-wholesale","title":{"rendered":"Fumot Tornado 35K Jednorazowy Vape Hurtownia"},"content":{"rendered":"<p class=\"ds-markdown-paragraph\">The <a title=\"Fumot\" href=\"https:\/\/www.vape4wholesale.com\/pl\/product_brand\/fumot\/\" target=\"_blank\" rel=\"noopener\"><strong>Fumot<\/strong> <\/a>Tornado 35K, zaprojektowany przez Randm, na nowo definiuje wygod\u0119 dzi\u0119ki innowacyjnemu inteligentnemu ekranowi - funkcji rzadko spotykanej w jednorazowych waporyzatorach. Ten intuicyjny wy\u015bwietlacz zapewnia monitorowanie w czasie rzeczywistym poziomu oleju w e-liquidzie i poziomu na\u0142adowania baterii, dzi\u0119ki czemu zawsze jeste\u015b na bie\u017c\u0105co. Opr\u00f3cz inteligentnej funkcjonalno\u015bci, oferuje on spersonalizowane wra\u017cenia sensoryczne dzi\u0119ki dynamicznym \u015bwiat\u0142om RGB, kt\u00f3re zmieniaj\u0105 si\u0119 cyklicznie w pi\u0119ciu r\u00f3\u017cnych kolorach i efektach.<\/p>\n<p class=\"ds-markdown-paragraph\">Sercem jego wydajno\u015bci jest zaawansowana technologia podw\u00f3jnej cewki 1,2\u03a9, kt\u00f3ra gwarantuje r\u00f3wnomierne ogrzewanie dla niezmiennie bogatego smaku i g\u0119stej pary od pierwszego do ostatniego zaci\u0105gni\u0119cia. Wbudowany akumulator o pojemno\u015bci 700 mAh, wspierany przez nowoczesne \u0142adowanie typu C, zapewnia szybkie i wygodne \u0142adowanie. To po\u0142\u0105czenie zapewnia zar\u00f3wno wyj\u0105tkowy smak, jak i niezawodn\u0105, d\u0142ugotrwa\u0142\u0105 moc.<\/p>\n<p class=\"ds-markdown-paragraph\">Zaspokajaj\u0105c wszystkie preferencje, Tornado 35K jest dost\u0119pny w imponuj\u0105cej gamie 38 urzekaj\u0105cych smak\u00f3w. Aby jeszcze bardziej spersonalizowa\u0107 swoj\u0105 sesj\u0119 waporyzacji, mo\u017cesz wybra\u0107 jedn\u0105 z dw\u00f3ch opcji st\u0119\u017cenia soli nikotyny: 2% i 5%. To urz\u0105dzenie w mistrzowski spos\u00f3b \u0142\u0105czy najnowocze\u015bniejsz\u0105 technologi\u0119 z szerokim wyborem, dzi\u0119ki czemu jest idealnym rozwi\u0105zaniem do waporyzacji typu \"wszystko w jednym\".<\/p>\n<h2 class=\"ds-markdown-paragraph\"><strong>Najwa\u017cniejsze cechy Fumot Tornado 35K<\/strong><\/h2>\n<ul>\n<li>\n<p class=\"ds-markdown-paragraph\"><strong>Inteligentny ekran wy\u015bwietlacza:<\/strong>\u00a0\u015aled\u017a swoje niezb\u0119dne akcesoria do waporyzacji na pierwszy rzut oka. Ekran wy\u015bwietla w czasie rzeczywistym poziom e-liquidu i poziom na\u0142adowania baterii, dzi\u0119ki czemu nigdy nie zostaniesz zaskoczony.<\/p>\n<\/li>\n<li>\n<p class=\"ds-markdown-paragraph\"><strong>Technologia podw\u00f3jnej cewki siatkowej:<\/strong>\u00a0Wyposa\u017cony w podw\u00f3jn\u0105 cewk\u0119 1,2\u03a9 dla r\u00f3wnomiernego ogrzewania, zapewnia niezmiennie bogaty smak i g\u0119st\u0105 par\u0119 od pierwszego do ostatniego zaci\u0105gni\u0119cia.<\/p>\n<\/li>\n<li>\n<p class=\"ds-markdown-paragraph\"><strong>Akumulator o du\u017cej pojemno\u015bci:<\/strong>\u00a0Wbudowana bateria o pojemno\u015bci 700 mAh, kt\u00f3r\u0105 mo\u017cna \u0142adowa\u0107 za pomoc\u0105 nowoczesnego \u0142adowania typu C, zapewnia d\u0142u\u017csze u\u017cytkowanie i sprawia, \u017ce urz\u0105dzenie jest zawsze gotowe do pracy.<\/p>\n<\/li>\n<li>\n<p class=\"ds-markdown-paragraph\"><strong>Dynamiczne o\u015bwietlenie RGB:<\/strong>\u00a0Spersonalizuj swoje urz\u0105dzenie za pomoc\u0105 5 r\u00f3\u017cnych kolor\u00f3w i efekt\u00f3w \u015bwietlnych RGB, dodaj\u0105c stylowy wygl\u0105d do swoich wra\u017ce\u0144 z waporyzacji.<\/p>\n<\/li>\n<li>\n<p class=\"ds-markdown-paragraph\"><strong>Szeroki wyb\u00f3r smak\u00f3w:<\/strong>\u00a0Dzi\u0119ki 38 pysznym smakom i mo\u017cliwo\u015bci wyboru poziomu soli nikotynowej 2% lub 5%, Tornado 35K jest idealny dla ka\u017cdego podniebienia.<\/p>\n<\/li>\n<\/ul>\n<h2 class=\"ds-markdown-paragraph\"><strong>Specyfikacja produktu<\/strong><\/h2>\n<ul>\n<li>\n<p class=\"ds-markdown-paragraph\">Poziomy soli nikotyny: 2% i 5%<\/p>\n<\/li>\n<li>\n<p class=\"ds-markdown-paragraph\">Cewka: podw\u00f3jna siatka 1,2\u03a9<\/p>\n<\/li>\n<li>\n<p class=\"ds-markdown-paragraph\">Bateria: Akumulator 700 mAh<\/p>\n<\/li>\n<li>\n<p class=\"ds-markdown-paragraph\">\u0141adowanie: Port typu C<\/p>\n<\/li>\n<li>\n<p class=\"ds-markdown-paragraph\">Wy\u015bwietlacz: Inteligentny ekran (wska\u017anik oleju i zasilania)<\/p>\n<\/li>\n<li>\n<p class=\"ds-markdown-paragraph\">O\u015bwietlenie: Multi-Color RGB<\/p>\n<\/li>\n<\/ul>\n<h2 class=\"ds-markdown-paragraph\"><strong>Dost\u0119pne smaki Fumot Tornado 35K<\/strong><\/h2>\n<div>1. Arbuz truskawkowy<br \/>\n2. R\u00f3\u017cowa Lemoniada<br \/>\n3. L\u00f3d arbuzowy<br \/>\n4. Bor\u00f3wka Malina<br \/>\n5. Mexico Mango Ice<br \/>\n6. Blue Razz Ice<br \/>\n7. Cool Mint<br \/>\n8. Ice Pop<br \/>\n9. Grape Lemon<br \/>\n10. Brzoskwinia Mango Arbuz<br \/>\n11. Sour Apple Pop<br \/>\n12. Kiwi Passion Fruit Guava<br \/>\n13. Wi\u015bniowa bomba<br \/>\n14. Soczysty l\u00f3d brzoskwiniowy<br \/>\n15. Bia\u0142y \u017celkowy l\u00f3d<br \/>\n16. Blueberry Bubblegum<br \/>\n17. Fanta<br \/>\n18. \u015awie\u017cy mentol Mojito<br \/>\n19. Zielona herbata Cactus Lemon<br \/>\n20. Aloe Lemon Berries<br \/>\n21. L\u00f3d brzoskwiniowo-jab\u0142kowy<br \/>\n22. Melon z zielonymi winogronami<br \/>\n23. Green Apple Citrus Menthol<br \/>\n24. Cherry Cola<br \/>\n25. Pan Blue<br \/>\n26. Letni l\u00f3d brzoskwiniowy<br \/>\n27. L\u00f3d truskawkowy<br \/>\n28. Peach Berry<br \/>\n29. Brzoskwinia Mango<br \/>\n30. Cherry Berry<br \/>\n31. Lemoniada wi\u015bniowo-brzoskwiniowa<br \/>\n32. Jagoda Wi\u015bnia \u017burawina<br \/>\n33. L\u00f3d truskawkowo-malinowo-wi\u015bniowy<br \/>\n34. Peachy Mango Pineapple<br \/>\n35. Czarny l\u00f3d<br \/>\n36. Truskawka Kiwi<br \/>\n37. Lady Killer<br \/>\n38. Mi\u0142o\u015b\u0107 66<br \/>\n39. Blue Razz Gummy Bear<\/div>\n<div><\/div>\n<h2><strong>Szczeg\u00f3\u0142y pakowania<\/strong><\/h2>\n<ul>\n<li>1 sztuka\/pojedyncze pude\u0142ko<\/li>\n<li>10 sztuk\/pude\u0142ko ekspozycyjne<\/li>\n<li>180 sztuk\/karton<\/li>\n<\/ul>\n<div>\n<figure id=\"attachment_25246\" aria-describedby=\"caption-attachment-25246\" style=\"width: 800px\" class=\"wp-caption alignnone\"><img loading=\"lazy\" decoding=\"async\" class=\"size-full wp-image-25246\" title=\"Fumot Tornado 35000 Vape jednorazowego u\u017cytku\" src=\"https:\/\/www.vape4wholesale.com\/wp-content\/uploads\/2025\/10\/Fumot-Tornado-35000-Disposable-Vape.webp\" alt=\"Fumot Tornado 35000 Vape jednorazowego u\u017cytku\" width=\"800\" height=\"800\" srcset=\"https:\/\/www.vape4wholesale.com\/wp-content\/uploads\/2025\/10\/Fumot-Tornado-35000-Disposable-Vape.webp 800w, https:\/\/www.vape4wholesale.com\/wp-content\/uploads\/2025\/10\/Fumot-Tornado-35000-Disposable-Vape-247x247.webp 247w, https:\/\/www.vape4wholesale.com\/wp-content\/uploads\/2025\/10\/Fumot-Tornado-35000-Disposable-Vape-100x100.webp 100w, https:\/\/www.vape4wholesale.com\/wp-content\/uploads\/2025\/10\/Fumot-Tornado-35000-Disposable-Vape-510x510.webp 510w, https:\/\/www.vape4wholesale.com\/wp-content\/uploads\/2025\/10\/Fumot-Tornado-35000-Disposable-Vape-300x300.webp 300w, https:\/\/www.vape4wholesale.com\/wp-content\/uploads\/2025\/10\/Fumot-Tornado-35000-Disposable-Vape-150x150.webp 150w, https:\/\/www.vape4wholesale.com\/wp-content\/uploads\/2025\/10\/Fumot-Tornado-35000-Disposable-Vape-768x768.webp 768w, https:\/\/www.vape4wholesale.com\/wp-content\/uploads\/2025\/10\/Fumot-Tornado-35000-Disposable-Vape-12x12.webp 12w, https:\/\/www.vape4wholesale.com\/wp-content\/uploads\/2025\/10\/Fumot-Tornado-35000-Disposable-Vape-64x64.webp 64w\" sizes=\"auto, (max-width: 800px) 100vw, 800px\" \/><figcaption id=\"caption-attachment-25246\" class=\"wp-caption-text\">Fumot Tornado 35000 Vape jednorazowego u\u017cytku<\/figcaption><\/figure>\n<h2>DLACZEGO MY?<\/h2>\r\n<ul>\r\n<li>Prawdziwe, godne zaufania i profesjonalne \u017ar\u00f3d\u0142o vape.<\/li>\r\n<li>Gwarancja oryginalno\u015bci 100%: Dostarczamy tylko oryginalne i oryginalne produkty, odmawiamy podrabiania.<\/li>\r\n<li>Gwarancja dostawy 100%: U\u017cywamy najlepszej metody wysy\u0142ki, aby zapewni\u0107, \u017ce otrzymasz zam\u00f3wienie 100%.<\/li>\r\n<li>Po wysy\u0142ce podamy numer przesy\u0142ki i etykiet\u0119 wysy\u0142kow\u0105 oraz b\u0119dziemy \u015bledzi\u0107 towary do momentu ich podpisania.<\/li>\r\n<li>Brak problem\u00f3w celnych, brak taryf<\/li>\r\n<\/ul>\n<\/div>","protected":false},"excerpt":{"rendered":"<div class=\"wsppc_div_block woocommerce_before_add_to_cart_form\">\r\n<p><strong><span style=\"color: #00a859;\">Clear customs<\/span> before delivery &amp; 100% Delivery Guarantee, Delivery in 19~25 days around.\u00a0<\/strong><\/p>\r\n<\/div>","protected":false},"featured_media":25246,"comment_status":"open","ping_status":"closed","template":"","meta":[],"pwb-brand":[1269],"product_cat":[873],"product_tag":[22,24,592,933,1023],"class_list":{"0":"post-25248","1":"product","2":"type-product","3":"status-publish","4":"has-post-thumbnail","6":"pwb-brand-fumot","7":"product_cat-above-20k-puffs","8":"product_tag-disposable","9":"product_tag-wholesale","10":"product_tag-fumot","11":"product_tag-35-0ml","12":"product_tag-35000-puffs","13":"wcpa_has_options","15":"first","16":"instock","17":"featured","18":"shipping-taxable","19":"purchasable","20":"product-type-variable"},"aioseo_notices":[],"brands":[{"id":1269,"name":"Fumot","slug":"fumot"}],"_links":{"self":[{"href":"https:\/\/www.vape4wholesale.com\/pl\/wp-json\/wp\/v2\/product\/25248","targetHints":{"allow":["GET"]}}],"collection":[{"href":"https:\/\/www.vape4wholesale.com\/pl\/wp-json\/wp\/v2\/product"}],"about":[{"href":"https:\/\/www.vape4wholesale.com\/pl\/wp-json\/wp\/v2\/types\/product"}],"replies":[{"embeddable":true,"href":"https:\/\/www.vape4wholesale.com\/pl\/wp-json\/wp\/v2\/comments?post=25248"}],"wp:featuredmedia":[{"embeddable":true,"href":"https:\/\/www.vape4wholesale.com\/pl\/wp-json\/wp\/v2\/media\/25246"}],"wp:attachment":[{"href":"https:\/\/www.vape4wholesale.com\/pl\/wp-json\/wp\/v2\/media?parent=25248"}],"wp:term":[{"taxonomy":"pwb-brand","embeddable":true,"href":"https:\/\/www.vape4wholesale.com\/pl\/wp-json\/wp\/v2\/pwb-brand?post=25248"},{"taxonomy":"product_cat","embeddable":true,"href":"https:\/\/www.vape4wholesale.com\/pl\/wp-json\/wp\/v2\/product_cat?post=25248"},{"taxonomy":"product_tag","embeddable":true,"href":"https:\/\/www.vape4wholesale.com\/pl\/wp-json\/wp\/v2\/product_tag?post=25248"}],"curies":[{"name":"wp","href":"https:\/\/api.w.org\/{rel}","templated":true}]}}