{"id":25164,"date":"2025-10-21T11:22:55","date_gmt":"2025-10-21T03:22:55","guid":{"rendered":"https:\/\/www.vape4wholesale.com\/?post_type=product&#038;p=25164"},"modified":"2026-01-27T15:47:12","modified_gmt":"2026-01-27T15:47:12","slug":"happ-bar-mt50000-hurtownia-vape-jednorazowego-uzytku","status":"publish","type":"product","link":"https:\/\/www.vape4wholesale.com\/pl\/product\/happ-bar-mt50000-disposable-vape-wholesale","title":{"rendered":"Happ Bar MT50000 Jednorazowa sprzeda\u017c hurtowa Vape"},"content":{"rendered":"<p class=\"ds-markdown-paragraph\">The\u00a0<a title=\"Happ Bar\" href=\"https:\/\/www.vape4wholesale.com\/pl\/product_brand\/happ-bar\/\" target=\"_blank\" rel=\"noopener\"><strong>Happ Bar<\/strong><\/a> MT50000 to rewolucyjne jednorazowe urz\u0105dzenie vape zaprojektowane z my\u015bl\u0105 o niezr\u00f3wnanej wytrzyma\u0142o\u015bci i wydajno\u015bci. Dzi\u0119ki zdumiewaj\u0105cej liczbie 50 000 zaci\u0105gni\u0119\u0107, urz\u0105dzenie to zosta\u0142o zbudowane z my\u015bl\u0105 o trwa\u0142o\u015bci, oferuj\u0105c wyj\u0105tkowe wra\u017cenia z waporyzacji bez konieczno\u015bci cz\u0119stej wymiany.<\/p>\n<p class=\"ds-markdown-paragraph\">Dzi\u0119ki du\u017cej pojemno\u015bci 45 ml wst\u0119pnie nape\u0142nionego e-liquidu i pot\u0119\u017cnemu akumulatorowi 650 mAh (przez wygodny port typu C), Happ Bar MT50000 zapewnia sta\u0142y smak i produkcj\u0119 pary od pierwszego do ostatniego zaci\u0105gni\u0119cia. Zintegrowana cewka 1,0ohm zapewnia p\u0142ynne i satysfakcjonuj\u0105ce zaci\u0105ganie si\u0119, idealnie zr\u00f3wnowa\u017cone zar\u00f3wno pod wzgl\u0119dem intensywno\u015bci smaku, jak i ilo\u015bci pary.<\/p>\n<p class=\"ds-markdown-paragraph\">Wybierz preferowan\u0105 moc nikotyny 2% lub 5%, aby dopasowa\u0107 j\u0105 do swojego stylu waporyzacji. Urz\u0105dzenie posiada r\u00f3wnie\u017c praktyczny ekran LCD, kt\u00f3ry wy\u015bwietla w czasie rzeczywistym \u017cywotno\u015b\u0107 baterii i poziom e-liquidu, dzi\u0119ki czemu zawsze masz kontrol\u0119.<\/p>\n<p class=\"ds-markdown-paragraph\">Dzi\u0119ki 15 ekscytuj\u0105cym smakom do wyboru, ka\u017cdy znajdzie co\u015b dla siebie. Niezale\u017cnie od tego, czy pragniesz owocowych, lodowych czy klasycznych profili, Happ Bar MT50000 zapewnia bogaty, trwa\u0142y smak w ka\u017cdym zaci\u0105gni\u0119ciu.<\/p>\n<h2 class=\"ds-markdown-paragraph\"><strong>Cechy Happ Bar MT50000<\/strong><\/h2>\n<ul>\n<li class=\"ds-markdown-paragraph\">\u2705\u00a0<strong>50,000 Puffs<\/strong>\u00a0- Bardzo d\u0142uga \u017cywotno\u015b\u0107<\/li>\n<li class=\"ds-markdown-paragraph\">\u2705\u00a0<strong>Opcje nikotyny:<\/strong>\u00a02% lub 5%<\/li>\n<li class=\"ds-markdown-paragraph\">\u2705\u00a0<strong>Akumulator 650 mAh<\/strong> - Obs\u0142ugiwane \u0142adowanie typu C<\/li>\n<li class=\"ds-markdown-paragraph\">\u2705\u00a0<strong>Pojemno\u015b\u0107 45 ml E-Liquid<\/strong><\/li>\n<li class=\"ds-markdown-paragraph\">\u2705\u00a0<strong>Cewka 1,0ohm<\/strong>\u00a0- Zoptymalizowany pod k\u0105tem smaku i produkcji w chmurze<\/li>\n<li class=\"ds-markdown-paragraph\">\u2705\u00a0<strong>Wy\u015bwietlacz LCD<\/strong>\u00a0- Pokazuje poziom na\u0142adowania baterii i poziom e-cieczy<\/li>\n<li class=\"ds-markdown-paragraph\">\u2705\u00a0<strong>15 dost\u0119pnych smak\u00f3w<\/strong>\u00a0- R\u00f3\u017cnorodno\u015b\u0107 na ka\u017cdy gust<\/li>\n<\/ul>\n<h2><strong>Dost\u0119pne smaki<\/strong><\/h2>\n<ol>\n<li>L\u00f3d truskawkowy<\/li>\n<li>Truskawka Kiwi<\/li>\n<li>Blue Strawberry Ice<\/li>\n<li>Arbuzowy l\u00f3d<\/li>\n<li>Rum ananasowo-kokosowo-limonkowy<\/li>\n<li>Black Dragon Strawberry<\/li>\n<li>Wi\u015bniowa bomba<\/li>\n<li>Letni sen<\/li>\n<li>Arbuz Kokos<\/li>\n<li>Banan truskawkowy<\/li>\n<li>Love 66<\/li>\n<li>Peach Hail<\/li>\n<li>Lemon Hail<\/li>\n<li>Cola Ice<\/li>\n<li>Kokosowy raj<\/li>\n<\/ol>\n<h2><strong>Szczeg\u00f3\u0142y pakowania<\/strong><\/h2>\n<ul>\n<li>1\/ Pojedyncze pude\u0142ko<\/li>\n<li>10\/ Displaybox<\/li>\n<li>100\/karton<\/li>\n<\/ul>\n<figure id=\"attachment_25165\" aria-describedby=\"caption-attachment-25165\" style=\"width: 800px\" class=\"wp-caption alignnone\"><img loading=\"lazy\" decoding=\"async\" class=\"size-full wp-image-25165\" title=\"Happ Bar MT50000 Jednorazowe opakowanie do Vape\" src=\"https:\/\/www.vape4wholesale.com\/wp-content\/uploads\/2025\/10\/Happ-Bar-MT50000-Disposable-Vape_Packing-Box.webp\" alt=\"Happ Bar MT50000 Jednorazowe opakowanie do Vape\" width=\"800\" height=\"800\" srcset=\"https:\/\/www.vape4wholesale.com\/wp-content\/uploads\/2025\/10\/Happ-Bar-MT50000-Disposable-Vape_Packing-Box.webp 800w, https:\/\/www.vape4wholesale.com\/wp-content\/uploads\/2025\/10\/Happ-Bar-MT50000-Disposable-Vape_Packing-Box-247x247.webp 247w, https:\/\/www.vape4wholesale.com\/wp-content\/uploads\/2025\/10\/Happ-Bar-MT50000-Disposable-Vape_Packing-Box-100x100.webp 100w, https:\/\/www.vape4wholesale.com\/wp-content\/uploads\/2025\/10\/Happ-Bar-MT50000-Disposable-Vape_Packing-Box-510x510.webp 510w, https:\/\/www.vape4wholesale.com\/wp-content\/uploads\/2025\/10\/Happ-Bar-MT50000-Disposable-Vape_Packing-Box-300x300.webp 300w, https:\/\/www.vape4wholesale.com\/wp-content\/uploads\/2025\/10\/Happ-Bar-MT50000-Disposable-Vape_Packing-Box-150x150.webp 150w, https:\/\/www.vape4wholesale.com\/wp-content\/uploads\/2025\/10\/Happ-Bar-MT50000-Disposable-Vape_Packing-Box-768x768.webp 768w, https:\/\/www.vape4wholesale.com\/wp-content\/uploads\/2025\/10\/Happ-Bar-MT50000-Disposable-Vape_Packing-Box-12x12.webp 12w, https:\/\/www.vape4wholesale.com\/wp-content\/uploads\/2025\/10\/Happ-Bar-MT50000-Disposable-Vape_Packing-Box-64x64.webp 64w\" sizes=\"auto, (max-width: 800px) 100vw, 800px\" \/><figcaption id=\"caption-attachment-25165\" class=\"wp-caption-text\">Happ Bar MT50000 Jednorazowe opakowanie do Vape<\/figcaption><\/figure>\n<figure id=\"attachment_25166\" aria-describedby=\"caption-attachment-25166\" style=\"width: 1000px\" class=\"wp-caption alignnone\"><img loading=\"lazy\" decoding=\"async\" class=\"size-full wp-image-25166\" title=\"Happ Bar MT50000 Jednorazowa sprzeda\u017c hurtowa Vape\" src=\"https:\/\/www.vape4wholesale.com\/wp-content\/uploads\/2025\/10\/Happ-Bar-MT50000-Disposable-Vape-Wholesale.webp\" alt=\"Happ Bar MT50000 Jednorazowa sprzeda\u017c hurtowa Vape\" width=\"1000\" height=\"560\" srcset=\"https:\/\/www.vape4wholesale.com\/wp-content\/uploads\/2025\/10\/Happ-Bar-MT50000-Disposable-Vape-Wholesale.webp 1000w, https:\/\/www.vape4wholesale.com\/wp-content\/uploads\/2025\/10\/Happ-Bar-MT50000-Disposable-Vape-Wholesale-510x286.webp 510w, https:\/\/www.vape4wholesale.com\/wp-content\/uploads\/2025\/10\/Happ-Bar-MT50000-Disposable-Vape-Wholesale-300x168.webp 300w, https:\/\/www.vape4wholesale.com\/wp-content\/uploads\/2025\/10\/Happ-Bar-MT50000-Disposable-Vape-Wholesale-768x430.webp 768w, https:\/\/www.vape4wholesale.com\/wp-content\/uploads\/2025\/10\/Happ-Bar-MT50000-Disposable-Vape-Wholesale-18x10.webp 18w, https:\/\/www.vape4wholesale.com\/wp-content\/uploads\/2025\/10\/Happ-Bar-MT50000-Disposable-Vape-Wholesale-64x36.webp 64w\" sizes=\"auto, (max-width: 1000px) 100vw, 1000px\" \/><figcaption id=\"caption-attachment-25166\" class=\"wp-caption-text\">Happ Bar MT50000 Jednorazowa sprzeda\u017c hurtowa Vape<\/figcaption><\/figure>\n<h2>DLACZEGO MY?<\/h2>\r\n<ul>\r\n<li>Prawdziwe, godne zaufania i profesjonalne \u017ar\u00f3d\u0142o vape.<\/li>\r\n<li>Gwarancja oryginalno\u015bci 100%: Dostarczamy tylko oryginalne i oryginalne produkty, odmawiamy podrabiania.<\/li>\r\n<li>Gwarancja dostawy 100%: U\u017cywamy najlepszej metody wysy\u0142ki, aby zapewni\u0107, \u017ce otrzymasz zam\u00f3wienie 100%.<\/li>\r\n<li>Po wysy\u0142ce podamy numer przesy\u0142ki i etykiet\u0119 wysy\u0142kow\u0105 oraz b\u0119dziemy \u015bledzi\u0107 towary do momentu ich podpisania.<\/li>\r\n<li>Brak problem\u00f3w celnych, brak taryf<\/li>\r\n<\/ul>","protected":false},"excerpt":{"rendered":"<p><b><span style=\"color: #00a859;\">Free shipping<\/span>\u00a0from Europe warehouse, 7-15 working days delivery time.<\/b><\/p>\r\n<div class=\"wsppc_div_block woocommerce_before_add_to_cart_form\">\r\n<p><strong>Clear customs before delivery &amp; 100% Delivery Guarantee<\/strong><\/p>\r\n<\/div>","protected":false},"featured_media":25183,"comment_status":"open","ping_status":"closed","template":"","meta":[],"pwb-brand":[1267],"product_cat":[938],"product_tag":[1082,22,24,964,1035],"class_list":{"0":"post-25164","1":"product","2":"type-product","3":"status-publish","4":"has-post-thumbnail","6":"pwb-brand-happ-bar","7":"product_cat-europe-warehouse","8":"product_tag-50000-puffs","9":"product_tag-disposable","10":"product_tag-wholesale","11":"product_tag-45-0ml","12":"product_tag-happ-bar","13":"product_shipping_class-eu-warehouse","14":"wcpa_has_options","16":"first","17":"instock","18":"featured","19":"shipping-taxable","20":"purchasable","21":"product-type-variable"},"aioseo_notices":[],"brands":[{"id":1267,"name":"Happ Bar","slug":"happ-bar"}],"_links":{"self":[{"href":"https:\/\/www.vape4wholesale.com\/pl\/wp-json\/wp\/v2\/product\/25164","targetHints":{"allow":["GET"]}}],"collection":[{"href":"https:\/\/www.vape4wholesale.com\/pl\/wp-json\/wp\/v2\/product"}],"about":[{"href":"https:\/\/www.vape4wholesale.com\/pl\/wp-json\/wp\/v2\/types\/product"}],"replies":[{"embeddable":true,"href":"https:\/\/www.vape4wholesale.com\/pl\/wp-json\/wp\/v2\/comments?post=25164"}],"wp:featuredmedia":[{"embeddable":true,"href":"https:\/\/www.vape4wholesale.com\/pl\/wp-json\/wp\/v2\/media\/25183"}],"wp:attachment":[{"href":"https:\/\/www.vape4wholesale.com\/pl\/wp-json\/wp\/v2\/media?parent=25164"}],"wp:term":[{"taxonomy":"pwb-brand","embeddable":true,"href":"https:\/\/www.vape4wholesale.com\/pl\/wp-json\/wp\/v2\/pwb-brand?post=25164"},{"taxonomy":"product_cat","embeddable":true,"href":"https:\/\/www.vape4wholesale.com\/pl\/wp-json\/wp\/v2\/product_cat?post=25164"},{"taxonomy":"product_tag","embeddable":true,"href":"https:\/\/www.vape4wholesale.com\/pl\/wp-json\/wp\/v2\/product_tag?post=25164"}],"curies":[{"name":"wp","href":"https:\/\/api.w.org\/{rel}","templated":true}]}}