{"id":23402,"date":"2025-07-08T23:28:12","date_gmt":"2025-07-08T15:28:12","guid":{"rendered":"https:\/\/www.vape4wholesale.com\/?post_type=product&#038;p=23402"},"modified":"2026-02-04T14:28:40","modified_gmt":"2026-02-04T14:28:40","slug":"razz-bar-15000-puff-jednorazowe-vape-hurtownia","status":"publish","type":"product","link":"https:\/\/www.vape4wholesale.com\/pl\/produkt\/razz-bar-15000-puff-jednorazowe-vape-hurtownia","title":{"rendered":"Razz Bar 15000 Puffs Jednorazowa sprzeda\u017c hurtowa Vape"},"content":{"rendered":"<p>The <strong><a title=\"Razz Bar\" href=\"https:\/\/www.vape4wholesale.com\/pl\/product_brand\/razz-bar\/\" target=\"_blank\" rel=\"noopener\">Razz Bar<\/a> 15000<\/strong> Puffs Disposable Vape to <span style=\"color: #555555; font-size: 14.4px;\">elegancki jednorazowy waporyzator o du\u017cej pojemno\u015bci, zaprojektowany z my\u015bl\u0105 o niezr\u00f3wnanej wygodzie i wydajno\u015bci. <\/span>Wyposa\u017cony we wbudowan\u0105 bateri\u0119 650 mAh i szybkie \u0142adowanie USB typu C, Razz Bar zapewnia d\u0142u\u017csze u\u017cytkowanie bez kompromis\u00f3w. Nie musisz martwi\u0107 si\u0119 o wyczerpanie energii - po prostu na\u0142aduj i ciesz si\u0119.<\/p>\n<p class=\"ds-markdown-paragraph\"><strong>Ogromna pojemno\u015b\u0107 26 ml e-p\u0142ynu<\/strong><br \/>\nDzi\u0119ki imponuj\u0105cemu, wst\u0119pnie nape\u0142nionemu zbiornikowi o pojemno\u015bci 26 ml, ten jednorazowy waporyzator zapewnia do 15 000 g\u0142adkich, aromatycznych zaci\u0105gni\u0119\u0107, dzi\u0119ki czemu idealnie nadaje si\u0119 do ca\u0142odziennego waporyzowania.<\/p>\n<p class=\"ds-markdown-paragraph\"><strong>16 wykwintnych smak\u00f3w<\/strong><br \/>\nZanurz si\u0119 w bogatym, satysfakcjonuj\u0105cym smaku dzi\u0119ki 16 opcjom smakowym premium. Niezale\u017cnie od tego, czy pragniesz owocowych, lodowych czy deserowych nut, Razz Bar oferuje spersonalizowane doznania przy ka\u017cdym wdechu.<\/p>\n<p class=\"ds-markdown-paragraph\"><strong>Elegancki, przeno\u015bny i bezproblemowy<\/strong><br \/>\nKompaktowy, ale pot\u0119\u017cny Razz Bar 15000 \u0142\u0105czy w sobie najwy\u017csz\u0105 praktyczno\u015b\u0107 z wyj\u0105tkow\u0105 produkcj\u0105 pary. Bez uzupe\u0142niania, bez konserwacji - czysta, jednorazowa wygoda.<\/p>\n<h2 class=\"ds-markdown-paragraph\">Razz Bar 15000 Puffs jednorazowe Vape Szybkie szczeg\u00f3\u0142y<\/h2>\n<p class=\"ds-markdown-paragraph\">15 000 zaci\u0105gni\u0119\u0107 - bardzo d\u0142uga przyjemno\u015b\u0107 u\u017cytkowania<br \/>\n4 poziomy przep\u0142ywu powietrza<br \/>\nRezystancja cewki: 1,0\u03a9<br \/>\nAkumulator o pojemno\u015bci 650 mAh - szybkie \u0142adowanie przez USB typu C<br \/>\n26 ml wst\u0119pnie nape\u0142nionego p\u0142ynu E-Liquid - bez wyciek\u00f3w, bez ba\u0142aganu<br \/>\n16 smak\u00f3w - bogate, wyraziste i g\u0142adkie<br \/>\nAktywowany rysikiem - \u0142atwy w u\u017cyciu, bez przycisk\u00f3w<\/p>\n<h2>Dost\u0119pne flary<\/h2>\n<p>1. kr\u00f3wka malinowa<br \/>\n2. l\u00f3d truskawkowy<br \/>\n3. l\u00f3d Red Bull<br \/>\n4.Kiwi Passion Fruit Guava<br \/>\n5.Mamba<br \/>\n6. l\u00f3d jagodowy<br \/>\n7.L\u00f3d brzoskwiniowy<br \/>\n8.Truskawkowe kiwi<br \/>\n9. l\u00f3d arbuzowy<br \/>\n10. brzoskwinia mango ananas<br \/>\n11.arbuzowa guma balonowa<br \/>\n12.mieszane jagody<br \/>\n13.jagoda malina cytryna<br \/>\n14.Lemon Lime<br \/>\n15.cola ice<br \/>\n16.podw\u00f3jne jab\u0142ko<\/p>\n<figure id=\"attachment_23313\" aria-describedby=\"caption-attachment-23313\" style=\"width: 800px\" class=\"wp-caption alignnone\"><img loading=\"lazy\" decoding=\"async\" class=\"size-full wp-image-23313\" title=\"Razz Bar 15000 Puffs jednorazowy Vape Mamba\" src=\"https:\/\/www.vape4wholesale.com\/wp-content\/uploads\/2025\/07\/Razz-Bar-15000-Puffs-Disposable-Vape_Mamba.webp\" alt=\"Razz Bar 15000 Puffs jednorazowy Vape Mamba\" width=\"800\" height=\"800\" srcset=\"https:\/\/www.vape4wholesale.com\/wp-content\/uploads\/2025\/07\/Razz-Bar-15000-Puffs-Disposable-Vape_Mamba.webp 800w, https:\/\/www.vape4wholesale.com\/wp-content\/uploads\/2025\/07\/Razz-Bar-15000-Puffs-Disposable-Vape_Mamba-247x247.webp 247w, https:\/\/www.vape4wholesale.com\/wp-content\/uploads\/2025\/07\/Razz-Bar-15000-Puffs-Disposable-Vape_Mamba-100x100.webp 100w, https:\/\/www.vape4wholesale.com\/wp-content\/uploads\/2025\/07\/Razz-Bar-15000-Puffs-Disposable-Vape_Mamba-510x510.webp 510w, https:\/\/www.vape4wholesale.com\/wp-content\/uploads\/2025\/07\/Razz-Bar-15000-Puffs-Disposable-Vape_Mamba-300x300.webp 300w, https:\/\/www.vape4wholesale.com\/wp-content\/uploads\/2025\/07\/Razz-Bar-15000-Puffs-Disposable-Vape_Mamba-150x150.webp 150w, https:\/\/www.vape4wholesale.com\/wp-content\/uploads\/2025\/07\/Razz-Bar-15000-Puffs-Disposable-Vape_Mamba-768x768.webp 768w, https:\/\/www.vape4wholesale.com\/wp-content\/uploads\/2025\/07\/Razz-Bar-15000-Puffs-Disposable-Vape_Mamba-12x12.webp 12w, https:\/\/www.vape4wholesale.com\/wp-content\/uploads\/2025\/07\/Razz-Bar-15000-Puffs-Disposable-Vape_Mamba-64x64.webp 64w\" sizes=\"auto, (max-width: 800px) 100vw, 800px\" \/><figcaption id=\"caption-attachment-23313\" class=\"wp-caption-text\">Razz Bar 15000 Puffs Jednorazowa sprzeda\u017c hurtowa Vape<\/figcaption><\/figure>\n<h2>DLACZEGO MY?<\/h2>\r\n<ul>\r\n<li>Prawdziwe, godne zaufania i profesjonalne \u017ar\u00f3d\u0142o vape.<\/li>\r\n<li>Gwarancja oryginalno\u015bci 100%: Dostarczamy tylko oryginalne i oryginalne produkty, odmawiamy podrabiania.<\/li>\r\n<li>Gwarancja dostawy 100%: U\u017cywamy najlepszej metody wysy\u0142ki, aby zapewni\u0107, \u017ce otrzymasz zam\u00f3wienie 100%.<\/li>\r\n<li>Po wysy\u0142ce podamy numer przesy\u0142ki i etykiet\u0119 wysy\u0142kow\u0105 oraz b\u0119dziemy \u015bledzi\u0107 towary do momentu ich podpisania.<\/li>\r\n<li>Brak problem\u00f3w celnych, brak taryf<\/li>\r\n<\/ul>\n<p>&nbsp;<\/p>","protected":false},"excerpt":{"rendered":"<div class=\"wsppc_div_block woocommerce_before_add_to_cart_form\">\r\n<p><strong><span style=\"color: #00a859;\">Clear customs<\/span> before delivery &amp; 100% Delivery Guarantee, Delivery in 19~25 days around.\u00a0<\/strong><\/p>\r\n<\/div>","protected":false},"featured_media":23313,"comment_status":"open","ping_status":"closed","template":"","meta":[],"pwb-brand":[1266],"product_cat":[872],"product_tag":[684,823,1209,22,24],"class_list":{"0":"post-23402","1":"product","2":"type-product","3":"status-publish","4":"has-post-thumbnail","6":"pwb-brand-razz-bar","7":"product_cat-15k-20k-puffs","8":"product_tag-15000-puffs","9":"product_tag-26-0ml","10":"product_tag-razz-bar","11":"product_tag-disposable","12":"product_tag-wholesale","13":"product_shipping_class-eu-warehouse","14":"wcpa_has_options","16":"first","17":"outofstock","18":"featured","19":"shipping-taxable","20":"purchasable","21":"product-type-variable"},"aioseo_notices":[],"brands":[{"id":1266,"name":"Razz Bar","slug":"razz-bar"}],"_links":{"self":[{"href":"https:\/\/www.vape4wholesale.com\/pl\/wp-json\/wp\/v2\/product\/23402","targetHints":{"allow":["GET"]}}],"collection":[{"href":"https:\/\/www.vape4wholesale.com\/pl\/wp-json\/wp\/v2\/product"}],"about":[{"href":"https:\/\/www.vape4wholesale.com\/pl\/wp-json\/wp\/v2\/types\/product"}],"replies":[{"embeddable":true,"href":"https:\/\/www.vape4wholesale.com\/pl\/wp-json\/wp\/v2\/comments?post=23402"}],"wp:featuredmedia":[{"embeddable":true,"href":"https:\/\/www.vape4wholesale.com\/pl\/wp-json\/wp\/v2\/media\/23313"}],"wp:attachment":[{"href":"https:\/\/www.vape4wholesale.com\/pl\/wp-json\/wp\/v2\/media?parent=23402"}],"wp:term":[{"taxonomy":"pwb-brand","embeddable":true,"href":"https:\/\/www.vape4wholesale.com\/pl\/wp-json\/wp\/v2\/pwb-brand?post=23402"},{"taxonomy":"product_cat","embeddable":true,"href":"https:\/\/www.vape4wholesale.com\/pl\/wp-json\/wp\/v2\/product_cat?post=23402"},{"taxonomy":"product_tag","embeddable":true,"href":"https:\/\/www.vape4wholesale.com\/pl\/wp-json\/wp\/v2\/product_tag?post=23402"}],"curies":[{"name":"wp","href":"https:\/\/api.w.org\/{rel}","templated":true}]}}