{"id":23370,"date":"2025-07-08T00:11:30","date_gmt":"2025-07-07T16:11:30","guid":{"rendered":"https:\/\/www.vape4wholesale.com\/?post_type=product&#038;p=23370"},"modified":"2026-01-26T13:38:40","modified_gmt":"2026-01-26T13:38:40","slug":"happ-bar-ss25000-jednorazowa-sprzedaz-hurtowa-vape","status":"publish","type":"product","link":"https:\/\/www.vape4wholesale.com\/pl\/produkt\/happ-bar-ss25000-jednorazowa-sprzedaz-hurtowa-vape","title":{"rendered":"Happ Bar SS25000 Jednorazowa sprzeda\u017c hurtowa Vape"},"content":{"rendered":"<p class=\"ds-markdown-paragraph\">The\u00a0<strong><a title=\"Happ Bar\" href=\"https:\/\/www.vape4wholesale.com\/pl\/product_brand\/happ-bar\/\" target=\"_blank\" rel=\"noopener\">Happ Bar<\/a> SS25000<\/strong> Jednorazowy vape wyr\u00f3\u017cnia si\u0119 wysokiej jako\u015bci, wielomateria\u0142ow\u0105 konstrukcj\u0105, \u0142\u0105cz\u0105c\u0105 kolorowe akcenty ze sztucznej sk\u00f3ry z eleganckimi metalicznymi detalami, kt\u00f3re biegn\u0105 wzd\u0142u\u017c ca\u0142ego korpusu. Przycisk zasilania jest p\u0142ynnie zintegrowany z matowo-czarnym panelem, w kt\u00f3rym znajduje si\u0119 r\u00f3wnie\u017c wyra\u017any ekran LCD do monitorowania w czasie rzeczywistym.<\/p>\n<p class=\"ds-markdown-paragraph\">W przeciwie\u0144stwie do wi\u0119kszo\u015bci jednorazowych waporyzator\u00f3w, kt\u00f3re aktywuj\u0105 si\u0119 automatycznie, SS25000 wymaga r\u0119cznej obs\u0142ugi w celu precyzyjnej kontroli. Aby go u\u017cy\u0107, wystarczy pi\u0119ciokrotnie nacisn\u0105\u0107 przycisk zasilania, a nast\u0119pnie trzykrotnie szybko klikn\u0105\u0107, aby prze\u0142\u0105czy\u0107 tryby. Posiada on dwa tryby wyj\u015bciowe:<\/p>\n<ul>\n<li>\n<p class=\"ds-markdown-paragraph\">Tryb inteligentny: Regulowana moc w zakresie od 5 W do 30 W dla indywidualnego waporyzowania.<\/p>\n<\/li>\n<li>\n<p class=\"ds-markdown-paragraph\">Tryb Boost: Blokuje si\u0119 na 30W dla maksymalnej intensywno\u015bci.<\/p>\n<\/li>\n<\/ul>\n<p class=\"ds-markdown-paragraph\">Dodatkowo, urz\u0105dzenie obs\u0142uguje funkcj\u0119 wielokrotnego nape\u0142niania. Aby uzupe\u0142ni\u0107:<\/p>\n<ol start=\"1\">\n<li>\n<p class=\"ds-markdown-paragraph\">Wyj\u0105\u0107 ustnik.<\/p>\n<\/li>\n<li>\n<p class=\"ds-markdown-paragraph\">Wyjmij silikonowe zatyczki po obu stronach rurki.<\/p>\n<\/li>\n<li>\n<p class=\"ds-markdown-paragraph\">Dodaj e-liquid (omijaj\u0105c \u015brodkowy otw\u00f3r przep\u0142ywu powietrza).<\/p>\n<\/li>\n<\/ol>\n<h2><strong>Happ Bar SS25000 Jednorazowe Vape Szybkie szczeg\u00f3\u0142y<\/strong><\/h2>\n<ul>\n<li>\n<p class=\"ds-markdown-paragraph\">Liczba zaci\u0105gni\u0119\u0107: 25,000<\/p>\n<\/li>\n<li>\n<p class=\"ds-markdown-paragraph\">Cewka: Cewka siatkowa 0,6\u03a9 (lepszy smak i para)<\/p>\n<\/li>\n<li>\n<p class=\"ds-markdown-paragraph\">Regulowany przep\u0142yw powietrza<\/p>\n<\/li>\n<li>\n<p class=\"ds-markdown-paragraph\">Konstrukcja wielokrotnego nape\u0142niania<\/p>\n<\/li>\n<li>\n<p class=\"ds-markdown-paragraph\">Akumulator 650 mAh (\u0142adowanie typu C)<\/p>\n<\/li>\n<li>\n<p class=\"ds-markdown-paragraph\">Dwa tryby: Boost i Smart<\/p>\n<\/li>\n<li>\n<p class=\"ds-markdown-paragraph\">Wy\u015bwietlacz LCD: Pokazuje poziom na\u0142adowania baterii i moc<\/p>\n<\/li>\n<\/ul>\n<h2><strong>Dost\u0119pne smaki<\/strong><\/h2>\n<p>L\u00f3d brzoskwiniowy<br \/>\nPoncz truskawkowy<br \/>\nMi\u0119ta winogronowa<br \/>\nMango Ice<br \/>\nPodw\u00f3jne jab\u0142ko<br \/>\nJagodowa guma balonowa<br \/>\nMi\u0119ta cytrynowa<br \/>\nLush Ice<br \/>\nTruskawka Kiwi<br \/>\nBerry Ice<br \/>\nMagiczna mi\u0142o\u015b\u0107<br \/>\nWi\u015bniowa fiesta<\/p>\n<figure id=\"attachment_23352\" aria-describedby=\"caption-attachment-23352\" style=\"width: 800px\" class=\"wp-caption alignnone\"><img loading=\"lazy\" decoding=\"async\" class=\"size-full wp-image-23352\" title=\"Happ Bar SS25000 Jednorazowy Vape Double Appe\" src=\"https:\/\/www.vape4wholesale.com\/wp-content\/uploads\/2025\/07\/Happ-Bar-SS25000-Disposable-Vape_Double-Appe.webp\" alt=\"Happ Bar SS25000 Jednorazowy Vape Double Appe\" width=\"800\" height=\"800\" srcset=\"https:\/\/www.vape4wholesale.com\/wp-content\/uploads\/2025\/07\/Happ-Bar-SS25000-Disposable-Vape_Double-Appe.webp 800w, https:\/\/www.vape4wholesale.com\/wp-content\/uploads\/2025\/07\/Happ-Bar-SS25000-Disposable-Vape_Double-Appe-247x247.webp 247w, https:\/\/www.vape4wholesale.com\/wp-content\/uploads\/2025\/07\/Happ-Bar-SS25000-Disposable-Vape_Double-Appe-100x100.webp 100w, https:\/\/www.vape4wholesale.com\/wp-content\/uploads\/2025\/07\/Happ-Bar-SS25000-Disposable-Vape_Double-Appe-510x510.webp 510w\" sizes=\"auto, (max-width: 800px) 100vw, 800px\" \/><figcaption id=\"caption-attachment-23352\" class=\"wp-caption-text\">Happ Bar SS25000 Jednorazowy Vape Double Appe<\/figcaption><\/figure>\n[scf-template id=&#8217;16903&#8242;]","protected":false},"excerpt":{"rendered":"<p><b><span style=\"color: #00a859;\">Free shipping<\/span>\u00a0from Europe warehouse, 7-15 working days delivery time.<\/b><\/p>\r\n<div class=\"wsppc_div_block woocommerce_before_add_to_cart_form\">\r\n<p><strong>Clear customs before delivery &amp; 100% Delivery Guarantee<\/strong><\/p>\r\n<\/div>","protected":false},"featured_media":23352,"comment_status":"open","ping_status":"closed","template":"","meta":[],"pwb-brand":[1267],"product_cat":[938],"product_tag":[22,24,692,915,1035],"class_list":{"0":"post-23370","1":"product","2":"type-product","3":"status-publish","4":"has-post-thumbnail","6":"pwb-brand-happ-bar","7":"product_cat-europe-warehouse","8":"product_tag-disposable","9":"product_tag-wholesale","10":"product_tag-25-0ml","11":"product_tag-25000-puffs","12":"product_tag-happ-bar","13":"product_shipping_class-eu-warehouse","15":"first","16":"outofstock","17":"featured","18":"shipping-taxable","19":"purchasable","20":"product-type-variable"},"aioseo_notices":[],"brands":[{"id":1267,"name":"Happ Bar","slug":"happ-bar"}],"_links":{"self":[{"href":"https:\/\/www.vape4wholesale.com\/pl\/wp-json\/wp\/v2\/product\/23370","targetHints":{"allow":["GET"]}}],"collection":[{"href":"https:\/\/www.vape4wholesale.com\/pl\/wp-json\/wp\/v2\/product"}],"about":[{"href":"https:\/\/www.vape4wholesale.com\/pl\/wp-json\/wp\/v2\/types\/product"}],"replies":[{"embeddable":true,"href":"https:\/\/www.vape4wholesale.com\/pl\/wp-json\/wp\/v2\/comments?post=23370"}],"wp:featuredmedia":[{"embeddable":true,"href":"https:\/\/www.vape4wholesale.com\/pl\/wp-json\/wp\/v2\/media\/23352"}],"wp:attachment":[{"href":"https:\/\/www.vape4wholesale.com\/pl\/wp-json\/wp\/v2\/media?parent=23370"}],"wp:term":[{"taxonomy":"pwb-brand","embeddable":true,"href":"https:\/\/www.vape4wholesale.com\/pl\/wp-json\/wp\/v2\/pwb-brand?post=23370"},{"taxonomy":"product_cat","embeddable":true,"href":"https:\/\/www.vape4wholesale.com\/pl\/wp-json\/wp\/v2\/product_cat?post=23370"},{"taxonomy":"product_tag","embeddable":true,"href":"https:\/\/www.vape4wholesale.com\/pl\/wp-json\/wp\/v2\/product_tag?post=23370"}],"curies":[{"name":"wp","href":"https:\/\/api.w.org\/{rel}","templated":true}]}}