{"id":23271,"date":"2025-07-07T00:00:13","date_gmt":"2025-07-06T16:00:13","guid":{"rendered":"https:\/\/www.vape4wholesale.com\/?post_type=product&#038;p=23271"},"modified":"2026-03-19T19:03:58","modified_gmt":"2026-03-19T11:03:58","slug":"fumot-digital-monkey-40000-puff-jednorazowe-vape-hurtownia","status":"publish","type":"product","link":"https:\/\/www.vape4wholesale.com\/pl\/produkt\/fumot-digital-monkey-40000-puff-jednorazowe-vape-hurtownia","title":{"rendered":"Fumot Digital Monkey 40000 Puffs Jednorazowy Vape Hurtownia"},"content":{"rendered":"<p>The<strong><a title=\"Fumot\" href=\"https:\/\/www.vape4wholesale.com\/pl\/product_brand\/fumot\/\" target=\"_blank\" rel=\"noopener\"> Fumot<\/a> Digital Monkey 40000<\/strong> to jednorazowy waporyzator z podw\u00f3jn\u0105 cewk\u0105 z inteligentnym wy\u015bwietlaczem i prze\u0142\u0105czanymi trybami. Jako ulepszona wersja popularnego <a title=\"Fumot 12000\" href=\"https:\/\/www.vape4wholesale.com\/pl\/produkt\/fumot-digital-box-12000-hurtownia-vape-jednorazowego-uzytku\/\" target=\"_blank\" rel=\"noopener\">Fumot 12000<\/a> vape, posiada stylow\u0105 obudow\u0119 z przeszklonym wzorem i du\u017cy ekran skierowany do przodu. Wy\u015bwietlacz nie tylko prezentuje grafik\u0119 \"Digital Monkey\", ale tak\u017ce zapewnia informacje w czasie rzeczywistym na temat poziomu p\u0142ynu, \u017cywotno\u015bci baterii i aktualnego trybu waporyzacji. Urz\u0105dzenie oferuje dwa tryby waporyzacji Double Engine Mode i Single Engine Modewh, kt\u00f3re mo\u017cna \u0142atwo prze\u0142\u0105cza\u0107 za pomoc\u0105 przycisku znajduj\u0105cego si\u0119 w dolnej cz\u0119\u015bci urz\u0105dzenia. Digital Monkey jest dost\u0119pny w 16 smakach i oferuje 2 st\u0119\u017cenia nikotyny, aby zaspokoi\u0107 r\u00f3\u017cnorodne preferencje.<\/p>\n<p>Wy\u015bwietlacz Digital Monkey dostarcza w czasie rzeczywistym informacji o poziomie e-liquidu, \u017cywotno\u015bci baterii i aktualnym trybie waporyzacji Dual Engine Mode (D) lub Single Engine Mode (S), aby poprawi\u0107 wra\u017cenia z waporyzacji.<\/p>\n<p>Dual Mesh vape wykorzystuje element grzewczy z dwiema warstwami materia\u0142u siatkowego, tworz\u0105c wi\u0119ksz\u0105 powierzchni\u0119, z kt\u00f3r\u0105 e-ciecz mo\u017ce si\u0119 styka\u0107 i r\u00f3wnomiernie nagrzewa\u0107. Skutkuje to g\u0142adszym i bardziej satysfakcjonuj\u0105cym smakiem<\/p>\n<p>Wbudowany akumulator o pojemno\u015bci 850 mAh umo\u017cliwia wielokrotne \u0142adowanie, dzi\u0119ki czemu nie b\u0119dziesz musia\u0142 martwi\u0107 si\u0119 zu\u017cytymi jednorazowymi bateriami, zanim sko\u0144czy si\u0119 e-liquid.<\/p>\n<h2><strong>Fumot Digital Monkey 40000 Puffs Jednorazowe Vape Szybkie szczeg\u00f3\u0142y<\/strong><\/h2>\n<ul>\n<li class=\"ds-markdown-paragraph\">Puffy: Do 40 000<\/li>\n<li class=\"ds-markdown-paragraph\">Bateria: 850 mAh (\u0142adowana przez USB-C)<\/li>\n<li class=\"ds-markdown-paragraph\">Cewka: Podw\u00f3jna siatka (g\u0142adsza i bardziej aromatyczna para)<\/li>\n<li class=\"ds-markdown-paragraph\">Wy\u015bwietlacz: Inteligentny ekran (poziom e-cieczy w czasie rzeczywistym, bateria, wska\u017anik trybu)<\/li>\n<li>Pojemno\u015b\u0107 e-liquidu: 16 ml (wst\u0119pnie nape\u0142niony)<\/li>\n<li class=\"ds-markdown-paragraph\">Moc nikotyny: 2% (20 mg) i 5% (50 mg)<\/li>\n<li class=\"ds-markdown-paragraph\">Smaki: 16 opcji (r\u00f3\u017cnorodno\u015b\u0107 dla r\u00f3\u017cnych gust\u00f3w)<\/li>\n<li class=\"ds-markdown-paragraph\">Design: Przeszklona obudowa + grafika \"Digital Monkey\"<\/li>\n<li class=\"ds-markdown-paragraph\">Ulepszony z: Fumot 12000 (lepszy wy\u015bwietlacz, podw\u00f3jna siatka, d\u0142u\u017csza \u017cywotno\u015b\u0107)<\/li>\n<li class=\"ds-markdown-paragraph\">Tryby pracy: Podw\u00f3jny silnik (D) - bardziej intensywna para\/ Pojedynczy silnik (S) - standardowe waporyzowanie (prze\u0142\u0105czanie za pomoc\u0105 dolnego przycisku)<\/li>\n<\/ul>\n<h2><strong>Dost\u0119pne smaki<\/strong><\/h2>\n<p>1. L\u00f3d bananowy<br \/>\n2. Arbuz truskawkowy<br \/>\n3. Miami Mint<br \/>\n4. Bor\u00f3wka Malina<br \/>\n5. Czarny l\u00f3d<br \/>\n6. Bia\u0142y \u017celkowy l\u00f3d<br \/>\n7. Arbuzowy l\u00f3d<br \/>\n8. Soczysty l\u00f3d brzoskwiniowy<br \/>\n9. R\u00f3\u017cowa lemoniada<br \/>\n10. Mango truskawkowe<br \/>\n11. Brzoskwinia Mango Arbuz<br \/>\n12. Grape Lemon<br \/>\n13. Tropical Rainbow Blast<br \/>\n14. Wi\u015bniowa bomba<br \/>\n15. Cukierki truskawkowo-mi\u0119towe<br \/>\n16. Podw\u00f3jne jab\u0142ko<\/p>\n<figure id=\"attachment_23272\" aria-describedby=\"caption-attachment-23272\" style=\"width: 1248px\" class=\"wp-caption alignnone\"><img loading=\"lazy\" decoding=\"async\" class=\"size-full wp-image-23272\" title=\"Fumot Digital Monkey 40000 puff\u00f3w jednorazowego u\u017cytku Vape\" src=\"https:\/\/www.vape4wholesale.com\/wp-content\/uploads\/2025\/07\/Fumot-Digital-Monkey-40000-Puffs-Disposable-Vape.webp\" alt=\"Fumot Digital Monkey 40000 puff\u00f3w jednorazowego u\u017cytku Vape\" width=\"1248\" height=\"800\" srcset=\"https:\/\/www.vape4wholesale.com\/wp-content\/uploads\/2025\/07\/Fumot-Digital-Monkey-40000-Puffs-Disposable-Vape.webp 1248w, https:\/\/www.vape4wholesale.com\/wp-content\/uploads\/2025\/07\/Fumot-Digital-Monkey-40000-Puffs-Disposable-Vape-510x327.webp 510w, https:\/\/www.vape4wholesale.com\/wp-content\/uploads\/2025\/07\/Fumot-Digital-Monkey-40000-Puffs-Disposable-Vape-300x192.webp 300w, https:\/\/www.vape4wholesale.com\/wp-content\/uploads\/2025\/07\/Fumot-Digital-Monkey-40000-Puffs-Disposable-Vape-1024x656.webp 1024w, https:\/\/www.vape4wholesale.com\/wp-content\/uploads\/2025\/07\/Fumot-Digital-Monkey-40000-Puffs-Disposable-Vape-768x492.webp 768w, https:\/\/www.vape4wholesale.com\/wp-content\/uploads\/2025\/07\/Fumot-Digital-Monkey-40000-Puffs-Disposable-Vape-18x12.webp 18w, https:\/\/www.vape4wholesale.com\/wp-content\/uploads\/2025\/07\/Fumot-Digital-Monkey-40000-Puffs-Disposable-Vape-64x41.webp 64w\" sizes=\"auto, (max-width: 1248px) 100vw, 1248px\" \/><figcaption id=\"caption-attachment-23272\" class=\"wp-caption-text\">Fumot Digital Monkey 40000 puff\u00f3w jednorazowego u\u017cytku Vape<\/figcaption><\/figure>\n<h2>DLACZEGO MY?<\/h2>\r\n<ul>\r\n<li>Prawdziwe, godne zaufania i profesjonalne \u017ar\u00f3d\u0142o vape.<\/li>\r\n<li>Gwarancja oryginalno\u015bci 100%: Dostarczamy tylko oryginalne i oryginalne produkty, odmawiamy podrabiania.<\/li>\r\n<li>Gwarancja dostawy 100%: U\u017cywamy najlepszej metody wysy\u0142ki, aby zapewni\u0107, \u017ce otrzymasz zam\u00f3wienie 100%.<\/li>\r\n<li>Po wysy\u0142ce podamy numer przesy\u0142ki i etykiet\u0119 wysy\u0142kow\u0105 oraz b\u0119dziemy \u015bledzi\u0107 towary do momentu ich podpisania.<\/li>\r\n<li>Brak problem\u00f3w celnych, brak taryf<\/li>\r\n<\/ul>","protected":false},"excerpt":{"rendered":"<div class=\"wsppc_div_block woocommerce_before_add_to_cart_form\">\r\n<p><strong><span style=\"color: #00a859;\">Clear customs<\/span> before delivery &amp; 100% Delivery Guarantee, Delivery in 19~25 days around.\u00a0<\/strong><\/p>\r\n<\/div>","protected":false},"featured_media":23259,"comment_status":"open","ping_status":"closed","template":"","meta":[],"pwb-brand":[1269],"product_cat":[873],"product_tag":[22,24,592,933,1016],"class_list":{"0":"post-23271","1":"product","2":"type-product","3":"status-publish","4":"has-post-thumbnail","6":"pwb-brand-fumot","7":"product_cat-above-20k-puffs","8":"product_tag-disposable","9":"product_tag-wholesale","10":"product_tag-fumot","11":"product_tag-35-0ml","12":"product_tag-40000-puffs","13":"wcpa_has_options","15":"first","16":"outofstock","17":"featured","18":"shipping-taxable","19":"purchasable","20":"product-type-variable"},"aioseo_notices":[],"brands":[{"id":1269,"name":"Fumot","slug":"fumot"}],"_links":{"self":[{"href":"https:\/\/www.vape4wholesale.com\/pl\/wp-json\/wp\/v2\/product\/23271","targetHints":{"allow":["GET"]}}],"collection":[{"href":"https:\/\/www.vape4wholesale.com\/pl\/wp-json\/wp\/v2\/product"}],"about":[{"href":"https:\/\/www.vape4wholesale.com\/pl\/wp-json\/wp\/v2\/types\/product"}],"replies":[{"embeddable":true,"href":"https:\/\/www.vape4wholesale.com\/pl\/wp-json\/wp\/v2\/comments?post=23271"}],"wp:featuredmedia":[{"embeddable":true,"href":"https:\/\/www.vape4wholesale.com\/pl\/wp-json\/wp\/v2\/media\/23259"}],"wp:attachment":[{"href":"https:\/\/www.vape4wholesale.com\/pl\/wp-json\/wp\/v2\/media?parent=23271"}],"wp:term":[{"taxonomy":"pwb-brand","embeddable":true,"href":"https:\/\/www.vape4wholesale.com\/pl\/wp-json\/wp\/v2\/pwb-brand?post=23271"},{"taxonomy":"product_cat","embeddable":true,"href":"https:\/\/www.vape4wholesale.com\/pl\/wp-json\/wp\/v2\/product_cat?post=23271"},{"taxonomy":"product_tag","embeddable":true,"href":"https:\/\/www.vape4wholesale.com\/pl\/wp-json\/wp\/v2\/product_tag?post=23271"}],"curies":[{"name":"wp","href":"https:\/\/api.w.org\/{rel}","templated":true}]}}