{"id":23199,"date":"2025-07-06T11:39:53","date_gmt":"2025-07-06T03:39:53","guid":{"rendered":"https:\/\/www.vape4wholesale.com\/?post_type=product&#038;p=23199"},"modified":"2026-03-05T15:41:40","modified_gmt":"2026-03-05T07:41:40","slug":"fumot-leopard-40k-40000-puff-jednorazowe-vape-hurtownia","status":"publish","type":"product","link":"https:\/\/www.vape4wholesale.com\/pl\/product\/fumot-leopard-40k-40000-puffs-disposable-vape-wholesale","title":{"rendered":"Fumot Leopard 40K 40000 Puffs Jednorazowy Vape Hurtownia"},"content":{"rendered":"<p>The <a title=\"Fumot\" href=\"https:\/\/www.vape4wholesale.com\/pl\/product_brand\/fumot\/\" target=\"_blank\" rel=\"noopener\">Fumot<\/a> Leopard 40K to jednorazowy waporyzator o du\u017cej pojemno\u015bci, oferuj\u0105cy do 40 000 zaci\u0105gni\u0119\u0107. Zaprojektowany z podw\u00f3jnymi cewkami siatkowymi i przezroczyst\u0105 pow\u0142ok\u0105 zewn\u0119trzn\u0105, posiada ilustracj\u0119 w kszta\u0142cie lamparta, kt\u00f3ra dodaje wyj\u0105tkowego charakteru wizualnego. Wbudowany wska\u017anik LED nie tylko pokazuje poziom e-liquidu i baterii, ale tak\u017ce zapewnia \u017cywe efekty \u015bwietlne. Leopard 40K jest dost\u0119pny w 25 smakach i oferuje 4 opcje mocy nikotyny, aby dopasowa\u0107 si\u0119 do r\u00f3\u017cnych preferencji.<\/p>\n<p>Dual Mesh Vape wykorzystuje element grzewczy z dwiema warstwami materia\u0142u siatkowego, tworz\u0105c wi\u0119ksz\u0105 powierzchni\u0119, z kt\u00f3r\u0105 e-ciecz mo\u017ce si\u0119 styka\u0107 i r\u00f3wnomiernie nagrzewa\u0107. Skutkuje to g\u0142adszym i bardziej satysfakcjonuj\u0105cym smakiem, a tak\u017ce bardziej stabilnym smakiem przez ca\u0142y okres u\u017cytkowania vape.<\/p>\n<p>Wy\u015bwietlacz Leopard 40k pokazuje r\u00f3wnie\u017c poziom zasilania i e-liquidu! Liczba po lewej stronie (nad symbolem kropli wody) reprezentuje ilo\u015b\u0107 e-liquidu pozosta\u0142ego w urz\u0105dzeniu, a liczba po prawej stronie (nad symbolem baterii) reprezentuje aktualny stan zasilania urz\u0105dzenia.<\/p>\n<p>Leopard 40K posiada krystalicznie czyst\u0105, przezroczyst\u0105 pow\u0142ok\u0119, kt\u00f3ra w pe\u0142ni prezentuje osza\u0142amiaj\u0105c\u0105 ilustracj\u0119 lamparta. Ka\u017cda linia, kolor i ekspresja grafiki o\u017cywa, tworz\u0105c odwa\u017cn\u0105 wizualn\u0105 deklaracj\u0119, kt\u00f3ra odr\u00f3\u017cnia j\u0105 od zwyk\u0142ych vaper\u00f3w.<\/p>\n<p>USB-C lub USB Type-C to najnowszy uniwersalny standard przewodowego \u0142\u0105czenia inteligentnych urz\u0105dze\u0144. Jest to nast\u0119pca starszych standard\u00f3w, takich jak Micro-USB i USB-A, kt\u00f3re s\u0105 nadal powszechne, ale szybko zanikaj\u0105. Wbudowana bateria 700 mAh jest \u0142adowalna, wi\u0119c nie utkniesz z martwymi jednorazowymi bateriami, dop\u00f3ki e-liquid si\u0119 nie wyczerpie.<\/p>\n<h2><strong>Fumot Leopard 40K Puffs jednorazowe Vape Szybkie szczeg\u00f3\u0142y<\/strong><\/h2>\n<ul>\n<li>\n<p class=\"ds-markdown-paragraph\"><strong>Moc nikotyny:<\/strong>\u00a02% \/ 5% (20mg\/50mg)<\/p>\n<\/li>\n<li>\n<p class=\"ds-markdown-paragraph\"><strong>Bateria:<\/strong>\u00a0Akumulator 700 mAh (USB typu C)<\/p>\n<\/li>\n<li>\n<p class=\"ds-markdown-paragraph\"><strong>Liczba zaci\u0105gni\u0119\u0107:<\/strong>\u00a0Do\u00a0<strong>40 000 zaci\u0105gni\u0119\u0107<\/strong><\/p>\n<\/li>\n<li>\n<p class=\"ds-markdown-paragraph\"><strong>Technologia cewki:<\/strong>\u00a0<strong>Cewka z podw\u00f3jn\u0105 siatk\u0105<\/strong>\u00a0dla bogatszego smaku<\/p>\n<\/li>\n<li>\n<p class=\"ds-markdown-paragraph\"><strong>Smaki:<\/strong>\u00a0<strong>16 opcji premium<\/strong><\/p>\n<\/li>\n<li>\n<p class=\"ds-markdown-paragraph\"><strong>Wy\u015bwietlacz:<\/strong>\u00a0<strong>Ekran HD<\/strong>\u00a0(wska\u017aniki e-cieczy i baterii)<\/p>\n<\/li>\n<\/ul>\n<h2><strong>Dost\u0119pne smaki<\/strong><\/h2>\n<ol>\n<li>Jagody mieszane<\/li>\n<li>Bor\u00f3wka Malina<\/li>\n<li>Arbuz truskawkowy<\/li>\n<li>L\u00f3d truskawkowy<\/li>\n<li>Cherry Ice<\/li>\n<li>Arbuzowy l\u00f3d<\/li>\n<li>Kiwi Passion Fruit Guava<\/li>\n<li>Dr Blue<\/li>\n<li>Jagoda na lodzie<\/li>\n<li>Peach Berry<\/li>\n<li>R\u00f3\u017cowa Lemoniada<\/li>\n<li>Banan truskawkowy<\/li>\n<li>Arbuz Bubblegum<\/li>\n<li>Peachy Mango Pineapple<\/li>\n<li>Black Dragon Ice<\/li>\n<li>Jagoda Wi\u015bnia \u017burawina<\/li>\n<\/ol>\n<figure id=\"attachment_23232\" aria-describedby=\"caption-attachment-23232\" style=\"width: 2560px\" class=\"wp-caption alignnone\"><img loading=\"lazy\" decoding=\"async\" class=\"size-full wp-image-23232\" title=\"Fumot Leopard 40K 40000 Puffs jednorazowy Vape\" src=\"https:\/\/www.vape4wholesale.com\/wp-content\/uploads\/2025\/07\/Fumot-Leopard-40K-40000-Puffs-Disposable-Vape-scaled.webp\" alt=\"Fumot Leopard 40K 40000 Puffs jednorazowy Vape\" width=\"2560\" height=\"1536\" srcset=\"https:\/\/www.vape4wholesale.com\/wp-content\/uploads\/2025\/07\/Fumot-Leopard-40K-40000-Puffs-Disposable-Vape-scaled.webp 2560w, https:\/\/www.vape4wholesale.com\/wp-content\/uploads\/2025\/07\/Fumot-Leopard-40K-40000-Puffs-Disposable-Vape-scaled-510x306.webp 510w, https:\/\/www.vape4wholesale.com\/wp-content\/uploads\/2025\/07\/Fumot-Leopard-40K-40000-Puffs-Disposable-Vape-300x180.webp 300w, https:\/\/www.vape4wholesale.com\/wp-content\/uploads\/2025\/07\/Fumot-Leopard-40K-40000-Puffs-Disposable-Vape-1024x614.webp 1024w, https:\/\/www.vape4wholesale.com\/wp-content\/uploads\/2025\/07\/Fumot-Leopard-40K-40000-Puffs-Disposable-Vape-768x461.webp 768w, https:\/\/www.vape4wholesale.com\/wp-content\/uploads\/2025\/07\/Fumot-Leopard-40K-40000-Puffs-Disposable-Vape-1536x922.webp 1536w, https:\/\/www.vape4wholesale.com\/wp-content\/uploads\/2025\/07\/Fumot-Leopard-40K-40000-Puffs-Disposable-Vape-2048x1229.webp 2048w, https:\/\/www.vape4wholesale.com\/wp-content\/uploads\/2025\/07\/Fumot-Leopard-40K-40000-Puffs-Disposable-Vape-18x12.webp 18w, https:\/\/www.vape4wholesale.com\/wp-content\/uploads\/2025\/07\/Fumot-Leopard-40K-40000-Puffs-Disposable-Vape-64x38.webp 64w\" sizes=\"auto, (max-width: 2560px) 100vw, 2560px\" \/><figcaption id=\"caption-attachment-23232\" class=\"wp-caption-text\">Fumot Leopard 40K 40000 Puffs jednorazowy Vape<\/figcaption><\/figure>\n<h2>DLACZEGO MY?<\/h2>\r\n<ul>\r\n<li>Prawdziwe, godne zaufania i profesjonalne \u017ar\u00f3d\u0142o vape.<\/li>\r\n<li>Gwarancja oryginalno\u015bci 100%: Dostarczamy tylko oryginalne i oryginalne produkty, odmawiamy podrabiania.<\/li>\r\n<li>Gwarancja dostawy 100%: U\u017cywamy najlepszej metody wysy\u0142ki, aby zapewni\u0107, \u017ce otrzymasz zam\u00f3wienie 100%.<\/li>\r\n<li>Po wysy\u0142ce podamy numer przesy\u0142ki i etykiet\u0119 wysy\u0142kow\u0105 oraz b\u0119dziemy \u015bledzi\u0107 towary do momentu ich podpisania.<\/li>\r\n<li>Brak problem\u00f3w celnych, brak taryf<\/li>\r\n<\/ul>","protected":false},"excerpt":{"rendered":"<div class=\"wsppc_div_block woocommerce_before_add_to_cart_form\">\r\n<p><strong><span style=\"color: #00a859;\">Clear customs<\/span> before delivery &amp; 100% Delivery Guarantee, Delivery in 19~25 days around.\u00a0<\/strong><\/p>\r\n<\/div>","protected":false},"featured_media":23222,"comment_status":"open","ping_status":"closed","template":"","meta":[],"pwb-brand":[1269],"product_cat":[873],"product_tag":[592,933,1016,22,24],"class_list":{"0":"post-23199","1":"product","2":"type-product","3":"status-publish","4":"has-post-thumbnail","6":"pwb-brand-fumot","7":"product_cat-above-20k-puffs","8":"product_tag-fumot","9":"product_tag-35-0ml","10":"product_tag-40000-puffs","11":"product_tag-disposable","12":"product_tag-wholesale","13":"wcpa_has_options","15":"first","16":"instock","17":"featured","18":"shipping-taxable","19":"purchasable","20":"product-type-variable"},"aioseo_notices":[],"brands":[{"id":1269,"name":"Fumot","slug":"fumot"}],"_links":{"self":[{"href":"https:\/\/www.vape4wholesale.com\/pl\/wp-json\/wp\/v2\/product\/23199","targetHints":{"allow":["GET"]}}],"collection":[{"href":"https:\/\/www.vape4wholesale.com\/pl\/wp-json\/wp\/v2\/product"}],"about":[{"href":"https:\/\/www.vape4wholesale.com\/pl\/wp-json\/wp\/v2\/types\/product"}],"replies":[{"embeddable":true,"href":"https:\/\/www.vape4wholesale.com\/pl\/wp-json\/wp\/v2\/comments?post=23199"}],"wp:featuredmedia":[{"embeddable":true,"href":"https:\/\/www.vape4wholesale.com\/pl\/wp-json\/wp\/v2\/media\/23222"}],"wp:attachment":[{"href":"https:\/\/www.vape4wholesale.com\/pl\/wp-json\/wp\/v2\/media?parent=23199"}],"wp:term":[{"taxonomy":"pwb-brand","embeddable":true,"href":"https:\/\/www.vape4wholesale.com\/pl\/wp-json\/wp\/v2\/pwb-brand?post=23199"},{"taxonomy":"product_cat","embeddable":true,"href":"https:\/\/www.vape4wholesale.com\/pl\/wp-json\/wp\/v2\/product_cat?post=23199"},{"taxonomy":"product_tag","embeddable":true,"href":"https:\/\/www.vape4wholesale.com\/pl\/wp-json\/wp\/v2\/product_tag?post=23199"}],"curies":[{"name":"wp","href":"https:\/\/api.w.org\/{rel}","templated":true}]}}