{"id":23178,"date":"2025-07-06T01:06:56","date_gmt":"2025-07-05T17:06:56","guid":{"rendered":"https:\/\/www.vape4wholesale.com\/?post_type=product&#038;p=23178"},"modified":"2026-03-30T11:11:13","modified_gmt":"2026-03-30T03:11:13","slug":"bang-blaze-60000-4in1-60k-puff-jednorazowe-vape-hurtownia","status":"publish","type":"product","link":"https:\/\/www.vape4wholesale.com\/pl\/produkt\/bang-blaze-60000-4in1-60k-puff-jednorazowe-vape-hurtownia","title":{"rendered":"Bang Blaze 60000 4in1 60K Puffs Jednorazowy Vape Hurtownia"},"content":{"rendered":"<p class=\"ds-markdown-paragraph\">The <a title=\"Bang\" href=\"https:\/\/www.vape4wholesale.com\/pl\/product_brand\/huk\/\" target=\"_blank\" rel=\"noopener\">Bang<\/a> Blaze 60000 4in1 to pierwsze na \u015bwiecie prze\u0142omowe urz\u0105dzenie do waporyzacji 4 w 1, wyposa\u017cone w cztery wbudowane kapsu\u0142ki o r\u00f3\u017cnych smakach. Wystarczy podnie\u015b\u0107 ustnik, aby bez wysi\u0142ku prze\u0142\u0105cza\u0107 si\u0119 mi\u0119dzy czterema r\u00f3\u017cnymi smakami - wszystko w jednym urz\u0105dzeniu.<\/p>\n<p class=\"ds-markdown-paragraph\">W przeciwie\u0144stwie do tradycyjnych waporyzator\u00f3w cylindrycznych, Bang Blaze 60000 mo\u017ce pochwali\u0107 si\u0119 kanciast\u0105 konstrukcj\u0105 zapewniaj\u0105c\u0105 lepszy chwyt i ergonomiczny komfort. Jest on wyposa\u017cony w cztery kapsu\u0142ki o pojemno\u015bci 14 ml, kt\u00f3re \u0142\u0105cznie mieszcz\u0105 56 ml e-cieczy, zapewniaj\u0105c d\u0142u\u017csze sesje waporyzacji bez konieczno\u015bci cz\u0119stej wymiany.<\/p>\n<p class=\"ds-markdown-paragraph\">Zasilane akumulatorem 650 mAh z szybkim \u0142adowaniem przez USB-C, urz\u0105dzenie to dotrzymuje Ci kroku. Wbudowany ekran LCD zapewnia monitorowanie w czasie rzeczywistym \u017cywotno\u015bci baterii i poziomu e-liquidu, dzi\u0119ki czemu zawsze masz kontrol\u0119.<\/p>\n<h2><strong>Bang Blaze 60000 4w1 Vape Szybkie szczeg\u00f3\u0142y<\/strong><\/h2>\n<ul>\n<li class=\"ds-markdown-paragraph\"><strong>Puffy:<\/strong>\u00a060,000+<\/li>\n<li class=\"ds-markdown-paragraph\"><strong>Pojemno\u015b\u0107 e-liquidu:<\/strong>\u00a056 ml (4\u00d714 ml wst\u0119pnie nape\u0142nionych kapsu\u0142ek)<\/li>\n<li class=\"ds-markdown-paragraph\"><strong>Bateria:<\/strong>\u00a0650 mAh (akumulator, szybkie \u0142adowanie typu C)<\/li>\n<li class=\"ds-markdown-paragraph\"><strong>Odporno\u015b\u0107 cewki:<\/strong>\u00a0Siatkowa cewka 1,0\u03a9<\/li>\n<li class=\"ds-markdown-paragraph\"><strong>Port \u0142adowania:<\/strong> USB typu C<\/li>\n<li><strong>Moc nikotyny<\/strong>: 0%, 2%, 5%<\/li>\n<\/ul>\n<h2><strong>Dost\u0119pne smaki<\/strong><\/h2>\n<p>1.arbuzowy l\u00f3d * jagodowa mi\u0119ta * l\u00f3d Fuji * limonkowy romans<br \/>\n2.Watermelon Ice * Blueberry Cherry * Summer Time * Sour Mango Pineapple<br \/>\n3.Blueberry Ice * Peach Ice * Rainbow Candy * Lemon Sour Orange<br \/>\n4.Blueberry Ice * Peach Mango Watermelon * Passion Kiss * Melon Apple<br \/>\n5.Blueberry Raspberry * Mixed Berry * California Cherry * Passion Fruit Mango<br \/>\n6.Blueberry Raspberry * Grape Ice * Berry Ice * Aloe Mango Melon<br \/>\n7.Energy Drink * truskawka banan * mango brzoskwinia morela * marakuja kiwi limonka<br \/>\n8.Energy Drinkblueberry Watermelon * Sour Apple Raspberry * Gumny Bear<br \/>\n9.Strawberry Mango * Watermelon Bubble Gum * Red Mojito * Love66<br \/>\n10. truskawka mango * truskawka kiwi * jab\u0142ko winogrono * arbuz smoczy owoc<br \/>\n11.truskawkowy arbuz * czarny l\u00f3d * trzynasty melon * \u017curawina winogronowa<br \/>\n12.truskawka arbuz * kiwi marakuja guawa * mango l\u00f3d * arbuz kwa\u015bna brzoskwinia<\/p>\n<h2><strong>Szczeg\u00f3\u0142y pakowania<\/strong><\/h2>\n<ul>\n<li class=\"ds-markdown-paragraph\">Waga pojedynczego urz\u0105dzenia: 144 g<\/li>\n<li class=\"ds-markdown-paragraph\">Konfiguracja: 10 szt.<\/li>\n<li class=\"ds-markdown-paragraph\">Ca\u0142kowita waga brutto\/100 sztuk: 15,8 kg<\/li>\n<li class=\"ds-markdown-paragraph\">Wymiary: 45,5 \u00d7 45 \u00d7 16 cm<\/li>\n<\/ul>\n<figure id=\"attachment_23066\" aria-describedby=\"caption-attachment-23066\" style=\"width: 800px\" class=\"wp-caption alignnone\"><img loading=\"lazy\" decoding=\"async\" class=\"size-full wp-image-23066\" title=\"Bang Blaze 4in1 60K Puffs Jednorazowe Vape hurtowo (11)\" src=\"https:\/\/www.vape4wholesale.com\/wp-content\/uploads\/2025\/06\/Bang-Blaze-4in1-60K-Puffs-Disposable-Vape-Wholesael-11.webp\" alt=\"Bang Blaze 4in1 60K Puffs Jednorazowe Vape hurtowo (11)\" width=\"800\" height=\"800\" srcset=\"https:\/\/www.vape4wholesale.com\/wp-content\/uploads\/2025\/06\/Bang-Blaze-4in1-60K-Puffs-Disposable-Vape-Wholesael-11.webp 800w, https:\/\/www.vape4wholesale.com\/wp-content\/uploads\/2025\/06\/Bang-Blaze-4in1-60K-Puffs-Disposable-Vape-Wholesael-11-247x247.webp 247w, https:\/\/www.vape4wholesale.com\/wp-content\/uploads\/2025\/06\/Bang-Blaze-4in1-60K-Puffs-Disposable-Vape-Wholesael-11-100x100.webp 100w, https:\/\/www.vape4wholesale.com\/wp-content\/uploads\/2025\/06\/Bang-Blaze-4in1-60K-Puffs-Disposable-Vape-Wholesael-11-510x510.webp 510w\" sizes=\"auto, (max-width: 800px) 100vw, 800px\" \/><figcaption id=\"caption-attachment-23066\" class=\"wp-caption-text\">Bang Blaze 4in1 60K Puffs Jednorazowa sprzeda\u017c hurtowa Vape<\/figcaption><\/figure>\n<h2>DLACZEGO MY?<\/h2>\r\n<ul>\r\n<li>Prawdziwe, godne zaufania i profesjonalne \u017ar\u00f3d\u0142o vape.<\/li>\r\n<li>Gwarancja oryginalno\u015bci 100%: Dostarczamy tylko oryginalne i oryginalne produkty, odmawiamy podrabiania.<\/li>\r\n<li>Gwarancja dostawy 100%: U\u017cywamy najlepszej metody wysy\u0142ki, aby zapewni\u0107, \u017ce otrzymasz zam\u00f3wienie 100%.<\/li>\r\n<li>Po wysy\u0142ce podamy numer przesy\u0142ki i etykiet\u0119 wysy\u0142kow\u0105 oraz b\u0119dziemy \u015bledzi\u0107 towary do momentu ich podpisania.<\/li>\r\n<li>Brak problem\u00f3w celnych, brak taryf<\/li>\r\n<\/ul>","protected":false},"excerpt":{"rendered":"<div class=\"wsppc_div_block woocommerce_before_add_to_cart_form\">\r\n<p><strong><span style=\"color: #00a859;\">Clear customs<\/span> before delivery &amp; 100% Delivery Guarantee, Delivery in 19~25 days around.\u00a0<\/strong><\/p>\r\n<\/div>","protected":false},"featured_media":23066,"comment_status":"open","ping_status":"closed","template":"","meta":[],"pwb-brand":[1275],"product_cat":[873],"product_tag":[22,24,249,1114,1203],"class_list":{"0":"post-23178","1":"product","2":"type-product","3":"status-publish","4":"has-post-thumbnail","6":"pwb-brand-bang","7":"product_cat-above-20k-puffs","8":"product_tag-disposable","9":"product_tag-wholesale","10":"product_tag-bang","11":"product_tag-60000-puffs","12":"product_tag-56-0ml","13":"wcpa_has_options","15":"first","16":"instock","17":"featured","18":"shipping-taxable","19":"purchasable","20":"product-type-variable"},"aioseo_notices":[],"brands":[{"id":1275,"name":"Bang","slug":"huk"}],"_links":{"self":[{"href":"https:\/\/www.vape4wholesale.com\/pl\/wp-json\/wp\/v2\/product\/23178","targetHints":{"allow":["GET"]}}],"collection":[{"href":"https:\/\/www.vape4wholesale.com\/pl\/wp-json\/wp\/v2\/product"}],"about":[{"href":"https:\/\/www.vape4wholesale.com\/pl\/wp-json\/wp\/v2\/types\/product"}],"replies":[{"embeddable":true,"href":"https:\/\/www.vape4wholesale.com\/pl\/wp-json\/wp\/v2\/comments?post=23178"}],"wp:featuredmedia":[{"embeddable":true,"href":"https:\/\/www.vape4wholesale.com\/pl\/wp-json\/wp\/v2\/media\/23066"}],"wp:attachment":[{"href":"https:\/\/www.vape4wholesale.com\/pl\/wp-json\/wp\/v2\/media?parent=23178"}],"wp:term":[{"taxonomy":"pwb-brand","embeddable":true,"href":"https:\/\/www.vape4wholesale.com\/pl\/wp-json\/wp\/v2\/pwb-brand?post=23178"},{"taxonomy":"product_cat","embeddable":true,"href":"https:\/\/www.vape4wholesale.com\/pl\/wp-json\/wp\/v2\/product_cat?post=23178"},{"taxonomy":"product_tag","embeddable":true,"href":"https:\/\/www.vape4wholesale.com\/pl\/wp-json\/wp\/v2\/product_tag?post=23178"}],"curies":[{"name":"wp","href":"https:\/\/api.w.org\/{rel}","templated":true}]}}