{"id":23021,"date":"2025-06-26T23:11:15","date_gmt":"2025-06-26T15:11:15","guid":{"rendered":"https:\/\/www.vape4wholesale.com\/?post_type=product&#038;p=23021"},"modified":"2026-03-30T11:11:35","modified_gmt":"2026-03-30T03:11:35","slug":"bang-box-3w1-80k-puff-jednorazowy-vape-hurtownia","status":"publish","type":"product","link":"https:\/\/www.vape4wholesale.com\/pl\/product\/bang-box-3in1-80k-puffs-disposable-vape-wholesale","title":{"rendered":"Bang Box 3in1 80K Puffs Jednorazowa sprzeda\u017c hurtowa Vape"},"content":{"rendered":"<p><a href=\"https:\/\/www.vape4wholesale.com\/pl\/product_brand\/huk\/\" target=\"_blank\" rel=\"noopener\">Bang<\/a> Box 3in1 80K Disposable Vape rewolucjonizuje doznania zwi\u0105zane z wapowaniem dzi\u0119ki innowacyjnemu systemowi kapsu\u0142ek 3 w 1. Wbudowane potr\u00f3jne kapsu\u0142ki i obrotowy ustnik umo\u017cliwiaj\u0105 natychmiastowe prze\u0142\u0105czanie mi\u0119dzy smakami bez konieczno\u015bci korzystania z wielu urz\u0105dze\u0144. Dzi\u0119ki imponuj\u0105cej pojemno\u015bci 80 000 zaci\u0105gni\u0119\u0107, pojemno\u015bci 60 ml e-liquidu i akumulatorowi 850 mAh typu C, urz\u0105dzenie to zosta\u0142o zaprojektowane do d\u0142ugotrwa\u0142ego i bezproblemowego u\u017cytkowania. Inteligentny wy\u015bwietlacz na bie\u017c\u0105co informuje o poziomie e-cieczy i \u017cywotno\u015bci baterii, dzi\u0119ki czemu nigdy nie zostaniesz zaskoczony.<\/p>\n<p>Ciesz si\u0119 dopasowanym do\u015bwiadczeniem dzi\u0119ki 2 rodzajom mocy nikotyny (20 mg lub 50 mg) i 12 wspania\u0142ym smakom, od owocowych po lodowe mieszanki. Kompaktowa, szczelna konstrukcja zapewnia p\u0142ynne, aromatyczne zaci\u0105gni\u0119cia bez przycisk\u00f3w i skomplikowanych ustawie\u0144 - po prostu czysta wygoda. Niezale\u017cnie od tego, czy jeste\u015b smakoszem, czy intensywnym waperem, Bang Box 3in1 bez trudu dostosowuje si\u0119 do Twoich preferencji.<\/p>\n<h2 class=\"ds-markdown-paragraph\">Bang Box 3w1 80K jednorazowe Vape Szybkie szczeg\u00f3\u0142y<\/h2>\n<ul>\n<li class=\"ds-markdown-paragraph\">Puffy: Do 80 000<\/li>\n<li class=\"ds-markdown-paragraph\">Pojemno\u015b\u0107 e-liquidu: 60 ml (wst\u0119pnie nape\u0142niony)<\/li>\n<li class=\"ds-markdown-paragraph\">Bateria: akumulator 850 mAh (typ C)<\/li>\n<li class=\"ds-markdown-paragraph\">Moc nikotyny: 20 mg (2%) \/ 50 mg (5%)<\/li>\n<li class=\"ds-markdown-paragraph\">Smaki: 12 unikalnych opcji<\/li>\n<li class=\"ds-markdown-paragraph\">Wy\u015bwietlacz: Inteligentny ekran (poziom e-cieczy i baterii)<\/li>\n<li class=\"ds-markdown-paragraph\">G\u0142\u00f3wne cechy: Potr\u00f3jne smaki 3 w 1<\/li>\n<li class=\"ds-markdown-paragraph\">Konstrukcja: Kompaktowy, Szczelny, Bez przycisk\u00f3w<\/li>\n<li class=\"ds-markdown-paragraph\">Idealny dla: R\u00f3\u017cnorodno\u015b\u0107 smak\u00f3w i d\u0142ugotrwa\u0142e waporyzowanie<\/li>\n<\/ul>\n<h2>Dost\u0119pne smaki<\/h2>\n<p>1) Truskawka Banan \/ Malina Arbuz \/ Mi\u0142o\u015b\u0107 666<br \/>\n2) Owoce tropikalne \/ Truskawka \/ Arbuz \/ Cytryna \/ Brzoskwinia<br \/>\n3) Strawberry Vanilla Cola \/Sour Apple Raspberry \/Lemon lime<br \/>\n4) Podw\u00f3jny l\u00f3d winogronowy \/ truskawkowy mango \/ jagodowy kwa\u015bny malinowy<br \/>\n5) Lody arbuzowe\/truskawkowe\/potr\u00f3jny melon<br \/>\n6) Lemon Cola Soda \/ Guma arbuzowa \/ Black Dragon Ice<br \/>\n7) Triple Berry Ice \/ Mango Peach \/ Truskawka Kiwi<br \/>\n8) Truskawkowy l\u00f3d \/ Truskawkowy arbuz \/ Ananas Mango Brzoskwinia<br \/>\n9) Ananas Kokos \/ Truskawka Malina Cukierek \/ Niebieski Razz L\u00f3d<br \/>\n10) Lemon Lime \/Mango Peach Watermelon \/Blueberry Ice<br \/>\n11) Watermelon Ice \/Red Bull \/Strawberry Kiwi<br \/>\n12) Truskawka Kiwi \/ Kwa\u015bne Mango Ananas \/ Truskawkowy Red Bull<\/p>\n<figure id=\"attachment_23023\" aria-describedby=\"caption-attachment-23023\" style=\"width: 800px\" class=\"wp-caption alignnone\"><img loading=\"lazy\" decoding=\"async\" class=\"size-full wp-image-23023\" title=\"Bang Box 3in1 80K Puffs Jednorazowa sprzeda\u017c hurtowa Vape\" src=\"https:\/\/www.vape4wholesale.com\/wp-content\/uploads\/2025\/06\/Bang-Box-3in1-80K-Puffs-Disposable-Vape-Wholesale-1.webp\" alt=\"Bang Box 3in1 80K Puffs Jednorazowa sprzeda\u017c hurtowa Vape\" width=\"800\" height=\"1422\" srcset=\"https:\/\/www.vape4wholesale.com\/wp-content\/uploads\/2025\/06\/Bang-Box-3in1-80K-Puffs-Disposable-Vape-Wholesale-1.webp 800w, https:\/\/www.vape4wholesale.com\/wp-content\/uploads\/2025\/06\/Bang-Box-3in1-80K-Puffs-Disposable-Vape-Wholesale-1-510x907.webp 510w, https:\/\/www.vape4wholesale.com\/wp-content\/uploads\/2025\/06\/Bang-Box-3in1-80K-Puffs-Disposable-Vape-Wholesale-1-169x300.webp 169w, https:\/\/www.vape4wholesale.com\/wp-content\/uploads\/2025\/06\/Bang-Box-3in1-80K-Puffs-Disposable-Vape-Wholesale-1-576x1024.webp 576w, https:\/\/www.vape4wholesale.com\/wp-content\/uploads\/2025\/06\/Bang-Box-3in1-80K-Puffs-Disposable-Vape-Wholesale-1-768x1365.webp 768w, https:\/\/www.vape4wholesale.com\/wp-content\/uploads\/2025\/06\/Bang-Box-3in1-80K-Puffs-Disposable-Vape-Wholesale-1-7x12.webp 7w, https:\/\/www.vape4wholesale.com\/wp-content\/uploads\/2025\/06\/Bang-Box-3in1-80K-Puffs-Disposable-Vape-Wholesale-1-64x114.webp 64w\" sizes=\"auto, (max-width: 800px) 100vw, 800px\" \/><figcaption id=\"caption-attachment-23023\" class=\"wp-caption-text\">Bang Box 3in1 80K Puffs Jednorazowa sprzeda\u017c hurtowa Vape<\/figcaption><\/figure>\n<h2>DLACZEGO MY?<\/h2>\r\n<ul>\r\n<li>Prawdziwe, godne zaufania i profesjonalne \u017ar\u00f3d\u0142o vape.<\/li>\r\n<li>Gwarancja oryginalno\u015bci 100%: Dostarczamy tylko oryginalne i oryginalne produkty, odmawiamy podrabiania.<\/li>\r\n<li>Gwarancja dostawy 100%: U\u017cywamy najlepszej metody wysy\u0142ki, aby zapewni\u0107, \u017ce otrzymasz zam\u00f3wienie 100%.<\/li>\r\n<li>Po wysy\u0142ce podamy numer przesy\u0142ki i etykiet\u0119 wysy\u0142kow\u0105 oraz b\u0119dziemy \u015bledzi\u0107 towary do momentu ich podpisania.<\/li>\r\n<li>Brak problem\u00f3w celnych, brak taryf<\/li>\r\n<\/ul>","protected":false},"excerpt":{"rendered":"<div class=\"wsppc_div_block woocommerce_before_add_to_cart_form\">\r\n<p><strong><span style=\"color: #00a859;\">Ocli\u0107 si\u0119<\/span> przed dostaw\u0105 i 100% Gwarancja Dostawy, Dostawa w oko\u0142o 19\u201325 dni.\u00a0<\/strong><\/p>\r\n<\/div>","protected":false},"featured_media":22971,"comment_status":"open","ping_status":"closed","template":"","meta":[],"pwb-brand":[1275],"product_cat":[873],"product_tag":[249,1182,1197,22,24],"class_list":{"0":"post-23021","1":"product","2":"type-product","3":"status-publish","4":"has-post-thumbnail","6":"pwb-brand-bang","7":"product_cat-above-20k-puffs","8":"product_tag-bang","9":"product_tag-60-0ml","10":"product_tag-80000-puffs","11":"product_tag-disposable","12":"product_tag-wholesale","13":"wcpa_has_options","15":"first","16":"instock","17":"featured","18":"shipping-taxable","19":"purchasable","20":"product-type-variable"},"aioseo_notices":[],"brands":[{"id":1275,"name":"Bang","slug":"huk"}],"_links":{"self":[{"href":"https:\/\/www.vape4wholesale.com\/pl\/wp-json\/wp\/v2\/product\/23021","targetHints":{"allow":["GET"]}}],"collection":[{"href":"https:\/\/www.vape4wholesale.com\/pl\/wp-json\/wp\/v2\/product"}],"about":[{"href":"https:\/\/www.vape4wholesale.com\/pl\/wp-json\/wp\/v2\/types\/product"}],"replies":[{"embeddable":true,"href":"https:\/\/www.vape4wholesale.com\/pl\/wp-json\/wp\/v2\/comments?post=23021"}],"wp:featuredmedia":[{"embeddable":true,"href":"https:\/\/www.vape4wholesale.com\/pl\/wp-json\/wp\/v2\/media\/22971"}],"wp:attachment":[{"href":"https:\/\/www.vape4wholesale.com\/pl\/wp-json\/wp\/v2\/media?parent=23021"}],"wp:term":[{"taxonomy":"pwb-brand","embeddable":true,"href":"https:\/\/www.vape4wholesale.com\/pl\/wp-json\/wp\/v2\/pwb-brand?post=23021"},{"taxonomy":"product_cat","embeddable":true,"href":"https:\/\/www.vape4wholesale.com\/pl\/wp-json\/wp\/v2\/product_cat?post=23021"},{"taxonomy":"product_tag","embeddable":true,"href":"https:\/\/www.vape4wholesale.com\/pl\/wp-json\/wp\/v2\/product_tag?post=23021"}],"curies":[{"name":"wp","href":"https:\/\/api.w.org\/{rel}","templated":true}]}}